{"id":887,"date":"2025-10-23T22:33:44","date_gmt":"2025-10-23T20:33:44","guid":{"rendered":"https:\/\/erinora.com\/it\/?post_type=product&#038;p=887"},"modified":"2025-10-23T22:46:27","modified_gmt":"2025-10-23T20:46:27","slug":"olong-tie-guan-yin-biologico","status":"publish","type":"product","link":"https:\/\/erinora.com\/it\/shop\/te-puri-biologici\/olong-tie-guan-yin-biologico\/","title":{"rendered":"Tie Guan Yin"},"content":{"rendered":"<p>Questo Tie Guan Yin biologico \u00e8 un pregiato t\u00e8 oolong proveniente dalle montagne nebbiose del Fujian, in Cina, dove il suolo ricco di minerali e i giardini di t\u00e8 curati con attenzione gli conferiscono la sua delicata eleganza floreale. Leggermente ossidate e lavorate a mano secondo la tradizione, le foglie verde smeraldo si aprono in infusione rilasciando un liquore dorato, morbido e dolcemente profumato, con sottili sfumature di orchidea. Raffinato e armonioso, incarna la purezza serena del miglior oolong cinese nella sua forma pi\u00f9 autentica.<\/p>\n","protected":false},"excerpt":{"rendered":"<p>Questo Tie Guan Yin biologico \u00e8 un pregiato t\u00e8 oolong proveniente dalle montagne nebbiose del Fujian, in Cina, dove il suolo ricco di minerali e i giardini di t\u00e8 curati con attenzione gli conferiscono la sua delicata eleganza floreale. Leggermente ossidate e lavorate a mano secondo la tradizione, le foglie verde smeraldo si aprono in [&hellip;]<\/p>\n","protected":false},"featured_media":881,"comment_status":"open","ping_status":"closed","template":"","meta":{"_acf_changed":false},"product_brand":[],"product_cat":[89],"product_tag":[39],"class_list":{"0":"post-887","1":"product","2":"type-product","3":"status-publish","4":"has-post-thumbnail","6":"product_cat-te-puri-biologici","7":"product_tag-te-oolong","9":"first","10":"instock","11":"shipping-taxable","12":"purchasable","13":"product-type-simple"},"yoast_head":"<!-- This site is optimized with the Yoast SEO plugin v27.0 - https:\/\/yoast.com\/product\/yoast-seo-wordpress\/ -->\n<title>T\u00e8 oolong Tie Guan Yin biologico \u2013 Pregiato t\u00e8 dalla Cina<\/title>\n<meta name=\"description\" content=\"Tie Guan Yin biologico dalle montagne del Fujian: t\u00e8 oolong elegante, floreale e setoso, con note di orchidea e un\u2019infusione dorata.\" \/>\n<meta name=\"robots\" content=\"index, follow, max-snippet:-1, max-image-preview:large, max-video-preview:-1\" \/>\n<link rel=\"canonical\" href=\"https:\/\/erinora.com\/it\/shop\/te-puri-biologici\/olong-tie-guan-yin-biologico\/\" \/>\n<meta property=\"og:locale\" content=\"it_IT\" \/>\n<meta property=\"og:type\" content=\"article\" \/>\n<meta property=\"og:title\" content=\"T\u00e8 oolong Tie Guan Yin biologico \u2013 Pregiato t\u00e8 dalla Cina\" \/>\n<meta property=\"og:description\" content=\"Tie Guan Yin biologico dalle montagne del Fujian: t\u00e8 oolong elegante, floreale e setoso, con note di orchidea e un\u2019infusione dorata.\" \/>\n<meta property=\"og:url\" content=\"https:\/\/erinora.com\/it\/shop\/te-puri-biologici\/olong-tie-guan-yin-biologico\/\" \/>\n<meta property=\"og:site_name\" content=\"Erinora\" \/>\n<meta property=\"article:publisher\" content=\"https:\/\/www.facebook.com\/profile.php?id=61566609811576\" \/>\n<meta property=\"article:modified_time\" content=\"2025-10-23T20:46:27+00:00\" \/>\n<meta property=\"og:image\" content=\"https:\/\/erinora.com\/it\/wp-content\/uploads\/sites\/4\/2025\/10\/organic-tie-guan-yin-oolong-loose-leaf.webp.webp\" \/>\n\t<meta property=\"og:image:width\" content=\"1500\" \/>\n\t<meta property=\"og:image:height\" content=\"1500\" \/>\n\t<meta property=\"og:image:type\" content=\"image\/webp\" \/>\n<meta name=\"twitter:card\" content=\"summary_large_image\" \/>\n<meta name=\"twitter:label1\" content=\"Tempo di lettura stimato\" \/>\n\t<meta name=\"twitter:data1\" content=\"9 minuti\" \/>\n<script type=\"application\/ld+json\" class=\"yoast-schema-graph\">{\"@context\":\"https:\/\/schema.org\",\"@graph\":[{\"@type\":\"WebPage\",\"@id\":\"https:\/\/erinora.com\/it\/shop\/te-puri-biologici\/olong-tie-guan-yin-biologico\/\",\"url\":\"https:\/\/erinora.com\/it\/shop\/te-puri-biologici\/olong-tie-guan-yin-biologico\/\",\"name\":\"T\u00e8 oolong Tie Guan Yin biologico \u2013 Pregiato t\u00e8 dalla Cina\",\"isPartOf\":{\"@id\":\"https:\/\/erinora.com\/it\/#website\"},\"primaryImageOfPage\":{\"@id\":\"https:\/\/erinora.com\/it\/shop\/te-puri-biologici\/olong-tie-guan-yin-biologico\/#primaryimage\"},\"image\":{\"@id\":\"https:\/\/erinora.com\/it\/shop\/te-puri-biologici\/olong-tie-guan-yin-biologico\/#primaryimage\"},\"thumbnailUrl\":\"https:\/\/erinora.com\/it\/wp-content\/uploads\/sites\/4\/2025\/10\/organic-tie-guan-yin-oolong-loose-leaf.webp.webp\",\"datePublished\":\"2025-10-23T20:33:44+00:00\",\"dateModified\":\"2025-10-23T20:46:27+00:00\",\"description\":\"Tie Guan Yin biologico dalle montagne del Fujian: t\u00e8 oolong elegante, floreale e setoso, con note di orchidea e un\u2019infusione dorata.\",\"breadcrumb\":{\"@id\":\"https:\/\/erinora.com\/it\/shop\/te-puri-biologici\/olong-tie-guan-yin-biologico\/#breadcrumb\"},\"inLanguage\":\"it-IT\",\"potentialAction\":[{\"@type\":\"ReadAction\",\"target\":[\"https:\/\/erinora.com\/it\/shop\/te-puri-biologici\/olong-tie-guan-yin-biologico\/\"]}]},{\"@type\":\"ImageObject\",\"inLanguage\":\"it-IT\",\"@id\":\"https:\/\/erinora.com\/it\/shop\/te-puri-biologici\/olong-tie-guan-yin-biologico\/#primaryimage\",\"url\":\"https:\/\/erinora.com\/it\/wp-content\/uploads\/sites\/4\/2025\/10\/organic-tie-guan-yin-oolong-loose-leaf.webp.webp\",\"contentUrl\":\"https:\/\/erinora.com\/it\/wp-content\/uploads\/sites\/4\/2025\/10\/organic-tie-guan-yin-oolong-loose-leaf.webp.webp\",\"width\":1500,\"height\":1500,\"caption\":\"Foglie di Tie Guan Yin biologico oolong arrotolate\"},{\"@type\":\"BreadcrumbList\",\"@id\":\"https:\/\/erinora.com\/it\/shop\/te-puri-biologici\/olong-tie-guan-yin-biologico\/#breadcrumb\",\"itemListElement\":[{\"@type\":\"ListItem\",\"position\":1,\"name\":\"Home\",\"item\":\"https:\/\/erinora.com\/it\/\"},{\"@type\":\"ListItem\",\"position\":2,\"name\":\"Shop\",\"item\":\"https:\/\/erinora.com\/it\/shop\/\"},{\"@type\":\"ListItem\",\"position\":3,\"name\":\"Pure Collection\",\"item\":\"https:\/\/erinora.com\/it\/product-category\/te-puri-biologici\/\"},{\"@type\":\"ListItem\",\"position\":4,\"name\":\"Tie Guan Yin\"}]},{\"@type\":\"WebSite\",\"@id\":\"https:\/\/erinora.com\/it\/#website\",\"url\":\"https:\/\/erinora.com\/it\/\",\"name\":\"Erinora\",\"description\":\"Your daily ritual\",\"publisher\":{\"@id\":\"https:\/\/erinora.com\/it\/#organization\"},\"alternateName\":\"Erinora\",\"potentialAction\":[{\"@type\":\"SearchAction\",\"target\":{\"@type\":\"EntryPoint\",\"urlTemplate\":\"https:\/\/erinora.com\/it\/?s={search_term_string}\"},\"query-input\":{\"@type\":\"PropertyValueSpecification\",\"valueRequired\":true,\"valueName\":\"search_term_string\"}}],\"inLanguage\":\"it-IT\"},{\"@type\":\"Organization\",\"@id\":\"https:\/\/erinora.com\/it\/#organization\",\"name\":\"Erinora\",\"alternateName\":\"Erinora\",\"url\":\"https:\/\/erinora.com\/it\/\",\"logo\":{\"@type\":\"ImageObject\",\"inLanguage\":\"it-IT\",\"@id\":\"https:\/\/erinora.com\/it\/#\/schema\/logo\/image\/\",\"url\":\"https:\/\/erinora.com\/it\/wp-content\/uploads\/sites\/4\/2025\/02\/E_BrandIcon-Gradient.png\",\"contentUrl\":\"https:\/\/erinora.com\/it\/wp-content\/uploads\/sites\/4\/2025\/02\/E_BrandIcon-Gradient.png\",\"width\":3000,\"height\":3000,\"caption\":\"Erinora\"},\"image\":{\"@id\":\"https:\/\/erinora.com\/it\/#\/schema\/logo\/image\/\"},\"sameAs\":[\"https:\/\/www.facebook.com\/profile.php?id=61566609811576\",\"https:\/\/www.instagram.com\/erinora_tea\"]}]}<\/script>\n<!-- \/ Yoast SEO plugin. -->","yoast_head_json":{"title":"T\u00e8 oolong Tie Guan Yin biologico \u2013 Pregiato t\u00e8 dalla Cina","description":"Tie Guan Yin biologico dalle montagne del Fujian: t\u00e8 oolong elegante, floreale e setoso, con note di orchidea e un\u2019infusione dorata.","robots":{"index":"index","follow":"follow","max-snippet":"max-snippet:-1","max-image-preview":"max-image-preview:large","max-video-preview":"max-video-preview:-1"},"canonical":"https:\/\/erinora.com\/it\/shop\/te-puri-biologici\/olong-tie-guan-yin-biologico\/","og_locale":"it_IT","og_type":"article","og_title":"T\u00e8 oolong Tie Guan Yin biologico \u2013 Pregiato t\u00e8 dalla Cina","og_description":"Tie Guan Yin biologico dalle montagne del Fujian: t\u00e8 oolong elegante, floreale e setoso, con note di orchidea e un\u2019infusione dorata.","og_url":"https:\/\/erinora.com\/it\/shop\/te-puri-biologici\/olong-tie-guan-yin-biologico\/","og_site_name":"Erinora","article_publisher":"https:\/\/www.facebook.com\/profile.php?id=61566609811576","article_modified_time":"2025-10-23T20:46:27+00:00","og_image":[{"width":1500,"height":1500,"url":"https:\/\/erinora.com\/it\/wp-content\/uploads\/sites\/4\/2025\/10\/organic-tie-guan-yin-oolong-loose-leaf.webp.webp","type":"image\/webp"}],"twitter_card":"summary_large_image","twitter_misc":{"Tempo di lettura stimato":"9 minuti"},"schema":{"@context":"https:\/\/schema.org","@graph":[{"@type":"WebPage","@id":"https:\/\/erinora.com\/it\/shop\/te-puri-biologici\/olong-tie-guan-yin-biologico\/","url":"https:\/\/erinora.com\/it\/shop\/te-puri-biologici\/olong-tie-guan-yin-biologico\/","name":"T\u00e8 oolong Tie Guan Yin biologico \u2013 Pregiato t\u00e8 dalla Cina","isPartOf":{"@id":"https:\/\/erinora.com\/it\/#website"},"primaryImageOfPage":{"@id":"https:\/\/erinora.com\/it\/shop\/te-puri-biologici\/olong-tie-guan-yin-biologico\/#primaryimage"},"image":{"@id":"https:\/\/erinora.com\/it\/shop\/te-puri-biologici\/olong-tie-guan-yin-biologico\/#primaryimage"},"thumbnailUrl":"https:\/\/erinora.com\/it\/wp-content\/uploads\/sites\/4\/2025\/10\/organic-tie-guan-yin-oolong-loose-leaf.webp.webp","datePublished":"2025-10-23T20:33:44+00:00","dateModified":"2025-10-23T20:46:27+00:00","description":"Tie Guan Yin biologico dalle montagne del Fujian: t\u00e8 oolong elegante, floreale e setoso, con note di orchidea e un\u2019infusione dorata.","breadcrumb":{"@id":"https:\/\/erinora.com\/it\/shop\/te-puri-biologici\/olong-tie-guan-yin-biologico\/#breadcrumb"},"inLanguage":"it-IT","potentialAction":[{"@type":"ReadAction","target":["https:\/\/erinora.com\/it\/shop\/te-puri-biologici\/olong-tie-guan-yin-biologico\/"]}]},{"@type":"ImageObject","inLanguage":"it-IT","@id":"https:\/\/erinora.com\/it\/shop\/te-puri-biologici\/olong-tie-guan-yin-biologico\/#primaryimage","url":"https:\/\/erinora.com\/it\/wp-content\/uploads\/sites\/4\/2025\/10\/organic-tie-guan-yin-oolong-loose-leaf.webp.webp","contentUrl":"https:\/\/erinora.com\/it\/wp-content\/uploads\/sites\/4\/2025\/10\/organic-tie-guan-yin-oolong-loose-leaf.webp.webp","width":1500,"height":1500,"caption":"Foglie di Tie Guan Yin biologico oolong arrotolate"},{"@type":"BreadcrumbList","@id":"https:\/\/erinora.com\/it\/shop\/te-puri-biologici\/olong-tie-guan-yin-biologico\/#breadcrumb","itemListElement":[{"@type":"ListItem","position":1,"name":"Home","item":"https:\/\/erinora.com\/it\/"},{"@type":"ListItem","position":2,"name":"Shop","item":"https:\/\/erinora.com\/it\/shop\/"},{"@type":"ListItem","position":3,"name":"Pure Collection","item":"https:\/\/erinora.com\/it\/product-category\/te-puri-biologici\/"},{"@type":"ListItem","position":4,"name":"Tie Guan Yin"}]},{"@type":"WebSite","@id":"https:\/\/erinora.com\/it\/#website","url":"https:\/\/erinora.com\/it\/","name":"Erinora","description":"Your daily ritual","publisher":{"@id":"https:\/\/erinora.com\/it\/#organization"},"alternateName":"Erinora","potentialAction":[{"@type":"SearchAction","target":{"@type":"EntryPoint","urlTemplate":"https:\/\/erinora.com\/it\/?s={search_term_string}"},"query-input":{"@type":"PropertyValueSpecification","valueRequired":true,"valueName":"search_term_string"}}],"inLanguage":"it-IT"},{"@type":"Organization","@id":"https:\/\/erinora.com\/it\/#organization","name":"Erinora","alternateName":"Erinora","url":"https:\/\/erinora.com\/it\/","logo":{"@type":"ImageObject","inLanguage":"it-IT","@id":"https:\/\/erinora.com\/it\/#\/schema\/logo\/image\/","url":"https:\/\/erinora.com\/it\/wp-content\/uploads\/sites\/4\/2025\/02\/E_BrandIcon-Gradient.png","contentUrl":"https:\/\/erinora.com\/it\/wp-content\/uploads\/sites\/4\/2025\/02\/E_BrandIcon-Gradient.png","width":3000,"height":3000,"caption":"Erinora"},"image":{"@id":"https:\/\/erinora.com\/it\/#\/schema\/logo\/image\/"},"sameAs":["https:\/\/www.facebook.com\/profile.php?id=61566609811576","https:\/\/www.instagram.com\/erinora_tea"]}]}},"acf":[],"jetpack_sharing_enabled":true,"_links":{"self":[{"href":"https:\/\/erinora.com\/it\/wp-json\/wp\/v2\/product\/887","targetHints":{"allow":["GET"]}}],"collection":[{"href":"https:\/\/erinora.com\/it\/wp-json\/wp\/v2\/product"}],"about":[{"href":"https:\/\/erinora.com\/it\/wp-json\/wp\/v2\/types\/product"}],"replies":[{"embeddable":true,"href":"https:\/\/erinora.com\/it\/wp-json\/wp\/v2\/comments?post=887"}],"wp:featuredmedia":[{"embeddable":true,"href":"https:\/\/erinora.com\/it\/wp-json\/wp\/v2\/media\/881"}],"wp:attachment":[{"href":"https:\/\/erinora.com\/it\/wp-json\/wp\/v2\/media?parent=887"}],"wp:term":[{"taxonomy":"product_brand","embeddable":true,"href":"https:\/\/erinora.com\/it\/wp-json\/wp\/v2\/product_brand?post=887"},{"taxonomy":"product_cat","embeddable":true,"href":"https:\/\/erinora.com\/it\/wp-json\/wp\/v2\/product_cat?post=887"},{"taxonomy":"product_tag","embeddable":true,"href":"https:\/\/erinora.com\/it\/wp-json\/wp\/v2\/product_tag?post=887"}],"curies":[{"name":"wp","href":"https:\/\/api.w.org\/{rel}","templated":true}]}}