{"id":344,"date":"2025-02-05T22:14:18","date_gmt":"2025-02-05T21:14:18","guid":{"rendered":"https:\/\/erinora.com\/it\/?post_type=product&#038;p=344"},"modified":"2025-03-31T00:39:28","modified_gmt":"2025-03-30T22:39:28","slug":"confezione-regalo-te-completa","status":"publish","type":"product","link":"https:\/\/erinora.com\/it\/shop\/box-regalo-personalizzabili\/confezione-regalo-te-completa\/","title":{"rendered":"Box Sinergy"},"content":{"rendered":"<p>La confezione regalo di t\u00e8 completa Sinergy \u00e8 il rituale del t\u00e8 per eccellenza, dove ogni elemento si unisce per creare un momento di pura armonia.<br \/>\nAll\u2019interno troverai il meglio delle nostre proposte: <strong>una miscela di t\u00e8 a scelta, una playlist<\/strong> creata per accompagnare l\u2019atmosfera perfetta, <strong>una candela in cera di soia colata a mano<\/strong>, a scelta tra tre tipologie, <strong>una splendida tazza artigianale<\/strong> realizzata in un piccolo laboratorio toscano, disponibile in due diverse varianti, <strong>e un quaderno dalla copertina illustrata<\/strong> per catturare i tuoi pensieri.<br \/>\nLasciati avvolgere dalla sinergia di questa collezione pensata per trasformare il momento del t\u00e8 in qualcosa di veramente speciale. Un regalo per te o per una persona cara, che celebra la bellezza di rallentare e godersi ogni istante.<\/p>\n","protected":false},"excerpt":{"rendered":"<p>La confezione regalo di t\u00e8 completa Sinergy \u00e8 il rituale del t\u00e8 per eccellenza, dove ogni elemento si unisce per creare un momento di pura armonia. All\u2019interno troverai il meglio delle nostre proposte: una miscela di t\u00e8 a scelta, una playlist creata per accompagnare l\u2019atmosfera perfetta, una candela in cera di soia colata a mano, [&hellip;]<\/p>\n","protected":false},"featured_media":359,"comment_status":"open","ping_status":"closed","template":"","meta":{"_acf_changed":false},"product_brand":[],"product_cat":[27],"product_tag":[],"class_list":{"0":"post-344","1":"product","2":"type-product","3":"status-publish","4":"has-post-thumbnail","6":"product_cat-box-regalo-personalizzabili","8":"first","9":"instock","10":"shipping-taxable","11":"purchasable","12":"product-type-variable"},"yoast_head":"<!-- This site is optimized with the Yoast SEO plugin v27.0 - https:\/\/yoast.com\/product\/yoast-seo-wordpress\/ -->\n<title>Confezione Regalo Sinergy: T\u00e8 &amp; Accessori per momenti speciali<\/title>\n<meta name=\"description\" content=\"Crea la tua confezione regalo scegliendo tra t\u00e8 biologici in foglie, una tazza artigianale, una candela, una playlist e un quaderno. Un regalo unico.\" \/>\n<meta name=\"robots\" content=\"index, follow, max-snippet:-1, max-image-preview:large, max-video-preview:-1\" \/>\n<link rel=\"canonical\" href=\"https:\/\/erinora.com\/it\/shop\/box-regalo-personalizzabili\/confezione-regalo-te-completa\/\" \/>\n<meta property=\"og:locale\" content=\"it_IT\" \/>\n<meta property=\"og:type\" content=\"article\" \/>\n<meta property=\"og:title\" content=\"Confezione Regalo Sinergy: T\u00e8 &amp; Accessori per momenti speciali\" \/>\n<meta property=\"og:description\" content=\"Crea la tua confezione regalo scegliendo tra t\u00e8 biologici in foglie, una tazza artigianale, una candela, una playlist e un quaderno. Un regalo unico.\" \/>\n<meta property=\"og:url\" content=\"https:\/\/erinora.com\/it\/shop\/box-regalo-personalizzabili\/confezione-regalo-te-completa\/\" \/>\n<meta property=\"og:site_name\" content=\"Erinora\" \/>\n<meta property=\"article:publisher\" content=\"https:\/\/www.facebook.com\/profile.php?id=61566609811576\" \/>\n<meta property=\"article:modified_time\" content=\"2025-03-30T22:39:28+00:00\" \/>\n<meta property=\"og:image\" content=\"https:\/\/erinora.com\/it\/wp-content\/uploads\/sites\/4\/2025\/02\/tea-sinergy-gift-box-e1741040376291.webp\" \/>\n\t<meta property=\"og:image:width\" content=\"1500\" \/>\n\t<meta property=\"og:image:height\" content=\"1628\" \/>\n\t<meta property=\"og:image:type\" content=\"image\/webp\" \/>\n<meta name=\"twitter:card\" content=\"summary_large_image\" \/>\n<meta name=\"twitter:label1\" content=\"Tempo di lettura stimato\" \/>\n\t<meta name=\"twitter:data1\" content=\"19 minuti\" \/>\n<script type=\"application\/ld+json\" class=\"yoast-schema-graph\">{\"@context\":\"https:\/\/schema.org\",\"@graph\":[{\"@type\":\"WebPage\",\"@id\":\"https:\/\/erinora.com\/it\/shop\/box-regalo-personalizzabili\/confezione-regalo-te-completa\/\",\"url\":\"https:\/\/erinora.com\/it\/shop\/box-regalo-personalizzabili\/confezione-regalo-te-completa\/\",\"name\":\"Confezione Regalo Sinergy: T\u00e8 & Accessori per momenti speciali\",\"isPartOf\":{\"@id\":\"https:\/\/erinora.com\/it\/#website\"},\"primaryImageOfPage\":{\"@id\":\"https:\/\/erinora.com\/it\/shop\/box-regalo-personalizzabili\/confezione-regalo-te-completa\/#primaryimage\"},\"image\":{\"@id\":\"https:\/\/erinora.com\/it\/shop\/box-regalo-personalizzabili\/confezione-regalo-te-completa\/#primaryimage\"},\"thumbnailUrl\":\"https:\/\/erinora.com\/it\/wp-content\/uploads\/sites\/4\/2025\/02\/tea-sinergy-gift-box-e1741040376291.webp\",\"datePublished\":\"2025-02-05T21:14:18+00:00\",\"dateModified\":\"2025-03-30T22:39:28+00:00\",\"description\":\"Crea la tua confezione regalo scegliendo tra t\u00e8 biologici in foglie, una tazza artigianale, una candela, una playlist e un quaderno. Un regalo unico.\",\"breadcrumb\":{\"@id\":\"https:\/\/erinora.com\/it\/shop\/box-regalo-personalizzabili\/confezione-regalo-te-completa\/#breadcrumb\"},\"inLanguage\":\"it-IT\",\"potentialAction\":[{\"@type\":\"ReadAction\",\"target\":[\"https:\/\/erinora.com\/it\/shop\/box-regalo-personalizzabili\/confezione-regalo-te-completa\/\"]}]},{\"@type\":\"ImageObject\",\"inLanguage\":\"it-IT\",\"@id\":\"https:\/\/erinora.com\/it\/shop\/box-regalo-personalizzabili\/confezione-regalo-te-completa\/#primaryimage\",\"url\":\"https:\/\/erinora.com\/it\/wp-content\/uploads\/sites\/4\/2025\/02\/tea-sinergy-gift-box-e1741040376291.webp\",\"contentUrl\":\"https:\/\/erinora.com\/it\/wp-content\/uploads\/sites\/4\/2025\/02\/tea-sinergy-gift-box-e1741040376291.webp\",\"width\":1500,\"height\":1628},{\"@type\":\"BreadcrumbList\",\"@id\":\"https:\/\/erinora.com\/it\/shop\/box-regalo-personalizzabili\/confezione-regalo-te-completa\/#breadcrumb\",\"itemListElement\":[{\"@type\":\"ListItem\",\"position\":1,\"name\":\"Home\",\"item\":\"https:\/\/erinora.com\/it\/\"},{\"@type\":\"ListItem\",\"position\":2,\"name\":\"Shop\",\"item\":\"https:\/\/erinora.com\/it\/shop\/\"},{\"@type\":\"ListItem\",\"position\":3,\"name\":\"Box regalo personalizzabili\",\"item\":\"https:\/\/erinora.com\/it\/product-category\/box-regalo-personalizzabili\/\"},{\"@type\":\"ListItem\",\"position\":4,\"name\":\"Box Sinergy\"}]},{\"@type\":\"WebSite\",\"@id\":\"https:\/\/erinora.com\/it\/#website\",\"url\":\"https:\/\/erinora.com\/it\/\",\"name\":\"Erinora\",\"description\":\"Your daily ritual\",\"publisher\":{\"@id\":\"https:\/\/erinora.com\/it\/#organization\"},\"alternateName\":\"Erinora\",\"potentialAction\":[{\"@type\":\"SearchAction\",\"target\":{\"@type\":\"EntryPoint\",\"urlTemplate\":\"https:\/\/erinora.com\/it\/?s={search_term_string}\"},\"query-input\":{\"@type\":\"PropertyValueSpecification\",\"valueRequired\":true,\"valueName\":\"search_term_string\"}}],\"inLanguage\":\"it-IT\"},{\"@type\":\"Organization\",\"@id\":\"https:\/\/erinora.com\/it\/#organization\",\"name\":\"Erinora\",\"alternateName\":\"Erinora\",\"url\":\"https:\/\/erinora.com\/it\/\",\"logo\":{\"@type\":\"ImageObject\",\"inLanguage\":\"it-IT\",\"@id\":\"https:\/\/erinora.com\/it\/#\/schema\/logo\/image\/\",\"url\":\"https:\/\/erinora.com\/it\/wp-content\/uploads\/sites\/4\/2025\/02\/E_BrandIcon-Gradient.png\",\"contentUrl\":\"https:\/\/erinora.com\/it\/wp-content\/uploads\/sites\/4\/2025\/02\/E_BrandIcon-Gradient.png\",\"width\":3000,\"height\":3000,\"caption\":\"Erinora\"},\"image\":{\"@id\":\"https:\/\/erinora.com\/it\/#\/schema\/logo\/image\/\"},\"sameAs\":[\"https:\/\/www.facebook.com\/profile.php?id=61566609811576\",\"https:\/\/www.instagram.com\/erinora_tea\"]}]}<\/script>\n<!-- \/ Yoast SEO plugin. -->","yoast_head_json":{"title":"Confezione Regalo Sinergy: T\u00e8 & Accessori per momenti speciali","description":"Crea la tua confezione regalo scegliendo tra t\u00e8 biologici in foglie, una tazza artigianale, una candela, una playlist e un quaderno. Un regalo unico.","robots":{"index":"index","follow":"follow","max-snippet":"max-snippet:-1","max-image-preview":"max-image-preview:large","max-video-preview":"max-video-preview:-1"},"canonical":"https:\/\/erinora.com\/it\/shop\/box-regalo-personalizzabili\/confezione-regalo-te-completa\/","og_locale":"it_IT","og_type":"article","og_title":"Confezione Regalo Sinergy: T\u00e8 & Accessori per momenti speciali","og_description":"Crea la tua confezione regalo scegliendo tra t\u00e8 biologici in foglie, una tazza artigianale, una candela, una playlist e un quaderno. Un regalo unico.","og_url":"https:\/\/erinora.com\/it\/shop\/box-regalo-personalizzabili\/confezione-regalo-te-completa\/","og_site_name":"Erinora","article_publisher":"https:\/\/www.facebook.com\/profile.php?id=61566609811576","article_modified_time":"2025-03-30T22:39:28+00:00","og_image":[{"width":1500,"height":1628,"url":"https:\/\/erinora.com\/it\/wp-content\/uploads\/sites\/4\/2025\/02\/tea-sinergy-gift-box-e1741040376291.webp","type":"image\/webp"}],"twitter_card":"summary_large_image","twitter_misc":{"Tempo di lettura stimato":"19 minuti"},"schema":{"@context":"https:\/\/schema.org","@graph":[{"@type":"WebPage","@id":"https:\/\/erinora.com\/it\/shop\/box-regalo-personalizzabili\/confezione-regalo-te-completa\/","url":"https:\/\/erinora.com\/it\/shop\/box-regalo-personalizzabili\/confezione-regalo-te-completa\/","name":"Confezione Regalo Sinergy: T\u00e8 & Accessori per momenti speciali","isPartOf":{"@id":"https:\/\/erinora.com\/it\/#website"},"primaryImageOfPage":{"@id":"https:\/\/erinora.com\/it\/shop\/box-regalo-personalizzabili\/confezione-regalo-te-completa\/#primaryimage"},"image":{"@id":"https:\/\/erinora.com\/it\/shop\/box-regalo-personalizzabili\/confezione-regalo-te-completa\/#primaryimage"},"thumbnailUrl":"https:\/\/erinora.com\/it\/wp-content\/uploads\/sites\/4\/2025\/02\/tea-sinergy-gift-box-e1741040376291.webp","datePublished":"2025-02-05T21:14:18+00:00","dateModified":"2025-03-30T22:39:28+00:00","description":"Crea la tua confezione regalo scegliendo tra t\u00e8 biologici in foglie, una tazza artigianale, una candela, una playlist e un quaderno. Un regalo unico.","breadcrumb":{"@id":"https:\/\/erinora.com\/it\/shop\/box-regalo-personalizzabili\/confezione-regalo-te-completa\/#breadcrumb"},"inLanguage":"it-IT","potentialAction":[{"@type":"ReadAction","target":["https:\/\/erinora.com\/it\/shop\/box-regalo-personalizzabili\/confezione-regalo-te-completa\/"]}]},{"@type":"ImageObject","inLanguage":"it-IT","@id":"https:\/\/erinora.com\/it\/shop\/box-regalo-personalizzabili\/confezione-regalo-te-completa\/#primaryimage","url":"https:\/\/erinora.com\/it\/wp-content\/uploads\/sites\/4\/2025\/02\/tea-sinergy-gift-box-e1741040376291.webp","contentUrl":"https:\/\/erinora.com\/it\/wp-content\/uploads\/sites\/4\/2025\/02\/tea-sinergy-gift-box-e1741040376291.webp","width":1500,"height":1628},{"@type":"BreadcrumbList","@id":"https:\/\/erinora.com\/it\/shop\/box-regalo-personalizzabili\/confezione-regalo-te-completa\/#breadcrumb","itemListElement":[{"@type":"ListItem","position":1,"name":"Home","item":"https:\/\/erinora.com\/it\/"},{"@type":"ListItem","position":2,"name":"Shop","item":"https:\/\/erinora.com\/it\/shop\/"},{"@type":"ListItem","position":3,"name":"Box regalo personalizzabili","item":"https:\/\/erinora.com\/it\/product-category\/box-regalo-personalizzabili\/"},{"@type":"ListItem","position":4,"name":"Box Sinergy"}]},{"@type":"WebSite","@id":"https:\/\/erinora.com\/it\/#website","url":"https:\/\/erinora.com\/it\/","name":"Erinora","description":"Your daily ritual","publisher":{"@id":"https:\/\/erinora.com\/it\/#organization"},"alternateName":"Erinora","potentialAction":[{"@type":"SearchAction","target":{"@type":"EntryPoint","urlTemplate":"https:\/\/erinora.com\/it\/?s={search_term_string}"},"query-input":{"@type":"PropertyValueSpecification","valueRequired":true,"valueName":"search_term_string"}}],"inLanguage":"it-IT"},{"@type":"Organization","@id":"https:\/\/erinora.com\/it\/#organization","name":"Erinora","alternateName":"Erinora","url":"https:\/\/erinora.com\/it\/","logo":{"@type":"ImageObject","inLanguage":"it-IT","@id":"https:\/\/erinora.com\/it\/#\/schema\/logo\/image\/","url":"https:\/\/erinora.com\/it\/wp-content\/uploads\/sites\/4\/2025\/02\/E_BrandIcon-Gradient.png","contentUrl":"https:\/\/erinora.com\/it\/wp-content\/uploads\/sites\/4\/2025\/02\/E_BrandIcon-Gradient.png","width":3000,"height":3000,"caption":"Erinora"},"image":{"@id":"https:\/\/erinora.com\/it\/#\/schema\/logo\/image\/"},"sameAs":["https:\/\/www.facebook.com\/profile.php?id=61566609811576","https:\/\/www.instagram.com\/erinora_tea"]}]}},"acf":[],"jetpack_sharing_enabled":true,"_links":{"self":[{"href":"https:\/\/erinora.com\/it\/wp-json\/wp\/v2\/product\/344","targetHints":{"allow":["GET"]}}],"collection":[{"href":"https:\/\/erinora.com\/it\/wp-json\/wp\/v2\/product"}],"about":[{"href":"https:\/\/erinora.com\/it\/wp-json\/wp\/v2\/types\/product"}],"replies":[{"embeddable":true,"href":"https:\/\/erinora.com\/it\/wp-json\/wp\/v2\/comments?post=344"}],"wp:featuredmedia":[{"embeddable":true,"href":"https:\/\/erinora.com\/it\/wp-json\/wp\/v2\/media\/359"}],"wp:attachment":[{"href":"https:\/\/erinora.com\/it\/wp-json\/wp\/v2\/media?parent=344"}],"wp:term":[{"taxonomy":"product_brand","embeddable":true,"href":"https:\/\/erinora.com\/it\/wp-json\/wp\/v2\/product_brand?post=344"},{"taxonomy":"product_cat","embeddable":true,"href":"https:\/\/erinora.com\/it\/wp-json\/wp\/v2\/product_cat?post=344"},{"taxonomy":"product_tag","embeddable":true,"href":"https:\/\/erinora.com\/it\/wp-json\/wp\/v2\/product_tag?post=344"}],"curies":[{"name":"wp","href":"https:\/\/api.w.org\/{rel}","templated":true}]}}