{"id":325,"date":"2025-02-05T22:04:16","date_gmt":"2025-02-05T21:04:16","guid":{"rendered":"https:\/\/erinora.com\/it\/?post_type=product&#038;p=325"},"modified":"2025-03-31T00:29:16","modified_gmt":"2025-03-30T22:29:16","slug":"confezione-regalo-te-e-quaderno","status":"publish","type":"product","link":"https:\/\/erinora.com\/it\/shop\/box-regalo-personalizzabili\/confezione-regalo-te-e-quaderno\/","title":{"rendered":"Box Inspire"},"content":{"rendered":"<p>Una confezione regalo di t\u00e8 e quaderno pensata per rallentare e assaporare i piccoli momenti che rendono la vita speciale, con un rituale del t\u00e8 creato su misura per te.<br \/>\n<strong>Oltre a una miscela di t\u00e8 biologico a tua scelta, la box include un<\/strong> <strong>quaderno in carta riciclata<\/strong>, ideale per annotare sogni, riflessioni o momenti di gratitudine, unendo creativit\u00e0 e cura di s\u00e9.<br \/>\nT\u00e8 e scrittura sono l\u2019accoppiata perfetta per portare calma e gioia nella tua quotidianit\u00e0. La box Inspire \u00e8 il regalo ideale per te o per chi ami, trasformando ogni momento in un\u2019esperienza unica e personale.<\/p>\n","protected":false},"excerpt":{"rendered":"<p>Una confezione regalo di t\u00e8 e quaderno pensata per rallentare e assaporare i piccoli momenti che rendono la vita speciale, con un rituale del t\u00e8 creato su misura per te. Oltre a una miscela di t\u00e8 biologico a tua scelta, la box include un quaderno in carta riciclata, ideale per annotare sogni, riflessioni o momenti [&hellip;]<\/p>\n","protected":false},"featured_media":341,"comment_status":"open","ping_status":"closed","template":"","meta":{"_acf_changed":false},"product_brand":[],"product_cat":[27],"product_tag":[],"class_list":{"0":"post-325","1":"product","2":"type-product","3":"status-publish","4":"has-post-thumbnail","6":"product_cat-box-regalo-personalizzabili","8":"first","9":"instock","10":"shipping-taxable","11":"purchasable","12":"product-type-variable"},"yoast_head":"<!-- This site is optimized with the Yoast SEO plugin v27.0 - https:\/\/yoast.com\/product\/yoast-seo-wordpress\/ -->\n<title>Confezione Regalo Inspire: T\u00e8 &amp; quaderno in carta riciclata.<\/title>\n<meta name=\"description\" content=\"Crea la tua confezione regalo scegliendo tra t\u00e8 biologici in foglie e quaderno. Il regalo ideale per gli amanti del t\u00e8 e della scrittura.\" \/>\n<meta name=\"robots\" content=\"index, follow, max-snippet:-1, max-image-preview:large, max-video-preview:-1\" \/>\n<link rel=\"canonical\" href=\"https:\/\/erinora.com\/it\/shop\/box-regalo-personalizzabili\/confezione-regalo-te-e-quaderno\/\" \/>\n<meta property=\"og:locale\" content=\"it_IT\" \/>\n<meta property=\"og:type\" content=\"article\" \/>\n<meta property=\"og:title\" content=\"Confezione Regalo Inspire: T\u00e8 &amp; quaderno in carta riciclata.\" \/>\n<meta property=\"og:description\" content=\"Crea la tua confezione regalo scegliendo tra t\u00e8 biologici in foglie e quaderno. Il regalo ideale per gli amanti del t\u00e8 e della scrittura.\" \/>\n<meta property=\"og:url\" content=\"https:\/\/erinora.com\/it\/shop\/box-regalo-personalizzabili\/confezione-regalo-te-e-quaderno\/\" \/>\n<meta property=\"og:site_name\" content=\"Erinora\" \/>\n<meta property=\"article:publisher\" content=\"https:\/\/www.facebook.com\/profile.php?id=61566609811576\" \/>\n<meta property=\"article:modified_time\" content=\"2025-03-30T22:29:16+00:00\" \/>\n<meta property=\"og:image\" content=\"https:\/\/erinora.com\/it\/wp-content\/uploads\/sites\/4\/2025\/02\/erinora-inspire-tea-gift-box.webp\" \/>\n\t<meta property=\"og:image:width\" content=\"1500\" \/>\n\t<meta property=\"og:image:height\" content=\"1991\" \/>\n\t<meta property=\"og:image:type\" content=\"image\/webp\" \/>\n<meta name=\"twitter:card\" content=\"summary_large_image\" \/>\n<meta name=\"twitter:label1\" content=\"Tempo di lettura stimato\" \/>\n\t<meta name=\"twitter:data1\" content=\"17 minuti\" \/>\n<script type=\"application\/ld+json\" class=\"yoast-schema-graph\">{\"@context\":\"https:\/\/schema.org\",\"@graph\":[{\"@type\":\"WebPage\",\"@id\":\"https:\/\/erinora.com\/it\/shop\/box-regalo-personalizzabili\/confezione-regalo-te-e-quaderno\/\",\"url\":\"https:\/\/erinora.com\/it\/shop\/box-regalo-personalizzabili\/confezione-regalo-te-e-quaderno\/\",\"name\":\"Confezione Regalo Inspire: T\u00e8 & quaderno in carta riciclata.\",\"isPartOf\":{\"@id\":\"https:\/\/erinora.com\/it\/#website\"},\"primaryImageOfPage\":{\"@id\":\"https:\/\/erinora.com\/it\/shop\/box-regalo-personalizzabili\/confezione-regalo-te-e-quaderno\/#primaryimage\"},\"image\":{\"@id\":\"https:\/\/erinora.com\/it\/shop\/box-regalo-personalizzabili\/confezione-regalo-te-e-quaderno\/#primaryimage\"},\"thumbnailUrl\":\"https:\/\/erinora.com\/it\/wp-content\/uploads\/sites\/4\/2025\/02\/erinora-inspire-tea-gift-box.webp\",\"datePublished\":\"2025-02-05T21:04:16+00:00\",\"dateModified\":\"2025-03-30T22:29:16+00:00\",\"description\":\"Crea la tua confezione regalo scegliendo tra t\u00e8 biologici in foglie e quaderno. Il regalo ideale per gli amanti del t\u00e8 e della scrittura.\",\"breadcrumb\":{\"@id\":\"https:\/\/erinora.com\/it\/shop\/box-regalo-personalizzabili\/confezione-regalo-te-e-quaderno\/#breadcrumb\"},\"inLanguage\":\"it-IT\",\"potentialAction\":[{\"@type\":\"ReadAction\",\"target\":[\"https:\/\/erinora.com\/it\/shop\/box-regalo-personalizzabili\/confezione-regalo-te-e-quaderno\/\"]}]},{\"@type\":\"ImageObject\",\"inLanguage\":\"it-IT\",\"@id\":\"https:\/\/erinora.com\/it\/shop\/box-regalo-personalizzabili\/confezione-regalo-te-e-quaderno\/#primaryimage\",\"url\":\"https:\/\/erinora.com\/it\/wp-content\/uploads\/sites\/4\/2025\/02\/erinora-inspire-tea-gift-box.webp\",\"contentUrl\":\"https:\/\/erinora.com\/it\/wp-content\/uploads\/sites\/4\/2025\/02\/erinora-inspire-tea-gift-box.webp\",\"width\":1500,\"height\":1991},{\"@type\":\"BreadcrumbList\",\"@id\":\"https:\/\/erinora.com\/it\/shop\/box-regalo-personalizzabili\/confezione-regalo-te-e-quaderno\/#breadcrumb\",\"itemListElement\":[{\"@type\":\"ListItem\",\"position\":1,\"name\":\"Home\",\"item\":\"https:\/\/erinora.com\/it\/\"},{\"@type\":\"ListItem\",\"position\":2,\"name\":\"Shop\",\"item\":\"https:\/\/erinora.com\/it\/shop\/\"},{\"@type\":\"ListItem\",\"position\":3,\"name\":\"Box regalo personalizzabili\",\"item\":\"https:\/\/erinora.com\/it\/product-category\/box-regalo-personalizzabili\/\"},{\"@type\":\"ListItem\",\"position\":4,\"name\":\"Box Inspire\"}]},{\"@type\":\"WebSite\",\"@id\":\"https:\/\/erinora.com\/it\/#website\",\"url\":\"https:\/\/erinora.com\/it\/\",\"name\":\"Erinora\",\"description\":\"Your daily ritual\",\"publisher\":{\"@id\":\"https:\/\/erinora.com\/it\/#organization\"},\"alternateName\":\"Erinora\",\"potentialAction\":[{\"@type\":\"SearchAction\",\"target\":{\"@type\":\"EntryPoint\",\"urlTemplate\":\"https:\/\/erinora.com\/it\/?s={search_term_string}\"},\"query-input\":{\"@type\":\"PropertyValueSpecification\",\"valueRequired\":true,\"valueName\":\"search_term_string\"}}],\"inLanguage\":\"it-IT\"},{\"@type\":\"Organization\",\"@id\":\"https:\/\/erinora.com\/it\/#organization\",\"name\":\"Erinora\",\"alternateName\":\"Erinora\",\"url\":\"https:\/\/erinora.com\/it\/\",\"logo\":{\"@type\":\"ImageObject\",\"inLanguage\":\"it-IT\",\"@id\":\"https:\/\/erinora.com\/it\/#\/schema\/logo\/image\/\",\"url\":\"https:\/\/erinora.com\/it\/wp-content\/uploads\/sites\/4\/2025\/02\/E_BrandIcon-Gradient.png\",\"contentUrl\":\"https:\/\/erinora.com\/it\/wp-content\/uploads\/sites\/4\/2025\/02\/E_BrandIcon-Gradient.png\",\"width\":3000,\"height\":3000,\"caption\":\"Erinora\"},\"image\":{\"@id\":\"https:\/\/erinora.com\/it\/#\/schema\/logo\/image\/\"},\"sameAs\":[\"https:\/\/www.facebook.com\/profile.php?id=61566609811576\",\"https:\/\/www.instagram.com\/erinora_tea\"]}]}<\/script>\n<!-- \/ Yoast SEO plugin. -->","yoast_head_json":{"title":"Confezione Regalo Inspire: T\u00e8 & quaderno in carta riciclata.","description":"Crea la tua confezione regalo scegliendo tra t\u00e8 biologici in foglie e quaderno. Il regalo ideale per gli amanti del t\u00e8 e della scrittura.","robots":{"index":"index","follow":"follow","max-snippet":"max-snippet:-1","max-image-preview":"max-image-preview:large","max-video-preview":"max-video-preview:-1"},"canonical":"https:\/\/erinora.com\/it\/shop\/box-regalo-personalizzabili\/confezione-regalo-te-e-quaderno\/","og_locale":"it_IT","og_type":"article","og_title":"Confezione Regalo Inspire: T\u00e8 & quaderno in carta riciclata.","og_description":"Crea la tua confezione regalo scegliendo tra t\u00e8 biologici in foglie e quaderno. Il regalo ideale per gli amanti del t\u00e8 e della scrittura.","og_url":"https:\/\/erinora.com\/it\/shop\/box-regalo-personalizzabili\/confezione-regalo-te-e-quaderno\/","og_site_name":"Erinora","article_publisher":"https:\/\/www.facebook.com\/profile.php?id=61566609811576","article_modified_time":"2025-03-30T22:29:16+00:00","og_image":[{"width":1500,"height":1991,"url":"https:\/\/erinora.com\/it\/wp-content\/uploads\/sites\/4\/2025\/02\/erinora-inspire-tea-gift-box.webp","type":"image\/webp"}],"twitter_card":"summary_large_image","twitter_misc":{"Tempo di lettura stimato":"17 minuti"},"schema":{"@context":"https:\/\/schema.org","@graph":[{"@type":"WebPage","@id":"https:\/\/erinora.com\/it\/shop\/box-regalo-personalizzabili\/confezione-regalo-te-e-quaderno\/","url":"https:\/\/erinora.com\/it\/shop\/box-regalo-personalizzabili\/confezione-regalo-te-e-quaderno\/","name":"Confezione Regalo Inspire: T\u00e8 & quaderno in carta riciclata.","isPartOf":{"@id":"https:\/\/erinora.com\/it\/#website"},"primaryImageOfPage":{"@id":"https:\/\/erinora.com\/it\/shop\/box-regalo-personalizzabili\/confezione-regalo-te-e-quaderno\/#primaryimage"},"image":{"@id":"https:\/\/erinora.com\/it\/shop\/box-regalo-personalizzabili\/confezione-regalo-te-e-quaderno\/#primaryimage"},"thumbnailUrl":"https:\/\/erinora.com\/it\/wp-content\/uploads\/sites\/4\/2025\/02\/erinora-inspire-tea-gift-box.webp","datePublished":"2025-02-05T21:04:16+00:00","dateModified":"2025-03-30T22:29:16+00:00","description":"Crea la tua confezione regalo scegliendo tra t\u00e8 biologici in foglie e quaderno. Il regalo ideale per gli amanti del t\u00e8 e della scrittura.","breadcrumb":{"@id":"https:\/\/erinora.com\/it\/shop\/box-regalo-personalizzabili\/confezione-regalo-te-e-quaderno\/#breadcrumb"},"inLanguage":"it-IT","potentialAction":[{"@type":"ReadAction","target":["https:\/\/erinora.com\/it\/shop\/box-regalo-personalizzabili\/confezione-regalo-te-e-quaderno\/"]}]},{"@type":"ImageObject","inLanguage":"it-IT","@id":"https:\/\/erinora.com\/it\/shop\/box-regalo-personalizzabili\/confezione-regalo-te-e-quaderno\/#primaryimage","url":"https:\/\/erinora.com\/it\/wp-content\/uploads\/sites\/4\/2025\/02\/erinora-inspire-tea-gift-box.webp","contentUrl":"https:\/\/erinora.com\/it\/wp-content\/uploads\/sites\/4\/2025\/02\/erinora-inspire-tea-gift-box.webp","width":1500,"height":1991},{"@type":"BreadcrumbList","@id":"https:\/\/erinora.com\/it\/shop\/box-regalo-personalizzabili\/confezione-regalo-te-e-quaderno\/#breadcrumb","itemListElement":[{"@type":"ListItem","position":1,"name":"Home","item":"https:\/\/erinora.com\/it\/"},{"@type":"ListItem","position":2,"name":"Shop","item":"https:\/\/erinora.com\/it\/shop\/"},{"@type":"ListItem","position":3,"name":"Box regalo personalizzabili","item":"https:\/\/erinora.com\/it\/product-category\/box-regalo-personalizzabili\/"},{"@type":"ListItem","position":4,"name":"Box Inspire"}]},{"@type":"WebSite","@id":"https:\/\/erinora.com\/it\/#website","url":"https:\/\/erinora.com\/it\/","name":"Erinora","description":"Your daily ritual","publisher":{"@id":"https:\/\/erinora.com\/it\/#organization"},"alternateName":"Erinora","potentialAction":[{"@type":"SearchAction","target":{"@type":"EntryPoint","urlTemplate":"https:\/\/erinora.com\/it\/?s={search_term_string}"},"query-input":{"@type":"PropertyValueSpecification","valueRequired":true,"valueName":"search_term_string"}}],"inLanguage":"it-IT"},{"@type":"Organization","@id":"https:\/\/erinora.com\/it\/#organization","name":"Erinora","alternateName":"Erinora","url":"https:\/\/erinora.com\/it\/","logo":{"@type":"ImageObject","inLanguage":"it-IT","@id":"https:\/\/erinora.com\/it\/#\/schema\/logo\/image\/","url":"https:\/\/erinora.com\/it\/wp-content\/uploads\/sites\/4\/2025\/02\/E_BrandIcon-Gradient.png","contentUrl":"https:\/\/erinora.com\/it\/wp-content\/uploads\/sites\/4\/2025\/02\/E_BrandIcon-Gradient.png","width":3000,"height":3000,"caption":"Erinora"},"image":{"@id":"https:\/\/erinora.com\/it\/#\/schema\/logo\/image\/"},"sameAs":["https:\/\/www.facebook.com\/profile.php?id=61566609811576","https:\/\/www.instagram.com\/erinora_tea"]}]}},"acf":[],"jetpack_sharing_enabled":true,"_links":{"self":[{"href":"https:\/\/erinora.com\/it\/wp-json\/wp\/v2\/product\/325","targetHints":{"allow":["GET"]}}],"collection":[{"href":"https:\/\/erinora.com\/it\/wp-json\/wp\/v2\/product"}],"about":[{"href":"https:\/\/erinora.com\/it\/wp-json\/wp\/v2\/types\/product"}],"replies":[{"embeddable":true,"href":"https:\/\/erinora.com\/it\/wp-json\/wp\/v2\/comments?post=325"}],"wp:featuredmedia":[{"embeddable":true,"href":"https:\/\/erinora.com\/it\/wp-json\/wp\/v2\/media\/341"}],"wp:attachment":[{"href":"https:\/\/erinora.com\/it\/wp-json\/wp\/v2\/media?parent=325"}],"wp:term":[{"taxonomy":"product_brand","embeddable":true,"href":"https:\/\/erinora.com\/it\/wp-json\/wp\/v2\/product_brand?post=325"},{"taxonomy":"product_cat","embeddable":true,"href":"https:\/\/erinora.com\/it\/wp-json\/wp\/v2\/product_cat?post=325"},{"taxonomy":"product_tag","embeddable":true,"href":"https:\/\/erinora.com\/it\/wp-json\/wp\/v2\/product_tag?post=325"}],"curies":[{"name":"wp","href":"https:\/\/api.w.org\/{rel}","templated":true}]}}