{"id":306,"date":"2025-02-09T16:17:42","date_gmt":"2025-02-09T15:17:42","guid":{"rendered":"https:\/\/erinora.com\/it\/?post_type=product&#038;p=306"},"modified":"2025-04-04T23:23:35","modified_gmt":"2025-04-04T21:23:35","slug":"set-accessori-te","status":"publish","type":"product","link":"https:\/\/erinora.com\/it\/shop\/accessori-te\/set-accessori-te\/","title":{"rendered":"Starter Set"},"content":{"rendered":"<p>Eleva il tuo rituale del t\u00e8 con il nostro Starter Set, un set di accessori per il t\u00e8 che include un <b>filtro a pinza<\/b> in acciaio inox, un<b> cucchiaino dosatore<\/b> per t\u00e8 e un <b>termometro per l'acqua<\/b>. Questo set assicura un'infusione perfetta, esaltando tutto il sapore delle tue miscele di t\u00e8 in foglie preferite. Compatto e facile da pulire, \u00e8 ideale sia per principianti che per appassionati di t\u00e8 esperti \u2013 o come regalo perfetto per ispirare un viaggio nel mondo del t\u00e8.<\/p>\n","protected":false},"excerpt":{"rendered":"<p>Eleva il tuo rituale del t\u00e8 con il nostro Starter Set, un set di accessori per il t\u00e8 che include un filtro a pinza in acciaio inox, un cucchiaino dosatore per t\u00e8 e un termometro per l'acqua. Questo set assicura un'infusione perfetta, esaltando tutto il sapore delle tue miscele di t\u00e8 in foglie preferite. Compatto [&hellip;]<\/p>\n","protected":false},"featured_media":307,"comment_status":"open","ping_status":"closed","template":"","meta":{"_acf_changed":false},"product_brand":[],"product_cat":[28],"product_tag":[],"class_list":{"0":"post-306","1":"product","2":"type-product","3":"status-publish","4":"has-post-thumbnail","6":"product_cat-accessori-te","8":"first","9":"instock","10":"shipping-taxable","11":"purchasable","12":"product-type-simple"},"yoast_head":"<!-- This site is optimized with the Yoast SEO plugin v27.0 - https:\/\/yoast.com\/product\/yoast-seo-wordpress\/ -->\n<title>Set accessori t\u00e8: kit essenziale per un&#039;infusione perfetta<\/title>\n<meta name=\"description\" content=\"Un set di accessori per t\u00e8 completo, con cucchiaino dosatore, filtro a pinza e termometro. Il compagno ideale per ottenere un&#039;infusione perfetta.\" \/>\n<meta name=\"robots\" content=\"index, follow, max-snippet:-1, max-image-preview:large, max-video-preview:-1\" \/>\n<link rel=\"canonical\" href=\"https:\/\/erinora.com\/it\/shop\/accessori-te\/set-accessori-te\/\" \/>\n<meta property=\"og:locale\" content=\"it_IT\" \/>\n<meta property=\"og:type\" content=\"article\" \/>\n<meta property=\"og:title\" content=\"Set accessori t\u00e8: kit essenziale per un&#039;infusione perfetta\" \/>\n<meta property=\"og:description\" content=\"Un set di accessori per t\u00e8 completo, con cucchiaino dosatore, filtro a pinza e termometro. Il compagno ideale per ottenere un&#039;infusione perfetta.\" \/>\n<meta property=\"og:url\" content=\"https:\/\/erinora.com\/it\/shop\/accessori-te\/set-accessori-te\/\" \/>\n<meta property=\"og:site_name\" content=\"Erinora\" \/>\n<meta property=\"article:publisher\" content=\"https:\/\/www.facebook.com\/profile.php?id=61566609811576\" \/>\n<meta property=\"article:modified_time\" content=\"2025-04-04T21:23:35+00:00\" \/>\n<meta property=\"og:image\" content=\"https:\/\/erinora.com\/it\/wp-content\/uploads\/sites\/4\/2025\/02\/tea-accessories-starter-set.webp\" \/>\n\t<meta property=\"og:image:width\" content=\"1500\" \/>\n\t<meta property=\"og:image:height\" content=\"1992\" \/>\n\t<meta property=\"og:image:type\" content=\"image\/webp\" \/>\n<meta name=\"twitter:card\" content=\"summary_large_image\" \/>\n<meta name=\"twitter:label1\" content=\"Tempo di lettura stimato\" \/>\n\t<meta name=\"twitter:data1\" content=\"7 minuti\" \/>\n<script type=\"application\/ld+json\" class=\"yoast-schema-graph\">{\"@context\":\"https:\/\/schema.org\",\"@graph\":[{\"@type\":\"WebPage\",\"@id\":\"https:\/\/erinora.com\/it\/shop\/accessori-te\/set-accessori-te\/\",\"url\":\"https:\/\/erinora.com\/it\/shop\/accessori-te\/set-accessori-te\/\",\"name\":\"Set accessori t\u00e8: kit essenziale per un'infusione perfetta\",\"isPartOf\":{\"@id\":\"https:\/\/erinora.com\/it\/#website\"},\"primaryImageOfPage\":{\"@id\":\"https:\/\/erinora.com\/it\/shop\/accessori-te\/set-accessori-te\/#primaryimage\"},\"image\":{\"@id\":\"https:\/\/erinora.com\/it\/shop\/accessori-te\/set-accessori-te\/#primaryimage\"},\"thumbnailUrl\":\"https:\/\/erinora.com\/it\/wp-content\/uploads\/sites\/4\/2025\/02\/tea-accessories-starter-set.webp\",\"datePublished\":\"2025-02-09T15:17:42+00:00\",\"dateModified\":\"2025-04-04T21:23:35+00:00\",\"description\":\"Un set di accessori per t\u00e8 completo, con cucchiaino dosatore, filtro a pinza e termometro. Il compagno ideale per ottenere un'infusione perfetta.\",\"breadcrumb\":{\"@id\":\"https:\/\/erinora.com\/it\/shop\/accessori-te\/set-accessori-te\/#breadcrumb\"},\"inLanguage\":\"it-IT\",\"potentialAction\":[{\"@type\":\"ReadAction\",\"target\":[\"https:\/\/erinora.com\/it\/shop\/accessori-te\/set-accessori-te\/\"]}]},{\"@type\":\"ImageObject\",\"inLanguage\":\"it-IT\",\"@id\":\"https:\/\/erinora.com\/it\/shop\/accessori-te\/set-accessori-te\/#primaryimage\",\"url\":\"https:\/\/erinora.com\/it\/wp-content\/uploads\/sites\/4\/2025\/02\/tea-accessories-starter-set.webp\",\"contentUrl\":\"https:\/\/erinora.com\/it\/wp-content\/uploads\/sites\/4\/2025\/02\/tea-accessories-starter-set.webp\",\"width\":1500,\"height\":1992},{\"@type\":\"BreadcrumbList\",\"@id\":\"https:\/\/erinora.com\/it\/shop\/accessori-te\/set-accessori-te\/#breadcrumb\",\"itemListElement\":[{\"@type\":\"ListItem\",\"position\":1,\"name\":\"Home\",\"item\":\"https:\/\/erinora.com\/it\/\"},{\"@type\":\"ListItem\",\"position\":2,\"name\":\"Shop\",\"item\":\"https:\/\/erinora.com\/it\/shop\/\"},{\"@type\":\"ListItem\",\"position\":3,\"name\":\"Accessori\",\"item\":\"https:\/\/erinora.com\/it\/product-category\/accessori-te\/\"},{\"@type\":\"ListItem\",\"position\":4,\"name\":\"Starter Set\"}]},{\"@type\":\"WebSite\",\"@id\":\"https:\/\/erinora.com\/it\/#website\",\"url\":\"https:\/\/erinora.com\/it\/\",\"name\":\"Erinora\",\"description\":\"Your daily ritual\",\"publisher\":{\"@id\":\"https:\/\/erinora.com\/it\/#organization\"},\"alternateName\":\"Erinora\",\"potentialAction\":[{\"@type\":\"SearchAction\",\"target\":{\"@type\":\"EntryPoint\",\"urlTemplate\":\"https:\/\/erinora.com\/it\/?s={search_term_string}\"},\"query-input\":{\"@type\":\"PropertyValueSpecification\",\"valueRequired\":true,\"valueName\":\"search_term_string\"}}],\"inLanguage\":\"it-IT\"},{\"@type\":\"Organization\",\"@id\":\"https:\/\/erinora.com\/it\/#organization\",\"name\":\"Erinora\",\"alternateName\":\"Erinora\",\"url\":\"https:\/\/erinora.com\/it\/\",\"logo\":{\"@type\":\"ImageObject\",\"inLanguage\":\"it-IT\",\"@id\":\"https:\/\/erinora.com\/it\/#\/schema\/logo\/image\/\",\"url\":\"https:\/\/erinora.com\/it\/wp-content\/uploads\/sites\/4\/2025\/02\/E_BrandIcon-Gradient.png\",\"contentUrl\":\"https:\/\/erinora.com\/it\/wp-content\/uploads\/sites\/4\/2025\/02\/E_BrandIcon-Gradient.png\",\"width\":3000,\"height\":3000,\"caption\":\"Erinora\"},\"image\":{\"@id\":\"https:\/\/erinora.com\/it\/#\/schema\/logo\/image\/\"},\"sameAs\":[\"https:\/\/www.facebook.com\/profile.php?id=61566609811576\",\"https:\/\/www.instagram.com\/erinora_tea\"]}]}<\/script>\n<!-- \/ Yoast SEO plugin. -->","yoast_head_json":{"title":"Set accessori t\u00e8: kit essenziale per un'infusione perfetta","description":"Un set di accessori per t\u00e8 completo, con cucchiaino dosatore, filtro a pinza e termometro. Il compagno ideale per ottenere un'infusione perfetta.","robots":{"index":"index","follow":"follow","max-snippet":"max-snippet:-1","max-image-preview":"max-image-preview:large","max-video-preview":"max-video-preview:-1"},"canonical":"https:\/\/erinora.com\/it\/shop\/accessori-te\/set-accessori-te\/","og_locale":"it_IT","og_type":"article","og_title":"Set accessori t\u00e8: kit essenziale per un'infusione perfetta","og_description":"Un set di accessori per t\u00e8 completo, con cucchiaino dosatore, filtro a pinza e termometro. Il compagno ideale per ottenere un'infusione perfetta.","og_url":"https:\/\/erinora.com\/it\/shop\/accessori-te\/set-accessori-te\/","og_site_name":"Erinora","article_publisher":"https:\/\/www.facebook.com\/profile.php?id=61566609811576","article_modified_time":"2025-04-04T21:23:35+00:00","og_image":[{"width":1500,"height":1992,"url":"https:\/\/erinora.com\/it\/wp-content\/uploads\/sites\/4\/2025\/02\/tea-accessories-starter-set.webp","type":"image\/webp"}],"twitter_card":"summary_large_image","twitter_misc":{"Tempo di lettura stimato":"7 minuti"},"schema":{"@context":"https:\/\/schema.org","@graph":[{"@type":"WebPage","@id":"https:\/\/erinora.com\/it\/shop\/accessori-te\/set-accessori-te\/","url":"https:\/\/erinora.com\/it\/shop\/accessori-te\/set-accessori-te\/","name":"Set accessori t\u00e8: kit essenziale per un'infusione perfetta","isPartOf":{"@id":"https:\/\/erinora.com\/it\/#website"},"primaryImageOfPage":{"@id":"https:\/\/erinora.com\/it\/shop\/accessori-te\/set-accessori-te\/#primaryimage"},"image":{"@id":"https:\/\/erinora.com\/it\/shop\/accessori-te\/set-accessori-te\/#primaryimage"},"thumbnailUrl":"https:\/\/erinora.com\/it\/wp-content\/uploads\/sites\/4\/2025\/02\/tea-accessories-starter-set.webp","datePublished":"2025-02-09T15:17:42+00:00","dateModified":"2025-04-04T21:23:35+00:00","description":"Un set di accessori per t\u00e8 completo, con cucchiaino dosatore, filtro a pinza e termometro. Il compagno ideale per ottenere un'infusione perfetta.","breadcrumb":{"@id":"https:\/\/erinora.com\/it\/shop\/accessori-te\/set-accessori-te\/#breadcrumb"},"inLanguage":"it-IT","potentialAction":[{"@type":"ReadAction","target":["https:\/\/erinora.com\/it\/shop\/accessori-te\/set-accessori-te\/"]}]},{"@type":"ImageObject","inLanguage":"it-IT","@id":"https:\/\/erinora.com\/it\/shop\/accessori-te\/set-accessori-te\/#primaryimage","url":"https:\/\/erinora.com\/it\/wp-content\/uploads\/sites\/4\/2025\/02\/tea-accessories-starter-set.webp","contentUrl":"https:\/\/erinora.com\/it\/wp-content\/uploads\/sites\/4\/2025\/02\/tea-accessories-starter-set.webp","width":1500,"height":1992},{"@type":"BreadcrumbList","@id":"https:\/\/erinora.com\/it\/shop\/accessori-te\/set-accessori-te\/#breadcrumb","itemListElement":[{"@type":"ListItem","position":1,"name":"Home","item":"https:\/\/erinora.com\/it\/"},{"@type":"ListItem","position":2,"name":"Shop","item":"https:\/\/erinora.com\/it\/shop\/"},{"@type":"ListItem","position":3,"name":"Accessori","item":"https:\/\/erinora.com\/it\/product-category\/accessori-te\/"},{"@type":"ListItem","position":4,"name":"Starter Set"}]},{"@type":"WebSite","@id":"https:\/\/erinora.com\/it\/#website","url":"https:\/\/erinora.com\/it\/","name":"Erinora","description":"Your daily ritual","publisher":{"@id":"https:\/\/erinora.com\/it\/#organization"},"alternateName":"Erinora","potentialAction":[{"@type":"SearchAction","target":{"@type":"EntryPoint","urlTemplate":"https:\/\/erinora.com\/it\/?s={search_term_string}"},"query-input":{"@type":"PropertyValueSpecification","valueRequired":true,"valueName":"search_term_string"}}],"inLanguage":"it-IT"},{"@type":"Organization","@id":"https:\/\/erinora.com\/it\/#organization","name":"Erinora","alternateName":"Erinora","url":"https:\/\/erinora.com\/it\/","logo":{"@type":"ImageObject","inLanguage":"it-IT","@id":"https:\/\/erinora.com\/it\/#\/schema\/logo\/image\/","url":"https:\/\/erinora.com\/it\/wp-content\/uploads\/sites\/4\/2025\/02\/E_BrandIcon-Gradient.png","contentUrl":"https:\/\/erinora.com\/it\/wp-content\/uploads\/sites\/4\/2025\/02\/E_BrandIcon-Gradient.png","width":3000,"height":3000,"caption":"Erinora"},"image":{"@id":"https:\/\/erinora.com\/it\/#\/schema\/logo\/image\/"},"sameAs":["https:\/\/www.facebook.com\/profile.php?id=61566609811576","https:\/\/www.instagram.com\/erinora_tea"]}]}},"acf":[],"jetpack_sharing_enabled":true,"_links":{"self":[{"href":"https:\/\/erinora.com\/it\/wp-json\/wp\/v2\/product\/306","targetHints":{"allow":["GET"]}}],"collection":[{"href":"https:\/\/erinora.com\/it\/wp-json\/wp\/v2\/product"}],"about":[{"href":"https:\/\/erinora.com\/it\/wp-json\/wp\/v2\/types\/product"}],"replies":[{"embeddable":true,"href":"https:\/\/erinora.com\/it\/wp-json\/wp\/v2\/comments?post=306"}],"wp:featuredmedia":[{"embeddable":true,"href":"https:\/\/erinora.com\/it\/wp-json\/wp\/v2\/media\/307"}],"wp:attachment":[{"href":"https:\/\/erinora.com\/it\/wp-json\/wp\/v2\/media?parent=306"}],"wp:term":[{"taxonomy":"product_brand","embeddable":true,"href":"https:\/\/erinora.com\/it\/wp-json\/wp\/v2\/product_brand?post=306"},{"taxonomy":"product_cat","embeddable":true,"href":"https:\/\/erinora.com\/it\/wp-json\/wp\/v2\/product_cat?post=306"},{"taxonomy":"product_tag","embeddable":true,"href":"https:\/\/erinora.com\/it\/wp-json\/wp\/v2\/product_tag?post=306"}],"curies":[{"name":"wp","href":"https:\/\/api.w.org\/{rel}","templated":true}]}}