{"id":299,"date":"2025-02-09T16:08:32","date_gmt":"2025-02-09T15:08:32","guid":{"rendered":"https:\/\/erinora.com\/it\/?post_type=product&#038;p=299"},"modified":"2025-04-04T23:01:22","modified_gmt":"2025-04-04T21:01:22","slug":"filtro-da-te-acciaio-inox","status":"publish","type":"product","link":"https:\/\/erinora.com\/it\/shop\/accessori-te\/filtro-da-te-acciaio-inox\/","title":{"rendered":"Filtro da t\u00e8 a pinza in acciaio"},"content":{"rendered":"<p>Preparare il t\u00e8 in foglia non \u00e8 mai stato cos\u00ec semplice. Il nostro filtro da t\u00e8 a pinza in acciaio inox \u00e8 lo strumento perfetto per preparare il t\u00e8 senza complicazioni. Realizzato in acciaio inossidabile di alta qualit\u00e0, questo filtro \u00e8 resistente, facile da usare e progettato per contenere anche le foglie di t\u00e8 pi\u00f9 fini, garantendo ogni volta un\u2019infusione pulita e ricca di sapore.<\/p>\n","protected":false},"excerpt":{"rendered":"<p>Preparare il t\u00e8 in foglia non \u00e8 mai stato cos\u00ec semplice. Il nostro filtro da t\u00e8 a pinza in acciaio inox \u00e8 lo strumento perfetto per preparare il t\u00e8 senza complicazioni. Realizzato in acciaio inossidabile di alta qualit\u00e0, questo filtro \u00e8 resistente, facile da usare e progettato per contenere anche le foglie di t\u00e8 pi\u00f9 [&hellip;]<\/p>\n","protected":false},"featured_media":301,"comment_status":"open","ping_status":"closed","template":"","meta":{"_acf_changed":false},"product_brand":[],"product_cat":[28],"product_tag":[],"class_list":{"0":"post-299","1":"product","2":"type-product","3":"status-publish","4":"has-post-thumbnail","6":"product_cat-accessori-te","8":"first","9":"instock","10":"shipping-taxable","11":"purchasable","12":"product-type-simple"},"yoast_head":"<!-- This site is optimized with the Yoast SEO plugin v27.0 - https:\/\/yoast.com\/product\/yoast-seo-wordpress\/ -->\n<title>Filtro da t\u00e8 acciaio inox: infusione semplice per t\u00e8 in foglia<\/title>\n<meta name=\"description\" content=\"Filtro da t\u00e8 in acciaio inox con manico a pinza, pratico e adatto a ogni tipo di tazza. Un accessorio immancabile per un\u2019infusione perfetta.\" \/>\n<meta name=\"robots\" content=\"index, follow, max-snippet:-1, max-image-preview:large, max-video-preview:-1\" \/>\n<link rel=\"canonical\" href=\"https:\/\/erinora.com\/it\/shop\/accessori-te\/filtro-da-te-acciaio-inox\/\" \/>\n<meta property=\"og:locale\" content=\"it_IT\" \/>\n<meta property=\"og:type\" content=\"article\" \/>\n<meta property=\"og:title\" content=\"Filtro da t\u00e8 acciaio inox: infusione semplice per t\u00e8 in foglia\" \/>\n<meta property=\"og:description\" content=\"Filtro da t\u00e8 in acciaio inox con manico a pinza, pratico e adatto a ogni tipo di tazza. Un accessorio immancabile per un\u2019infusione perfetta.\" \/>\n<meta property=\"og:url\" content=\"https:\/\/erinora.com\/it\/shop\/accessori-te\/filtro-da-te-acciaio-inox\/\" \/>\n<meta property=\"og:site_name\" content=\"Erinora\" \/>\n<meta property=\"article:publisher\" content=\"https:\/\/www.facebook.com\/profile.php?id=61566609811576\" \/>\n<meta property=\"article:modified_time\" content=\"2025-04-04T21:01:22+00:00\" \/>\n<meta property=\"og:image\" content=\"https:\/\/erinora.com\/it\/wp-content\/uploads\/sites\/4\/2025\/02\/stainless-steel-clamp-tea-filter-for-loose-leaf-tea.webp\" \/>\n\t<meta property=\"og:image:width\" content=\"1500\" \/>\n\t<meta property=\"og:image:height\" content=\"1992\" \/>\n\t<meta property=\"og:image:type\" content=\"image\/webp\" \/>\n<meta name=\"twitter:card\" content=\"summary_large_image\" \/>\n<meta name=\"twitter:label1\" content=\"Tempo di lettura stimato\" \/>\n\t<meta name=\"twitter:data1\" content=\"5 minuti\" \/>\n<script type=\"application\/ld+json\" class=\"yoast-schema-graph\">{\"@context\":\"https:\/\/schema.org\",\"@graph\":[{\"@type\":\"WebPage\",\"@id\":\"https:\/\/erinora.com\/it\/shop\/accessori-te\/filtro-da-te-acciaio-inox\/\",\"url\":\"https:\/\/erinora.com\/it\/shop\/accessori-te\/filtro-da-te-acciaio-inox\/\",\"name\":\"Filtro da t\u00e8 acciaio inox: infusione semplice per t\u00e8 in foglia\",\"isPartOf\":{\"@id\":\"https:\/\/erinora.com\/it\/#website\"},\"primaryImageOfPage\":{\"@id\":\"https:\/\/erinora.com\/it\/shop\/accessori-te\/filtro-da-te-acciaio-inox\/#primaryimage\"},\"image\":{\"@id\":\"https:\/\/erinora.com\/it\/shop\/accessori-te\/filtro-da-te-acciaio-inox\/#primaryimage\"},\"thumbnailUrl\":\"https:\/\/erinora.com\/it\/wp-content\/uploads\/sites\/4\/2025\/02\/stainless-steel-clamp-tea-filter-for-loose-leaf-tea.webp\",\"datePublished\":\"2025-02-09T15:08:32+00:00\",\"dateModified\":\"2025-04-04T21:01:22+00:00\",\"description\":\"Filtro da t\u00e8 in acciaio inox con manico a pinza, pratico e adatto a ogni tipo di tazza. Un accessorio immancabile per un\u2019infusione perfetta.\",\"breadcrumb\":{\"@id\":\"https:\/\/erinora.com\/it\/shop\/accessori-te\/filtro-da-te-acciaio-inox\/#breadcrumb\"},\"inLanguage\":\"it-IT\",\"potentialAction\":[{\"@type\":\"ReadAction\",\"target\":[\"https:\/\/erinora.com\/it\/shop\/accessori-te\/filtro-da-te-acciaio-inox\/\"]}]},{\"@type\":\"ImageObject\",\"inLanguage\":\"it-IT\",\"@id\":\"https:\/\/erinora.com\/it\/shop\/accessori-te\/filtro-da-te-acciaio-inox\/#primaryimage\",\"url\":\"https:\/\/erinora.com\/it\/wp-content\/uploads\/sites\/4\/2025\/02\/stainless-steel-clamp-tea-filter-for-loose-leaf-tea.webp\",\"contentUrl\":\"https:\/\/erinora.com\/it\/wp-content\/uploads\/sites\/4\/2025\/02\/stainless-steel-clamp-tea-filter-for-loose-leaf-tea.webp\",\"width\":1500,\"height\":1992},{\"@type\":\"BreadcrumbList\",\"@id\":\"https:\/\/erinora.com\/it\/shop\/accessori-te\/filtro-da-te-acciaio-inox\/#breadcrumb\",\"itemListElement\":[{\"@type\":\"ListItem\",\"position\":1,\"name\":\"Home\",\"item\":\"https:\/\/erinora.com\/it\/\"},{\"@type\":\"ListItem\",\"position\":2,\"name\":\"Shop\",\"item\":\"https:\/\/erinora.com\/it\/shop\/\"},{\"@type\":\"ListItem\",\"position\":3,\"name\":\"Accessori\",\"item\":\"https:\/\/erinora.com\/it\/product-category\/accessori-te\/\"},{\"@type\":\"ListItem\",\"position\":4,\"name\":\"Filtro da t\u00e8 a pinza in acciaio\"}]},{\"@type\":\"WebSite\",\"@id\":\"https:\/\/erinora.com\/it\/#website\",\"url\":\"https:\/\/erinora.com\/it\/\",\"name\":\"Erinora\",\"description\":\"Your daily ritual\",\"publisher\":{\"@id\":\"https:\/\/erinora.com\/it\/#organization\"},\"alternateName\":\"Erinora\",\"potentialAction\":[{\"@type\":\"SearchAction\",\"target\":{\"@type\":\"EntryPoint\",\"urlTemplate\":\"https:\/\/erinora.com\/it\/?s={search_term_string}\"},\"query-input\":{\"@type\":\"PropertyValueSpecification\",\"valueRequired\":true,\"valueName\":\"search_term_string\"}}],\"inLanguage\":\"it-IT\"},{\"@type\":\"Organization\",\"@id\":\"https:\/\/erinora.com\/it\/#organization\",\"name\":\"Erinora\",\"alternateName\":\"Erinora\",\"url\":\"https:\/\/erinora.com\/it\/\",\"logo\":{\"@type\":\"ImageObject\",\"inLanguage\":\"it-IT\",\"@id\":\"https:\/\/erinora.com\/it\/#\/schema\/logo\/image\/\",\"url\":\"https:\/\/erinora.com\/it\/wp-content\/uploads\/sites\/4\/2025\/02\/E_BrandIcon-Gradient.png\",\"contentUrl\":\"https:\/\/erinora.com\/it\/wp-content\/uploads\/sites\/4\/2025\/02\/E_BrandIcon-Gradient.png\",\"width\":3000,\"height\":3000,\"caption\":\"Erinora\"},\"image\":{\"@id\":\"https:\/\/erinora.com\/it\/#\/schema\/logo\/image\/\"},\"sameAs\":[\"https:\/\/www.facebook.com\/profile.php?id=61566609811576\",\"https:\/\/www.instagram.com\/erinora_tea\"]}]}<\/script>\n<!-- \/ Yoast SEO plugin. -->","yoast_head_json":{"title":"Filtro da t\u00e8 acciaio inox: infusione semplice per t\u00e8 in foglia","description":"Filtro da t\u00e8 in acciaio inox con manico a pinza, pratico e adatto a ogni tipo di tazza. Un accessorio immancabile per un\u2019infusione perfetta.","robots":{"index":"index","follow":"follow","max-snippet":"max-snippet:-1","max-image-preview":"max-image-preview:large","max-video-preview":"max-video-preview:-1"},"canonical":"https:\/\/erinora.com\/it\/shop\/accessori-te\/filtro-da-te-acciaio-inox\/","og_locale":"it_IT","og_type":"article","og_title":"Filtro da t\u00e8 acciaio inox: infusione semplice per t\u00e8 in foglia","og_description":"Filtro da t\u00e8 in acciaio inox con manico a pinza, pratico e adatto a ogni tipo di tazza. Un accessorio immancabile per un\u2019infusione perfetta.","og_url":"https:\/\/erinora.com\/it\/shop\/accessori-te\/filtro-da-te-acciaio-inox\/","og_site_name":"Erinora","article_publisher":"https:\/\/www.facebook.com\/profile.php?id=61566609811576","article_modified_time":"2025-04-04T21:01:22+00:00","og_image":[{"width":1500,"height":1992,"url":"https:\/\/erinora.com\/it\/wp-content\/uploads\/sites\/4\/2025\/02\/stainless-steel-clamp-tea-filter-for-loose-leaf-tea.webp","type":"image\/webp"}],"twitter_card":"summary_large_image","twitter_misc":{"Tempo di lettura stimato":"5 minuti"},"schema":{"@context":"https:\/\/schema.org","@graph":[{"@type":"WebPage","@id":"https:\/\/erinora.com\/it\/shop\/accessori-te\/filtro-da-te-acciaio-inox\/","url":"https:\/\/erinora.com\/it\/shop\/accessori-te\/filtro-da-te-acciaio-inox\/","name":"Filtro da t\u00e8 acciaio inox: infusione semplice per t\u00e8 in foglia","isPartOf":{"@id":"https:\/\/erinora.com\/it\/#website"},"primaryImageOfPage":{"@id":"https:\/\/erinora.com\/it\/shop\/accessori-te\/filtro-da-te-acciaio-inox\/#primaryimage"},"image":{"@id":"https:\/\/erinora.com\/it\/shop\/accessori-te\/filtro-da-te-acciaio-inox\/#primaryimage"},"thumbnailUrl":"https:\/\/erinora.com\/it\/wp-content\/uploads\/sites\/4\/2025\/02\/stainless-steel-clamp-tea-filter-for-loose-leaf-tea.webp","datePublished":"2025-02-09T15:08:32+00:00","dateModified":"2025-04-04T21:01:22+00:00","description":"Filtro da t\u00e8 in acciaio inox con manico a pinza, pratico e adatto a ogni tipo di tazza. Un accessorio immancabile per un\u2019infusione perfetta.","breadcrumb":{"@id":"https:\/\/erinora.com\/it\/shop\/accessori-te\/filtro-da-te-acciaio-inox\/#breadcrumb"},"inLanguage":"it-IT","potentialAction":[{"@type":"ReadAction","target":["https:\/\/erinora.com\/it\/shop\/accessori-te\/filtro-da-te-acciaio-inox\/"]}]},{"@type":"ImageObject","inLanguage":"it-IT","@id":"https:\/\/erinora.com\/it\/shop\/accessori-te\/filtro-da-te-acciaio-inox\/#primaryimage","url":"https:\/\/erinora.com\/it\/wp-content\/uploads\/sites\/4\/2025\/02\/stainless-steel-clamp-tea-filter-for-loose-leaf-tea.webp","contentUrl":"https:\/\/erinora.com\/it\/wp-content\/uploads\/sites\/4\/2025\/02\/stainless-steel-clamp-tea-filter-for-loose-leaf-tea.webp","width":1500,"height":1992},{"@type":"BreadcrumbList","@id":"https:\/\/erinora.com\/it\/shop\/accessori-te\/filtro-da-te-acciaio-inox\/#breadcrumb","itemListElement":[{"@type":"ListItem","position":1,"name":"Home","item":"https:\/\/erinora.com\/it\/"},{"@type":"ListItem","position":2,"name":"Shop","item":"https:\/\/erinora.com\/it\/shop\/"},{"@type":"ListItem","position":3,"name":"Accessori","item":"https:\/\/erinora.com\/it\/product-category\/accessori-te\/"},{"@type":"ListItem","position":4,"name":"Filtro da t\u00e8 a pinza in acciaio"}]},{"@type":"WebSite","@id":"https:\/\/erinora.com\/it\/#website","url":"https:\/\/erinora.com\/it\/","name":"Erinora","description":"Your daily ritual","publisher":{"@id":"https:\/\/erinora.com\/it\/#organization"},"alternateName":"Erinora","potentialAction":[{"@type":"SearchAction","target":{"@type":"EntryPoint","urlTemplate":"https:\/\/erinora.com\/it\/?s={search_term_string}"},"query-input":{"@type":"PropertyValueSpecification","valueRequired":true,"valueName":"search_term_string"}}],"inLanguage":"it-IT"},{"@type":"Organization","@id":"https:\/\/erinora.com\/it\/#organization","name":"Erinora","alternateName":"Erinora","url":"https:\/\/erinora.com\/it\/","logo":{"@type":"ImageObject","inLanguage":"it-IT","@id":"https:\/\/erinora.com\/it\/#\/schema\/logo\/image\/","url":"https:\/\/erinora.com\/it\/wp-content\/uploads\/sites\/4\/2025\/02\/E_BrandIcon-Gradient.png","contentUrl":"https:\/\/erinora.com\/it\/wp-content\/uploads\/sites\/4\/2025\/02\/E_BrandIcon-Gradient.png","width":3000,"height":3000,"caption":"Erinora"},"image":{"@id":"https:\/\/erinora.com\/it\/#\/schema\/logo\/image\/"},"sameAs":["https:\/\/www.facebook.com\/profile.php?id=61566609811576","https:\/\/www.instagram.com\/erinora_tea"]}]}},"acf":[],"jetpack_sharing_enabled":true,"_links":{"self":[{"href":"https:\/\/erinora.com\/it\/wp-json\/wp\/v2\/product\/299","targetHints":{"allow":["GET"]}}],"collection":[{"href":"https:\/\/erinora.com\/it\/wp-json\/wp\/v2\/product"}],"about":[{"href":"https:\/\/erinora.com\/it\/wp-json\/wp\/v2\/types\/product"}],"replies":[{"embeddable":true,"href":"https:\/\/erinora.com\/it\/wp-json\/wp\/v2\/comments?post=299"}],"wp:featuredmedia":[{"embeddable":true,"href":"https:\/\/erinora.com\/it\/wp-json\/wp\/v2\/media\/301"}],"wp:attachment":[{"href":"https:\/\/erinora.com\/it\/wp-json\/wp\/v2\/media?parent=299"}],"wp:term":[{"taxonomy":"product_brand","embeddable":true,"href":"https:\/\/erinora.com\/it\/wp-json\/wp\/v2\/product_brand?post=299"},{"taxonomy":"product_cat","embeddable":true,"href":"https:\/\/erinora.com\/it\/wp-json\/wp\/v2\/product_cat?post=299"},{"taxonomy":"product_tag","embeddable":true,"href":"https:\/\/erinora.com\/it\/wp-json\/wp\/v2\/product_tag?post=299"}],"curies":[{"name":"wp","href":"https:\/\/api.w.org\/{rel}","templated":true}]}}