{"id":277,"date":"2025-02-05T15:39:48","date_gmt":"2025-02-05T14:39:48","guid":{"rendered":"https:\/\/erinora.com\/it\/?post_type=product&#038;p=277"},"modified":"2025-03-30T23:59:24","modified_gmt":"2025-03-30T21:59:24","slug":"confezione-regalo-te-e-candela","status":"publish","type":"product","link":"https:\/\/erinora.com\/it\/shop\/box-regalo-personalizzabili\/confezione-regalo-te-e-candela\/","title":{"rendered":"Box Atmosphere"},"content":{"rendered":"<p>Questa confezione regalo di t\u00e8 e candela ti invita a creare il tuo angolo di calma e semplicit\u00e0. <strong>Scegli il tuo t\u00e8 preferito e abbinalo a una candela elegante e senza profumo<\/strong>, pensata per diffondere una luce delicata, perfetta per momenti di riflessione o condivisione. Curata con attenzione, la box Atmosphere celebra la bellezza del minimalismo e il potere di un\u2019atmosfera in cui \u00e8 la calma a regnare. Ideale come regalo o come coccola per s\u00e9, trasforma i momenti quotidiani in qualcosa di veramente speciale, abbracciando l\u2019essenza della pace e del calore.<\/p>\n","protected":false},"excerpt":{"rendered":"<p>Questa confezione regalo di t\u00e8 e candela ti invita a creare il tuo angolo di calma e semplicit\u00e0. Scegli il tuo t\u00e8 preferito e abbinalo a una candela elegante e senza profumo, pensata per diffondere una luce delicata, perfetta per momenti di riflessione o condivisione. Curata con attenzione, la box Atmosphere celebra la bellezza del [&hellip;]<\/p>\n","protected":false},"featured_media":292,"comment_status":"open","ping_status":"closed","template":"","meta":{"_acf_changed":false},"product_brand":[],"product_cat":[27],"product_tag":[],"class_list":{"0":"post-277","1":"product","2":"type-product","3":"status-publish","4":"has-post-thumbnail","6":"product_cat-box-regalo-personalizzabili","8":"first","9":"instock","10":"shipping-taxable","11":"purchasable","12":"product-type-variable"},"yoast_head":"<!-- This site is optimized with the Yoast SEO plugin v27.0 - https:\/\/yoast.com\/product\/yoast-seo-wordpress\/ -->\n<title>Confezione Regalo Atmosphere: T\u00e8 &amp; candela in cera di soia<\/title>\n<meta name=\"description\" content=\"Crea la tua confezione regalo scegliendo tra t\u00e8 biologici in foglie e una candela in cera di soia colata a mano. Un regalo speciale per te o per chi ami.\" \/>\n<meta name=\"robots\" content=\"index, follow, max-snippet:-1, max-image-preview:large, max-video-preview:-1\" \/>\n<link rel=\"canonical\" href=\"https:\/\/erinora.com\/it\/shop\/box-regalo-personalizzabili\/confezione-regalo-te-e-candela\/\" \/>\n<meta property=\"og:locale\" content=\"it_IT\" \/>\n<meta property=\"og:type\" content=\"article\" \/>\n<meta property=\"og:title\" content=\"Confezione Regalo Atmosphere: T\u00e8 &amp; candela in cera di soia\" \/>\n<meta property=\"og:description\" content=\"Crea la tua confezione regalo scegliendo tra t\u00e8 biologici in foglie e una candela in cera di soia colata a mano. Un regalo speciale per te o per chi ami.\" \/>\n<meta property=\"og:url\" content=\"https:\/\/erinora.com\/it\/shop\/box-regalo-personalizzabili\/confezione-regalo-te-e-candela\/\" \/>\n<meta property=\"og:site_name\" content=\"Erinora\" \/>\n<meta property=\"article:publisher\" content=\"https:\/\/www.facebook.com\/profile.php?id=61566609811576\" \/>\n<meta property=\"article:modified_time\" content=\"2025-03-30T21:59:24+00:00\" \/>\n<meta property=\"og:image\" content=\"https:\/\/erinora.com\/it\/wp-content\/uploads\/sites\/4\/2025\/02\/Atmosphere-candle-and-tea-gift-box-e1741039222262.webp\" \/>\n\t<meta property=\"og:image:width\" content=\"1500\" \/>\n\t<meta property=\"og:image:height\" content=\"1688\" \/>\n\t<meta property=\"og:image:type\" content=\"image\/webp\" \/>\n<meta name=\"twitter:card\" content=\"summary_large_image\" \/>\n<meta name=\"twitter:label1\" content=\"Tempo di lettura stimato\" \/>\n\t<meta name=\"twitter:data1\" content=\"17 minuti\" \/>\n<script type=\"application\/ld+json\" class=\"yoast-schema-graph\">{\"@context\":\"https:\/\/schema.org\",\"@graph\":[{\"@type\":\"WebPage\",\"@id\":\"https:\/\/erinora.com\/it\/shop\/box-regalo-personalizzabili\/confezione-regalo-te-e-candela\/\",\"url\":\"https:\/\/erinora.com\/it\/shop\/box-regalo-personalizzabili\/confezione-regalo-te-e-candela\/\",\"name\":\"Confezione Regalo Atmosphere: T\u00e8 & candela in cera di soia\",\"isPartOf\":{\"@id\":\"https:\/\/erinora.com\/it\/#website\"},\"primaryImageOfPage\":{\"@id\":\"https:\/\/erinora.com\/it\/shop\/box-regalo-personalizzabili\/confezione-regalo-te-e-candela\/#primaryimage\"},\"image\":{\"@id\":\"https:\/\/erinora.com\/it\/shop\/box-regalo-personalizzabili\/confezione-regalo-te-e-candela\/#primaryimage\"},\"thumbnailUrl\":\"https:\/\/erinora.com\/it\/wp-content\/uploads\/sites\/4\/2025\/02\/Atmosphere-candle-and-tea-gift-box-e1741039222262.webp\",\"datePublished\":\"2025-02-05T14:39:48+00:00\",\"dateModified\":\"2025-03-30T21:59:24+00:00\",\"description\":\"Crea la tua confezione regalo scegliendo tra t\u00e8 biologici in foglie e una candela in cera di soia colata a mano. Un regalo speciale per te o per chi ami.\",\"breadcrumb\":{\"@id\":\"https:\/\/erinora.com\/it\/shop\/box-regalo-personalizzabili\/confezione-regalo-te-e-candela\/#breadcrumb\"},\"inLanguage\":\"it-IT\",\"potentialAction\":[{\"@type\":\"ReadAction\",\"target\":[\"https:\/\/erinora.com\/it\/shop\/box-regalo-personalizzabili\/confezione-regalo-te-e-candela\/\"]}]},{\"@type\":\"ImageObject\",\"inLanguage\":\"it-IT\",\"@id\":\"https:\/\/erinora.com\/it\/shop\/box-regalo-personalizzabili\/confezione-regalo-te-e-candela\/#primaryimage\",\"url\":\"https:\/\/erinora.com\/it\/wp-content\/uploads\/sites\/4\/2025\/02\/Atmosphere-candle-and-tea-gift-box-e1741039222262.webp\",\"contentUrl\":\"https:\/\/erinora.com\/it\/wp-content\/uploads\/sites\/4\/2025\/02\/Atmosphere-candle-and-tea-gift-box-e1741039222262.webp\",\"width\":1500,\"height\":1688},{\"@type\":\"BreadcrumbList\",\"@id\":\"https:\/\/erinora.com\/it\/shop\/box-regalo-personalizzabili\/confezione-regalo-te-e-candela\/#breadcrumb\",\"itemListElement\":[{\"@type\":\"ListItem\",\"position\":1,\"name\":\"Home\",\"item\":\"https:\/\/erinora.com\/it\/\"},{\"@type\":\"ListItem\",\"position\":2,\"name\":\"Shop\",\"item\":\"https:\/\/erinora.com\/it\/shop\/\"},{\"@type\":\"ListItem\",\"position\":3,\"name\":\"Box regalo personalizzabili\",\"item\":\"https:\/\/erinora.com\/it\/product-category\/box-regalo-personalizzabili\/\"},{\"@type\":\"ListItem\",\"position\":4,\"name\":\"Box Atmosphere\"}]},{\"@type\":\"WebSite\",\"@id\":\"https:\/\/erinora.com\/it\/#website\",\"url\":\"https:\/\/erinora.com\/it\/\",\"name\":\"Erinora\",\"description\":\"Your daily ritual\",\"publisher\":{\"@id\":\"https:\/\/erinora.com\/it\/#organization\"},\"alternateName\":\"Erinora\",\"potentialAction\":[{\"@type\":\"SearchAction\",\"target\":{\"@type\":\"EntryPoint\",\"urlTemplate\":\"https:\/\/erinora.com\/it\/?s={search_term_string}\"},\"query-input\":{\"@type\":\"PropertyValueSpecification\",\"valueRequired\":true,\"valueName\":\"search_term_string\"}}],\"inLanguage\":\"it-IT\"},{\"@type\":\"Organization\",\"@id\":\"https:\/\/erinora.com\/it\/#organization\",\"name\":\"Erinora\",\"alternateName\":\"Erinora\",\"url\":\"https:\/\/erinora.com\/it\/\",\"logo\":{\"@type\":\"ImageObject\",\"inLanguage\":\"it-IT\",\"@id\":\"https:\/\/erinora.com\/it\/#\/schema\/logo\/image\/\",\"url\":\"https:\/\/erinora.com\/it\/wp-content\/uploads\/sites\/4\/2025\/02\/E_BrandIcon-Gradient.png\",\"contentUrl\":\"https:\/\/erinora.com\/it\/wp-content\/uploads\/sites\/4\/2025\/02\/E_BrandIcon-Gradient.png\",\"width\":3000,\"height\":3000,\"caption\":\"Erinora\"},\"image\":{\"@id\":\"https:\/\/erinora.com\/it\/#\/schema\/logo\/image\/\"},\"sameAs\":[\"https:\/\/www.facebook.com\/profile.php?id=61566609811576\",\"https:\/\/www.instagram.com\/erinora_tea\"]}]}<\/script>\n<!-- \/ Yoast SEO plugin. -->","yoast_head_json":{"title":"Confezione Regalo Atmosphere: T\u00e8 & candela in cera di soia","description":"Crea la tua confezione regalo scegliendo tra t\u00e8 biologici in foglie e una candela in cera di soia colata a mano. Un regalo speciale per te o per chi ami.","robots":{"index":"index","follow":"follow","max-snippet":"max-snippet:-1","max-image-preview":"max-image-preview:large","max-video-preview":"max-video-preview:-1"},"canonical":"https:\/\/erinora.com\/it\/shop\/box-regalo-personalizzabili\/confezione-regalo-te-e-candela\/","og_locale":"it_IT","og_type":"article","og_title":"Confezione Regalo Atmosphere: T\u00e8 & candela in cera di soia","og_description":"Crea la tua confezione regalo scegliendo tra t\u00e8 biologici in foglie e una candela in cera di soia colata a mano. Un regalo speciale per te o per chi ami.","og_url":"https:\/\/erinora.com\/it\/shop\/box-regalo-personalizzabili\/confezione-regalo-te-e-candela\/","og_site_name":"Erinora","article_publisher":"https:\/\/www.facebook.com\/profile.php?id=61566609811576","article_modified_time":"2025-03-30T21:59:24+00:00","og_image":[{"width":1500,"height":1688,"url":"https:\/\/erinora.com\/it\/wp-content\/uploads\/sites\/4\/2025\/02\/Atmosphere-candle-and-tea-gift-box-e1741039222262.webp","type":"image\/webp"}],"twitter_card":"summary_large_image","twitter_misc":{"Tempo di lettura stimato":"17 minuti"},"schema":{"@context":"https:\/\/schema.org","@graph":[{"@type":"WebPage","@id":"https:\/\/erinora.com\/it\/shop\/box-regalo-personalizzabili\/confezione-regalo-te-e-candela\/","url":"https:\/\/erinora.com\/it\/shop\/box-regalo-personalizzabili\/confezione-regalo-te-e-candela\/","name":"Confezione Regalo Atmosphere: T\u00e8 & candela in cera di soia","isPartOf":{"@id":"https:\/\/erinora.com\/it\/#website"},"primaryImageOfPage":{"@id":"https:\/\/erinora.com\/it\/shop\/box-regalo-personalizzabili\/confezione-regalo-te-e-candela\/#primaryimage"},"image":{"@id":"https:\/\/erinora.com\/it\/shop\/box-regalo-personalizzabili\/confezione-regalo-te-e-candela\/#primaryimage"},"thumbnailUrl":"https:\/\/erinora.com\/it\/wp-content\/uploads\/sites\/4\/2025\/02\/Atmosphere-candle-and-tea-gift-box-e1741039222262.webp","datePublished":"2025-02-05T14:39:48+00:00","dateModified":"2025-03-30T21:59:24+00:00","description":"Crea la tua confezione regalo scegliendo tra t\u00e8 biologici in foglie e una candela in cera di soia colata a mano. Un regalo speciale per te o per chi ami.","breadcrumb":{"@id":"https:\/\/erinora.com\/it\/shop\/box-regalo-personalizzabili\/confezione-regalo-te-e-candela\/#breadcrumb"},"inLanguage":"it-IT","potentialAction":[{"@type":"ReadAction","target":["https:\/\/erinora.com\/it\/shop\/box-regalo-personalizzabili\/confezione-regalo-te-e-candela\/"]}]},{"@type":"ImageObject","inLanguage":"it-IT","@id":"https:\/\/erinora.com\/it\/shop\/box-regalo-personalizzabili\/confezione-regalo-te-e-candela\/#primaryimage","url":"https:\/\/erinora.com\/it\/wp-content\/uploads\/sites\/4\/2025\/02\/Atmosphere-candle-and-tea-gift-box-e1741039222262.webp","contentUrl":"https:\/\/erinora.com\/it\/wp-content\/uploads\/sites\/4\/2025\/02\/Atmosphere-candle-and-tea-gift-box-e1741039222262.webp","width":1500,"height":1688},{"@type":"BreadcrumbList","@id":"https:\/\/erinora.com\/it\/shop\/box-regalo-personalizzabili\/confezione-regalo-te-e-candela\/#breadcrumb","itemListElement":[{"@type":"ListItem","position":1,"name":"Home","item":"https:\/\/erinora.com\/it\/"},{"@type":"ListItem","position":2,"name":"Shop","item":"https:\/\/erinora.com\/it\/shop\/"},{"@type":"ListItem","position":3,"name":"Box regalo personalizzabili","item":"https:\/\/erinora.com\/it\/product-category\/box-regalo-personalizzabili\/"},{"@type":"ListItem","position":4,"name":"Box Atmosphere"}]},{"@type":"WebSite","@id":"https:\/\/erinora.com\/it\/#website","url":"https:\/\/erinora.com\/it\/","name":"Erinora","description":"Your daily ritual","publisher":{"@id":"https:\/\/erinora.com\/it\/#organization"},"alternateName":"Erinora","potentialAction":[{"@type":"SearchAction","target":{"@type":"EntryPoint","urlTemplate":"https:\/\/erinora.com\/it\/?s={search_term_string}"},"query-input":{"@type":"PropertyValueSpecification","valueRequired":true,"valueName":"search_term_string"}}],"inLanguage":"it-IT"},{"@type":"Organization","@id":"https:\/\/erinora.com\/it\/#organization","name":"Erinora","alternateName":"Erinora","url":"https:\/\/erinora.com\/it\/","logo":{"@type":"ImageObject","inLanguage":"it-IT","@id":"https:\/\/erinora.com\/it\/#\/schema\/logo\/image\/","url":"https:\/\/erinora.com\/it\/wp-content\/uploads\/sites\/4\/2025\/02\/E_BrandIcon-Gradient.png","contentUrl":"https:\/\/erinora.com\/it\/wp-content\/uploads\/sites\/4\/2025\/02\/E_BrandIcon-Gradient.png","width":3000,"height":3000,"caption":"Erinora"},"image":{"@id":"https:\/\/erinora.com\/it\/#\/schema\/logo\/image\/"},"sameAs":["https:\/\/www.facebook.com\/profile.php?id=61566609811576","https:\/\/www.instagram.com\/erinora_tea"]}]}},"acf":[],"jetpack_sharing_enabled":true,"_links":{"self":[{"href":"https:\/\/erinora.com\/it\/wp-json\/wp\/v2\/product\/277","targetHints":{"allow":["GET"]}}],"collection":[{"href":"https:\/\/erinora.com\/it\/wp-json\/wp\/v2\/product"}],"about":[{"href":"https:\/\/erinora.com\/it\/wp-json\/wp\/v2\/types\/product"}],"replies":[{"embeddable":true,"href":"https:\/\/erinora.com\/it\/wp-json\/wp\/v2\/comments?post=277"}],"wp:featuredmedia":[{"embeddable":true,"href":"https:\/\/erinora.com\/it\/wp-json\/wp\/v2\/media\/292"}],"wp:attachment":[{"href":"https:\/\/erinora.com\/it\/wp-json\/wp\/v2\/media?parent=277"}],"wp:term":[{"taxonomy":"product_brand","embeddable":true,"href":"https:\/\/erinora.com\/it\/wp-json\/wp\/v2\/product_brand?post=277"},{"taxonomy":"product_cat","embeddable":true,"href":"https:\/\/erinora.com\/it\/wp-json\/wp\/v2\/product_cat?post=277"},{"taxonomy":"product_tag","embeddable":true,"href":"https:\/\/erinora.com\/it\/wp-json\/wp\/v2\/product_tag?post=277"}],"curies":[{"name":"wp","href":"https:\/\/api.w.org\/{rel}","templated":true}]}}