{"id":211,"date":"2025-02-05T09:25:09","date_gmt":"2025-02-05T08:25:09","guid":{"rendered":"https:\/\/erinora.com\/it\/?post_type=product&#038;p=211"},"modified":"2025-03-30T23:10:08","modified_gmt":"2025-03-30T21:10:08","slug":"te-nero-speziato-rania-online","status":"publish","type":"product","link":"https:\/\/erinora.com\/it\/shop\/world-collection\/te-nero-speziato-rania-online\/","title":{"rendered":"Rania"},"content":{"rendered":"<p>Caratterizzata dagli intensi t\u00e8 neri Ceylon e Assam, la miscela di t\u00e8 nero speziato Rania ti trasporta in un\u2019epoca lontana a ogni sorso. Le note calde e avvolgenti della cannella, del fico e del dattero aggiungono una straordinaria ricchezza e profondit\u00e0, evocando la magnificenza dei passaggi intricati scolpiti nell\u2019arenaria di Petra e il fascino eterno del deserto che circonda questa citt\u00e0 leggendaria.<\/p>\n","protected":false},"excerpt":{"rendered":"<p>Caratterizzata dagli intensi t\u00e8 neri Ceylon e Assam, la miscela di t\u00e8 nero speziato Rania ti trasporta in un\u2019epoca lontana a ogni sorso. Le note calde e avvolgenti della cannella, del fico e del dattero aggiungono una straordinaria ricchezza e profondit\u00e0, evocando la magnificenza dei passaggi intricati scolpiti nell\u2019arenaria di Petra e il fascino eterno [&hellip;]<\/p>\n","protected":false},"featured_media":213,"comment_status":"open","ping_status":"closed","template":"","meta":{"_acf_changed":false},"product_brand":[],"product_cat":[25],"product_tag":[37],"class_list":{"0":"post-211","1":"product","2":"type-product","3":"status-publish","4":"has-post-thumbnail","6":"product_cat-world-collection","7":"product_tag-te-nero","9":"first","10":"instock","11":"shipping-taxable","12":"purchasable","13":"product-type-simple"},"yoast_head":"<!-- This site is optimized with the Yoast SEO plugin v27.0 - https:\/\/yoast.com\/product\/yoast-seo-wordpress\/ -->\n<title>Rania: T\u00e8 nero speziato biologico in foglie con cannella e datteri<\/title>\n<meta name=\"description\" content=\"Un t\u00e8 nero speziato biologico con t\u00e8 Assam e Ceylon, cannella, fichi, datteri e spezie. Una miscela avvolgente ispirata al fascino senza tempo di Petra.\" \/>\n<meta name=\"robots\" content=\"index, follow, max-snippet:-1, max-image-preview:large, max-video-preview:-1\" \/>\n<link rel=\"canonical\" href=\"https:\/\/erinora.com\/it\/shop\/world-collection\/te-nero-speziato-rania-online\/\" \/>\n<meta property=\"og:locale\" content=\"it_IT\" \/>\n<meta property=\"og:type\" content=\"article\" \/>\n<meta property=\"og:title\" content=\"Rania: T\u00e8 nero speziato biologico in foglie con cannella e datteri\" \/>\n<meta property=\"og:description\" content=\"Un t\u00e8 nero speziato biologico con t\u00e8 Assam e Ceylon, cannella, fichi, datteri e spezie. Una miscela avvolgente ispirata al fascino senza tempo di Petra.\" \/>\n<meta property=\"og:url\" content=\"https:\/\/erinora.com\/it\/shop\/world-collection\/te-nero-speziato-rania-online\/\" \/>\n<meta property=\"og:site_name\" content=\"Erinora\" \/>\n<meta property=\"article:publisher\" content=\"https:\/\/www.facebook.com\/profile.php?id=61566609811576\" \/>\n<meta property=\"article:modified_time\" content=\"2025-03-30T21:10:08+00:00\" \/>\n<meta property=\"og:image\" content=\"https:\/\/erinora.com\/it\/wp-content\/uploads\/sites\/4\/2025\/02\/rania-petra-ceylon-assam-organic-loose-leaf-tea.webp\" \/>\n\t<meta property=\"og:image:width\" content=\"1500\" \/>\n\t<meta property=\"og:image:height\" content=\"1992\" \/>\n\t<meta property=\"og:image:type\" content=\"image\/webp\" \/>\n<meta name=\"twitter:card\" content=\"summary_large_image\" \/>\n<meta name=\"twitter:label1\" content=\"Tempo di lettura stimato\" \/>\n\t<meta name=\"twitter:data1\" content=\"8 minuti\" \/>\n<script type=\"application\/ld+json\" class=\"yoast-schema-graph\">{\"@context\":\"https:\/\/schema.org\",\"@graph\":[{\"@type\":\"WebPage\",\"@id\":\"https:\/\/erinora.com\/it\/shop\/world-collection\/te-nero-speziato-rania-online\/\",\"url\":\"https:\/\/erinora.com\/it\/shop\/world-collection\/te-nero-speziato-rania-online\/\",\"name\":\"Rania: T\u00e8 nero speziato biologico in foglie con cannella e datteri\",\"isPartOf\":{\"@id\":\"https:\/\/erinora.com\/it\/#website\"},\"primaryImageOfPage\":{\"@id\":\"https:\/\/erinora.com\/it\/shop\/world-collection\/te-nero-speziato-rania-online\/#primaryimage\"},\"image\":{\"@id\":\"https:\/\/erinora.com\/it\/shop\/world-collection\/te-nero-speziato-rania-online\/#primaryimage\"},\"thumbnailUrl\":\"https:\/\/erinora.com\/it\/wp-content\/uploads\/sites\/4\/2025\/02\/rania-petra-ceylon-assam-organic-loose-leaf-tea.webp\",\"datePublished\":\"2025-02-05T08:25:09+00:00\",\"dateModified\":\"2025-03-30T21:10:08+00:00\",\"description\":\"Un t\u00e8 nero speziato biologico con t\u00e8 Assam e Ceylon, cannella, fichi, datteri e spezie. Una miscela avvolgente ispirata al fascino senza tempo di Petra.\",\"breadcrumb\":{\"@id\":\"https:\/\/erinora.com\/it\/shop\/world-collection\/te-nero-speziato-rania-online\/#breadcrumb\"},\"inLanguage\":\"it-IT\",\"potentialAction\":[{\"@type\":\"ReadAction\",\"target\":[\"https:\/\/erinora.com\/it\/shop\/world-collection\/te-nero-speziato-rania-online\/\"]}]},{\"@type\":\"ImageObject\",\"inLanguage\":\"it-IT\",\"@id\":\"https:\/\/erinora.com\/it\/shop\/world-collection\/te-nero-speziato-rania-online\/#primaryimage\",\"url\":\"https:\/\/erinora.com\/it\/wp-content\/uploads\/sites\/4\/2025\/02\/rania-petra-ceylon-assam-organic-loose-leaf-tea.webp\",\"contentUrl\":\"https:\/\/erinora.com\/it\/wp-content\/uploads\/sites\/4\/2025\/02\/rania-petra-ceylon-assam-organic-loose-leaf-tea.webp\",\"width\":1500,\"height\":1992},{\"@type\":\"BreadcrumbList\",\"@id\":\"https:\/\/erinora.com\/it\/shop\/world-collection\/te-nero-speziato-rania-online\/#breadcrumb\",\"itemListElement\":[{\"@type\":\"ListItem\",\"position\":1,\"name\":\"Home\",\"item\":\"https:\/\/erinora.com\/it\/\"},{\"@type\":\"ListItem\",\"position\":2,\"name\":\"Shop\",\"item\":\"https:\/\/erinora.com\/it\/shop\/\"},{\"@type\":\"ListItem\",\"position\":3,\"name\":\"World Collection\",\"item\":\"https:\/\/erinora.com\/it\/product-category\/world-collection\/\"},{\"@type\":\"ListItem\",\"position\":4,\"name\":\"Rania\"}]},{\"@type\":\"WebSite\",\"@id\":\"https:\/\/erinora.com\/it\/#website\",\"url\":\"https:\/\/erinora.com\/it\/\",\"name\":\"Erinora\",\"description\":\"Your daily ritual\",\"publisher\":{\"@id\":\"https:\/\/erinora.com\/it\/#organization\"},\"alternateName\":\"Erinora\",\"potentialAction\":[{\"@type\":\"SearchAction\",\"target\":{\"@type\":\"EntryPoint\",\"urlTemplate\":\"https:\/\/erinora.com\/it\/?s={search_term_string}\"},\"query-input\":{\"@type\":\"PropertyValueSpecification\",\"valueRequired\":true,\"valueName\":\"search_term_string\"}}],\"inLanguage\":\"it-IT\"},{\"@type\":\"Organization\",\"@id\":\"https:\/\/erinora.com\/it\/#organization\",\"name\":\"Erinora\",\"alternateName\":\"Erinora\",\"url\":\"https:\/\/erinora.com\/it\/\",\"logo\":{\"@type\":\"ImageObject\",\"inLanguage\":\"it-IT\",\"@id\":\"https:\/\/erinora.com\/it\/#\/schema\/logo\/image\/\",\"url\":\"https:\/\/erinora.com\/it\/wp-content\/uploads\/sites\/4\/2025\/02\/E_BrandIcon-Gradient.png\",\"contentUrl\":\"https:\/\/erinora.com\/it\/wp-content\/uploads\/sites\/4\/2025\/02\/E_BrandIcon-Gradient.png\",\"width\":3000,\"height\":3000,\"caption\":\"Erinora\"},\"image\":{\"@id\":\"https:\/\/erinora.com\/it\/#\/schema\/logo\/image\/\"},\"sameAs\":[\"https:\/\/www.facebook.com\/profile.php?id=61566609811576\",\"https:\/\/www.instagram.com\/erinora_tea\"]}]}<\/script>\n<!-- \/ Yoast SEO plugin. -->","yoast_head_json":{"title":"Rania: T\u00e8 nero speziato biologico in foglie con cannella e datteri","description":"Un t\u00e8 nero speziato biologico con t\u00e8 Assam e Ceylon, cannella, fichi, datteri e spezie. Una miscela avvolgente ispirata al fascino senza tempo di Petra.","robots":{"index":"index","follow":"follow","max-snippet":"max-snippet:-1","max-image-preview":"max-image-preview:large","max-video-preview":"max-video-preview:-1"},"canonical":"https:\/\/erinora.com\/it\/shop\/world-collection\/te-nero-speziato-rania-online\/","og_locale":"it_IT","og_type":"article","og_title":"Rania: T\u00e8 nero speziato biologico in foglie con cannella e datteri","og_description":"Un t\u00e8 nero speziato biologico con t\u00e8 Assam e Ceylon, cannella, fichi, datteri e spezie. Una miscela avvolgente ispirata al fascino senza tempo di Petra.","og_url":"https:\/\/erinora.com\/it\/shop\/world-collection\/te-nero-speziato-rania-online\/","og_site_name":"Erinora","article_publisher":"https:\/\/www.facebook.com\/profile.php?id=61566609811576","article_modified_time":"2025-03-30T21:10:08+00:00","og_image":[{"width":1500,"height":1992,"url":"https:\/\/erinora.com\/it\/wp-content\/uploads\/sites\/4\/2025\/02\/rania-petra-ceylon-assam-organic-loose-leaf-tea.webp","type":"image\/webp"}],"twitter_card":"summary_large_image","twitter_misc":{"Tempo di lettura stimato":"8 minuti"},"schema":{"@context":"https:\/\/schema.org","@graph":[{"@type":"WebPage","@id":"https:\/\/erinora.com\/it\/shop\/world-collection\/te-nero-speziato-rania-online\/","url":"https:\/\/erinora.com\/it\/shop\/world-collection\/te-nero-speziato-rania-online\/","name":"Rania: T\u00e8 nero speziato biologico in foglie con cannella e datteri","isPartOf":{"@id":"https:\/\/erinora.com\/it\/#website"},"primaryImageOfPage":{"@id":"https:\/\/erinora.com\/it\/shop\/world-collection\/te-nero-speziato-rania-online\/#primaryimage"},"image":{"@id":"https:\/\/erinora.com\/it\/shop\/world-collection\/te-nero-speziato-rania-online\/#primaryimage"},"thumbnailUrl":"https:\/\/erinora.com\/it\/wp-content\/uploads\/sites\/4\/2025\/02\/rania-petra-ceylon-assam-organic-loose-leaf-tea.webp","datePublished":"2025-02-05T08:25:09+00:00","dateModified":"2025-03-30T21:10:08+00:00","description":"Un t\u00e8 nero speziato biologico con t\u00e8 Assam e Ceylon, cannella, fichi, datteri e spezie. Una miscela avvolgente ispirata al fascino senza tempo di Petra.","breadcrumb":{"@id":"https:\/\/erinora.com\/it\/shop\/world-collection\/te-nero-speziato-rania-online\/#breadcrumb"},"inLanguage":"it-IT","potentialAction":[{"@type":"ReadAction","target":["https:\/\/erinora.com\/it\/shop\/world-collection\/te-nero-speziato-rania-online\/"]}]},{"@type":"ImageObject","inLanguage":"it-IT","@id":"https:\/\/erinora.com\/it\/shop\/world-collection\/te-nero-speziato-rania-online\/#primaryimage","url":"https:\/\/erinora.com\/it\/wp-content\/uploads\/sites\/4\/2025\/02\/rania-petra-ceylon-assam-organic-loose-leaf-tea.webp","contentUrl":"https:\/\/erinora.com\/it\/wp-content\/uploads\/sites\/4\/2025\/02\/rania-petra-ceylon-assam-organic-loose-leaf-tea.webp","width":1500,"height":1992},{"@type":"BreadcrumbList","@id":"https:\/\/erinora.com\/it\/shop\/world-collection\/te-nero-speziato-rania-online\/#breadcrumb","itemListElement":[{"@type":"ListItem","position":1,"name":"Home","item":"https:\/\/erinora.com\/it\/"},{"@type":"ListItem","position":2,"name":"Shop","item":"https:\/\/erinora.com\/it\/shop\/"},{"@type":"ListItem","position":3,"name":"World Collection","item":"https:\/\/erinora.com\/it\/product-category\/world-collection\/"},{"@type":"ListItem","position":4,"name":"Rania"}]},{"@type":"WebSite","@id":"https:\/\/erinora.com\/it\/#website","url":"https:\/\/erinora.com\/it\/","name":"Erinora","description":"Your daily ritual","publisher":{"@id":"https:\/\/erinora.com\/it\/#organization"},"alternateName":"Erinora","potentialAction":[{"@type":"SearchAction","target":{"@type":"EntryPoint","urlTemplate":"https:\/\/erinora.com\/it\/?s={search_term_string}"},"query-input":{"@type":"PropertyValueSpecification","valueRequired":true,"valueName":"search_term_string"}}],"inLanguage":"it-IT"},{"@type":"Organization","@id":"https:\/\/erinora.com\/it\/#organization","name":"Erinora","alternateName":"Erinora","url":"https:\/\/erinora.com\/it\/","logo":{"@type":"ImageObject","inLanguage":"it-IT","@id":"https:\/\/erinora.com\/it\/#\/schema\/logo\/image\/","url":"https:\/\/erinora.com\/it\/wp-content\/uploads\/sites\/4\/2025\/02\/E_BrandIcon-Gradient.png","contentUrl":"https:\/\/erinora.com\/it\/wp-content\/uploads\/sites\/4\/2025\/02\/E_BrandIcon-Gradient.png","width":3000,"height":3000,"caption":"Erinora"},"image":{"@id":"https:\/\/erinora.com\/it\/#\/schema\/logo\/image\/"},"sameAs":["https:\/\/www.facebook.com\/profile.php?id=61566609811576","https:\/\/www.instagram.com\/erinora_tea"]}]}},"acf":[],"jetpack_sharing_enabled":true,"_links":{"self":[{"href":"https:\/\/erinora.com\/it\/wp-json\/wp\/v2\/product\/211","targetHints":{"allow":["GET"]}}],"collection":[{"href":"https:\/\/erinora.com\/it\/wp-json\/wp\/v2\/product"}],"about":[{"href":"https:\/\/erinora.com\/it\/wp-json\/wp\/v2\/types\/product"}],"replies":[{"embeddable":true,"href":"https:\/\/erinora.com\/it\/wp-json\/wp\/v2\/comments?post=211"}],"wp:featuredmedia":[{"embeddable":true,"href":"https:\/\/erinora.com\/it\/wp-json\/wp\/v2\/media\/213"}],"wp:attachment":[{"href":"https:\/\/erinora.com\/it\/wp-json\/wp\/v2\/media?parent=211"}],"wp:term":[{"taxonomy":"product_brand","embeddable":true,"href":"https:\/\/erinora.com\/it\/wp-json\/wp\/v2\/product_brand?post=211"},{"taxonomy":"product_cat","embeddable":true,"href":"https:\/\/erinora.com\/it\/wp-json\/wp\/v2\/product_cat?post=211"},{"taxonomy":"product_tag","embeddable":true,"href":"https:\/\/erinora.com\/it\/wp-json\/wp\/v2\/product_tag?post=211"}],"curies":[{"name":"wp","href":"https:\/\/api.w.org\/{rel}","templated":true}]}}