{"id":196,"date":"2025-02-05T09:00:06","date_gmt":"2025-02-05T08:00:06","guid":{"rendered":"https:\/\/erinora.com\/it\/?post_type=product&#038;p=196"},"modified":"2025-10-28T13:20:14","modified_gmt":"2025-10-28T12:20:14","slug":"te-verde-ciliegia-sakura-online","status":"publish","type":"product","link":"https:\/\/erinora.com\/it\/shop\/world-collection\/te-verde-ciliegia-sakura-online\/","title":{"rendered":"Sakura"},"content":{"rendered":"<p>Il t\u00e8 verde alla ciliegia Sakura combina il pregiato t\u00e8 bianco Pai Mu Tan e il t\u00e8 verde Chun Mee per una base delicata. L\u2019ibisco e la barbabietola donano alla miscela una vibrante tonalit\u00e0 rossa, mentre l\u2019aroma naturale di ciliegia e l\u2019amarena aggiungono una dolcezza fruttata irresistibile. Un tocco di mandorla amara completa il profilo aromatico, conferendo a questo t\u00e8 una profondit\u00e0 raffinata ed equilibrata.<\/p>\n","protected":false},"excerpt":{"rendered":"<p>Il t\u00e8 verde alla ciliegia Sakura combina il pregiato t\u00e8 bianco Pai Mu Tan e il t\u00e8 verde Chun Mee per una base delicata. L\u2019ibisco e la barbabietola donano alla miscela una vibrante tonalit\u00e0 rossa, mentre l\u2019aroma naturale di ciliegia e l\u2019amarena aggiungono una dolcezza fruttata irresistibile. Un tocco di mandorla amara completa il profilo [&hellip;]<\/p>\n","protected":false},"featured_media":199,"comment_status":"open","ping_status":"closed","template":"","meta":{"_acf_changed":false},"product_brand":[],"product_cat":[25],"product_tag":[38,36],"class_list":{"0":"post-196","1":"product","2":"type-product","3":"status-publish","4":"has-post-thumbnail","6":"product_cat-world-collection","7":"product_tag-te-bianco","8":"product_tag-te-verde","10":"first","11":"instock","12":"shipping-taxable","13":"purchasable","14":"product-type-simple"},"yoast_head":"<!-- This site is optimized with the Yoast SEO plugin v27.0 - https:\/\/yoast.com\/product\/yoast-seo-wordpress\/ -->\n<title>Sakura: T\u00e8 verde biologico con note di ciliegia e mandorla<\/title>\n<meta name=\"description\" content=\"T\u00e8 verde Chun Mee biologico alla ciliegia con t\u00e8 bianco Pai Mu Tan, hibiscus e mandorla: una miscela fruttata e floreale ispirata all&#039;Hanami giapponese.\" \/>\n<meta name=\"robots\" content=\"index, follow, max-snippet:-1, max-image-preview:large, max-video-preview:-1\" \/>\n<link rel=\"canonical\" href=\"https:\/\/erinora.com\/it\/shop\/world-collection\/te-verde-ciliegia-sakura-online\/\" \/>\n<meta property=\"og:locale\" content=\"it_IT\" \/>\n<meta property=\"og:type\" content=\"article\" \/>\n<meta property=\"og:title\" content=\"Sakura: T\u00e8 verde biologico con note di ciliegia e mandorla\" \/>\n<meta property=\"og:description\" content=\"T\u00e8 verde Chun Mee biologico alla ciliegia con t\u00e8 bianco Pai Mu Tan, hibiscus e mandorla: una miscela fruttata e floreale ispirata all&#039;Hanami giapponese.\" \/>\n<meta property=\"og:url\" content=\"https:\/\/erinora.com\/it\/shop\/world-collection\/te-verde-ciliegia-sakura-online\/\" \/>\n<meta property=\"og:site_name\" content=\"Erinora\" \/>\n<meta property=\"article:publisher\" content=\"https:\/\/www.facebook.com\/profile.php?id=61566609811576\" \/>\n<meta property=\"article:modified_time\" content=\"2025-10-28T12:20:14+00:00\" \/>\n<meta property=\"og:image\" content=\"https:\/\/erinora.com\/it\/wp-content\/uploads\/sites\/4\/2025\/02\/japan-cherry-blossom-tea.webp\" \/>\n\t<meta property=\"og:image:width\" content=\"1500\" \/>\n\t<meta property=\"og:image:height\" content=\"1992\" \/>\n\t<meta property=\"og:image:type\" content=\"image\/webp\" \/>\n<meta name=\"twitter:card\" content=\"summary_large_image\" \/>\n<meta name=\"twitter:label1\" content=\"Tempo di lettura stimato\" \/>\n\t<meta name=\"twitter:data1\" content=\"8 minuti\" \/>\n<script type=\"application\/ld+json\" class=\"yoast-schema-graph\">{\"@context\":\"https:\/\/schema.org\",\"@graph\":[{\"@type\":\"WebPage\",\"@id\":\"https:\/\/erinora.com\/it\/shop\/world-collection\/te-verde-ciliegia-sakura-online\/\",\"url\":\"https:\/\/erinora.com\/it\/shop\/world-collection\/te-verde-ciliegia-sakura-online\/\",\"name\":\"Sakura: T\u00e8 verde biologico con note di ciliegia e mandorla\",\"isPartOf\":{\"@id\":\"https:\/\/erinora.com\/it\/#website\"},\"primaryImageOfPage\":{\"@id\":\"https:\/\/erinora.com\/it\/shop\/world-collection\/te-verde-ciliegia-sakura-online\/#primaryimage\"},\"image\":{\"@id\":\"https:\/\/erinora.com\/it\/shop\/world-collection\/te-verde-ciliegia-sakura-online\/#primaryimage\"},\"thumbnailUrl\":\"https:\/\/erinora.com\/it\/wp-content\/uploads\/sites\/4\/2025\/02\/japan-cherry-blossom-tea.webp\",\"datePublished\":\"2025-02-05T08:00:06+00:00\",\"dateModified\":\"2025-10-28T12:20:14+00:00\",\"description\":\"T\u00e8 verde Chun Mee biologico alla ciliegia con t\u00e8 bianco Pai Mu Tan, hibiscus e mandorla: una miscela fruttata e floreale ispirata all'Hanami giapponese.\",\"breadcrumb\":{\"@id\":\"https:\/\/erinora.com\/it\/shop\/world-collection\/te-verde-ciliegia-sakura-online\/#breadcrumb\"},\"inLanguage\":\"it-IT\",\"potentialAction\":[{\"@type\":\"ReadAction\",\"target\":[\"https:\/\/erinora.com\/it\/shop\/world-collection\/te-verde-ciliegia-sakura-online\/\"]}]},{\"@type\":\"ImageObject\",\"inLanguage\":\"it-IT\",\"@id\":\"https:\/\/erinora.com\/it\/shop\/world-collection\/te-verde-ciliegia-sakura-online\/#primaryimage\",\"url\":\"https:\/\/erinora.com\/it\/wp-content\/uploads\/sites\/4\/2025\/02\/japan-cherry-blossom-tea.webp\",\"contentUrl\":\"https:\/\/erinora.com\/it\/wp-content\/uploads\/sites\/4\/2025\/02\/japan-cherry-blossom-tea.webp\",\"width\":1500,\"height\":1992},{\"@type\":\"BreadcrumbList\",\"@id\":\"https:\/\/erinora.com\/it\/shop\/world-collection\/te-verde-ciliegia-sakura-online\/#breadcrumb\",\"itemListElement\":[{\"@type\":\"ListItem\",\"position\":1,\"name\":\"Home\",\"item\":\"https:\/\/erinora.com\/it\/\"},{\"@type\":\"ListItem\",\"position\":2,\"name\":\"Shop\",\"item\":\"https:\/\/erinora.com\/it\/shop\/\"},{\"@type\":\"ListItem\",\"position\":3,\"name\":\"World Collection\",\"item\":\"https:\/\/erinora.com\/it\/product-category\/world-collection\/\"},{\"@type\":\"ListItem\",\"position\":4,\"name\":\"Sakura\"}]},{\"@type\":\"WebSite\",\"@id\":\"https:\/\/erinora.com\/it\/#website\",\"url\":\"https:\/\/erinora.com\/it\/\",\"name\":\"Erinora\",\"description\":\"Your daily ritual\",\"publisher\":{\"@id\":\"https:\/\/erinora.com\/it\/#organization\"},\"alternateName\":\"Erinora\",\"potentialAction\":[{\"@type\":\"SearchAction\",\"target\":{\"@type\":\"EntryPoint\",\"urlTemplate\":\"https:\/\/erinora.com\/it\/?s={search_term_string}\"},\"query-input\":{\"@type\":\"PropertyValueSpecification\",\"valueRequired\":true,\"valueName\":\"search_term_string\"}}],\"inLanguage\":\"it-IT\"},{\"@type\":\"Organization\",\"@id\":\"https:\/\/erinora.com\/it\/#organization\",\"name\":\"Erinora\",\"alternateName\":\"Erinora\",\"url\":\"https:\/\/erinora.com\/it\/\",\"logo\":{\"@type\":\"ImageObject\",\"inLanguage\":\"it-IT\",\"@id\":\"https:\/\/erinora.com\/it\/#\/schema\/logo\/image\/\",\"url\":\"https:\/\/erinora.com\/it\/wp-content\/uploads\/sites\/4\/2025\/02\/E_BrandIcon-Gradient.png\",\"contentUrl\":\"https:\/\/erinora.com\/it\/wp-content\/uploads\/sites\/4\/2025\/02\/E_BrandIcon-Gradient.png\",\"width\":3000,\"height\":3000,\"caption\":\"Erinora\"},\"image\":{\"@id\":\"https:\/\/erinora.com\/it\/#\/schema\/logo\/image\/\"},\"sameAs\":[\"https:\/\/www.facebook.com\/profile.php?id=61566609811576\",\"https:\/\/www.instagram.com\/erinora_tea\"]}]}<\/script>\n<!-- \/ Yoast SEO plugin. -->","yoast_head_json":{"title":"Sakura: T\u00e8 verde biologico con note di ciliegia e mandorla","description":"T\u00e8 verde Chun Mee biologico alla ciliegia con t\u00e8 bianco Pai Mu Tan, hibiscus e mandorla: una miscela fruttata e floreale ispirata all'Hanami giapponese.","robots":{"index":"index","follow":"follow","max-snippet":"max-snippet:-1","max-image-preview":"max-image-preview:large","max-video-preview":"max-video-preview:-1"},"canonical":"https:\/\/erinora.com\/it\/shop\/world-collection\/te-verde-ciliegia-sakura-online\/","og_locale":"it_IT","og_type":"article","og_title":"Sakura: T\u00e8 verde biologico con note di ciliegia e mandorla","og_description":"T\u00e8 verde Chun Mee biologico alla ciliegia con t\u00e8 bianco Pai Mu Tan, hibiscus e mandorla: una miscela fruttata e floreale ispirata all'Hanami giapponese.","og_url":"https:\/\/erinora.com\/it\/shop\/world-collection\/te-verde-ciliegia-sakura-online\/","og_site_name":"Erinora","article_publisher":"https:\/\/www.facebook.com\/profile.php?id=61566609811576","article_modified_time":"2025-10-28T12:20:14+00:00","og_image":[{"width":1500,"height":1992,"url":"https:\/\/erinora.com\/it\/wp-content\/uploads\/sites\/4\/2025\/02\/japan-cherry-blossom-tea.webp","type":"image\/webp"}],"twitter_card":"summary_large_image","twitter_misc":{"Tempo di lettura stimato":"8 minuti"},"schema":{"@context":"https:\/\/schema.org","@graph":[{"@type":"WebPage","@id":"https:\/\/erinora.com\/it\/shop\/world-collection\/te-verde-ciliegia-sakura-online\/","url":"https:\/\/erinora.com\/it\/shop\/world-collection\/te-verde-ciliegia-sakura-online\/","name":"Sakura: T\u00e8 verde biologico con note di ciliegia e mandorla","isPartOf":{"@id":"https:\/\/erinora.com\/it\/#website"},"primaryImageOfPage":{"@id":"https:\/\/erinora.com\/it\/shop\/world-collection\/te-verde-ciliegia-sakura-online\/#primaryimage"},"image":{"@id":"https:\/\/erinora.com\/it\/shop\/world-collection\/te-verde-ciliegia-sakura-online\/#primaryimage"},"thumbnailUrl":"https:\/\/erinora.com\/it\/wp-content\/uploads\/sites\/4\/2025\/02\/japan-cherry-blossom-tea.webp","datePublished":"2025-02-05T08:00:06+00:00","dateModified":"2025-10-28T12:20:14+00:00","description":"T\u00e8 verde Chun Mee biologico alla ciliegia con t\u00e8 bianco Pai Mu Tan, hibiscus e mandorla: una miscela fruttata e floreale ispirata all'Hanami giapponese.","breadcrumb":{"@id":"https:\/\/erinora.com\/it\/shop\/world-collection\/te-verde-ciliegia-sakura-online\/#breadcrumb"},"inLanguage":"it-IT","potentialAction":[{"@type":"ReadAction","target":["https:\/\/erinora.com\/it\/shop\/world-collection\/te-verde-ciliegia-sakura-online\/"]}]},{"@type":"ImageObject","inLanguage":"it-IT","@id":"https:\/\/erinora.com\/it\/shop\/world-collection\/te-verde-ciliegia-sakura-online\/#primaryimage","url":"https:\/\/erinora.com\/it\/wp-content\/uploads\/sites\/4\/2025\/02\/japan-cherry-blossom-tea.webp","contentUrl":"https:\/\/erinora.com\/it\/wp-content\/uploads\/sites\/4\/2025\/02\/japan-cherry-blossom-tea.webp","width":1500,"height":1992},{"@type":"BreadcrumbList","@id":"https:\/\/erinora.com\/it\/shop\/world-collection\/te-verde-ciliegia-sakura-online\/#breadcrumb","itemListElement":[{"@type":"ListItem","position":1,"name":"Home","item":"https:\/\/erinora.com\/it\/"},{"@type":"ListItem","position":2,"name":"Shop","item":"https:\/\/erinora.com\/it\/shop\/"},{"@type":"ListItem","position":3,"name":"World Collection","item":"https:\/\/erinora.com\/it\/product-category\/world-collection\/"},{"@type":"ListItem","position":4,"name":"Sakura"}]},{"@type":"WebSite","@id":"https:\/\/erinora.com\/it\/#website","url":"https:\/\/erinora.com\/it\/","name":"Erinora","description":"Your daily ritual","publisher":{"@id":"https:\/\/erinora.com\/it\/#organization"},"alternateName":"Erinora","potentialAction":[{"@type":"SearchAction","target":{"@type":"EntryPoint","urlTemplate":"https:\/\/erinora.com\/it\/?s={search_term_string}"},"query-input":{"@type":"PropertyValueSpecification","valueRequired":true,"valueName":"search_term_string"}}],"inLanguage":"it-IT"},{"@type":"Organization","@id":"https:\/\/erinora.com\/it\/#organization","name":"Erinora","alternateName":"Erinora","url":"https:\/\/erinora.com\/it\/","logo":{"@type":"ImageObject","inLanguage":"it-IT","@id":"https:\/\/erinora.com\/it\/#\/schema\/logo\/image\/","url":"https:\/\/erinora.com\/it\/wp-content\/uploads\/sites\/4\/2025\/02\/E_BrandIcon-Gradient.png","contentUrl":"https:\/\/erinora.com\/it\/wp-content\/uploads\/sites\/4\/2025\/02\/E_BrandIcon-Gradient.png","width":3000,"height":3000,"caption":"Erinora"},"image":{"@id":"https:\/\/erinora.com\/it\/#\/schema\/logo\/image\/"},"sameAs":["https:\/\/www.facebook.com\/profile.php?id=61566609811576","https:\/\/www.instagram.com\/erinora_tea"]}]}},"acf":[],"jetpack_sharing_enabled":true,"_links":{"self":[{"href":"https:\/\/erinora.com\/it\/wp-json\/wp\/v2\/product\/196","targetHints":{"allow":["GET"]}}],"collection":[{"href":"https:\/\/erinora.com\/it\/wp-json\/wp\/v2\/product"}],"about":[{"href":"https:\/\/erinora.com\/it\/wp-json\/wp\/v2\/types\/product"}],"replies":[{"embeddable":true,"href":"https:\/\/erinora.com\/it\/wp-json\/wp\/v2\/comments?post=196"}],"wp:featuredmedia":[{"embeddable":true,"href":"https:\/\/erinora.com\/it\/wp-json\/wp\/v2\/media\/199"}],"wp:attachment":[{"href":"https:\/\/erinora.com\/it\/wp-json\/wp\/v2\/media?parent=196"}],"wp:term":[{"taxonomy":"product_brand","embeddable":true,"href":"https:\/\/erinora.com\/it\/wp-json\/wp\/v2\/product_brand?post=196"},{"taxonomy":"product_cat","embeddable":true,"href":"https:\/\/erinora.com\/it\/wp-json\/wp\/v2\/product_cat?post=196"},{"taxonomy":"product_tag","embeddable":true,"href":"https:\/\/erinora.com\/it\/wp-json\/wp\/v2\/product_tag?post=196"}],"curies":[{"name":"wp","href":"https:\/\/api.w.org\/{rel}","templated":true}]}}