{"id":461,"date":"2025-02-26T14:54:22","date_gmt":"2025-02-26T13:54:22","guid":{"rendered":"https:\/\/erinora.com\/it\/?page_id=461"},"modified":"2025-02-27T15:18:44","modified_gmt":"2025-02-27T14:18:44","slug":"privacy-policy","status":"publish","type":"page","link":"https:\/\/erinora.com\/it\/privacy-policy\/","title":{"rendered":"Privacy Policy"},"content":{"rendered":"\n<p>La presente informativa sul trattamento dei dati personali \u00e8 resa, ai sensi dell\u2019art. 13 del Regolamento (UE) 2016\/679 (di seguito \u201c<strong>Regolamento<\/strong>\u201d), da dalla dott.ssa Erika Lovisetto, con sede legale in Arabellastr. 5 \/ 1444 - 81925 M\u00fcnchen DE (\u201c<strong>Titolare<\/strong>\u201d), in qualit\u00e0 di Titolare del trattamento.<\/p>\n\n\n\n<h2 class=\"wp-block-heading\">Sito web<\/h2>\n\n\n\n<p>La presente informativa \u00e8 resa nell\u2019ambito della navigazione offerta sul sito www.erinora.com (\u201c<strong>Sito<\/strong>\u201d).<\/p>\n\n\n\n<p>In questa informativa le illustreremo le finalit\u00e0 e le modalit\u00e0 con cui la Titolare raccoglie e tratta i suoi dati personali, quali categorie di dati sono oggetto di trattamento, quali sono i diritti degli interessati al trattamento e come possono essere esercitati.<\/p>\n\n\n\n<ol class=\"wp-block-list\">\n<li><strong>Categorie di Dati personali<\/strong><\/li>\n<\/ol>\n\n\n\n<p>La Titolare tratter\u00e0 suoi dati personali raccolti in occasione della sua navigazione sul Sito e necessari per fornirle i servizi ivi presenti (per i quali sono predisposte apposite informative consultabili singolarmente e reperibili sulle opportune pagine web). In particolare, la Titolare acquisir\u00e0 e tratter\u00e0 le seguenti categorie di dati personali (\u201c<strong>Dati<\/strong>\u201d):<\/p>\n\n\n\n<ul class=\"wp-block-list\">\n<li>dati di navigazione: indirizzi IP, nomi a dominio;<\/li>\n\n\n\n<li>dati anagrafici e di contatto (nome e cognome, indirizzo di spedizione, indirizzo di fatturazione, numero di telefono, indirizzo email) forniti in apposite sezioni del Sito alle cui specifiche informative sul trattamento dei dati personali si rimanda (es. informativa newsletter);<\/li>\n\n\n\n<li>dati relativi all\u2019utilizzo del sito web, mediante l\u2019utilizzo di cookie, alla cui <a href=\"https:\/\/erinora.com\/it\/cookie-policy\/\">informativa<\/a> specifica si rimanda.<\/li>\n<\/ul>\n\n\n\n<p>In mancanza del conferimento di tali Dati, sar\u00e0 per la Titolare impossibile dare seguito al servizio di navigazione.<\/p>\n\n\n\n<p>Qualora l\u2019utente preferisca non ricevere cookies, pu\u00f2 impedirne la trasmissione da parte del Sito mediante opportuna configurazione del proprio browser, ad eccezione dei cookie tecnici. Per approfondimenti, si invita a visionare l\u2019informativa cookie [link].<\/p>\n\n\n\n<p><strong>2. Finalit\u00e0 e base giuridica del trattamento<\/strong><\/p>\n\n\n\n<p>I suoi Dati personali saranno trattati dalla Titolare per le seguenti finalit\u00e0 e basi giuridiche:<\/p>\n\n\n\n<ul class=\"wp-block-list\">\n<li>Fornire il servizio di navigazione sul Sito (base giuridica: consenso prestato nel momento dell\u2019accesso al Sito e della successiva navigazione);<\/li>\n\n\n\n<li>valutare, in forma statistica, l\u2019utilizzo del Sito da parte degli utenti (base giuridica: consenso, qualora i Dati non siano aggregati o resi anonimi);<\/li>\n\n\n\n<li>adempiere agli obblighi derivanti da leggi di fonte primaria e secondaria, anche di derivazione europea o da disposizioni delle Autorit\u00e0 (base giuridica: esecuzione di obblighi normativi);<\/li>\n<\/ul>\n\n\n\n<p><strong>3.&nbsp;&nbsp;&nbsp; Categorie di soggetti ai quali i Dati personali possono essere comunicati e finalit\u00e0 della comunicazione<\/strong><\/p>\n\n\n\n<p>Non \u00e8 prevista alcuna forma di diffusione dei suoi dati a soggetti indeterminati.<\/p>\n\n\n\n<p><strong>4. Trasferimento dei Dati personali fuori dall\u2019Unione europea<\/strong><\/p>\n\n\n\n<p>I suoi Dati personali potranno inoltre essere trasferiti fuori dall\u2019Unione europea da parte di fornitori di servizi di cui la Titolare si avvale per attivit\u00e0 connesse alla richiesta di contatto. Tale trasferimento di Dati personali, ove ricorra il caso, verr\u00e0 disciplinato con i fornitori di servizi mediante il ricorso a clausole contrattuali standard adottate dalla Commissione europea con la decisione 2021\/914\/UE ed eventuali successive modifiche o, in alternativa, sulla base di una decisione di adeguatezza della Commissione, sulla base di norme vincolanti di impresa e\/o di ogni altro strumento consentito dalla normativa di riferimento. Potr\u00e0 ottenere informazioni sul luogo in cui i suoi Dati personali sono stati trasferiti e copia di tali Dati personali, scrivendo a <a href=\"mailto:info@erinora.com\">info@erinora.com<\/a>.<\/p>\n\n\n\n<p><strong>5.&nbsp;&nbsp;&nbsp; Durata del trattamento e periodo di conservazione dei Dati personali<\/strong><\/p>\n\n\n\n<p>I suoi Dati personali saranno trattati dalla Titolare soltanto per il periodo necessario all\u2019esecuzione del Servizio richiesto, dopodich\u00e9 saranno cancellati o resi anonimi. Per ogni altro periodo di conservazione relativo a specifici servizi, vi invitiamo a visionare le opportune informative (es. newsletter, cookie, ecc.)<\/p>\n\n\n\n<p><strong>6. Diritti degli interessati<\/strong><\/p>\n\n\n\n<p>La informiamo che, in conformit\u00e0 alla vigente disciplina, ha i seguenti diritti:<\/p>\n\n\n\n<ul class=\"wp-block-list\">\n<li>chiedere e ottenere informazioni in merito all\u2019esistenza di suoi Dati personali presso la Titolare e in merito ai trattamenti di dati posti in essere dalla Titolare, nonch\u00e9 ottenere l\u2019accesso a tali Dati;<\/li>\n\n\n\n<li>chiedere e ottenere la ricezione in un formato strutturato, di uso comune e leggibile da dispositivo automatico dei Dati personali da lei forniti alla Titolare, che siano trattati con mezzi automatizzati; potr\u00e0 richiedere inoltre il trasferimento di tali Dati ad altro titolare del trattamento;<\/li>\n\n\n\n<li>chiedere e ottenere la modifica e\/o rettifica dei suoi Dati personali se ritiene che siano inaccurati o incompleti;<\/li>\n\n\n\n<li>chiedere e ottenere la cancellazione \u2013 e\/o la limitazione del trattamento - dei suoi Dati personali qualora si tratti di dati o informazioni non necessari \u2013 o non pi\u00f9 necessari \u2013 per le finalit\u00e0 che precedono, quindi decorso il periodo di conservazione indicato al paragrafo che precede.<\/li>\n<\/ul>\n\n\n\n<p>Tali richieste potranno essere indirizzate alla Titolare scrivendo a <a href=\"mailto:info@erinora.com\">info@erinora.com<\/a>.<\/p>\n\n\n\n<p>La informiamo infine che, ai sensi della disciplina vigente, pu\u00f2 proporre eventuali reclami riguardanti i trattamenti di suoi dati personali al Garante per la protezione dei dati personali.<a id=\"_msocom_1\"><\/a><\/p>\n\n\n\n<hr class=\"wp-block-separator has-alpha-channel-opacity\"\/>\n\n\n\n<h2 class=\"wp-block-heading\">Richiesta di contatto<\/h2>\n\n\n\n<p>La presente informativa \u00e8 resa nell\u2019ambito della sua richiesta di contatto nell\u2019ambito del sito web www.erinora.com (\u201c<strong>Servizio<\/strong>\u201d).<\/p>\n\n\n\n<p>In questa informativa le illustreremo le finalit\u00e0 e le modalit\u00e0 con cui la Titolare raccoglie e tratta i suoi dati personali, quali categorie di dati sono oggetto di trattamento, quali sono i diritti degli interessati al trattamento e come possono essere esercitati.<\/p>\n\n\n\n<p><strong>1. Categorie di Dati personali<\/strong><\/p>\n\n\n\n<ol class=\"wp-block-list\"><\/ol>\n\n\n\n<p>La Titolare tratter\u00e0 suoi dati personali raccolti in occasione della sua richiesta di contatto e necessari per fornirle il Servizio. In particolare, la Titolare acquisir\u00e0 e tratter\u00e0 i dati relativi al suo indirizzo di posta elettronica (\u201c<strong>Dati<\/strong>\u201d).<\/p>\n\n\n\n<p>Il conferimento del suo indirizzo di posta elettronica \u00e8 necessario per permettere al Titolare di fornirle il Servizio.<\/p>\n\n\n\n<p>In mancanza del conferimento di tali Dati, sar\u00e0 per la Titolare impossibile dare seguito alla sua richiesta di inscrizione ed erogare il Servizio.<\/p>\n\n\n\n<p><strong>2. Finalit\u00e0 e base giuridica del trattamento<\/strong><\/p>\n\n\n\n<p>I suoi Dati personali saranno trattati dalla Titolare:<\/p>\n\n\n\n<ul class=\"wp-block-list\">\n<li>\u00a0per l\u2019erogazione del Servizio, ai sensi dell\u2019art. 6, par. 1, lett. b) del Regolamento;<\/li>\n\n\n\n<li>Per adempiere agli obblighi derivanti da leggi di fonte primaria e secondaria, anche di derivazione europea o da disposizioni delle Autorit\u00e0 (base giuridica: esecuzione di obblighi normativi).<\/li>\n<\/ul>\n\n\n\n<p><strong>3. Categorie di soggetti ai quali i Dati personali possono essere comunicati e finalit\u00e0 della comunicazione<\/strong><\/p>\n\n\n\n<p>Non \u00e8 prevista alcuna comunicazione dei Dati al di fuori della Titolare.<\/p>\n\n\n\n<p>Non \u00e8 prevista alcuna forma di diffusione dei suoi dati a soggetti indeterminati.<\/p>\n\n\n\n<p><strong>4. Trasferimento dei Dati personali fuori dall\u2019Unione europea<\/strong><\/p>\n\n\n\n<p>I suoi Dati personali potranno inoltre essere trasferiti fuori dall\u2019Unione europea da parte di fornitori di servizi di cui la Titolare si avvale per attivit\u00e0 connesse alla richiesta di contatto. Tale trasferimento di Dati personali, ove ricorra il caso, verr\u00e0 disciplinato con i fornitori di servizi mediante il ricorso a clausole contrattuali standard adottate dalla Commissione europea con la decisione 2021\/914\/UE ed eventuali successive modifiche o, in alternativa, sulla base di una decisione di adeguatezza della Commissione, sulla base di norme vincolanti di impresa e\/o di ogni altro strumento consentito dalla normativa di riferimento. Potr\u00e0 ottenere informazioni sul luogo in cui i suoi Dati personali sono stati trasferiti e copia di tali Dati personali, scrivendo a info@erinora.com.<\/p>\n\n\n\n<p><strong>5.&nbsp;&nbsp;&nbsp; Durata del trattamento e periodo di conservazione dei Dati personali<\/strong><\/p>\n\n\n\n<p>I suoi Dati personali saranno trattati dalla Titolare soltanto per il periodo necessario all\u2019esecuzione del Servizio richiesto, dopodich\u00e9 saranno cancellati o resi anonimi, salvo che per la finalit\u00e0 di adempimento agli obblighi derivanti da leggi di fonte primaria e secondaria, anche di derivazione europea o da disposizioni delle Autorit\u00e0, per la quale saranno conservati per una durata di 10 anni.<\/p>\n\n\n\n<p><strong>6. Diritti degli interessati<\/strong><\/p>\n\n\n\n<p>La informiamo che, in conformit\u00e0 alla vigente disciplina, ha i seguenti diritti:<\/p>\n\n\n\n<ul class=\"wp-block-list\">\n<li>chiedere e ottenere informazioni in merito all\u2019esistenza di suoi Dati personali presso la Titolare e in merito ai trattamenti di dati posti in essere dalla Titolare, nonch\u00e9 ottenere l\u2019accesso a tali Dati;<\/li>\n\n\n\n<li>chiedere e ottenere la ricezione in un formato strutturato, di uso comune e leggibile da dispositivo automatico dei Dati personali da lei forniti alla Titolare, che siano trattati con mezzi automatizzati; potr\u00e0 richiedere inoltre il trasferimento di tali Dati ad altro titolare del trattamento;<\/li>\n\n\n\n<li>chiedere e ottenere la modifica e\/o rettifica dei suoi Dati personali se ritiene che siano inaccurati o incompleti;<\/li>\n\n\n\n<li>chiedere e ottenere la cancellazione \u2013 e\/o la limitazione del trattamento - dei suoi Dati personali qualora si tratti di dati o informazioni non necessari \u2013 o non pi\u00f9 necessari \u2013 per le finalit\u00e0 che precedono, quindi decorso il periodo di conservazione indicato al paragrafo che precede.<\/li>\n<\/ul>\n\n\n\n<p>Tali richieste potranno essere indirizzate alla Titolare scrivendo a <a href=\"mailto:info@erinora.com\">info@erinora.com<\/a>.<\/p>\n\n\n\n<p>La informiamo infine che, ai sensi della disciplina vigente, pu\u00f2 proporre eventuali reclami riguardanti i trattamenti di suoi dati personali al Garante per la protezione dei dati personali.<\/p>\n\n\n\n<hr class=\"wp-block-separator has-alpha-channel-opacity\"\/>\n\n\n\n<h2 class=\"wp-block-heading\">Newsletter<\/h2>\n\n\n\n<p>La presente informativa \u00e8 resa nell\u2019ambito della sua iscrizione al servizio di <em>newsletter<\/em> di del sito web www.erinora.com (\u201c<strong>Servizio<\/strong>\u201d).<\/p>\n\n\n\n<p>In questa informativa le illustreremo le finalit\u00e0 e le modalit\u00e0 con cui la Titolare raccoglie e tratta i suoi dati personali, quali categorie di dati sono oggetto di trattamento, quali sono i diritti degli interessati al trattamento e come possono essere esercitati.<\/p>\n\n\n\n<p><strong>1. Categorie di Dati personali<\/strong><\/p>\n\n\n\n<ol class=\"wp-block-list\"><\/ol>\n\n\n\n<p>La Titolare tratter\u00e0 suoi dati personali raccolti in occasione della sua richiesta di iscrizione alla <em>newsletter<\/em> e necessari per fornirle il Servizio. In particolare, la Titolare acquisir\u00e0 e tratter\u00e0 i dati relativi al suo indirizzo di posta elettronica (di seguito, i \u201c<strong>Dati<\/strong>\u201d).<\/p>\n\n\n\n<p>Il conferimento del suo indirizzo di posta elettronica \u00e8 necessario per permettere al Titolare di fornirle il servizio di invio periodico della <em>newsletter<\/em>.<\/p>\n\n\n\n<p>In mancanza del conferimento di tali Dati, sar\u00e0 per la Titolare impossibile dare seguito alla sua richiesta di inscrizione ed erogare il Servizio.<\/p>\n\n\n\n<p><strong>2. Finalit\u00e0 e base giuridica del trattamento<\/strong><\/p>\n\n\n\n<p>I suoi Dati personali saranno trattati dalla Titolare per l\u2019erogazione del Servizio, ai sensi dell\u2019art. 6, par. 1, lett. b) del Regolamento.<\/p>\n\n\n\n<p><strong>3.&nbsp;&nbsp;&nbsp; Categorie di soggetti ai quali i Dati personali possono essere comunicati e finalit\u00e0 della comunicazione<\/strong><\/p>\n\n\n\n<p>La Titolare potr\u00e0 comunicare alcuni suoi Dati personali a soggetti terzi dei quali si avvale per lo svolgimento di attivit\u00e0 connesse alla gestione del Servizio; tali societ\u00e0 tratteranno i suoi Dati personali in qualit\u00e0 di responsabili del trattamento.<\/p>\n\n\n\n<p>L\u2019elenco dei responsabili del trattamento pu\u00f2 essere richiesto a <a href=\"mailto:info@erinora.com\">info@erinora.com<\/a>.<\/p>\n\n\n\n<p><strong>4. Trasferimento dei Dati personali fuori dall\u2019Unione europea<\/strong><\/p>\n\n\n\n<p>I suoi Dati personali potranno inoltre essere trasferiti fuori dall\u2019Unione europea da parte di fornitori di servizi di cui la Titolare si avvale per attivit\u00e0 connesse all\u2019invio della <em>newsletter<\/em>. Tale trasferimento di Dati personali, ove ricorra il caso, verr\u00e0 disciplinato con i fornitori di servizi mediante il ricorso a clausole contrattuali standard adottate dalla Commissione europea con la decisione 2021\/914\/UE ed eventuali successive modifiche o, in alternativa, sulla base di una decisione di adeguatezza della Commissione, sulla base di norme vincolanti di impresa e\/o di ogni altro strumento consentito dalla normativa di riferimento. Potr\u00e0 ottenere informazioni sul luogo in cui i suoi Dati personali sono stati trasferiti e copia di tali Dati personali, scrivendo a <a href=\"mailto:info@erinora.com\">info@erinora.com<\/a>.<\/p>\n\n\n\n<p><strong>5.\u00a0Durata del trattamento e periodo di conservazione dei Dati personali<\/strong><\/p>\n\n\n\n<p>I suoi Dati personali saranno trattati dalla Titolare soltanto per il periodo necessario all\u2019esecuzione del Servizio richiesto e fino ad una sua richiesta di cancellazione della <em>mailing list <\/em>ovvero decorso un termine di 0gg dalla sua mancata registrazione di un account al sito web www.erinora.com, dopodich\u00e9 saranno cancellati o resi anonimi.<\/p>\n\n\n\n<p><strong>6. Diritti degli interessati<\/strong><\/p>\n\n\n\n<p>La informiamo che, in conformit\u00e0 alla vigente disciplina, ha i seguenti diritti:<\/p>\n\n\n\n<ul class=\"wp-block-list\">\n<li>chiedere e ottenere informazioni in merito all\u2019esistenza di suoi Dati personali presso la Titolare e in merito ai trattamenti di dati posti in essere dalla Titolare, nonch\u00e9 ottenere l\u2019accesso a tali Dati;<\/li>\n\n\n\n<li>chiedere e ottenere la ricezione in un formato strutturato, di uso comune e leggibile da dispositivo automatico dei Dati personali da lei forniti alla Titolare, che siano trattati con mezzi automatizzati; potr\u00e0 richiedere inoltre il trasferimento di tali Dati ad altro titolare del trattamento;<\/li>\n\n\n\n<li>chiedere e ottenere la modifica e\/o rettifica dei suoi Dati personali se ritiene che siano inaccurati o incompleti;<\/li>\n\n\n\n<li>chiedere e ottenere la cancellazione dei suoi Dati qualora si tratti di dati o informazioni non necessario \u2013 o non pi\u00f9 necessari \u2013 in relazione alle finalit\u00e0 per cui sono stati raccolti;<\/li>\n\n\n\n<li>chiedere e ottenere la limitazione del trattamento dei suoi Dati qualora si tratti di dati o informazioni non necessario \u2013 o non pi\u00f9 necessari \u2013 in relazione alle finalit\u00e0 per cui sono stati raccolti.<\/li>\n<\/ul>\n\n\n\n<p>Tali richieste potranno essere indirizzate alla Titolare scrivendo a <a href=\"mailto:info@erinora.com\">info@erinora.com<\/a>.<\/p>\n\n\n\n<p>La informiamo infine che, ai sensi della disciplina vigente, pu\u00f2 proporre eventuali reclami riguardanti i trattamenti di suoi dati personali al Garante per la protezione dei dati personali.<\/p>\n","protected":false},"excerpt":{"rendered":"<p>La presente informativa sul trattamento dei dati personali \u00e8 resa, ai sensi dell\u2019art. 13 del Regolamento (UE) 2016\/679 (di seguito \u201cRegolamento\u201d), da dalla dott.ssa Erika Lovisetto, con sede legale in Arabellastr. 5 \/ 1444 - 81925 M\u00fcnchen DE (\u201cTitolare\u201d), in qualit\u00e0 di Titolare del trattamento. Sito web La presente informativa \u00e8 resa nell\u2019ambito della navigazione [&hellip;]<\/p>\n","protected":false},"author":1,"featured_media":0,"parent":0,"menu_order":0,"comment_status":"closed","ping_status":"closed","template":"","meta":{"_acf_changed":false,"footnotes":""},"class_list":["post-461","page","type-page","status-publish","hentry"],"yoast_head":"<!-- This site is optimized with the Yoast SEO plugin v27.0 - https:\/\/yoast.com\/product\/yoast-seo-wordpress\/ -->\n<title>Privacy Policy &#183; Erinora<\/title>\n<meta name=\"robots\" content=\"index, follow, max-snippet:-1, max-image-preview:large, max-video-preview:-1\" \/>\n<link rel=\"canonical\" href=\"https:\/\/erinora.com\/it\/privacy-policy\/\" \/>\n<meta property=\"og:locale\" content=\"it_IT\" \/>\n<meta property=\"og:type\" content=\"article\" \/>\n<meta property=\"og:title\" content=\"Privacy Policy &#183; Erinora\" \/>\n<meta property=\"og:description\" content=\"La presente informativa sul trattamento dei dati personali \u00e8 resa, ai sensi dell\u2019art. 13 del Regolamento (UE) 2016\/679 (di seguito \u201cRegolamento\u201d), da dalla dott.ssa Erika Lovisetto, con sede legale in Arabellastr. 5 \/ 1444 - 81925 M\u00fcnchen DE (\u201cTitolare\u201d), in qualit\u00e0 di Titolare del trattamento. Sito web La presente informativa \u00e8 resa nell\u2019ambito della navigazione [&hellip;]\" \/>\n<meta property=\"og:url\" content=\"https:\/\/erinora.com\/it\/privacy-policy\/\" \/>\n<meta property=\"og:site_name\" content=\"Erinora\" \/>\n<meta property=\"article:publisher\" content=\"https:\/\/www.facebook.com\/profile.php?id=61566609811576\" \/>\n<meta property=\"article:modified_time\" content=\"2025-02-27T14:18:44+00:00\" \/>\n<meta property=\"og:image\" content=\"https:\/\/erinora.com\/it\/wp-content\/uploads\/sites\/4\/2025\/02\/erinora-tea-mood-collection.webp\" \/>\n\t<meta property=\"og:image:width\" content=\"1500\" \/>\n\t<meta property=\"og:image:height\" content=\"1083\" \/>\n\t<meta property=\"og:image:type\" content=\"image\/webp\" \/>\n<meta name=\"twitter:card\" content=\"summary_large_image\" \/>\n<meta name=\"twitter:label1\" content=\"Tempo di lettura stimato\" \/>\n\t<meta name=\"twitter:data1\" content=\"11 minuti\" \/>\n<script type=\"application\/ld+json\" class=\"yoast-schema-graph\">{\"@context\":\"https:\/\/schema.org\",\"@graph\":[{\"@type\":\"WebPage\",\"@id\":\"https:\/\/erinora.com\/it\/privacy-policy\/\",\"url\":\"https:\/\/erinora.com\/it\/privacy-policy\/\",\"name\":\"Privacy Policy &#183; Erinora\",\"isPartOf\":{\"@id\":\"https:\/\/erinora.com\/it\/#website\"},\"datePublished\":\"2025-02-26T13:54:22+00:00\",\"dateModified\":\"2025-02-27T14:18:44+00:00\",\"breadcrumb\":{\"@id\":\"https:\/\/erinora.com\/it\/privacy-policy\/#breadcrumb\"},\"inLanguage\":\"it-IT\",\"potentialAction\":[{\"@type\":\"ReadAction\",\"target\":[\"https:\/\/erinora.com\/it\/privacy-policy\/\"]}]},{\"@type\":\"BreadcrumbList\",\"@id\":\"https:\/\/erinora.com\/it\/privacy-policy\/#breadcrumb\",\"itemListElement\":[{\"@type\":\"ListItem\",\"position\":1,\"name\":\"Home\",\"item\":\"https:\/\/erinora.com\/it\/\"},{\"@type\":\"ListItem\",\"position\":2,\"name\":\"Privacy Policy\"}]},{\"@type\":\"WebSite\",\"@id\":\"https:\/\/erinora.com\/it\/#website\",\"url\":\"https:\/\/erinora.com\/it\/\",\"name\":\"Erinora\",\"description\":\"Your daily ritual\",\"publisher\":{\"@id\":\"https:\/\/erinora.com\/it\/#organization\"},\"alternateName\":\"Erinora\",\"potentialAction\":[{\"@type\":\"SearchAction\",\"target\":{\"@type\":\"EntryPoint\",\"urlTemplate\":\"https:\/\/erinora.com\/it\/?s={search_term_string}\"},\"query-input\":{\"@type\":\"PropertyValueSpecification\",\"valueRequired\":true,\"valueName\":\"search_term_string\"}}],\"inLanguage\":\"it-IT\"},{\"@type\":\"Organization\",\"@id\":\"https:\/\/erinora.com\/it\/#organization\",\"name\":\"Erinora\",\"alternateName\":\"Erinora\",\"url\":\"https:\/\/erinora.com\/it\/\",\"logo\":{\"@type\":\"ImageObject\",\"inLanguage\":\"it-IT\",\"@id\":\"https:\/\/erinora.com\/it\/#\/schema\/logo\/image\/\",\"url\":\"https:\/\/erinora.com\/it\/wp-content\/uploads\/sites\/4\/2025\/02\/E_BrandIcon-Gradient.png\",\"contentUrl\":\"https:\/\/erinora.com\/it\/wp-content\/uploads\/sites\/4\/2025\/02\/E_BrandIcon-Gradient.png\",\"width\":3000,\"height\":3000,\"caption\":\"Erinora\"},\"image\":{\"@id\":\"https:\/\/erinora.com\/it\/#\/schema\/logo\/image\/\"},\"sameAs\":[\"https:\/\/www.facebook.com\/profile.php?id=61566609811576\",\"https:\/\/www.instagram.com\/erinora_tea\"]}]}<\/script>\n<!-- \/ Yoast SEO plugin. -->","yoast_head_json":{"title":"Privacy Policy &#183; Erinora","robots":{"index":"index","follow":"follow","max-snippet":"max-snippet:-1","max-image-preview":"max-image-preview:large","max-video-preview":"max-video-preview:-1"},"canonical":"https:\/\/erinora.com\/it\/privacy-policy\/","og_locale":"it_IT","og_type":"article","og_title":"Privacy Policy &#183; Erinora","og_description":"La presente informativa sul trattamento dei dati personali \u00e8 resa, ai sensi dell\u2019art. 13 del Regolamento (UE) 2016\/679 (di seguito \u201cRegolamento\u201d), da dalla dott.ssa Erika Lovisetto, con sede legale in Arabellastr. 5 \/ 1444 - 81925 M\u00fcnchen DE (\u201cTitolare\u201d), in qualit\u00e0 di Titolare del trattamento. Sito web La presente informativa \u00e8 resa nell\u2019ambito della navigazione [&hellip;]","og_url":"https:\/\/erinora.com\/it\/privacy-policy\/","og_site_name":"Erinora","article_publisher":"https:\/\/www.facebook.com\/profile.php?id=61566609811576","article_modified_time":"2025-02-27T14:18:44+00:00","og_image":[{"width":1500,"height":1083,"url":"https:\/\/erinora.com\/it\/wp-content\/uploads\/sites\/4\/2025\/02\/erinora-tea-mood-collection.webp","type":"image\/webp"}],"twitter_card":"summary_large_image","twitter_misc":{"Tempo di lettura stimato":"11 minuti"},"schema":{"@context":"https:\/\/schema.org","@graph":[{"@type":"WebPage","@id":"https:\/\/erinora.com\/it\/privacy-policy\/","url":"https:\/\/erinora.com\/it\/privacy-policy\/","name":"Privacy Policy &#183; Erinora","isPartOf":{"@id":"https:\/\/erinora.com\/it\/#website"},"datePublished":"2025-02-26T13:54:22+00:00","dateModified":"2025-02-27T14:18:44+00:00","breadcrumb":{"@id":"https:\/\/erinora.com\/it\/privacy-policy\/#breadcrumb"},"inLanguage":"it-IT","potentialAction":[{"@type":"ReadAction","target":["https:\/\/erinora.com\/it\/privacy-policy\/"]}]},{"@type":"BreadcrumbList","@id":"https:\/\/erinora.com\/it\/privacy-policy\/#breadcrumb","itemListElement":[{"@type":"ListItem","position":1,"name":"Home","item":"https:\/\/erinora.com\/it\/"},{"@type":"ListItem","position":2,"name":"Privacy Policy"}]},{"@type":"WebSite","@id":"https:\/\/erinora.com\/it\/#website","url":"https:\/\/erinora.com\/it\/","name":"Erinora","description":"Your daily ritual","publisher":{"@id":"https:\/\/erinora.com\/it\/#organization"},"alternateName":"Erinora","potentialAction":[{"@type":"SearchAction","target":{"@type":"EntryPoint","urlTemplate":"https:\/\/erinora.com\/it\/?s={search_term_string}"},"query-input":{"@type":"PropertyValueSpecification","valueRequired":true,"valueName":"search_term_string"}}],"inLanguage":"it-IT"},{"@type":"Organization","@id":"https:\/\/erinora.com\/it\/#organization","name":"Erinora","alternateName":"Erinora","url":"https:\/\/erinora.com\/it\/","logo":{"@type":"ImageObject","inLanguage":"it-IT","@id":"https:\/\/erinora.com\/it\/#\/schema\/logo\/image\/","url":"https:\/\/erinora.com\/it\/wp-content\/uploads\/sites\/4\/2025\/02\/E_BrandIcon-Gradient.png","contentUrl":"https:\/\/erinora.com\/it\/wp-content\/uploads\/sites\/4\/2025\/02\/E_BrandIcon-Gradient.png","width":3000,"height":3000,"caption":"Erinora"},"image":{"@id":"https:\/\/erinora.com\/it\/#\/schema\/logo\/image\/"},"sameAs":["https:\/\/www.facebook.com\/profile.php?id=61566609811576","https:\/\/www.instagram.com\/erinora_tea"]}]}},"acf":[],"jetpack_sharing_enabled":true,"_links":{"self":[{"href":"https:\/\/erinora.com\/it\/wp-json\/wp\/v2\/pages\/461","targetHints":{"allow":["GET"]}}],"collection":[{"href":"https:\/\/erinora.com\/it\/wp-json\/wp\/v2\/pages"}],"about":[{"href":"https:\/\/erinora.com\/it\/wp-json\/wp\/v2\/types\/page"}],"author":[{"embeddable":true,"href":"https:\/\/erinora.com\/it\/wp-json\/wp\/v2\/users\/1"}],"replies":[{"embeddable":true,"href":"https:\/\/erinora.com\/it\/wp-json\/wp\/v2\/comments?post=461"}],"version-history":[{"count":2,"href":"https:\/\/erinora.com\/it\/wp-json\/wp\/v2\/pages\/461\/revisions"}],"predecessor-version":[{"id":702,"href":"https:\/\/erinora.com\/it\/wp-json\/wp\/v2\/pages\/461\/revisions\/702"}],"wp:attachment":[{"href":"https:\/\/erinora.com\/it\/wp-json\/wp\/v2\/media?parent=461"}],"curies":[{"name":"wp","href":"https:\/\/api.w.org\/{rel}","templated":true}]}}