{"id":853,"date":"2025-03-06T10:33:21","date_gmt":"2025-03-06T09:33:21","guid":{"rendered":"https:\/\/erinora.com\/de\/?post_type=product&#038;p=853"},"modified":"2025-03-25T00:53:53","modified_gmt":"2025-03-24T23:53:53","slug":"tee-gutschein-online-kaufen","status":"publish","type":"product","link":"https:\/\/erinora.com\/de\/shop\/tea-extras\/tee-gutschein-online-kaufen\/","title":{"rendered":"Gift Card"},"content":{"rendered":"<p>Die Wahl des richtigen Tees f\u00fcr jemand anderen kann schwierig sein \u2013 jeder hat seinen eigenen Geschmack. Mit unserer <b>Gift Card<\/b> schenkst du die Freiheit, die perfekte Mischung selbst zu entdecken und auszuw\u00e4hlen.<\/p>\n<p><b>Warum eine gift card?<br \/>\n<\/b>Kein R\u00e4tselraten \u2013 sie k\u00f6nnen ihren Lieblingstee selbst w\u00e4hlen.<br \/>\nPerfekt f\u00fcr jeden Anlass \u2013 Geburtstage, Feiertage oder einfach als kleine Aufmerksamkeit.<br \/>\nSofortige Lieferung \u2013 per E-Mail verschickt, ideal als Last-Minute-Geschenk.<\/p>\n","protected":false},"excerpt":{"rendered":"<p>Die Wahl des richtigen Tees f\u00fcr jemand anderen kann schwierig sein \u2013 jeder hat seinen eigenen Geschmack. Mit unserer Gift Card schenkst du die Freiheit, die perfekte Mischung selbst zu entdecken und auszuw\u00e4hlen. Warum eine gift card? Kein R\u00e4tselraten \u2013 sie k\u00f6nnen ihren Lieblingstee selbst w\u00e4hlen. Perfekt f\u00fcr jeden Anlass \u2013 Geburtstage, Feiertage oder einfach [&hellip;]<\/p>\n","protected":false},"featured_media":858,"comment_status":"open","ping_status":"closed","template":"","meta":{"_acf_changed":false},"product_brand":[],"product_cat":[45],"product_tag":[],"class_list":{"0":"post-853","1":"product","2":"type-product","3":"status-publish","4":"has-post-thumbnail","6":"product_cat-tea-extras","8":"first","9":"instock","10":"shipping-taxable","11":"purchasable","12":"product-type-pw-gift-card"},"yoast_head":"<!-- This site is optimized with the Yoast SEO plugin v27.0 - https:\/\/yoast.com\/product\/yoast-seo-wordpress\/ -->\n<title>Gift Card &#183; Erinora<\/title>\n<meta name=\"robots\" content=\"index, follow, max-snippet:-1, max-image-preview:large, max-video-preview:-1\" \/>\n<link rel=\"canonical\" href=\"https:\/\/erinora.com\/de\/shop\/tea-extras\/tee-gutschein-online-kaufen\/\" \/>\n<meta property=\"og:locale\" content=\"de_DE\" \/>\n<meta property=\"og:type\" content=\"article\" \/>\n<meta property=\"og:title\" content=\"Gift Card &#183; Erinora\" \/>\n<meta property=\"og:description\" content=\"Die Wahl des richtigen Tees f\u00fcr jemand anderen kann schwierig sein \u2013 jeder hat seinen eigenen Geschmack. Mit unserer Gift Card schenkst du die Freiheit, die perfekte Mischung selbst zu entdecken und auszuw\u00e4hlen. Warum eine gift card? Kein R\u00e4tselraten \u2013 sie k\u00f6nnen ihren Lieblingstee selbst w\u00e4hlen. Perfekt f\u00fcr jeden Anlass \u2013 Geburtstage, Feiertage oder einfach [&hellip;]\" \/>\n<meta property=\"og:url\" content=\"https:\/\/erinora.com\/de\/shop\/tea-extras\/tee-gutschein-online-kaufen\/\" \/>\n<meta property=\"og:site_name\" content=\"Erinora\" \/>\n<meta property=\"article:publisher\" content=\"https:\/\/www.facebook.com\/profile.php?id=61566609811576\" \/>\n<meta property=\"article:modified_time\" content=\"2025-03-24T23:53:53+00:00\" \/>\n<meta property=\"og:image\" content=\"https:\/\/erinora.com\/de\/wp-content\/uploads\/sites\/5\/2025\/03\/erinora-gift-card.webp\" \/>\n\t<meta property=\"og:image:width\" content=\"1748\" \/>\n\t<meta property=\"og:image:height\" content=\"1240\" \/>\n\t<meta property=\"og:image:type\" content=\"image\/webp\" \/>\n<meta name=\"twitter:card\" content=\"summary_large_image\" \/>\n<meta name=\"twitter:label1\" content=\"Gesch\u00e4tzte Lesezeit\" \/>\n\t<meta name=\"twitter:data1\" content=\"1\u00a0Minute\" \/>\n<script type=\"application\/ld+json\" class=\"yoast-schema-graph\">{\"@context\":\"https:\/\/schema.org\",\"@graph\":[{\"@type\":\"WebPage\",\"@id\":\"https:\/\/erinora.com\/de\/shop\/tea-extras\/tee-gutschein-online-kaufen\/\",\"url\":\"https:\/\/erinora.com\/de\/shop\/tea-extras\/tee-gutschein-online-kaufen\/\",\"name\":\"Gift Card &#183; Erinora\",\"isPartOf\":{\"@id\":\"https:\/\/erinora.com\/de\/#website\"},\"primaryImageOfPage\":{\"@id\":\"https:\/\/erinora.com\/de\/shop\/tea-extras\/tee-gutschein-online-kaufen\/#primaryimage\"},\"image\":{\"@id\":\"https:\/\/erinora.com\/de\/shop\/tea-extras\/tee-gutschein-online-kaufen\/#primaryimage\"},\"thumbnailUrl\":\"https:\/\/erinora.com\/de\/wp-content\/uploads\/sites\/5\/2025\/03\/erinora-gift-card.webp\",\"datePublished\":\"2025-03-06T09:33:21+00:00\",\"dateModified\":\"2025-03-24T23:53:53+00:00\",\"breadcrumb\":{\"@id\":\"https:\/\/erinora.com\/de\/shop\/tea-extras\/tee-gutschein-online-kaufen\/#breadcrumb\"},\"inLanguage\":\"de\",\"potentialAction\":[{\"@type\":\"ReadAction\",\"target\":[\"https:\/\/erinora.com\/de\/shop\/tea-extras\/tee-gutschein-online-kaufen\/\"]}]},{\"@type\":\"ImageObject\",\"inLanguage\":\"de\",\"@id\":\"https:\/\/erinora.com\/de\/shop\/tea-extras\/tee-gutschein-online-kaufen\/#primaryimage\",\"url\":\"https:\/\/erinora.com\/de\/wp-content\/uploads\/sites\/5\/2025\/03\/erinora-gift-card.webp\",\"contentUrl\":\"https:\/\/erinora.com\/de\/wp-content\/uploads\/sites\/5\/2025\/03\/erinora-gift-card.webp\",\"width\":1748,\"height\":1240},{\"@type\":\"BreadcrumbList\",\"@id\":\"https:\/\/erinora.com\/de\/shop\/tea-extras\/tee-gutschein-online-kaufen\/#breadcrumb\",\"itemListElement\":[{\"@type\":\"ListItem\",\"position\":1,\"name\":\"Home\",\"item\":\"https:\/\/erinora.com\/de\/\"},{\"@type\":\"ListItem\",\"position\":2,\"name\":\"Shop\",\"item\":\"https:\/\/erinora.com\/de\/shop\/\"},{\"@type\":\"ListItem\",\"position\":3,\"name\":\"Tea Extras\",\"item\":\"https:\/\/erinora.com\/de\/product-category\/tea-extras\/\"},{\"@type\":\"ListItem\",\"position\":4,\"name\":\"Gift Card\"}]},{\"@type\":\"WebSite\",\"@id\":\"https:\/\/erinora.com\/de\/#website\",\"url\":\"https:\/\/erinora.com\/de\/\",\"name\":\"Erinora\",\"description\":\"Your daily ritual\",\"publisher\":{\"@id\":\"https:\/\/erinora.com\/de\/#organization\"},\"alternateName\":\"Erinora\",\"potentialAction\":[{\"@type\":\"SearchAction\",\"target\":{\"@type\":\"EntryPoint\",\"urlTemplate\":\"https:\/\/erinora.com\/de\/?s={search_term_string}\"},\"query-input\":{\"@type\":\"PropertyValueSpecification\",\"valueRequired\":true,\"valueName\":\"search_term_string\"}}],\"inLanguage\":\"de\"},{\"@type\":\"Organization\",\"@id\":\"https:\/\/erinora.com\/de\/#organization\",\"name\":\"Erinora\",\"alternateName\":\"Erinora\",\"url\":\"https:\/\/erinora.com\/de\/\",\"logo\":{\"@type\":\"ImageObject\",\"inLanguage\":\"de\",\"@id\":\"https:\/\/erinora.com\/de\/#\/schema\/logo\/image\/\",\"url\":\"https:\/\/erinora.com\/de\/wp-content\/uploads\/sites\/5\/2025\/02\/E_BrandIcon-Gradient.png\",\"contentUrl\":\"https:\/\/erinora.com\/de\/wp-content\/uploads\/sites\/5\/2025\/02\/E_BrandIcon-Gradient.png\",\"width\":3000,\"height\":3000,\"caption\":\"Erinora\"},\"image\":{\"@id\":\"https:\/\/erinora.com\/de\/#\/schema\/logo\/image\/\"},\"sameAs\":[\"https:\/\/www.facebook.com\/profile.php?id=61566609811576\",\"https:\/\/www.instagram.com\/erinora_tea\"]}]}<\/script>\n<!-- \/ Yoast SEO plugin. -->","yoast_head_json":{"title":"Gift Card &#183; Erinora","robots":{"index":"index","follow":"follow","max-snippet":"max-snippet:-1","max-image-preview":"max-image-preview:large","max-video-preview":"max-video-preview:-1"},"canonical":"https:\/\/erinora.com\/de\/shop\/tea-extras\/tee-gutschein-online-kaufen\/","og_locale":"de_DE","og_type":"article","og_title":"Gift Card &#183; Erinora","og_description":"Die Wahl des richtigen Tees f\u00fcr jemand anderen kann schwierig sein \u2013 jeder hat seinen eigenen Geschmack. Mit unserer Gift Card schenkst du die Freiheit, die perfekte Mischung selbst zu entdecken und auszuw\u00e4hlen. Warum eine gift card? Kein R\u00e4tselraten \u2013 sie k\u00f6nnen ihren Lieblingstee selbst w\u00e4hlen. Perfekt f\u00fcr jeden Anlass \u2013 Geburtstage, Feiertage oder einfach [&hellip;]","og_url":"https:\/\/erinora.com\/de\/shop\/tea-extras\/tee-gutschein-online-kaufen\/","og_site_name":"Erinora","article_publisher":"https:\/\/www.facebook.com\/profile.php?id=61566609811576","article_modified_time":"2025-03-24T23:53:53+00:00","og_image":[{"width":1748,"height":1240,"url":"https:\/\/erinora.com\/de\/wp-content\/uploads\/sites\/5\/2025\/03\/erinora-gift-card.webp","type":"image\/webp"}],"twitter_card":"summary_large_image","twitter_misc":{"Gesch\u00e4tzte Lesezeit":"1\u00a0Minute"},"schema":{"@context":"https:\/\/schema.org","@graph":[{"@type":"WebPage","@id":"https:\/\/erinora.com\/de\/shop\/tea-extras\/tee-gutschein-online-kaufen\/","url":"https:\/\/erinora.com\/de\/shop\/tea-extras\/tee-gutschein-online-kaufen\/","name":"Gift Card &#183; Erinora","isPartOf":{"@id":"https:\/\/erinora.com\/de\/#website"},"primaryImageOfPage":{"@id":"https:\/\/erinora.com\/de\/shop\/tea-extras\/tee-gutschein-online-kaufen\/#primaryimage"},"image":{"@id":"https:\/\/erinora.com\/de\/shop\/tea-extras\/tee-gutschein-online-kaufen\/#primaryimage"},"thumbnailUrl":"https:\/\/erinora.com\/de\/wp-content\/uploads\/sites\/5\/2025\/03\/erinora-gift-card.webp","datePublished":"2025-03-06T09:33:21+00:00","dateModified":"2025-03-24T23:53:53+00:00","breadcrumb":{"@id":"https:\/\/erinora.com\/de\/shop\/tea-extras\/tee-gutschein-online-kaufen\/#breadcrumb"},"inLanguage":"de","potentialAction":[{"@type":"ReadAction","target":["https:\/\/erinora.com\/de\/shop\/tea-extras\/tee-gutschein-online-kaufen\/"]}]},{"@type":"ImageObject","inLanguage":"de","@id":"https:\/\/erinora.com\/de\/shop\/tea-extras\/tee-gutschein-online-kaufen\/#primaryimage","url":"https:\/\/erinora.com\/de\/wp-content\/uploads\/sites\/5\/2025\/03\/erinora-gift-card.webp","contentUrl":"https:\/\/erinora.com\/de\/wp-content\/uploads\/sites\/5\/2025\/03\/erinora-gift-card.webp","width":1748,"height":1240},{"@type":"BreadcrumbList","@id":"https:\/\/erinora.com\/de\/shop\/tea-extras\/tee-gutschein-online-kaufen\/#breadcrumb","itemListElement":[{"@type":"ListItem","position":1,"name":"Home","item":"https:\/\/erinora.com\/de\/"},{"@type":"ListItem","position":2,"name":"Shop","item":"https:\/\/erinora.com\/de\/shop\/"},{"@type":"ListItem","position":3,"name":"Tea Extras","item":"https:\/\/erinora.com\/de\/product-category\/tea-extras\/"},{"@type":"ListItem","position":4,"name":"Gift Card"}]},{"@type":"WebSite","@id":"https:\/\/erinora.com\/de\/#website","url":"https:\/\/erinora.com\/de\/","name":"Erinora","description":"Your daily ritual","publisher":{"@id":"https:\/\/erinora.com\/de\/#organization"},"alternateName":"Erinora","potentialAction":[{"@type":"SearchAction","target":{"@type":"EntryPoint","urlTemplate":"https:\/\/erinora.com\/de\/?s={search_term_string}"},"query-input":{"@type":"PropertyValueSpecification","valueRequired":true,"valueName":"search_term_string"}}],"inLanguage":"de"},{"@type":"Organization","@id":"https:\/\/erinora.com\/de\/#organization","name":"Erinora","alternateName":"Erinora","url":"https:\/\/erinora.com\/de\/","logo":{"@type":"ImageObject","inLanguage":"de","@id":"https:\/\/erinora.com\/de\/#\/schema\/logo\/image\/","url":"https:\/\/erinora.com\/de\/wp-content\/uploads\/sites\/5\/2025\/02\/E_BrandIcon-Gradient.png","contentUrl":"https:\/\/erinora.com\/de\/wp-content\/uploads\/sites\/5\/2025\/02\/E_BrandIcon-Gradient.png","width":3000,"height":3000,"caption":"Erinora"},"image":{"@id":"https:\/\/erinora.com\/de\/#\/schema\/logo\/image\/"},"sameAs":["https:\/\/www.facebook.com\/profile.php?id=61566609811576","https:\/\/www.instagram.com\/erinora_tea"]}]}},"acf":[],"jetpack_sharing_enabled":true,"_links":{"self":[{"href":"https:\/\/erinora.com\/de\/wp-json\/wp\/v2\/product\/853","targetHints":{"allow":["GET"]}}],"collection":[{"href":"https:\/\/erinora.com\/de\/wp-json\/wp\/v2\/product"}],"about":[{"href":"https:\/\/erinora.com\/de\/wp-json\/wp\/v2\/types\/product"}],"replies":[{"embeddable":true,"href":"https:\/\/erinora.com\/de\/wp-json\/wp\/v2\/comments?post=853"}],"wp:featuredmedia":[{"embeddable":true,"href":"https:\/\/erinora.com\/de\/wp-json\/wp\/v2\/media\/858"}],"wp:attachment":[{"href":"https:\/\/erinora.com\/de\/wp-json\/wp\/v2\/media?parent=853"}],"wp:term":[{"taxonomy":"product_brand","embeddable":true,"href":"https:\/\/erinora.com\/de\/wp-json\/wp\/v2\/product_brand?post=853"},{"taxonomy":"product_cat","embeddable":true,"href":"https:\/\/erinora.com\/de\/wp-json\/wp\/v2\/product_cat?post=853"},{"taxonomy":"product_tag","embeddable":true,"href":"https:\/\/erinora.com\/de\/wp-json\/wp\/v2\/product_tag?post=853"}],"curies":[{"name":"wp","href":"https:\/\/api.w.org\/{rel}","templated":true}]}}