{"id":344,"date":"2025-02-05T22:14:18","date_gmt":"2025-02-05T21:14:18","guid":{"rendered":"https:\/\/erinora.com\/de\/?post_type=product&#038;p=344"},"modified":"2025-03-25T00:54:33","modified_gmt":"2025-03-24T23:54:33","slug":"tee-ritual-box-online-kaufen","status":"publish","type":"product","link":"https:\/\/erinora.com\/de\/shop\/personalisierbare-geschenkboxen\/tee-ritual-box-online-kaufen\/","title":{"rendered":"Sinergy Box"},"content":{"rendered":"<p data-start=\"56\" data-end=\"221\">Willkommen beim ultimativen Teeritual mit der Sinergy Experience Box, in der jedes Element perfekt zusammenspielt, um einen Moment voller Harmonie zu schaffen.<br \/>\nIn dieser besonderen Box findest du eine sorgf\u00e4ltig zusammengestellte Auswahl: eine <strong data-start=\"307\" data-end=\"334\">Teemischung deiner Wahl<\/strong>, begleitet von einer speziell kuratierten <strong data-start=\"377\" data-end=\"389\">Playlist<\/strong>, die die perfekte Stimmung schafft. Eine handgegossene <strong data-start=\"445\" data-end=\"463\">Sojawachskerze<\/strong>, erh\u00e4ltlich in zwei Designs, taucht deinen Raum in ein warmes Licht, w\u00e4hrend eine wundersch\u00f6ne <strong data-start=\"559\" data-end=\"586\">handgefertigte Teetasse<\/strong> aus einer kleinen toskanischen Werkstatt \u2013 in zwei Varianten verf\u00fcgbar \u2013 dein Teeerlebnis bereichert. Um das Ritual abzurunden, l\u00e4dt ein stilvolles <strong data-start=\"738\" data-end=\"775\">Notizbuch mit illustriertem Cover<\/strong> dazu ein, Gedanken und Reflexionen festzuhalten.<br \/>\nLass dich von der einzigartigen Synergie dieser Kollektion verzaubern und verwandle dein Teeritual in ein ganz besonderes Erlebnis. Ein perfektes Geschenk f\u00fcr dich selbst oder einen lieben Menschen \u2013 eine Einladung, das Tempo zu verlangsamen und jeden Moment bewusst zu genie\u00dfen.<\/p>\n","protected":false},"excerpt":{"rendered":"<p>Willkommen beim ultimativen Teeritual mit der Sinergy Experience Box, in der jedes Element perfekt zusammenspielt, um einen Moment voller Harmonie zu schaffen. In dieser besonderen Box findest du eine sorgf\u00e4ltig zusammengestellte Auswahl: eine Teemischung deiner Wahl, begleitet von einer speziell kuratierten Playlist, die die perfekte Stimmung schafft. Eine handgegossene Sojawachskerze, erh\u00e4ltlich in zwei Designs, taucht [&hellip;]<\/p>\n","protected":false},"featured_media":358,"comment_status":"open","ping_status":"closed","template":"","meta":{"_acf_changed":false},"product_brand":[],"product_cat":[27],"product_tag":[],"class_list":{"0":"post-344","1":"product","2":"type-product","3":"status-publish","4":"has-post-thumbnail","6":"product_cat-personalisierbare-geschenkboxen","8":"first","9":"instock","10":"shipping-taxable","11":"purchasable","12":"product-type-variable"},"yoast_head":"<!-- This site is optimized with the Yoast SEO plugin v27.0 - https:\/\/yoast.com\/product\/yoast-seo-wordpress\/ -->\n<title>Sinergy Box \u2013 Ein ganzheitliches Teeritual f\u00fcr K\u00f6rper und Geist<\/title>\n<meta name=\"description\" content=\"Eine liebevoll kuratierte Box, die Bio-Losetee, eine handgegossene Sojakerze, eine kunstvoll gefertigte Tasse, eine inspirierende Playlist und ein Notizbuch aus recyceltem Papier vereint. Eine Einladung zum bewussten Genie\u00dfen \u2013 f\u00fcr dich selbst oder als besonderes Geschenk f\u00fcr einen lieben Menschen.\" \/>\n<meta name=\"robots\" content=\"index, follow, max-snippet:-1, max-image-preview:large, max-video-preview:-1\" \/>\n<link rel=\"canonical\" href=\"https:\/\/erinora.com\/de\/shop\/personalisierbare-geschenkboxen\/tee-ritual-box-online-kaufen\/\" \/>\n<meta property=\"og:locale\" content=\"de_DE\" \/>\n<meta property=\"og:type\" content=\"article\" \/>\n<meta property=\"og:title\" content=\"Sinergy Box \u2013 Ein ganzheitliches Teeritual f\u00fcr K\u00f6rper und Geist\" \/>\n<meta property=\"og:description\" content=\"Eine liebevoll kuratierte Box, die Bio-Losetee, eine handgegossene Sojakerze, eine kunstvoll gefertigte Tasse, eine inspirierende Playlist und ein Notizbuch aus recyceltem Papier vereint. Eine Einladung zum bewussten Genie\u00dfen \u2013 f\u00fcr dich selbst oder als besonderes Geschenk f\u00fcr einen lieben Menschen.\" \/>\n<meta property=\"og:url\" content=\"https:\/\/erinora.com\/de\/shop\/personalisierbare-geschenkboxen\/tee-ritual-box-online-kaufen\/\" \/>\n<meta property=\"og:site_name\" content=\"Erinora\" \/>\n<meta property=\"article:publisher\" content=\"https:\/\/www.facebook.com\/profile.php?id=61566609811576\" \/>\n<meta property=\"article:modified_time\" content=\"2025-03-24T23:54:33+00:00\" \/>\n<meta property=\"og:image\" content=\"https:\/\/erinora.com\/de\/wp-content\/uploads\/sites\/5\/2025\/02\/erinora-sinergy-tea-box.webp\" \/>\n\t<meta property=\"og:image:width\" content=\"1500\" \/>\n\t<meta property=\"og:image:height\" content=\"1083\" \/>\n\t<meta property=\"og:image:type\" content=\"image\/webp\" \/>\n<meta name=\"twitter:card\" content=\"summary_large_image\" \/>\n<meta name=\"twitter:label1\" content=\"Gesch\u00e4tzte Lesezeit\" \/>\n\t<meta name=\"twitter:data1\" content=\"17\u00a0Minuten\" \/>\n<script type=\"application\/ld+json\" class=\"yoast-schema-graph\">{\"@context\":\"https:\/\/schema.org\",\"@graph\":[{\"@type\":\"WebPage\",\"@id\":\"https:\/\/erinora.com\/de\/shop\/personalisierbare-geschenkboxen\/tee-ritual-box-online-kaufen\/\",\"url\":\"https:\/\/erinora.com\/de\/shop\/personalisierbare-geschenkboxen\/tee-ritual-box-online-kaufen\/\",\"name\":\"Sinergy Box \u2013 Ein ganzheitliches Teeritual f\u00fcr K\u00f6rper und Geist\",\"isPartOf\":{\"@id\":\"https:\/\/erinora.com\/de\/#website\"},\"primaryImageOfPage\":{\"@id\":\"https:\/\/erinora.com\/de\/shop\/personalisierbare-geschenkboxen\/tee-ritual-box-online-kaufen\/#primaryimage\"},\"image\":{\"@id\":\"https:\/\/erinora.com\/de\/shop\/personalisierbare-geschenkboxen\/tee-ritual-box-online-kaufen\/#primaryimage\"},\"thumbnailUrl\":\"https:\/\/erinora.com\/de\/wp-content\/uploads\/sites\/5\/2025\/02\/erinora-sinergy-tea-box.webp\",\"datePublished\":\"2025-02-05T21:14:18+00:00\",\"dateModified\":\"2025-03-24T23:54:33+00:00\",\"description\":\"Eine liebevoll kuratierte Box, die Bio-Losetee, eine handgegossene Sojakerze, eine kunstvoll gefertigte Tasse, eine inspirierende Playlist und ein Notizbuch aus recyceltem Papier vereint. Eine Einladung zum bewussten Genie\u00dfen \u2013 f\u00fcr dich selbst oder als besonderes Geschenk f\u00fcr einen lieben Menschen.\",\"breadcrumb\":{\"@id\":\"https:\/\/erinora.com\/de\/shop\/personalisierbare-geschenkboxen\/tee-ritual-box-online-kaufen\/#breadcrumb\"},\"inLanguage\":\"de\",\"potentialAction\":[{\"@type\":\"ReadAction\",\"target\":[\"https:\/\/erinora.com\/de\/shop\/personalisierbare-geschenkboxen\/tee-ritual-box-online-kaufen\/\"]}]},{\"@type\":\"ImageObject\",\"inLanguage\":\"de\",\"@id\":\"https:\/\/erinora.com\/de\/shop\/personalisierbare-geschenkboxen\/tee-ritual-box-online-kaufen\/#primaryimage\",\"url\":\"https:\/\/erinora.com\/de\/wp-content\/uploads\/sites\/5\/2025\/02\/erinora-sinergy-tea-box.webp\",\"contentUrl\":\"https:\/\/erinora.com\/de\/wp-content\/uploads\/sites\/5\/2025\/02\/erinora-sinergy-tea-box.webp\",\"width\":1500,\"height\":1083},{\"@type\":\"BreadcrumbList\",\"@id\":\"https:\/\/erinora.com\/de\/shop\/personalisierbare-geschenkboxen\/tee-ritual-box-online-kaufen\/#breadcrumb\",\"itemListElement\":[{\"@type\":\"ListItem\",\"position\":1,\"name\":\"Home\",\"item\":\"https:\/\/erinora.com\/de\/\"},{\"@type\":\"ListItem\",\"position\":2,\"name\":\"Shop\",\"item\":\"https:\/\/erinora.com\/de\/shop\/\"},{\"@type\":\"ListItem\",\"position\":3,\"name\":\"Personalisierbare Geschenkboxen\",\"item\":\"https:\/\/erinora.com\/de\/product-category\/personalisierbare-geschenkboxen\/\"},{\"@type\":\"ListItem\",\"position\":4,\"name\":\"Sinergy Box\"}]},{\"@type\":\"WebSite\",\"@id\":\"https:\/\/erinora.com\/de\/#website\",\"url\":\"https:\/\/erinora.com\/de\/\",\"name\":\"Erinora\",\"description\":\"Your daily ritual\",\"publisher\":{\"@id\":\"https:\/\/erinora.com\/de\/#organization\"},\"alternateName\":\"Erinora\",\"potentialAction\":[{\"@type\":\"SearchAction\",\"target\":{\"@type\":\"EntryPoint\",\"urlTemplate\":\"https:\/\/erinora.com\/de\/?s={search_term_string}\"},\"query-input\":{\"@type\":\"PropertyValueSpecification\",\"valueRequired\":true,\"valueName\":\"search_term_string\"}}],\"inLanguage\":\"de\"},{\"@type\":\"Organization\",\"@id\":\"https:\/\/erinora.com\/de\/#organization\",\"name\":\"Erinora\",\"alternateName\":\"Erinora\",\"url\":\"https:\/\/erinora.com\/de\/\",\"logo\":{\"@type\":\"ImageObject\",\"inLanguage\":\"de\",\"@id\":\"https:\/\/erinora.com\/de\/#\/schema\/logo\/image\/\",\"url\":\"https:\/\/erinora.com\/de\/wp-content\/uploads\/sites\/5\/2025\/02\/E_BrandIcon-Gradient.png\",\"contentUrl\":\"https:\/\/erinora.com\/de\/wp-content\/uploads\/sites\/5\/2025\/02\/E_BrandIcon-Gradient.png\",\"width\":3000,\"height\":3000,\"caption\":\"Erinora\"},\"image\":{\"@id\":\"https:\/\/erinora.com\/de\/#\/schema\/logo\/image\/\"},\"sameAs\":[\"https:\/\/www.facebook.com\/profile.php?id=61566609811576\",\"https:\/\/www.instagram.com\/erinora_tea\"]}]}<\/script>\n<!-- \/ Yoast SEO plugin. -->","yoast_head_json":{"title":"Sinergy Box \u2013 Ein ganzheitliches Teeritual f\u00fcr K\u00f6rper und Geist","description":"Eine liebevoll kuratierte Box, die Bio-Losetee, eine handgegossene Sojakerze, eine kunstvoll gefertigte Tasse, eine inspirierende Playlist und ein Notizbuch aus recyceltem Papier vereint. Eine Einladung zum bewussten Genie\u00dfen \u2013 f\u00fcr dich selbst oder als besonderes Geschenk f\u00fcr einen lieben Menschen.","robots":{"index":"index","follow":"follow","max-snippet":"max-snippet:-1","max-image-preview":"max-image-preview:large","max-video-preview":"max-video-preview:-1"},"canonical":"https:\/\/erinora.com\/de\/shop\/personalisierbare-geschenkboxen\/tee-ritual-box-online-kaufen\/","og_locale":"de_DE","og_type":"article","og_title":"Sinergy Box \u2013 Ein ganzheitliches Teeritual f\u00fcr K\u00f6rper und Geist","og_description":"Eine liebevoll kuratierte Box, die Bio-Losetee, eine handgegossene Sojakerze, eine kunstvoll gefertigte Tasse, eine inspirierende Playlist und ein Notizbuch aus recyceltem Papier vereint. Eine Einladung zum bewussten Genie\u00dfen \u2013 f\u00fcr dich selbst oder als besonderes Geschenk f\u00fcr einen lieben Menschen.","og_url":"https:\/\/erinora.com\/de\/shop\/personalisierbare-geschenkboxen\/tee-ritual-box-online-kaufen\/","og_site_name":"Erinora","article_publisher":"https:\/\/www.facebook.com\/profile.php?id=61566609811576","article_modified_time":"2025-03-24T23:54:33+00:00","og_image":[{"width":1500,"height":1083,"url":"https:\/\/erinora.com\/de\/wp-content\/uploads\/sites\/5\/2025\/02\/erinora-sinergy-tea-box.webp","type":"image\/webp"}],"twitter_card":"summary_large_image","twitter_misc":{"Gesch\u00e4tzte Lesezeit":"17\u00a0Minuten"},"schema":{"@context":"https:\/\/schema.org","@graph":[{"@type":"WebPage","@id":"https:\/\/erinora.com\/de\/shop\/personalisierbare-geschenkboxen\/tee-ritual-box-online-kaufen\/","url":"https:\/\/erinora.com\/de\/shop\/personalisierbare-geschenkboxen\/tee-ritual-box-online-kaufen\/","name":"Sinergy Box \u2013 Ein ganzheitliches Teeritual f\u00fcr K\u00f6rper und Geist","isPartOf":{"@id":"https:\/\/erinora.com\/de\/#website"},"primaryImageOfPage":{"@id":"https:\/\/erinora.com\/de\/shop\/personalisierbare-geschenkboxen\/tee-ritual-box-online-kaufen\/#primaryimage"},"image":{"@id":"https:\/\/erinora.com\/de\/shop\/personalisierbare-geschenkboxen\/tee-ritual-box-online-kaufen\/#primaryimage"},"thumbnailUrl":"https:\/\/erinora.com\/de\/wp-content\/uploads\/sites\/5\/2025\/02\/erinora-sinergy-tea-box.webp","datePublished":"2025-02-05T21:14:18+00:00","dateModified":"2025-03-24T23:54:33+00:00","description":"Eine liebevoll kuratierte Box, die Bio-Losetee, eine handgegossene Sojakerze, eine kunstvoll gefertigte Tasse, eine inspirierende Playlist und ein Notizbuch aus recyceltem Papier vereint. Eine Einladung zum bewussten Genie\u00dfen \u2013 f\u00fcr dich selbst oder als besonderes Geschenk f\u00fcr einen lieben Menschen.","breadcrumb":{"@id":"https:\/\/erinora.com\/de\/shop\/personalisierbare-geschenkboxen\/tee-ritual-box-online-kaufen\/#breadcrumb"},"inLanguage":"de","potentialAction":[{"@type":"ReadAction","target":["https:\/\/erinora.com\/de\/shop\/personalisierbare-geschenkboxen\/tee-ritual-box-online-kaufen\/"]}]},{"@type":"ImageObject","inLanguage":"de","@id":"https:\/\/erinora.com\/de\/shop\/personalisierbare-geschenkboxen\/tee-ritual-box-online-kaufen\/#primaryimage","url":"https:\/\/erinora.com\/de\/wp-content\/uploads\/sites\/5\/2025\/02\/erinora-sinergy-tea-box.webp","contentUrl":"https:\/\/erinora.com\/de\/wp-content\/uploads\/sites\/5\/2025\/02\/erinora-sinergy-tea-box.webp","width":1500,"height":1083},{"@type":"BreadcrumbList","@id":"https:\/\/erinora.com\/de\/shop\/personalisierbare-geschenkboxen\/tee-ritual-box-online-kaufen\/#breadcrumb","itemListElement":[{"@type":"ListItem","position":1,"name":"Home","item":"https:\/\/erinora.com\/de\/"},{"@type":"ListItem","position":2,"name":"Shop","item":"https:\/\/erinora.com\/de\/shop\/"},{"@type":"ListItem","position":3,"name":"Personalisierbare Geschenkboxen","item":"https:\/\/erinora.com\/de\/product-category\/personalisierbare-geschenkboxen\/"},{"@type":"ListItem","position":4,"name":"Sinergy Box"}]},{"@type":"WebSite","@id":"https:\/\/erinora.com\/de\/#website","url":"https:\/\/erinora.com\/de\/","name":"Erinora","description":"Your daily ritual","publisher":{"@id":"https:\/\/erinora.com\/de\/#organization"},"alternateName":"Erinora","potentialAction":[{"@type":"SearchAction","target":{"@type":"EntryPoint","urlTemplate":"https:\/\/erinora.com\/de\/?s={search_term_string}"},"query-input":{"@type":"PropertyValueSpecification","valueRequired":true,"valueName":"search_term_string"}}],"inLanguage":"de"},{"@type":"Organization","@id":"https:\/\/erinora.com\/de\/#organization","name":"Erinora","alternateName":"Erinora","url":"https:\/\/erinora.com\/de\/","logo":{"@type":"ImageObject","inLanguage":"de","@id":"https:\/\/erinora.com\/de\/#\/schema\/logo\/image\/","url":"https:\/\/erinora.com\/de\/wp-content\/uploads\/sites\/5\/2025\/02\/E_BrandIcon-Gradient.png","contentUrl":"https:\/\/erinora.com\/de\/wp-content\/uploads\/sites\/5\/2025\/02\/E_BrandIcon-Gradient.png","width":3000,"height":3000,"caption":"Erinora"},"image":{"@id":"https:\/\/erinora.com\/de\/#\/schema\/logo\/image\/"},"sameAs":["https:\/\/www.facebook.com\/profile.php?id=61566609811576","https:\/\/www.instagram.com\/erinora_tea"]}]}},"acf":[],"jetpack_sharing_enabled":true,"_links":{"self":[{"href":"https:\/\/erinora.com\/de\/wp-json\/wp\/v2\/product\/344","targetHints":{"allow":["GET"]}}],"collection":[{"href":"https:\/\/erinora.com\/de\/wp-json\/wp\/v2\/product"}],"about":[{"href":"https:\/\/erinora.com\/de\/wp-json\/wp\/v2\/types\/product"}],"replies":[{"embeddable":true,"href":"https:\/\/erinora.com\/de\/wp-json\/wp\/v2\/comments?post=344"}],"wp:featuredmedia":[{"embeddable":true,"href":"https:\/\/erinora.com\/de\/wp-json\/wp\/v2\/media\/358"}],"wp:attachment":[{"href":"https:\/\/erinora.com\/de\/wp-json\/wp\/v2\/media?parent=344"}],"wp:term":[{"taxonomy":"product_brand","embeddable":true,"href":"https:\/\/erinora.com\/de\/wp-json\/wp\/v2\/product_brand?post=344"},{"taxonomy":"product_cat","embeddable":true,"href":"https:\/\/erinora.com\/de\/wp-json\/wp\/v2\/product_cat?post=344"},{"taxonomy":"product_tag","embeddable":true,"href":"https:\/\/erinora.com\/de\/wp-json\/wp\/v2\/product_tag?post=344"}],"curies":[{"name":"wp","href":"https:\/\/api.w.org\/{rel}","templated":true}]}}