{"id":325,"date":"2025-02-05T22:04:16","date_gmt":"2025-02-05T21:04:16","guid":{"rendered":"https:\/\/erinora.com\/de\/?post_type=product&#038;p=325"},"modified":"2025-03-25T00:49:04","modified_gmt":"2025-03-24T23:49:04","slug":"tee-und-notizbuch-online-kaufen","status":"publish","type":"product","link":"https:\/\/erinora.com\/de\/shop\/personalisierbare-geschenkboxen\/tee-und-notizbuch-online-kaufen\/","title":{"rendered":"Inspire Box"},"content":{"rendered":"<p data-start=\"56\" data-end=\"213\">Die Inspire Box wurde entwickelt, um dich zu entschleunigen und die kleinen Momente zu genie\u00dfen, die das Leben so sch\u00f6n machen. Neben einer <strong data-start=\"227\" data-end=\"258\">Bio-Teemischung deiner Wahl<\/strong> enth\u00e4lt diese Box ein <strong data-start=\"281\" data-end=\"316\">Notizbuch aus recyceltem Papier<\/strong> \u2013 perfekt, um Tr\u00e4ume, Gedanken oder Momente der Dankbarkeit festzuhalten und Kreativit\u00e4t mit Selbstf\u00fcrsorge zu verbinden. Tee und Journaling sind das perfekte Duo, um Ruhe und Freude in deinen Alltag zu bringen. Die Inspire Box ist ein liebevolles Geschenk f\u00fcr dich selbst oder einen besonderen Menschen \u2013 f\u00fcr eine pers\u00f6nliche Auszeit voller Inspiration.<\/p>\n","protected":false},"excerpt":{"rendered":"<p>Die Inspire Box wurde entwickelt, um dich zu entschleunigen und die kleinen Momente zu genie\u00dfen, die das Leben so sch\u00f6n machen. Neben einer Bio-Teemischung deiner Wahl enth\u00e4lt diese Box ein Notizbuch aus recyceltem Papier \u2013 perfekt, um Tr\u00e4ume, Gedanken oder Momente der Dankbarkeit festzuhalten und Kreativit\u00e4t mit Selbstf\u00fcrsorge zu verbinden. Tee und Journaling sind das [&hellip;]<\/p>\n","protected":false},"featured_media":340,"comment_status":"open","ping_status":"closed","template":"","meta":{"_acf_changed":false},"product_brand":[],"product_cat":[27],"product_tag":[],"class_list":{"0":"post-325","1":"product","2":"type-product","3":"status-publish","4":"has-post-thumbnail","6":"product_cat-personalisierbare-geschenkboxen","8":"first","9":"instock","10":"shipping-taxable","11":"purchasable","12":"product-type-variable"},"yoast_head":"<!-- This site is optimized with the Yoast SEO plugin v27.0 - https:\/\/yoast.com\/product\/yoast-seo-wordpress\/ -->\n<title>Inspire Box \u2013 Kreativit\u00e4t und Entspannung im Einklang<\/title>\n<meta name=\"description\" content=\"Ein achtsames Teeritual mit Bio-Tee &amp; Notizbuch \u2013 schenkt Inspiration, Entschleunigung &amp; kreative Impulse. Perfekt f\u00fcr Teeliebhaber &amp; Achtsamkeit.\" \/>\n<meta name=\"robots\" content=\"index, follow, max-snippet:-1, max-image-preview:large, max-video-preview:-1\" \/>\n<link rel=\"canonical\" href=\"https:\/\/erinora.com\/de\/shop\/personalisierbare-geschenkboxen\/tee-und-notizbuch-online-kaufen\/\" \/>\n<meta property=\"og:locale\" content=\"de_DE\" \/>\n<meta property=\"og:type\" content=\"article\" \/>\n<meta property=\"og:title\" content=\"Inspire Box \u2013 Kreativit\u00e4t und Entspannung im Einklang\" \/>\n<meta property=\"og:description\" content=\"Ein achtsames Teeritual mit Bio-Tee &amp; Notizbuch \u2013 schenkt Inspiration, Entschleunigung &amp; kreative Impulse. Perfekt f\u00fcr Teeliebhaber &amp; Achtsamkeit.\" \/>\n<meta property=\"og:url\" content=\"https:\/\/erinora.com\/de\/shop\/personalisierbare-geschenkboxen\/tee-und-notizbuch-online-kaufen\/\" \/>\n<meta property=\"og:site_name\" content=\"Erinora\" \/>\n<meta property=\"article:publisher\" content=\"https:\/\/www.facebook.com\/profile.php?id=61566609811576\" \/>\n<meta property=\"article:modified_time\" content=\"2025-03-24T23:49:04+00:00\" \/>\n<meta property=\"og:image\" content=\"https:\/\/erinora.com\/de\/wp-content\/uploads\/sites\/5\/2025\/02\/erinora-inspire-tea-gift-box-journal.webp\" \/>\n\t<meta property=\"og:image:width\" content=\"1500\" \/>\n\t<meta property=\"og:image:height\" content=\"1083\" \/>\n\t<meta property=\"og:image:type\" content=\"image\/webp\" \/>\n<meta name=\"twitter:card\" content=\"summary_large_image\" \/>\n<meta name=\"twitter:label1\" content=\"Gesch\u00e4tzte Lesezeit\" \/>\n\t<meta name=\"twitter:data1\" content=\"14\u00a0Minuten\" \/>\n<script type=\"application\/ld+json\" class=\"yoast-schema-graph\">{\"@context\":\"https:\/\/schema.org\",\"@graph\":[{\"@type\":\"WebPage\",\"@id\":\"https:\/\/erinora.com\/de\/shop\/personalisierbare-geschenkboxen\/tee-und-notizbuch-online-kaufen\/\",\"url\":\"https:\/\/erinora.com\/de\/shop\/personalisierbare-geschenkboxen\/tee-und-notizbuch-online-kaufen\/\",\"name\":\"Inspire Box \u2013 Kreativit\u00e4t und Entspannung im Einklang\",\"isPartOf\":{\"@id\":\"https:\/\/erinora.com\/de\/#website\"},\"primaryImageOfPage\":{\"@id\":\"https:\/\/erinora.com\/de\/shop\/personalisierbare-geschenkboxen\/tee-und-notizbuch-online-kaufen\/#primaryimage\"},\"image\":{\"@id\":\"https:\/\/erinora.com\/de\/shop\/personalisierbare-geschenkboxen\/tee-und-notizbuch-online-kaufen\/#primaryimage\"},\"thumbnailUrl\":\"https:\/\/erinora.com\/de\/wp-content\/uploads\/sites\/5\/2025\/02\/erinora-inspire-tea-gift-box-journal.webp\",\"datePublished\":\"2025-02-05T21:04:16+00:00\",\"dateModified\":\"2025-03-24T23:49:04+00:00\",\"description\":\"Ein achtsames Teeritual mit Bio-Tee & Notizbuch \u2013 schenkt Inspiration, Entschleunigung & kreative Impulse. Perfekt f\u00fcr Teeliebhaber & Achtsamkeit.\",\"breadcrumb\":{\"@id\":\"https:\/\/erinora.com\/de\/shop\/personalisierbare-geschenkboxen\/tee-und-notizbuch-online-kaufen\/#breadcrumb\"},\"inLanguage\":\"de\",\"potentialAction\":[{\"@type\":\"ReadAction\",\"target\":[\"https:\/\/erinora.com\/de\/shop\/personalisierbare-geschenkboxen\/tee-und-notizbuch-online-kaufen\/\"]}]},{\"@type\":\"ImageObject\",\"inLanguage\":\"de\",\"@id\":\"https:\/\/erinora.com\/de\/shop\/personalisierbare-geschenkboxen\/tee-und-notizbuch-online-kaufen\/#primaryimage\",\"url\":\"https:\/\/erinora.com\/de\/wp-content\/uploads\/sites\/5\/2025\/02\/erinora-inspire-tea-gift-box-journal.webp\",\"contentUrl\":\"https:\/\/erinora.com\/de\/wp-content\/uploads\/sites\/5\/2025\/02\/erinora-inspire-tea-gift-box-journal.webp\",\"width\":1500,\"height\":1083},{\"@type\":\"BreadcrumbList\",\"@id\":\"https:\/\/erinora.com\/de\/shop\/personalisierbare-geschenkboxen\/tee-und-notizbuch-online-kaufen\/#breadcrumb\",\"itemListElement\":[{\"@type\":\"ListItem\",\"position\":1,\"name\":\"Home\",\"item\":\"https:\/\/erinora.com\/de\/\"},{\"@type\":\"ListItem\",\"position\":2,\"name\":\"Shop\",\"item\":\"https:\/\/erinora.com\/de\/shop\/\"},{\"@type\":\"ListItem\",\"position\":3,\"name\":\"Personalisierbare Geschenkboxen\",\"item\":\"https:\/\/erinora.com\/de\/product-category\/personalisierbare-geschenkboxen\/\"},{\"@type\":\"ListItem\",\"position\":4,\"name\":\"Inspire Box\"}]},{\"@type\":\"WebSite\",\"@id\":\"https:\/\/erinora.com\/de\/#website\",\"url\":\"https:\/\/erinora.com\/de\/\",\"name\":\"Erinora\",\"description\":\"Your daily ritual\",\"publisher\":{\"@id\":\"https:\/\/erinora.com\/de\/#organization\"},\"alternateName\":\"Erinora\",\"potentialAction\":[{\"@type\":\"SearchAction\",\"target\":{\"@type\":\"EntryPoint\",\"urlTemplate\":\"https:\/\/erinora.com\/de\/?s={search_term_string}\"},\"query-input\":{\"@type\":\"PropertyValueSpecification\",\"valueRequired\":true,\"valueName\":\"search_term_string\"}}],\"inLanguage\":\"de\"},{\"@type\":\"Organization\",\"@id\":\"https:\/\/erinora.com\/de\/#organization\",\"name\":\"Erinora\",\"alternateName\":\"Erinora\",\"url\":\"https:\/\/erinora.com\/de\/\",\"logo\":{\"@type\":\"ImageObject\",\"inLanguage\":\"de\",\"@id\":\"https:\/\/erinora.com\/de\/#\/schema\/logo\/image\/\",\"url\":\"https:\/\/erinora.com\/de\/wp-content\/uploads\/sites\/5\/2025\/02\/E_BrandIcon-Gradient.png\",\"contentUrl\":\"https:\/\/erinora.com\/de\/wp-content\/uploads\/sites\/5\/2025\/02\/E_BrandIcon-Gradient.png\",\"width\":3000,\"height\":3000,\"caption\":\"Erinora\"},\"image\":{\"@id\":\"https:\/\/erinora.com\/de\/#\/schema\/logo\/image\/\"},\"sameAs\":[\"https:\/\/www.facebook.com\/profile.php?id=61566609811576\",\"https:\/\/www.instagram.com\/erinora_tea\"]}]}<\/script>\n<!-- \/ Yoast SEO plugin. -->","yoast_head_json":{"title":"Inspire Box \u2013 Kreativit\u00e4t und Entspannung im Einklang","description":"Ein achtsames Teeritual mit Bio-Tee & Notizbuch \u2013 schenkt Inspiration, Entschleunigung & kreative Impulse. Perfekt f\u00fcr Teeliebhaber & Achtsamkeit.","robots":{"index":"index","follow":"follow","max-snippet":"max-snippet:-1","max-image-preview":"max-image-preview:large","max-video-preview":"max-video-preview:-1"},"canonical":"https:\/\/erinora.com\/de\/shop\/personalisierbare-geschenkboxen\/tee-und-notizbuch-online-kaufen\/","og_locale":"de_DE","og_type":"article","og_title":"Inspire Box \u2013 Kreativit\u00e4t und Entspannung im Einklang","og_description":"Ein achtsames Teeritual mit Bio-Tee & Notizbuch \u2013 schenkt Inspiration, Entschleunigung & kreative Impulse. Perfekt f\u00fcr Teeliebhaber & Achtsamkeit.","og_url":"https:\/\/erinora.com\/de\/shop\/personalisierbare-geschenkboxen\/tee-und-notizbuch-online-kaufen\/","og_site_name":"Erinora","article_publisher":"https:\/\/www.facebook.com\/profile.php?id=61566609811576","article_modified_time":"2025-03-24T23:49:04+00:00","og_image":[{"width":1500,"height":1083,"url":"https:\/\/erinora.com\/de\/wp-content\/uploads\/sites\/5\/2025\/02\/erinora-inspire-tea-gift-box-journal.webp","type":"image\/webp"}],"twitter_card":"summary_large_image","twitter_misc":{"Gesch\u00e4tzte Lesezeit":"14\u00a0Minuten"},"schema":{"@context":"https:\/\/schema.org","@graph":[{"@type":"WebPage","@id":"https:\/\/erinora.com\/de\/shop\/personalisierbare-geschenkboxen\/tee-und-notizbuch-online-kaufen\/","url":"https:\/\/erinora.com\/de\/shop\/personalisierbare-geschenkboxen\/tee-und-notizbuch-online-kaufen\/","name":"Inspire Box \u2013 Kreativit\u00e4t und Entspannung im Einklang","isPartOf":{"@id":"https:\/\/erinora.com\/de\/#website"},"primaryImageOfPage":{"@id":"https:\/\/erinora.com\/de\/shop\/personalisierbare-geschenkboxen\/tee-und-notizbuch-online-kaufen\/#primaryimage"},"image":{"@id":"https:\/\/erinora.com\/de\/shop\/personalisierbare-geschenkboxen\/tee-und-notizbuch-online-kaufen\/#primaryimage"},"thumbnailUrl":"https:\/\/erinora.com\/de\/wp-content\/uploads\/sites\/5\/2025\/02\/erinora-inspire-tea-gift-box-journal.webp","datePublished":"2025-02-05T21:04:16+00:00","dateModified":"2025-03-24T23:49:04+00:00","description":"Ein achtsames Teeritual mit Bio-Tee & Notizbuch \u2013 schenkt Inspiration, Entschleunigung & kreative Impulse. Perfekt f\u00fcr Teeliebhaber & Achtsamkeit.","breadcrumb":{"@id":"https:\/\/erinora.com\/de\/shop\/personalisierbare-geschenkboxen\/tee-und-notizbuch-online-kaufen\/#breadcrumb"},"inLanguage":"de","potentialAction":[{"@type":"ReadAction","target":["https:\/\/erinora.com\/de\/shop\/personalisierbare-geschenkboxen\/tee-und-notizbuch-online-kaufen\/"]}]},{"@type":"ImageObject","inLanguage":"de","@id":"https:\/\/erinora.com\/de\/shop\/personalisierbare-geschenkboxen\/tee-und-notizbuch-online-kaufen\/#primaryimage","url":"https:\/\/erinora.com\/de\/wp-content\/uploads\/sites\/5\/2025\/02\/erinora-inspire-tea-gift-box-journal.webp","contentUrl":"https:\/\/erinora.com\/de\/wp-content\/uploads\/sites\/5\/2025\/02\/erinora-inspire-tea-gift-box-journal.webp","width":1500,"height":1083},{"@type":"BreadcrumbList","@id":"https:\/\/erinora.com\/de\/shop\/personalisierbare-geschenkboxen\/tee-und-notizbuch-online-kaufen\/#breadcrumb","itemListElement":[{"@type":"ListItem","position":1,"name":"Home","item":"https:\/\/erinora.com\/de\/"},{"@type":"ListItem","position":2,"name":"Shop","item":"https:\/\/erinora.com\/de\/shop\/"},{"@type":"ListItem","position":3,"name":"Personalisierbare Geschenkboxen","item":"https:\/\/erinora.com\/de\/product-category\/personalisierbare-geschenkboxen\/"},{"@type":"ListItem","position":4,"name":"Inspire Box"}]},{"@type":"WebSite","@id":"https:\/\/erinora.com\/de\/#website","url":"https:\/\/erinora.com\/de\/","name":"Erinora","description":"Your daily ritual","publisher":{"@id":"https:\/\/erinora.com\/de\/#organization"},"alternateName":"Erinora","potentialAction":[{"@type":"SearchAction","target":{"@type":"EntryPoint","urlTemplate":"https:\/\/erinora.com\/de\/?s={search_term_string}"},"query-input":{"@type":"PropertyValueSpecification","valueRequired":true,"valueName":"search_term_string"}}],"inLanguage":"de"},{"@type":"Organization","@id":"https:\/\/erinora.com\/de\/#organization","name":"Erinora","alternateName":"Erinora","url":"https:\/\/erinora.com\/de\/","logo":{"@type":"ImageObject","inLanguage":"de","@id":"https:\/\/erinora.com\/de\/#\/schema\/logo\/image\/","url":"https:\/\/erinora.com\/de\/wp-content\/uploads\/sites\/5\/2025\/02\/E_BrandIcon-Gradient.png","contentUrl":"https:\/\/erinora.com\/de\/wp-content\/uploads\/sites\/5\/2025\/02\/E_BrandIcon-Gradient.png","width":3000,"height":3000,"caption":"Erinora"},"image":{"@id":"https:\/\/erinora.com\/de\/#\/schema\/logo\/image\/"},"sameAs":["https:\/\/www.facebook.com\/profile.php?id=61566609811576","https:\/\/www.instagram.com\/erinora_tea"]}]}},"acf":[],"jetpack_sharing_enabled":true,"_links":{"self":[{"href":"https:\/\/erinora.com\/de\/wp-json\/wp\/v2\/product\/325","targetHints":{"allow":["GET"]}}],"collection":[{"href":"https:\/\/erinora.com\/de\/wp-json\/wp\/v2\/product"}],"about":[{"href":"https:\/\/erinora.com\/de\/wp-json\/wp\/v2\/types\/product"}],"replies":[{"embeddable":true,"href":"https:\/\/erinora.com\/de\/wp-json\/wp\/v2\/comments?post=325"}],"wp:featuredmedia":[{"embeddable":true,"href":"https:\/\/erinora.com\/de\/wp-json\/wp\/v2\/media\/340"}],"wp:attachment":[{"href":"https:\/\/erinora.com\/de\/wp-json\/wp\/v2\/media?parent=325"}],"wp:term":[{"taxonomy":"product_brand","embeddable":true,"href":"https:\/\/erinora.com\/de\/wp-json\/wp\/v2\/product_brand?post=325"},{"taxonomy":"product_cat","embeddable":true,"href":"https:\/\/erinora.com\/de\/wp-json\/wp\/v2\/product_cat?post=325"},{"taxonomy":"product_tag","embeddable":true,"href":"https:\/\/erinora.com\/de\/wp-json\/wp\/v2\/product_tag?post=325"}],"curies":[{"name":"wp","href":"https:\/\/api.w.org\/{rel}","templated":true}]}}