{"id":306,"date":"2025-02-09T16:17:42","date_gmt":"2025-02-09T15:17:42","guid":{"rendered":"https:\/\/erinora.com\/de\/?post_type=product&#038;p=306"},"modified":"2025-03-25T00:53:06","modified_gmt":"2025-03-24T23:53:06","slug":"tee-starter-set","status":"publish","type":"product","link":"https:\/\/erinora.com\/de\/shop\/zubehor\/tee-starter-set\/","title":{"rendered":"Starter-Set"},"content":{"rendered":"<p>Bereichere dein Teeritual mit unserem <b>Starter-Set<\/b>, das einen Edelstahl-Teefilter mit Zangengriff, einen pr\u00e4zisen Tee-Messl\u00f6ffel und ein Wasserthermometer enth\u00e4lt.<\/p>\n<p>Dieses Set garantiert eine optimale Infusion und bringt das volle Aroma deiner liebsten losen Teemischungen zur Geltung. Kompakt und leicht zu reinigen \u2013 ideal f\u00fcr Teeeinsteiger ebenso wie f\u00fcr erfahrene Genie\u00dfer oder als perfektes Geschenk, um jemanden in die faszinierende Welt des Tees einzuf\u00fchren.<\/p>\n","protected":false},"excerpt":{"rendered":"<p>Bereichere dein Teeritual mit unserem Starter-Set, das einen Edelstahl-Teefilter mit Zangengriff, einen pr\u00e4zisen Tee-Messl\u00f6ffel und ein Wasserthermometer enth\u00e4lt. Dieses Set garantiert eine optimale Infusion und bringt das volle Aroma deiner liebsten losen Teemischungen zur Geltung. Kompakt und leicht zu reinigen \u2013 ideal f\u00fcr Teeeinsteiger ebenso wie f\u00fcr erfahrene Genie\u00dfer oder als perfektes Geschenk, um jemanden [&hellip;]<\/p>\n","protected":false},"featured_media":307,"comment_status":"open","ping_status":"closed","template":"","meta":{"_acf_changed":false},"product_brand":[],"product_cat":[28],"product_tag":[],"class_list":{"0":"post-306","1":"product","2":"type-product","3":"status-publish","4":"has-post-thumbnail","6":"product_cat-zubehor","8":"first","9":"instock","10":"shipping-taxable","11":"purchasable","12":"product-type-simple"},"yoast_head":"<!-- This site is optimized with the Yoast SEO plugin v27.0 - https:\/\/yoast.com\/product\/yoast-seo-wordpress\/ -->\n<title>Starter-Set \u2013 Das unverzichtbare Kit f\u00fcr die perfekte Zubereitung von losem<\/title>\n<meta name=\"description\" content=\"Ausgestattet mit einem Edelstahl-Teefilter, einem Tee-Messl\u00f6ffel und einem Wasserthermometer ist dieses Set perfekt f\u00fcr Teeliebhaber, Einsteiger oder als ideales Geschenk f\u00fcr alle, die das Teeritual genie\u00dfen.\" \/>\n<meta name=\"robots\" content=\"index, follow, max-snippet:-1, max-image-preview:large, max-video-preview:-1\" \/>\n<link rel=\"canonical\" href=\"https:\/\/erinora.com\/de\/shop\/zubehor\/tee-starter-set\/\" \/>\n<meta property=\"og:locale\" content=\"de_DE\" \/>\n<meta property=\"og:type\" content=\"article\" \/>\n<meta property=\"og:title\" content=\"Starter-Set \u2013 Das unverzichtbare Kit f\u00fcr die perfekte Zubereitung von losem\" \/>\n<meta property=\"og:description\" content=\"Ausgestattet mit einem Edelstahl-Teefilter, einem Tee-Messl\u00f6ffel und einem Wasserthermometer ist dieses Set perfekt f\u00fcr Teeliebhaber, Einsteiger oder als ideales Geschenk f\u00fcr alle, die das Teeritual genie\u00dfen.\" \/>\n<meta property=\"og:url\" content=\"https:\/\/erinora.com\/de\/shop\/zubehor\/tee-starter-set\/\" \/>\n<meta property=\"og:site_name\" content=\"Erinora\" \/>\n<meta property=\"article:publisher\" content=\"https:\/\/www.facebook.com\/profile.php?id=61566609811576\" \/>\n<meta property=\"article:modified_time\" content=\"2025-03-24T23:53:06+00:00\" \/>\n<meta property=\"og:image\" content=\"https:\/\/erinora.com\/de\/wp-content\/uploads\/sites\/5\/2025\/02\/tea-accessories-starter-set.webp\" \/>\n\t<meta property=\"og:image:width\" content=\"1500\" \/>\n\t<meta property=\"og:image:height\" content=\"1992\" \/>\n\t<meta property=\"og:image:type\" content=\"image\/webp\" \/>\n<meta name=\"twitter:card\" content=\"summary_large_image\" \/>\n<meta name=\"twitter:label1\" content=\"Gesch\u00e4tzte Lesezeit\" \/>\n\t<meta name=\"twitter:data1\" content=\"7\u00a0Minuten\" \/>\n<script type=\"application\/ld+json\" class=\"yoast-schema-graph\">{\"@context\":\"https:\/\/schema.org\",\"@graph\":[{\"@type\":\"WebPage\",\"@id\":\"https:\/\/erinora.com\/de\/shop\/zubehor\/tee-starter-set\/\",\"url\":\"https:\/\/erinora.com\/de\/shop\/zubehor\/tee-starter-set\/\",\"name\":\"Starter-Set \u2013 Das unverzichtbare Kit f\u00fcr die perfekte Zubereitung von losem\",\"isPartOf\":{\"@id\":\"https:\/\/erinora.com\/de\/#website\"},\"primaryImageOfPage\":{\"@id\":\"https:\/\/erinora.com\/de\/shop\/zubehor\/tee-starter-set\/#primaryimage\"},\"image\":{\"@id\":\"https:\/\/erinora.com\/de\/shop\/zubehor\/tee-starter-set\/#primaryimage\"},\"thumbnailUrl\":\"https:\/\/erinora.com\/de\/wp-content\/uploads\/sites\/5\/2025\/02\/tea-accessories-starter-set.webp\",\"datePublished\":\"2025-02-09T15:17:42+00:00\",\"dateModified\":\"2025-03-24T23:53:06+00:00\",\"description\":\"Ausgestattet mit einem Edelstahl-Teefilter, einem Tee-Messl\u00f6ffel und einem Wasserthermometer ist dieses Set perfekt f\u00fcr Teeliebhaber, Einsteiger oder als ideales Geschenk f\u00fcr alle, die das Teeritual genie\u00dfen.\",\"breadcrumb\":{\"@id\":\"https:\/\/erinora.com\/de\/shop\/zubehor\/tee-starter-set\/#breadcrumb\"},\"inLanguage\":\"de\",\"potentialAction\":[{\"@type\":\"ReadAction\",\"target\":[\"https:\/\/erinora.com\/de\/shop\/zubehor\/tee-starter-set\/\"]}]},{\"@type\":\"ImageObject\",\"inLanguage\":\"de\",\"@id\":\"https:\/\/erinora.com\/de\/shop\/zubehor\/tee-starter-set\/#primaryimage\",\"url\":\"https:\/\/erinora.com\/de\/wp-content\/uploads\/sites\/5\/2025\/02\/tea-accessories-starter-set.webp\",\"contentUrl\":\"https:\/\/erinora.com\/de\/wp-content\/uploads\/sites\/5\/2025\/02\/tea-accessories-starter-set.webp\",\"width\":1500,\"height\":1992},{\"@type\":\"BreadcrumbList\",\"@id\":\"https:\/\/erinora.com\/de\/shop\/zubehor\/tee-starter-set\/#breadcrumb\",\"itemListElement\":[{\"@type\":\"ListItem\",\"position\":1,\"name\":\"Home\",\"item\":\"https:\/\/erinora.com\/de\/\"},{\"@type\":\"ListItem\",\"position\":2,\"name\":\"Shop\",\"item\":\"https:\/\/erinora.com\/de\/shop\/\"},{\"@type\":\"ListItem\",\"position\":3,\"name\":\"Zubeh\u00f6r\",\"item\":\"https:\/\/erinora.com\/de\/product-category\/zubehor\/\"},{\"@type\":\"ListItem\",\"position\":4,\"name\":\"Starter-Set\"}]},{\"@type\":\"WebSite\",\"@id\":\"https:\/\/erinora.com\/de\/#website\",\"url\":\"https:\/\/erinora.com\/de\/\",\"name\":\"Erinora\",\"description\":\"Your daily ritual\",\"publisher\":{\"@id\":\"https:\/\/erinora.com\/de\/#organization\"},\"alternateName\":\"Erinora\",\"potentialAction\":[{\"@type\":\"SearchAction\",\"target\":{\"@type\":\"EntryPoint\",\"urlTemplate\":\"https:\/\/erinora.com\/de\/?s={search_term_string}\"},\"query-input\":{\"@type\":\"PropertyValueSpecification\",\"valueRequired\":true,\"valueName\":\"search_term_string\"}}],\"inLanguage\":\"de\"},{\"@type\":\"Organization\",\"@id\":\"https:\/\/erinora.com\/de\/#organization\",\"name\":\"Erinora\",\"alternateName\":\"Erinora\",\"url\":\"https:\/\/erinora.com\/de\/\",\"logo\":{\"@type\":\"ImageObject\",\"inLanguage\":\"de\",\"@id\":\"https:\/\/erinora.com\/de\/#\/schema\/logo\/image\/\",\"url\":\"https:\/\/erinora.com\/de\/wp-content\/uploads\/sites\/5\/2025\/02\/E_BrandIcon-Gradient.png\",\"contentUrl\":\"https:\/\/erinora.com\/de\/wp-content\/uploads\/sites\/5\/2025\/02\/E_BrandIcon-Gradient.png\",\"width\":3000,\"height\":3000,\"caption\":\"Erinora\"},\"image\":{\"@id\":\"https:\/\/erinora.com\/de\/#\/schema\/logo\/image\/\"},\"sameAs\":[\"https:\/\/www.facebook.com\/profile.php?id=61566609811576\",\"https:\/\/www.instagram.com\/erinora_tea\"]}]}<\/script>\n<!-- \/ Yoast SEO plugin. -->","yoast_head_json":{"title":"Starter-Set \u2013 Das unverzichtbare Kit f\u00fcr die perfekte Zubereitung von losem","description":"Ausgestattet mit einem Edelstahl-Teefilter, einem Tee-Messl\u00f6ffel und einem Wasserthermometer ist dieses Set perfekt f\u00fcr Teeliebhaber, Einsteiger oder als ideales Geschenk f\u00fcr alle, die das Teeritual genie\u00dfen.","robots":{"index":"index","follow":"follow","max-snippet":"max-snippet:-1","max-image-preview":"max-image-preview:large","max-video-preview":"max-video-preview:-1"},"canonical":"https:\/\/erinora.com\/de\/shop\/zubehor\/tee-starter-set\/","og_locale":"de_DE","og_type":"article","og_title":"Starter-Set \u2013 Das unverzichtbare Kit f\u00fcr die perfekte Zubereitung von losem","og_description":"Ausgestattet mit einem Edelstahl-Teefilter, einem Tee-Messl\u00f6ffel und einem Wasserthermometer ist dieses Set perfekt f\u00fcr Teeliebhaber, Einsteiger oder als ideales Geschenk f\u00fcr alle, die das Teeritual genie\u00dfen.","og_url":"https:\/\/erinora.com\/de\/shop\/zubehor\/tee-starter-set\/","og_site_name":"Erinora","article_publisher":"https:\/\/www.facebook.com\/profile.php?id=61566609811576","article_modified_time":"2025-03-24T23:53:06+00:00","og_image":[{"width":1500,"height":1992,"url":"https:\/\/erinora.com\/de\/wp-content\/uploads\/sites\/5\/2025\/02\/tea-accessories-starter-set.webp","type":"image\/webp"}],"twitter_card":"summary_large_image","twitter_misc":{"Gesch\u00e4tzte Lesezeit":"7\u00a0Minuten"},"schema":{"@context":"https:\/\/schema.org","@graph":[{"@type":"WebPage","@id":"https:\/\/erinora.com\/de\/shop\/zubehor\/tee-starter-set\/","url":"https:\/\/erinora.com\/de\/shop\/zubehor\/tee-starter-set\/","name":"Starter-Set \u2013 Das unverzichtbare Kit f\u00fcr die perfekte Zubereitung von losem","isPartOf":{"@id":"https:\/\/erinora.com\/de\/#website"},"primaryImageOfPage":{"@id":"https:\/\/erinora.com\/de\/shop\/zubehor\/tee-starter-set\/#primaryimage"},"image":{"@id":"https:\/\/erinora.com\/de\/shop\/zubehor\/tee-starter-set\/#primaryimage"},"thumbnailUrl":"https:\/\/erinora.com\/de\/wp-content\/uploads\/sites\/5\/2025\/02\/tea-accessories-starter-set.webp","datePublished":"2025-02-09T15:17:42+00:00","dateModified":"2025-03-24T23:53:06+00:00","description":"Ausgestattet mit einem Edelstahl-Teefilter, einem Tee-Messl\u00f6ffel und einem Wasserthermometer ist dieses Set perfekt f\u00fcr Teeliebhaber, Einsteiger oder als ideales Geschenk f\u00fcr alle, die das Teeritual genie\u00dfen.","breadcrumb":{"@id":"https:\/\/erinora.com\/de\/shop\/zubehor\/tee-starter-set\/#breadcrumb"},"inLanguage":"de","potentialAction":[{"@type":"ReadAction","target":["https:\/\/erinora.com\/de\/shop\/zubehor\/tee-starter-set\/"]}]},{"@type":"ImageObject","inLanguage":"de","@id":"https:\/\/erinora.com\/de\/shop\/zubehor\/tee-starter-set\/#primaryimage","url":"https:\/\/erinora.com\/de\/wp-content\/uploads\/sites\/5\/2025\/02\/tea-accessories-starter-set.webp","contentUrl":"https:\/\/erinora.com\/de\/wp-content\/uploads\/sites\/5\/2025\/02\/tea-accessories-starter-set.webp","width":1500,"height":1992},{"@type":"BreadcrumbList","@id":"https:\/\/erinora.com\/de\/shop\/zubehor\/tee-starter-set\/#breadcrumb","itemListElement":[{"@type":"ListItem","position":1,"name":"Home","item":"https:\/\/erinora.com\/de\/"},{"@type":"ListItem","position":2,"name":"Shop","item":"https:\/\/erinora.com\/de\/shop\/"},{"@type":"ListItem","position":3,"name":"Zubeh\u00f6r","item":"https:\/\/erinora.com\/de\/product-category\/zubehor\/"},{"@type":"ListItem","position":4,"name":"Starter-Set"}]},{"@type":"WebSite","@id":"https:\/\/erinora.com\/de\/#website","url":"https:\/\/erinora.com\/de\/","name":"Erinora","description":"Your daily ritual","publisher":{"@id":"https:\/\/erinora.com\/de\/#organization"},"alternateName":"Erinora","potentialAction":[{"@type":"SearchAction","target":{"@type":"EntryPoint","urlTemplate":"https:\/\/erinora.com\/de\/?s={search_term_string}"},"query-input":{"@type":"PropertyValueSpecification","valueRequired":true,"valueName":"search_term_string"}}],"inLanguage":"de"},{"@type":"Organization","@id":"https:\/\/erinora.com\/de\/#organization","name":"Erinora","alternateName":"Erinora","url":"https:\/\/erinora.com\/de\/","logo":{"@type":"ImageObject","inLanguage":"de","@id":"https:\/\/erinora.com\/de\/#\/schema\/logo\/image\/","url":"https:\/\/erinora.com\/de\/wp-content\/uploads\/sites\/5\/2025\/02\/E_BrandIcon-Gradient.png","contentUrl":"https:\/\/erinora.com\/de\/wp-content\/uploads\/sites\/5\/2025\/02\/E_BrandIcon-Gradient.png","width":3000,"height":3000,"caption":"Erinora"},"image":{"@id":"https:\/\/erinora.com\/de\/#\/schema\/logo\/image\/"},"sameAs":["https:\/\/www.facebook.com\/profile.php?id=61566609811576","https:\/\/www.instagram.com\/erinora_tea"]}]}},"acf":[],"jetpack_sharing_enabled":true,"_links":{"self":[{"href":"https:\/\/erinora.com\/de\/wp-json\/wp\/v2\/product\/306","targetHints":{"allow":["GET"]}}],"collection":[{"href":"https:\/\/erinora.com\/de\/wp-json\/wp\/v2\/product"}],"about":[{"href":"https:\/\/erinora.com\/de\/wp-json\/wp\/v2\/types\/product"}],"replies":[{"embeddable":true,"href":"https:\/\/erinora.com\/de\/wp-json\/wp\/v2\/comments?post=306"}],"wp:featuredmedia":[{"embeddable":true,"href":"https:\/\/erinora.com\/de\/wp-json\/wp\/v2\/media\/307"}],"wp:attachment":[{"href":"https:\/\/erinora.com\/de\/wp-json\/wp\/v2\/media?parent=306"}],"wp:term":[{"taxonomy":"product_brand","embeddable":true,"href":"https:\/\/erinora.com\/de\/wp-json\/wp\/v2\/product_brand?post=306"},{"taxonomy":"product_cat","embeddable":true,"href":"https:\/\/erinora.com\/de\/wp-json\/wp\/v2\/product_cat?post=306"},{"taxonomy":"product_tag","embeddable":true,"href":"https:\/\/erinora.com\/de\/wp-json\/wp\/v2\/product_tag?post=306"}],"curies":[{"name":"wp","href":"https:\/\/api.w.org\/{rel}","templated":true}]}}