{"id":295,"date":"2025-02-09T15:49:58","date_gmt":"2025-02-09T14:49:58","guid":{"rendered":"https:\/\/erinora.com\/de\/?post_type=product&#038;p=295"},"modified":"2025-02-27T18:31:08","modified_gmt":"2025-02-27T17:31:08","slug":"tee-messloeffel","status":"publish","type":"product","link":"https:\/\/erinora.com\/de\/shop\/zubehor\/tee-messloeffel\/","title":{"rendered":"Tee-Messl\u00f6ffel"},"content":{"rendered":"<p>Die Zubereitung einer perfekten Tasse Tee beginnt mit der richtigen Menge an Teebl\u00e4ttern \u2013 und dieses kleine Werkzeug macht es dir besonders einfach. Unser Tee-Messl\u00f6ffel nimmt das R\u00e4tselraten aus der Dosierung und garantiert die perfekte Menge f\u00fcr jede Tasse.<\/p>\n","protected":false},"excerpt":{"rendered":"<p>Die Zubereitung einer perfekten Tasse Tee beginnt mit der richtigen Menge an Teebl\u00e4ttern \u2013 und dieses kleine Werkzeug macht es dir besonders einfach. Unser Tee-Messl\u00f6ffel nimmt das R\u00e4tselraten aus der Dosierung und garantiert die perfekte Menge f\u00fcr jede Tasse.<\/p>\n","protected":false},"featured_media":296,"comment_status":"open","ping_status":"closed","template":"","meta":{"_acf_changed":false},"product_brand":[],"product_cat":[28],"product_tag":[],"class_list":{"0":"post-295","1":"product","2":"type-product","3":"status-publish","4":"has-post-thumbnail","6":"product_cat-zubehor","8":"first","9":"instock","10":"shipping-taxable","11":"purchasable","12":"product-type-simple"},"yoast_head":"<!-- This site is optimized with the Yoast SEO plugin v27.0 - https:\/\/yoast.com\/product\/yoast-seo-wordpress\/ -->\n<title>Tee-Messl\u00f6ffel \u2013 Pr\u00e4zises Dosieren f\u00fcr losen Tee<\/title>\n<meta name=\"description\" content=\"Genie\u00dfe jedes Mal die perfekte Tasse Tee mit unserem hochwertigen Tee-Messl\u00f6ffel aus Edelstahl. Hergestellt aus langlebigen, umweltfreundlichen Materialien, sorgt er f\u00fcr das ideale Verh\u00e4ltnis von Tee und Wasser f\u00fcr eine optimale Infusion.\" \/>\n<meta name=\"robots\" content=\"index, follow, max-snippet:-1, max-image-preview:large, max-video-preview:-1\" \/>\n<link rel=\"canonical\" href=\"https:\/\/erinora.com\/de\/shop\/zubehor\/tee-messloeffel\/\" \/>\n<meta property=\"og:locale\" content=\"de_DE\" \/>\n<meta property=\"og:type\" content=\"article\" \/>\n<meta property=\"og:title\" content=\"Tee-Messl\u00f6ffel \u2013 Pr\u00e4zises Dosieren f\u00fcr losen Tee\" \/>\n<meta property=\"og:description\" content=\"Genie\u00dfe jedes Mal die perfekte Tasse Tee mit unserem hochwertigen Tee-Messl\u00f6ffel aus Edelstahl. Hergestellt aus langlebigen, umweltfreundlichen Materialien, sorgt er f\u00fcr das ideale Verh\u00e4ltnis von Tee und Wasser f\u00fcr eine optimale Infusion.\" \/>\n<meta property=\"og:url\" content=\"https:\/\/erinora.com\/de\/shop\/zubehor\/tee-messloeffel\/\" \/>\n<meta property=\"og:site_name\" content=\"Erinora\" \/>\n<meta property=\"article:publisher\" content=\"https:\/\/www.facebook.com\/profile.php?id=61566609811576\" \/>\n<meta property=\"article:modified_time\" content=\"2025-02-27T17:31:08+00:00\" \/>\n<meta property=\"og:image\" content=\"https:\/\/erinora.com\/de\/wp-content\/uploads\/sites\/5\/2025\/02\/erinora-perfect-cup-tea-spoon.webp\" \/>\n\t<meta property=\"og:image:width\" content=\"1500\" \/>\n\t<meta property=\"og:image:height\" content=\"1992\" \/>\n\t<meta property=\"og:image:type\" content=\"image\/webp\" \/>\n<meta name=\"twitter:card\" content=\"summary_large_image\" \/>\n<meta name=\"twitter:label1\" content=\"Gesch\u00e4tzte Lesezeit\" \/>\n\t<meta name=\"twitter:data1\" content=\"4\u00a0Minuten\" \/>\n<script type=\"application\/ld+json\" class=\"yoast-schema-graph\">{\"@context\":\"https:\/\/schema.org\",\"@graph\":[{\"@type\":\"WebPage\",\"@id\":\"https:\/\/erinora.com\/de\/shop\/zubehor\/tee-messloeffel\/\",\"url\":\"https:\/\/erinora.com\/de\/shop\/zubehor\/tee-messloeffel\/\",\"name\":\"Tee-Messl\u00f6ffel \u2013 Pr\u00e4zises Dosieren f\u00fcr losen Tee\",\"isPartOf\":{\"@id\":\"https:\/\/erinora.com\/de\/#website\"},\"primaryImageOfPage\":{\"@id\":\"https:\/\/erinora.com\/de\/shop\/zubehor\/tee-messloeffel\/#primaryimage\"},\"image\":{\"@id\":\"https:\/\/erinora.com\/de\/shop\/zubehor\/tee-messloeffel\/#primaryimage\"},\"thumbnailUrl\":\"https:\/\/erinora.com\/de\/wp-content\/uploads\/sites\/5\/2025\/02\/erinora-perfect-cup-tea-spoon.webp\",\"datePublished\":\"2025-02-09T14:49:58+00:00\",\"dateModified\":\"2025-02-27T17:31:08+00:00\",\"description\":\"Genie\u00dfe jedes Mal die perfekte Tasse Tee mit unserem hochwertigen Tee-Messl\u00f6ffel aus Edelstahl. Hergestellt aus langlebigen, umweltfreundlichen Materialien, sorgt er f\u00fcr das ideale Verh\u00e4ltnis von Tee und Wasser f\u00fcr eine optimale Infusion.\",\"breadcrumb\":{\"@id\":\"https:\/\/erinora.com\/de\/shop\/zubehor\/tee-messloeffel\/#breadcrumb\"},\"inLanguage\":\"de\",\"potentialAction\":[{\"@type\":\"ReadAction\",\"target\":[\"https:\/\/erinora.com\/de\/shop\/zubehor\/tee-messloeffel\/\"]}]},{\"@type\":\"ImageObject\",\"inLanguage\":\"de\",\"@id\":\"https:\/\/erinora.com\/de\/shop\/zubehor\/tee-messloeffel\/#primaryimage\",\"url\":\"https:\/\/erinora.com\/de\/wp-content\/uploads\/sites\/5\/2025\/02\/erinora-perfect-cup-tea-spoon.webp\",\"contentUrl\":\"https:\/\/erinora.com\/de\/wp-content\/uploads\/sites\/5\/2025\/02\/erinora-perfect-cup-tea-spoon.webp\",\"width\":1500,\"height\":1992},{\"@type\":\"BreadcrumbList\",\"@id\":\"https:\/\/erinora.com\/de\/shop\/zubehor\/tee-messloeffel\/#breadcrumb\",\"itemListElement\":[{\"@type\":\"ListItem\",\"position\":1,\"name\":\"Home\",\"item\":\"https:\/\/erinora.com\/de\/\"},{\"@type\":\"ListItem\",\"position\":2,\"name\":\"Shop\",\"item\":\"https:\/\/erinora.com\/de\/shop\/\"},{\"@type\":\"ListItem\",\"position\":3,\"name\":\"Zubeh\u00f6r\",\"item\":\"https:\/\/erinora.com\/de\/product-category\/zubehor\/\"},{\"@type\":\"ListItem\",\"position\":4,\"name\":\"Tee-Messl\u00f6ffel\"}]},{\"@type\":\"WebSite\",\"@id\":\"https:\/\/erinora.com\/de\/#website\",\"url\":\"https:\/\/erinora.com\/de\/\",\"name\":\"Erinora\",\"description\":\"Your daily ritual\",\"publisher\":{\"@id\":\"https:\/\/erinora.com\/de\/#organization\"},\"alternateName\":\"Erinora\",\"potentialAction\":[{\"@type\":\"SearchAction\",\"target\":{\"@type\":\"EntryPoint\",\"urlTemplate\":\"https:\/\/erinora.com\/de\/?s={search_term_string}\"},\"query-input\":{\"@type\":\"PropertyValueSpecification\",\"valueRequired\":true,\"valueName\":\"search_term_string\"}}],\"inLanguage\":\"de\"},{\"@type\":\"Organization\",\"@id\":\"https:\/\/erinora.com\/de\/#organization\",\"name\":\"Erinora\",\"alternateName\":\"Erinora\",\"url\":\"https:\/\/erinora.com\/de\/\",\"logo\":{\"@type\":\"ImageObject\",\"inLanguage\":\"de\",\"@id\":\"https:\/\/erinora.com\/de\/#\/schema\/logo\/image\/\",\"url\":\"https:\/\/erinora.com\/de\/wp-content\/uploads\/sites\/5\/2025\/02\/E_BrandIcon-Gradient.png\",\"contentUrl\":\"https:\/\/erinora.com\/de\/wp-content\/uploads\/sites\/5\/2025\/02\/E_BrandIcon-Gradient.png\",\"width\":3000,\"height\":3000,\"caption\":\"Erinora\"},\"image\":{\"@id\":\"https:\/\/erinora.com\/de\/#\/schema\/logo\/image\/\"},\"sameAs\":[\"https:\/\/www.facebook.com\/profile.php?id=61566609811576\",\"https:\/\/www.instagram.com\/erinora_tea\"]}]}<\/script>\n<!-- \/ Yoast SEO plugin. -->","yoast_head_json":{"title":"Tee-Messl\u00f6ffel \u2013 Pr\u00e4zises Dosieren f\u00fcr losen Tee","description":"Genie\u00dfe jedes Mal die perfekte Tasse Tee mit unserem hochwertigen Tee-Messl\u00f6ffel aus Edelstahl. Hergestellt aus langlebigen, umweltfreundlichen Materialien, sorgt er f\u00fcr das ideale Verh\u00e4ltnis von Tee und Wasser f\u00fcr eine optimale Infusion.","robots":{"index":"index","follow":"follow","max-snippet":"max-snippet:-1","max-image-preview":"max-image-preview:large","max-video-preview":"max-video-preview:-1"},"canonical":"https:\/\/erinora.com\/de\/shop\/zubehor\/tee-messloeffel\/","og_locale":"de_DE","og_type":"article","og_title":"Tee-Messl\u00f6ffel \u2013 Pr\u00e4zises Dosieren f\u00fcr losen Tee","og_description":"Genie\u00dfe jedes Mal die perfekte Tasse Tee mit unserem hochwertigen Tee-Messl\u00f6ffel aus Edelstahl. Hergestellt aus langlebigen, umweltfreundlichen Materialien, sorgt er f\u00fcr das ideale Verh\u00e4ltnis von Tee und Wasser f\u00fcr eine optimale Infusion.","og_url":"https:\/\/erinora.com\/de\/shop\/zubehor\/tee-messloeffel\/","og_site_name":"Erinora","article_publisher":"https:\/\/www.facebook.com\/profile.php?id=61566609811576","article_modified_time":"2025-02-27T17:31:08+00:00","og_image":[{"width":1500,"height":1992,"url":"https:\/\/erinora.com\/de\/wp-content\/uploads\/sites\/5\/2025\/02\/erinora-perfect-cup-tea-spoon.webp","type":"image\/webp"}],"twitter_card":"summary_large_image","twitter_misc":{"Gesch\u00e4tzte Lesezeit":"4\u00a0Minuten"},"schema":{"@context":"https:\/\/schema.org","@graph":[{"@type":"WebPage","@id":"https:\/\/erinora.com\/de\/shop\/zubehor\/tee-messloeffel\/","url":"https:\/\/erinora.com\/de\/shop\/zubehor\/tee-messloeffel\/","name":"Tee-Messl\u00f6ffel \u2013 Pr\u00e4zises Dosieren f\u00fcr losen Tee","isPartOf":{"@id":"https:\/\/erinora.com\/de\/#website"},"primaryImageOfPage":{"@id":"https:\/\/erinora.com\/de\/shop\/zubehor\/tee-messloeffel\/#primaryimage"},"image":{"@id":"https:\/\/erinora.com\/de\/shop\/zubehor\/tee-messloeffel\/#primaryimage"},"thumbnailUrl":"https:\/\/erinora.com\/de\/wp-content\/uploads\/sites\/5\/2025\/02\/erinora-perfect-cup-tea-spoon.webp","datePublished":"2025-02-09T14:49:58+00:00","dateModified":"2025-02-27T17:31:08+00:00","description":"Genie\u00dfe jedes Mal die perfekte Tasse Tee mit unserem hochwertigen Tee-Messl\u00f6ffel aus Edelstahl. Hergestellt aus langlebigen, umweltfreundlichen Materialien, sorgt er f\u00fcr das ideale Verh\u00e4ltnis von Tee und Wasser f\u00fcr eine optimale Infusion.","breadcrumb":{"@id":"https:\/\/erinora.com\/de\/shop\/zubehor\/tee-messloeffel\/#breadcrumb"},"inLanguage":"de","potentialAction":[{"@type":"ReadAction","target":["https:\/\/erinora.com\/de\/shop\/zubehor\/tee-messloeffel\/"]}]},{"@type":"ImageObject","inLanguage":"de","@id":"https:\/\/erinora.com\/de\/shop\/zubehor\/tee-messloeffel\/#primaryimage","url":"https:\/\/erinora.com\/de\/wp-content\/uploads\/sites\/5\/2025\/02\/erinora-perfect-cup-tea-spoon.webp","contentUrl":"https:\/\/erinora.com\/de\/wp-content\/uploads\/sites\/5\/2025\/02\/erinora-perfect-cup-tea-spoon.webp","width":1500,"height":1992},{"@type":"BreadcrumbList","@id":"https:\/\/erinora.com\/de\/shop\/zubehor\/tee-messloeffel\/#breadcrumb","itemListElement":[{"@type":"ListItem","position":1,"name":"Home","item":"https:\/\/erinora.com\/de\/"},{"@type":"ListItem","position":2,"name":"Shop","item":"https:\/\/erinora.com\/de\/shop\/"},{"@type":"ListItem","position":3,"name":"Zubeh\u00f6r","item":"https:\/\/erinora.com\/de\/product-category\/zubehor\/"},{"@type":"ListItem","position":4,"name":"Tee-Messl\u00f6ffel"}]},{"@type":"WebSite","@id":"https:\/\/erinora.com\/de\/#website","url":"https:\/\/erinora.com\/de\/","name":"Erinora","description":"Your daily ritual","publisher":{"@id":"https:\/\/erinora.com\/de\/#organization"},"alternateName":"Erinora","potentialAction":[{"@type":"SearchAction","target":{"@type":"EntryPoint","urlTemplate":"https:\/\/erinora.com\/de\/?s={search_term_string}"},"query-input":{"@type":"PropertyValueSpecification","valueRequired":true,"valueName":"search_term_string"}}],"inLanguage":"de"},{"@type":"Organization","@id":"https:\/\/erinora.com\/de\/#organization","name":"Erinora","alternateName":"Erinora","url":"https:\/\/erinora.com\/de\/","logo":{"@type":"ImageObject","inLanguage":"de","@id":"https:\/\/erinora.com\/de\/#\/schema\/logo\/image\/","url":"https:\/\/erinora.com\/de\/wp-content\/uploads\/sites\/5\/2025\/02\/E_BrandIcon-Gradient.png","contentUrl":"https:\/\/erinora.com\/de\/wp-content\/uploads\/sites\/5\/2025\/02\/E_BrandIcon-Gradient.png","width":3000,"height":3000,"caption":"Erinora"},"image":{"@id":"https:\/\/erinora.com\/de\/#\/schema\/logo\/image\/"},"sameAs":["https:\/\/www.facebook.com\/profile.php?id=61566609811576","https:\/\/www.instagram.com\/erinora_tea"]}]}},"acf":[],"jetpack_sharing_enabled":true,"_links":{"self":[{"href":"https:\/\/erinora.com\/de\/wp-json\/wp\/v2\/product\/295","targetHints":{"allow":["GET"]}}],"collection":[{"href":"https:\/\/erinora.com\/de\/wp-json\/wp\/v2\/product"}],"about":[{"href":"https:\/\/erinora.com\/de\/wp-json\/wp\/v2\/types\/product"}],"replies":[{"embeddable":true,"href":"https:\/\/erinora.com\/de\/wp-json\/wp\/v2\/comments?post=295"}],"wp:featuredmedia":[{"embeddable":true,"href":"https:\/\/erinora.com\/de\/wp-json\/wp\/v2\/media\/296"}],"wp:attachment":[{"href":"https:\/\/erinora.com\/de\/wp-json\/wp\/v2\/media?parent=295"}],"wp:term":[{"taxonomy":"product_brand","embeddable":true,"href":"https:\/\/erinora.com\/de\/wp-json\/wp\/v2\/product_brand?post=295"},{"taxonomy":"product_cat","embeddable":true,"href":"https:\/\/erinora.com\/de\/wp-json\/wp\/v2\/product_cat?post=295"},{"taxonomy":"product_tag","embeddable":true,"href":"https:\/\/erinora.com\/de\/wp-json\/wp\/v2\/product_tag?post=295"}],"curies":[{"name":"wp","href":"https:\/\/api.w.org\/{rel}","templated":true}]}}