{"id":231,"date":"2025-02-05T14:08:24","date_gmt":"2025-02-05T13:08:24","guid":{"rendered":"https:\/\/erinora.com\/de\/?post_type=product&#038;p=231"},"modified":"2025-03-25T00:55:23","modified_gmt":"2025-03-24T23:55:23","slug":"tee-mit-tasse-online-kaufen","status":"publish","type":"product","link":"https:\/\/erinora.com\/de\/shop\/personalisierbare-geschenkboxen\/tee-mit-tasse-online-kaufen\/","title":{"rendered":"Artisan Box"},"content":{"rendered":"<p>Unsere Artisan Erlebnissbox hebt dein Teeritual auf ein v\u00f6llig neues Niveau. Ob als besonderes Geschenk f\u00fcr dich selbst oder f\u00fcr einen lieben Menschen \u2013 diese Box vereint exquisiten <strong>Tee mit einer handgefertigten Keramiktasse<\/strong>, die mit Liebe und Hingabe in einer kleinen toskanischen Werkstatt entsteht. Jede Tasse ist ein echtes Unikat und spiegelt die Leidenschaft und das K\u00f6nnen des Kunsthandwerks wider. Hier verschmelzen meisterhafte Handwerkskunst und nachhaltiges Design zu einem Geschenk mit Herz \u2013 eine Hommage an die Freude am Tee und die Sch\u00f6nheit echter Handarbeit.<\/p>\n","protected":false},"excerpt":{"rendered":"<p>Unsere Artisan Erlebnissbox hebt dein Teeritual auf ein v\u00f6llig neues Niveau. Ob als besonderes Geschenk f\u00fcr dich selbst oder f\u00fcr einen lieben Menschen \u2013 diese Box vereint exquisiten Tee mit einer handgefertigten Keramiktasse, die mit Liebe und Hingabe in einer kleinen toskanischen Werkstatt entsteht. Jede Tasse ist ein echtes Unikat und spiegelt die Leidenschaft und [&hellip;]<\/p>\n","protected":false},"featured_media":270,"comment_status":"open","ping_status":"closed","template":"","meta":{"_acf_changed":false},"product_brand":[],"product_cat":[27],"product_tag":[],"class_list":{"0":"post-231","1":"product","2":"type-product","3":"status-publish","4":"has-post-thumbnail","6":"product_cat-personalisierbare-geschenkboxen","8":"first","9":"instock","10":"shipping-taxable","11":"purchasable","12":"product-type-variable"},"yoast_head":"<!-- This site is optimized with the Yoast SEO plugin v27.0 - https:\/\/yoast.com\/product\/yoast-seo-wordpress\/ -->\n<title>Artisan Box \u2013 Teegenuss mit italienischer Handwerkskunst<\/title>\n<meta name=\"description\" content=\"Erlebe die perfekte Verbindung aus hochwertigem Bio-Losetee und einer handgefertigten Tasse aus einer toskanischen Manufaktur. W\u00e4hle deine Lieblingsmischung und bereichere dein Teeritual mit zeitloser Handwerkskunst. Ein einzigartiges Geschenk f\u00fcr Teeliebhaber und alle, die Wert auf Qualit\u00e4t und \u00c4sthetik legen.\" \/>\n<meta name=\"robots\" content=\"index, follow, max-snippet:-1, max-image-preview:large, max-video-preview:-1\" \/>\n<link rel=\"canonical\" href=\"https:\/\/erinora.com\/de\/shop\/personalisierbare-geschenkboxen\/tee-mit-tasse-online-kaufen\/\" \/>\n<meta property=\"og:locale\" content=\"de_DE\" \/>\n<meta property=\"og:type\" content=\"article\" \/>\n<meta property=\"og:title\" content=\"Artisan Box \u2013 Teegenuss mit italienischer Handwerkskunst\" \/>\n<meta property=\"og:description\" content=\"Erlebe die perfekte Verbindung aus hochwertigem Bio-Losetee und einer handgefertigten Tasse aus einer toskanischen Manufaktur. W\u00e4hle deine Lieblingsmischung und bereichere dein Teeritual mit zeitloser Handwerkskunst. Ein einzigartiges Geschenk f\u00fcr Teeliebhaber und alle, die Wert auf Qualit\u00e4t und \u00c4sthetik legen.\" \/>\n<meta property=\"og:url\" content=\"https:\/\/erinora.com\/de\/shop\/personalisierbare-geschenkboxen\/tee-mit-tasse-online-kaufen\/\" \/>\n<meta property=\"og:site_name\" content=\"Erinora\" \/>\n<meta property=\"article:publisher\" content=\"https:\/\/www.facebook.com\/profile.php?id=61566609811576\" \/>\n<meta property=\"article:modified_time\" content=\"2025-03-24T23:55:23+00:00\" \/>\n<meta property=\"og:image\" content=\"https:\/\/erinora.com\/de\/wp-content\/uploads\/sites\/5\/2025\/02\/artisan-tea-and-cup-gift-box.webp\" \/>\n\t<meta property=\"og:image:width\" content=\"1500\" \/>\n\t<meta property=\"og:image:height\" content=\"1083\" \/>\n\t<meta property=\"og:image:type\" content=\"image\/webp\" \/>\n<meta name=\"twitter:card\" content=\"summary_large_image\" \/>\n<meta name=\"twitter:label1\" content=\"Gesch\u00e4tzte Lesezeit\" \/>\n\t<meta name=\"twitter:data1\" content=\"15\u00a0Minuten\" \/>\n<script type=\"application\/ld+json\" class=\"yoast-schema-graph\">{\"@context\":\"https:\/\/schema.org\",\"@graph\":[{\"@type\":\"WebPage\",\"@id\":\"https:\/\/erinora.com\/de\/shop\/personalisierbare-geschenkboxen\/tee-mit-tasse-online-kaufen\/\",\"url\":\"https:\/\/erinora.com\/de\/shop\/personalisierbare-geschenkboxen\/tee-mit-tasse-online-kaufen\/\",\"name\":\"Artisan Box \u2013 Teegenuss mit italienischer Handwerkskunst\",\"isPartOf\":{\"@id\":\"https:\/\/erinora.com\/de\/#website\"},\"primaryImageOfPage\":{\"@id\":\"https:\/\/erinora.com\/de\/shop\/personalisierbare-geschenkboxen\/tee-mit-tasse-online-kaufen\/#primaryimage\"},\"image\":{\"@id\":\"https:\/\/erinora.com\/de\/shop\/personalisierbare-geschenkboxen\/tee-mit-tasse-online-kaufen\/#primaryimage\"},\"thumbnailUrl\":\"https:\/\/erinora.com\/de\/wp-content\/uploads\/sites\/5\/2025\/02\/artisan-tea-and-cup-gift-box.webp\",\"datePublished\":\"2025-02-05T13:08:24+00:00\",\"dateModified\":\"2025-03-24T23:55:23+00:00\",\"description\":\"Erlebe die perfekte Verbindung aus hochwertigem Bio-Losetee und einer handgefertigten Tasse aus einer toskanischen Manufaktur. W\u00e4hle deine Lieblingsmischung und bereichere dein Teeritual mit zeitloser Handwerkskunst. Ein einzigartiges Geschenk f\u00fcr Teeliebhaber und alle, die Wert auf Qualit\u00e4t und \u00c4sthetik legen.\",\"breadcrumb\":{\"@id\":\"https:\/\/erinora.com\/de\/shop\/personalisierbare-geschenkboxen\/tee-mit-tasse-online-kaufen\/#breadcrumb\"},\"inLanguage\":\"de\",\"potentialAction\":[{\"@type\":\"ReadAction\",\"target\":[\"https:\/\/erinora.com\/de\/shop\/personalisierbare-geschenkboxen\/tee-mit-tasse-online-kaufen\/\"]}]},{\"@type\":\"ImageObject\",\"inLanguage\":\"de\",\"@id\":\"https:\/\/erinora.com\/de\/shop\/personalisierbare-geschenkboxen\/tee-mit-tasse-online-kaufen\/#primaryimage\",\"url\":\"https:\/\/erinora.com\/de\/wp-content\/uploads\/sites\/5\/2025\/02\/artisan-tea-and-cup-gift-box.webp\",\"contentUrl\":\"https:\/\/erinora.com\/de\/wp-content\/uploads\/sites\/5\/2025\/02\/artisan-tea-and-cup-gift-box.webp\",\"width\":1500,\"height\":1083},{\"@type\":\"BreadcrumbList\",\"@id\":\"https:\/\/erinora.com\/de\/shop\/personalisierbare-geschenkboxen\/tee-mit-tasse-online-kaufen\/#breadcrumb\",\"itemListElement\":[{\"@type\":\"ListItem\",\"position\":1,\"name\":\"Home\",\"item\":\"https:\/\/erinora.com\/de\/\"},{\"@type\":\"ListItem\",\"position\":2,\"name\":\"Shop\",\"item\":\"https:\/\/erinora.com\/de\/shop\/\"},{\"@type\":\"ListItem\",\"position\":3,\"name\":\"Personalisierbare Geschenkboxen\",\"item\":\"https:\/\/erinora.com\/de\/product-category\/personalisierbare-geschenkboxen\/\"},{\"@type\":\"ListItem\",\"position\":4,\"name\":\"Artisan Box\"}]},{\"@type\":\"WebSite\",\"@id\":\"https:\/\/erinora.com\/de\/#website\",\"url\":\"https:\/\/erinora.com\/de\/\",\"name\":\"Erinora\",\"description\":\"Your daily ritual\",\"publisher\":{\"@id\":\"https:\/\/erinora.com\/de\/#organization\"},\"alternateName\":\"Erinora\",\"potentialAction\":[{\"@type\":\"SearchAction\",\"target\":{\"@type\":\"EntryPoint\",\"urlTemplate\":\"https:\/\/erinora.com\/de\/?s={search_term_string}\"},\"query-input\":{\"@type\":\"PropertyValueSpecification\",\"valueRequired\":true,\"valueName\":\"search_term_string\"}}],\"inLanguage\":\"de\"},{\"@type\":\"Organization\",\"@id\":\"https:\/\/erinora.com\/de\/#organization\",\"name\":\"Erinora\",\"alternateName\":\"Erinora\",\"url\":\"https:\/\/erinora.com\/de\/\",\"logo\":{\"@type\":\"ImageObject\",\"inLanguage\":\"de\",\"@id\":\"https:\/\/erinora.com\/de\/#\/schema\/logo\/image\/\",\"url\":\"https:\/\/erinora.com\/de\/wp-content\/uploads\/sites\/5\/2025\/02\/E_BrandIcon-Gradient.png\",\"contentUrl\":\"https:\/\/erinora.com\/de\/wp-content\/uploads\/sites\/5\/2025\/02\/E_BrandIcon-Gradient.png\",\"width\":3000,\"height\":3000,\"caption\":\"Erinora\"},\"image\":{\"@id\":\"https:\/\/erinora.com\/de\/#\/schema\/logo\/image\/\"},\"sameAs\":[\"https:\/\/www.facebook.com\/profile.php?id=61566609811576\",\"https:\/\/www.instagram.com\/erinora_tea\"]}]}<\/script>\n<!-- \/ Yoast SEO plugin. -->","yoast_head_json":{"title":"Artisan Box \u2013 Teegenuss mit italienischer Handwerkskunst","description":"Erlebe die perfekte Verbindung aus hochwertigem Bio-Losetee und einer handgefertigten Tasse aus einer toskanischen Manufaktur. W\u00e4hle deine Lieblingsmischung und bereichere dein Teeritual mit zeitloser Handwerkskunst. Ein einzigartiges Geschenk f\u00fcr Teeliebhaber und alle, die Wert auf Qualit\u00e4t und \u00c4sthetik legen.","robots":{"index":"index","follow":"follow","max-snippet":"max-snippet:-1","max-image-preview":"max-image-preview:large","max-video-preview":"max-video-preview:-1"},"canonical":"https:\/\/erinora.com\/de\/shop\/personalisierbare-geschenkboxen\/tee-mit-tasse-online-kaufen\/","og_locale":"de_DE","og_type":"article","og_title":"Artisan Box \u2013 Teegenuss mit italienischer Handwerkskunst","og_description":"Erlebe die perfekte Verbindung aus hochwertigem Bio-Losetee und einer handgefertigten Tasse aus einer toskanischen Manufaktur. W\u00e4hle deine Lieblingsmischung und bereichere dein Teeritual mit zeitloser Handwerkskunst. Ein einzigartiges Geschenk f\u00fcr Teeliebhaber und alle, die Wert auf Qualit\u00e4t und \u00c4sthetik legen.","og_url":"https:\/\/erinora.com\/de\/shop\/personalisierbare-geschenkboxen\/tee-mit-tasse-online-kaufen\/","og_site_name":"Erinora","article_publisher":"https:\/\/www.facebook.com\/profile.php?id=61566609811576","article_modified_time":"2025-03-24T23:55:23+00:00","og_image":[{"width":1500,"height":1083,"url":"https:\/\/erinora.com\/de\/wp-content\/uploads\/sites\/5\/2025\/02\/artisan-tea-and-cup-gift-box.webp","type":"image\/webp"}],"twitter_card":"summary_large_image","twitter_misc":{"Gesch\u00e4tzte Lesezeit":"15\u00a0Minuten"},"schema":{"@context":"https:\/\/schema.org","@graph":[{"@type":"WebPage","@id":"https:\/\/erinora.com\/de\/shop\/personalisierbare-geschenkboxen\/tee-mit-tasse-online-kaufen\/","url":"https:\/\/erinora.com\/de\/shop\/personalisierbare-geschenkboxen\/tee-mit-tasse-online-kaufen\/","name":"Artisan Box \u2013 Teegenuss mit italienischer Handwerkskunst","isPartOf":{"@id":"https:\/\/erinora.com\/de\/#website"},"primaryImageOfPage":{"@id":"https:\/\/erinora.com\/de\/shop\/personalisierbare-geschenkboxen\/tee-mit-tasse-online-kaufen\/#primaryimage"},"image":{"@id":"https:\/\/erinora.com\/de\/shop\/personalisierbare-geschenkboxen\/tee-mit-tasse-online-kaufen\/#primaryimage"},"thumbnailUrl":"https:\/\/erinora.com\/de\/wp-content\/uploads\/sites\/5\/2025\/02\/artisan-tea-and-cup-gift-box.webp","datePublished":"2025-02-05T13:08:24+00:00","dateModified":"2025-03-24T23:55:23+00:00","description":"Erlebe die perfekte Verbindung aus hochwertigem Bio-Losetee und einer handgefertigten Tasse aus einer toskanischen Manufaktur. W\u00e4hle deine Lieblingsmischung und bereichere dein Teeritual mit zeitloser Handwerkskunst. Ein einzigartiges Geschenk f\u00fcr Teeliebhaber und alle, die Wert auf Qualit\u00e4t und \u00c4sthetik legen.","breadcrumb":{"@id":"https:\/\/erinora.com\/de\/shop\/personalisierbare-geschenkboxen\/tee-mit-tasse-online-kaufen\/#breadcrumb"},"inLanguage":"de","potentialAction":[{"@type":"ReadAction","target":["https:\/\/erinora.com\/de\/shop\/personalisierbare-geschenkboxen\/tee-mit-tasse-online-kaufen\/"]}]},{"@type":"ImageObject","inLanguage":"de","@id":"https:\/\/erinora.com\/de\/shop\/personalisierbare-geschenkboxen\/tee-mit-tasse-online-kaufen\/#primaryimage","url":"https:\/\/erinora.com\/de\/wp-content\/uploads\/sites\/5\/2025\/02\/artisan-tea-and-cup-gift-box.webp","contentUrl":"https:\/\/erinora.com\/de\/wp-content\/uploads\/sites\/5\/2025\/02\/artisan-tea-and-cup-gift-box.webp","width":1500,"height":1083},{"@type":"BreadcrumbList","@id":"https:\/\/erinora.com\/de\/shop\/personalisierbare-geschenkboxen\/tee-mit-tasse-online-kaufen\/#breadcrumb","itemListElement":[{"@type":"ListItem","position":1,"name":"Home","item":"https:\/\/erinora.com\/de\/"},{"@type":"ListItem","position":2,"name":"Shop","item":"https:\/\/erinora.com\/de\/shop\/"},{"@type":"ListItem","position":3,"name":"Personalisierbare Geschenkboxen","item":"https:\/\/erinora.com\/de\/product-category\/personalisierbare-geschenkboxen\/"},{"@type":"ListItem","position":4,"name":"Artisan Box"}]},{"@type":"WebSite","@id":"https:\/\/erinora.com\/de\/#website","url":"https:\/\/erinora.com\/de\/","name":"Erinora","description":"Your daily ritual","publisher":{"@id":"https:\/\/erinora.com\/de\/#organization"},"alternateName":"Erinora","potentialAction":[{"@type":"SearchAction","target":{"@type":"EntryPoint","urlTemplate":"https:\/\/erinora.com\/de\/?s={search_term_string}"},"query-input":{"@type":"PropertyValueSpecification","valueRequired":true,"valueName":"search_term_string"}}],"inLanguage":"de"},{"@type":"Organization","@id":"https:\/\/erinora.com\/de\/#organization","name":"Erinora","alternateName":"Erinora","url":"https:\/\/erinora.com\/de\/","logo":{"@type":"ImageObject","inLanguage":"de","@id":"https:\/\/erinora.com\/de\/#\/schema\/logo\/image\/","url":"https:\/\/erinora.com\/de\/wp-content\/uploads\/sites\/5\/2025\/02\/E_BrandIcon-Gradient.png","contentUrl":"https:\/\/erinora.com\/de\/wp-content\/uploads\/sites\/5\/2025\/02\/E_BrandIcon-Gradient.png","width":3000,"height":3000,"caption":"Erinora"},"image":{"@id":"https:\/\/erinora.com\/de\/#\/schema\/logo\/image\/"},"sameAs":["https:\/\/www.facebook.com\/profile.php?id=61566609811576","https:\/\/www.instagram.com\/erinora_tea"]}]}},"acf":[],"jetpack_sharing_enabled":true,"_links":{"self":[{"href":"https:\/\/erinora.com\/de\/wp-json\/wp\/v2\/product\/231","targetHints":{"allow":["GET"]}}],"collection":[{"href":"https:\/\/erinora.com\/de\/wp-json\/wp\/v2\/product"}],"about":[{"href":"https:\/\/erinora.com\/de\/wp-json\/wp\/v2\/types\/product"}],"replies":[{"embeddable":true,"href":"https:\/\/erinora.com\/de\/wp-json\/wp\/v2\/comments?post=231"}],"wp:featuredmedia":[{"embeddable":true,"href":"https:\/\/erinora.com\/de\/wp-json\/wp\/v2\/media\/270"}],"wp:attachment":[{"href":"https:\/\/erinora.com\/de\/wp-json\/wp\/v2\/media?parent=231"}],"wp:term":[{"taxonomy":"product_brand","embeddable":true,"href":"https:\/\/erinora.com\/de\/wp-json\/wp\/v2\/product_brand?post=231"},{"taxonomy":"product_cat","embeddable":true,"href":"https:\/\/erinora.com\/de\/wp-json\/wp\/v2\/product_cat?post=231"},{"taxonomy":"product_tag","embeddable":true,"href":"https:\/\/erinora.com\/de\/wp-json\/wp\/v2\/product_tag?post=231"}],"curies":[{"name":"wp","href":"https:\/\/api.w.org\/{rel}","templated":true}]}}