{"id":201,"date":"2025-02-05T09:07:55","date_gmt":"2025-02-05T08:07:55","guid":{"rendered":"https:\/\/erinora.com\/de\/?post_type=product&#038;p=201"},"modified":"2025-03-25T00:21:33","modified_gmt":"2025-03-24T23:21:33","slug":"gewuerztee-online-kaufen","status":"publish","type":"product","link":"https:\/\/erinora.com\/de\/shop\/world-collection\/gewuerztee-online-kaufen\/","title":{"rendered":"Souk"},"content":{"rendered":"<p>Entdecke Souk, eine faszinierende Komposition, in der feine Rosenbl\u00fcten und samtige Kakaobohnen mit den warmen, tiefen Noten von Zimtstangen und Sternanis verschmelzen. Kurkuma und die frische, aromatisch Zitronengrasnote verleihen der Mischung einen Hauch von Magie und kreieren ein einladendes Zusammenspiel von Aromen.<\/p>\n","protected":false},"excerpt":{"rendered":"<p>Entdecke Souk, eine faszinierende Komposition, in der feine Rosenbl\u00fcten und samtige Kakaobohnen mit den warmen, tiefen Noten von Zimtstangen und Sternanis verschmelzen. Kurkuma und die frische, aromatisch Zitronengrasnote verleihen der Mischung einen Hauch von Magie und kreieren ein einladendes Zusammenspiel von Aromen.<\/p>\n","protected":false},"featured_media":203,"comment_status":"open","ping_status":"closed","template":"","meta":{"_acf_changed":false},"product_brand":[],"product_cat":[25],"product_tag":[36,38],"class_list":{"0":"post-201","1":"product","2":"type-product","3":"status-publish","4":"has-post-thumbnail","6":"product_cat-world-collection","7":"product_tag-gruner-tee","8":"product_tag-weisser-tee","10":"first","11":"instock","12":"shipping-taxable","13":"purchasable","14":"product-type-simple"},"yoast_head":"<!-- This site is optimized with the Yoast SEO plugin v27.0 - https:\/\/yoast.com\/product\/yoast-seo-wordpress\/ -->\n<title>Souk \u2013 eine aromatische Bio-Losentee mit den Gew\u00fcrzen von Marrakesch<\/title>\n<meta name=\"description\" content=\"Eine exquisite Bio-Premium-Losentee-Mischung aus gr\u00fcnem und wei\u00dfem Tee, verfeinert mit Zimt, Ingwer, Rosenbl\u00fcten und aromatischen Kakaobohnen. Ein intensiver, w\u00fcrziger Tee, der dich mit seinen orientalischen Aromen auf eine faszinierende Reise durch die Souks von Marrakesch entf\u00fchrt.\" \/>\n<meta name=\"robots\" content=\"index, follow, max-snippet:-1, max-image-preview:large, max-video-preview:-1\" \/>\n<link rel=\"canonical\" href=\"https:\/\/erinora.com\/de\/shop\/world-collection\/gewuerztee-online-kaufen\/\" \/>\n<meta property=\"og:locale\" content=\"de_DE\" \/>\n<meta property=\"og:type\" content=\"article\" \/>\n<meta property=\"og:title\" content=\"Souk \u2013 eine aromatische Bio-Losentee mit den Gew\u00fcrzen von Marrakesch\" \/>\n<meta property=\"og:description\" content=\"Eine exquisite Bio-Premium-Losentee-Mischung aus gr\u00fcnem und wei\u00dfem Tee, verfeinert mit Zimt, Ingwer, Rosenbl\u00fcten und aromatischen Kakaobohnen. Ein intensiver, w\u00fcrziger Tee, der dich mit seinen orientalischen Aromen auf eine faszinierende Reise durch die Souks von Marrakesch entf\u00fchrt.\" \/>\n<meta property=\"og:url\" content=\"https:\/\/erinora.com\/de\/shop\/world-collection\/gewuerztee-online-kaufen\/\" \/>\n<meta property=\"og:site_name\" content=\"Erinora\" \/>\n<meta property=\"article:publisher\" content=\"https:\/\/www.facebook.com\/profile.php?id=61566609811576\" \/>\n<meta property=\"article:modified_time\" content=\"2025-03-24T23:21:33+00:00\" \/>\n<meta property=\"og:image\" content=\"https:\/\/erinora.com\/de\/wp-content\/uploads\/sites\/5\/2025\/02\/souk-marrakech-aromatic-loose-leaf-tea.webp\" \/>\n\t<meta property=\"og:image:width\" content=\"1500\" \/>\n\t<meta property=\"og:image:height\" content=\"1992\" \/>\n\t<meta property=\"og:image:type\" content=\"image\/webp\" \/>\n<meta name=\"twitter:card\" content=\"summary_large_image\" \/>\n<meta name=\"twitter:label1\" content=\"Gesch\u00e4tzte Lesezeit\" \/>\n\t<meta name=\"twitter:data1\" content=\"7\u00a0Minuten\" \/>\n<script type=\"application\/ld+json\" class=\"yoast-schema-graph\">{\"@context\":\"https:\/\/schema.org\",\"@graph\":[{\"@type\":\"WebPage\",\"@id\":\"https:\/\/erinora.com\/de\/shop\/world-collection\/gewuerztee-online-kaufen\/\",\"url\":\"https:\/\/erinora.com\/de\/shop\/world-collection\/gewuerztee-online-kaufen\/\",\"name\":\"Souk \u2013 eine aromatische Bio-Losentee mit den Gew\u00fcrzen von Marrakesch\",\"isPartOf\":{\"@id\":\"https:\/\/erinora.com\/de\/#website\"},\"primaryImageOfPage\":{\"@id\":\"https:\/\/erinora.com\/de\/shop\/world-collection\/gewuerztee-online-kaufen\/#primaryimage\"},\"image\":{\"@id\":\"https:\/\/erinora.com\/de\/shop\/world-collection\/gewuerztee-online-kaufen\/#primaryimage\"},\"thumbnailUrl\":\"https:\/\/erinora.com\/de\/wp-content\/uploads\/sites\/5\/2025\/02\/souk-marrakech-aromatic-loose-leaf-tea.webp\",\"datePublished\":\"2025-02-05T08:07:55+00:00\",\"dateModified\":\"2025-03-24T23:21:33+00:00\",\"description\":\"Eine exquisite Bio-Premium-Losentee-Mischung aus gr\u00fcnem und wei\u00dfem Tee, verfeinert mit Zimt, Ingwer, Rosenbl\u00fcten und aromatischen Kakaobohnen. Ein intensiver, w\u00fcrziger Tee, der dich mit seinen orientalischen Aromen auf eine faszinierende Reise durch die Souks von Marrakesch entf\u00fchrt.\",\"breadcrumb\":{\"@id\":\"https:\/\/erinora.com\/de\/shop\/world-collection\/gewuerztee-online-kaufen\/#breadcrumb\"},\"inLanguage\":\"de\",\"potentialAction\":[{\"@type\":\"ReadAction\",\"target\":[\"https:\/\/erinora.com\/de\/shop\/world-collection\/gewuerztee-online-kaufen\/\"]}]},{\"@type\":\"ImageObject\",\"inLanguage\":\"de\",\"@id\":\"https:\/\/erinora.com\/de\/shop\/world-collection\/gewuerztee-online-kaufen\/#primaryimage\",\"url\":\"https:\/\/erinora.com\/de\/wp-content\/uploads\/sites\/5\/2025\/02\/souk-marrakech-aromatic-loose-leaf-tea.webp\",\"contentUrl\":\"https:\/\/erinora.com\/de\/wp-content\/uploads\/sites\/5\/2025\/02\/souk-marrakech-aromatic-loose-leaf-tea.webp\",\"width\":1500,\"height\":1992},{\"@type\":\"BreadcrumbList\",\"@id\":\"https:\/\/erinora.com\/de\/shop\/world-collection\/gewuerztee-online-kaufen\/#breadcrumb\",\"itemListElement\":[{\"@type\":\"ListItem\",\"position\":1,\"name\":\"Home\",\"item\":\"https:\/\/erinora.com\/de\/\"},{\"@type\":\"ListItem\",\"position\":2,\"name\":\"Shop\",\"item\":\"https:\/\/erinora.com\/de\/shop\/\"},{\"@type\":\"ListItem\",\"position\":3,\"name\":\"World Collection\",\"item\":\"https:\/\/erinora.com\/de\/product-category\/world-collection\/\"},{\"@type\":\"ListItem\",\"position\":4,\"name\":\"Souk\"}]},{\"@type\":\"WebSite\",\"@id\":\"https:\/\/erinora.com\/de\/#website\",\"url\":\"https:\/\/erinora.com\/de\/\",\"name\":\"Erinora\",\"description\":\"Your daily ritual\",\"publisher\":{\"@id\":\"https:\/\/erinora.com\/de\/#organization\"},\"alternateName\":\"Erinora\",\"potentialAction\":[{\"@type\":\"SearchAction\",\"target\":{\"@type\":\"EntryPoint\",\"urlTemplate\":\"https:\/\/erinora.com\/de\/?s={search_term_string}\"},\"query-input\":{\"@type\":\"PropertyValueSpecification\",\"valueRequired\":true,\"valueName\":\"search_term_string\"}}],\"inLanguage\":\"de\"},{\"@type\":\"Organization\",\"@id\":\"https:\/\/erinora.com\/de\/#organization\",\"name\":\"Erinora\",\"alternateName\":\"Erinora\",\"url\":\"https:\/\/erinora.com\/de\/\",\"logo\":{\"@type\":\"ImageObject\",\"inLanguage\":\"de\",\"@id\":\"https:\/\/erinora.com\/de\/#\/schema\/logo\/image\/\",\"url\":\"https:\/\/erinora.com\/de\/wp-content\/uploads\/sites\/5\/2025\/02\/E_BrandIcon-Gradient.png\",\"contentUrl\":\"https:\/\/erinora.com\/de\/wp-content\/uploads\/sites\/5\/2025\/02\/E_BrandIcon-Gradient.png\",\"width\":3000,\"height\":3000,\"caption\":\"Erinora\"},\"image\":{\"@id\":\"https:\/\/erinora.com\/de\/#\/schema\/logo\/image\/\"},\"sameAs\":[\"https:\/\/www.facebook.com\/profile.php?id=61566609811576\",\"https:\/\/www.instagram.com\/erinora_tea\"]}]}<\/script>\n<!-- \/ Yoast SEO plugin. -->","yoast_head_json":{"title":"Souk \u2013 eine aromatische Bio-Losentee mit den Gew\u00fcrzen von Marrakesch","description":"Eine exquisite Bio-Premium-Losentee-Mischung aus gr\u00fcnem und wei\u00dfem Tee, verfeinert mit Zimt, Ingwer, Rosenbl\u00fcten und aromatischen Kakaobohnen. Ein intensiver, w\u00fcrziger Tee, der dich mit seinen orientalischen Aromen auf eine faszinierende Reise durch die Souks von Marrakesch entf\u00fchrt.","robots":{"index":"index","follow":"follow","max-snippet":"max-snippet:-1","max-image-preview":"max-image-preview:large","max-video-preview":"max-video-preview:-1"},"canonical":"https:\/\/erinora.com\/de\/shop\/world-collection\/gewuerztee-online-kaufen\/","og_locale":"de_DE","og_type":"article","og_title":"Souk \u2013 eine aromatische Bio-Losentee mit den Gew\u00fcrzen von Marrakesch","og_description":"Eine exquisite Bio-Premium-Losentee-Mischung aus gr\u00fcnem und wei\u00dfem Tee, verfeinert mit Zimt, Ingwer, Rosenbl\u00fcten und aromatischen Kakaobohnen. Ein intensiver, w\u00fcrziger Tee, der dich mit seinen orientalischen Aromen auf eine faszinierende Reise durch die Souks von Marrakesch entf\u00fchrt.","og_url":"https:\/\/erinora.com\/de\/shop\/world-collection\/gewuerztee-online-kaufen\/","og_site_name":"Erinora","article_publisher":"https:\/\/www.facebook.com\/profile.php?id=61566609811576","article_modified_time":"2025-03-24T23:21:33+00:00","og_image":[{"width":1500,"height":1992,"url":"https:\/\/erinora.com\/de\/wp-content\/uploads\/sites\/5\/2025\/02\/souk-marrakech-aromatic-loose-leaf-tea.webp","type":"image\/webp"}],"twitter_card":"summary_large_image","twitter_misc":{"Gesch\u00e4tzte Lesezeit":"7\u00a0Minuten"},"schema":{"@context":"https:\/\/schema.org","@graph":[{"@type":"WebPage","@id":"https:\/\/erinora.com\/de\/shop\/world-collection\/gewuerztee-online-kaufen\/","url":"https:\/\/erinora.com\/de\/shop\/world-collection\/gewuerztee-online-kaufen\/","name":"Souk \u2013 eine aromatische Bio-Losentee mit den Gew\u00fcrzen von Marrakesch","isPartOf":{"@id":"https:\/\/erinora.com\/de\/#website"},"primaryImageOfPage":{"@id":"https:\/\/erinora.com\/de\/shop\/world-collection\/gewuerztee-online-kaufen\/#primaryimage"},"image":{"@id":"https:\/\/erinora.com\/de\/shop\/world-collection\/gewuerztee-online-kaufen\/#primaryimage"},"thumbnailUrl":"https:\/\/erinora.com\/de\/wp-content\/uploads\/sites\/5\/2025\/02\/souk-marrakech-aromatic-loose-leaf-tea.webp","datePublished":"2025-02-05T08:07:55+00:00","dateModified":"2025-03-24T23:21:33+00:00","description":"Eine exquisite Bio-Premium-Losentee-Mischung aus gr\u00fcnem und wei\u00dfem Tee, verfeinert mit Zimt, Ingwer, Rosenbl\u00fcten und aromatischen Kakaobohnen. Ein intensiver, w\u00fcrziger Tee, der dich mit seinen orientalischen Aromen auf eine faszinierende Reise durch die Souks von Marrakesch entf\u00fchrt.","breadcrumb":{"@id":"https:\/\/erinora.com\/de\/shop\/world-collection\/gewuerztee-online-kaufen\/#breadcrumb"},"inLanguage":"de","potentialAction":[{"@type":"ReadAction","target":["https:\/\/erinora.com\/de\/shop\/world-collection\/gewuerztee-online-kaufen\/"]}]},{"@type":"ImageObject","inLanguage":"de","@id":"https:\/\/erinora.com\/de\/shop\/world-collection\/gewuerztee-online-kaufen\/#primaryimage","url":"https:\/\/erinora.com\/de\/wp-content\/uploads\/sites\/5\/2025\/02\/souk-marrakech-aromatic-loose-leaf-tea.webp","contentUrl":"https:\/\/erinora.com\/de\/wp-content\/uploads\/sites\/5\/2025\/02\/souk-marrakech-aromatic-loose-leaf-tea.webp","width":1500,"height":1992},{"@type":"BreadcrumbList","@id":"https:\/\/erinora.com\/de\/shop\/world-collection\/gewuerztee-online-kaufen\/#breadcrumb","itemListElement":[{"@type":"ListItem","position":1,"name":"Home","item":"https:\/\/erinora.com\/de\/"},{"@type":"ListItem","position":2,"name":"Shop","item":"https:\/\/erinora.com\/de\/shop\/"},{"@type":"ListItem","position":3,"name":"World Collection","item":"https:\/\/erinora.com\/de\/product-category\/world-collection\/"},{"@type":"ListItem","position":4,"name":"Souk"}]},{"@type":"WebSite","@id":"https:\/\/erinora.com\/de\/#website","url":"https:\/\/erinora.com\/de\/","name":"Erinora","description":"Your daily ritual","publisher":{"@id":"https:\/\/erinora.com\/de\/#organization"},"alternateName":"Erinora","potentialAction":[{"@type":"SearchAction","target":{"@type":"EntryPoint","urlTemplate":"https:\/\/erinora.com\/de\/?s={search_term_string}"},"query-input":{"@type":"PropertyValueSpecification","valueRequired":true,"valueName":"search_term_string"}}],"inLanguage":"de"},{"@type":"Organization","@id":"https:\/\/erinora.com\/de\/#organization","name":"Erinora","alternateName":"Erinora","url":"https:\/\/erinora.com\/de\/","logo":{"@type":"ImageObject","inLanguage":"de","@id":"https:\/\/erinora.com\/de\/#\/schema\/logo\/image\/","url":"https:\/\/erinora.com\/de\/wp-content\/uploads\/sites\/5\/2025\/02\/E_BrandIcon-Gradient.png","contentUrl":"https:\/\/erinora.com\/de\/wp-content\/uploads\/sites\/5\/2025\/02\/E_BrandIcon-Gradient.png","width":3000,"height":3000,"caption":"Erinora"},"image":{"@id":"https:\/\/erinora.com\/de\/#\/schema\/logo\/image\/"},"sameAs":["https:\/\/www.facebook.com\/profile.php?id=61566609811576","https:\/\/www.instagram.com\/erinora_tea"]}]}},"acf":[],"jetpack_sharing_enabled":true,"_links":{"self":[{"href":"https:\/\/erinora.com\/de\/wp-json\/wp\/v2\/product\/201","targetHints":{"allow":["GET"]}}],"collection":[{"href":"https:\/\/erinora.com\/de\/wp-json\/wp\/v2\/product"}],"about":[{"href":"https:\/\/erinora.com\/de\/wp-json\/wp\/v2\/types\/product"}],"replies":[{"embeddable":true,"href":"https:\/\/erinora.com\/de\/wp-json\/wp\/v2\/comments?post=201"}],"wp:featuredmedia":[{"embeddable":true,"href":"https:\/\/erinora.com\/de\/wp-json\/wp\/v2\/media\/203"}],"wp:attachment":[{"href":"https:\/\/erinora.com\/de\/wp-json\/wp\/v2\/media?parent=201"}],"wp:term":[{"taxonomy":"product_brand","embeddable":true,"href":"https:\/\/erinora.com\/de\/wp-json\/wp\/v2\/product_brand?post=201"},{"taxonomy":"product_cat","embeddable":true,"href":"https:\/\/erinora.com\/de\/wp-json\/wp\/v2\/product_cat?post=201"},{"taxonomy":"product_tag","embeddable":true,"href":"https:\/\/erinora.com\/de\/wp-json\/wp\/v2\/product_tag?post=201"}],"curies":[{"name":"wp","href":"https:\/\/api.w.org\/{rel}","templated":true}]}}