{"id":191,"date":"2025-02-05T08:41:49","date_gmt":"2025-02-05T07:41:49","guid":{"rendered":"https:\/\/erinora.com\/de\/?post_type=product&#038;p=191"},"modified":"2025-03-25T00:16:06","modified_gmt":"2025-03-24T23:16:06","slug":"pu-erh-tee-online-kaufen","status":"publish","type":"product","link":"https:\/\/erinora.com\/de\/shop\/world-collection\/pu-erh-tee-online-kaufen\/","title":{"rendered":"Madrugada"},"content":{"rendered":"<p>Mit jedem Schluck von Madrugada verbinden sich die tiefen, erdigen Noten des Pu-Erh-Tees mit der sanften S\u00fc\u00dfe tropischer Kokosnuss und dem warmen Aroma von Zimt. Das Popcorn sorgt f\u00fcr eine \u00fcberraschende Textur, w\u00e4hrend die Kakaobohnen eine feine, schokoladige Tiefe verleihen \u2013 perfekt ausbalanciert durch einen Hauch von Vanilleextrakt.<\/p>\n","protected":false},"excerpt":{"rendered":"<p>Mit jedem Schluck von Madrugada verbinden sich die tiefen, erdigen Noten des Pu-Erh-Tees mit der sanften S\u00fc\u00dfe tropischer Kokosnuss und dem warmen Aroma von Zimt. Das Popcorn sorgt f\u00fcr eine \u00fcberraschende Textur, w\u00e4hrend die Kakaobohnen eine feine, schokoladige Tiefe verleihen \u2013 perfekt ausbalanciert durch einen Hauch von Vanilleextrakt.<\/p>\n","protected":false},"featured_media":195,"comment_status":"open","ping_status":"closed","template":"","meta":{"_acf_changed":false},"product_brand":[],"product_cat":[25],"product_tag":[40],"class_list":{"0":"post-191","1":"product","2":"type-product","3":"status-publish","4":"has-post-thumbnail","6":"product_cat-world-collection","7":"product_tag-pu-erh","9":"first","10":"instock","11":"shipping-taxable","12":"purchasable","13":"product-type-simple"},"yoast_head":"<!-- This site is optimized with the Yoast SEO plugin v27.0 - https:\/\/yoast.com\/product\/yoast-seo-wordpress\/ -->\n<title>Madrugada \u2013 ein Bio-Losentee mit der Essenz von Costa Rica<\/title>\n<meta name=\"description\" content=\"Lass dich mit Madrugada nach Costa Rica entf\u00fchren \u2013 eine erlesene Bio-Premium-Losentee aus Pu-Erh-Tee, verfeinert mit Kokosnuss, Kakaobohnen, Zimt und Popcorn. Ein einzigartiger, cremig-exotischer Blend mit intensiven, harmonischen Aromen, der jede Tasse in eine sinnliche Reise in die Tropen verwandelt.\" \/>\n<meta name=\"robots\" content=\"index, follow, max-snippet:-1, max-image-preview:large, max-video-preview:-1\" \/>\n<link rel=\"canonical\" href=\"https:\/\/erinora.com\/de\/shop\/world-collection\/pu-erh-tee-online-kaufen\/\" \/>\n<meta property=\"og:locale\" content=\"de_DE\" \/>\n<meta property=\"og:type\" content=\"article\" \/>\n<meta property=\"og:title\" content=\"Madrugada \u2013 ein Bio-Losentee mit der Essenz von Costa Rica\" \/>\n<meta property=\"og:description\" content=\"Lass dich mit Madrugada nach Costa Rica entf\u00fchren \u2013 eine erlesene Bio-Premium-Losentee aus Pu-Erh-Tee, verfeinert mit Kokosnuss, Kakaobohnen, Zimt und Popcorn. Ein einzigartiger, cremig-exotischer Blend mit intensiven, harmonischen Aromen, der jede Tasse in eine sinnliche Reise in die Tropen verwandelt.\" \/>\n<meta property=\"og:url\" content=\"https:\/\/erinora.com\/de\/shop\/world-collection\/pu-erh-tee-online-kaufen\/\" \/>\n<meta property=\"og:site_name\" content=\"Erinora\" \/>\n<meta property=\"article:publisher\" content=\"https:\/\/www.facebook.com\/profile.php?id=61566609811576\" \/>\n<meta property=\"article:modified_time\" content=\"2025-03-24T23:16:06+00:00\" \/>\n<meta property=\"og:image\" content=\"https:\/\/erinora.com\/de\/wp-content\/uploads\/sites\/5\/2025\/02\/madrugada-costa-rica-tropical-tea.webp\" \/>\n\t<meta property=\"og:image:width\" content=\"1500\" \/>\n\t<meta property=\"og:image:height\" content=\"1992\" \/>\n\t<meta property=\"og:image:type\" content=\"image\/webp\" \/>\n<meta name=\"twitter:card\" content=\"summary_large_image\" \/>\n<meta name=\"twitter:label1\" content=\"Gesch\u00e4tzte Lesezeit\" \/>\n\t<meta name=\"twitter:data1\" content=\"7\u00a0Minuten\" \/>\n<script type=\"application\/ld+json\" class=\"yoast-schema-graph\">{\"@context\":\"https:\/\/schema.org\",\"@graph\":[{\"@type\":\"WebPage\",\"@id\":\"https:\/\/erinora.com\/de\/shop\/world-collection\/pu-erh-tee-online-kaufen\/\",\"url\":\"https:\/\/erinora.com\/de\/shop\/world-collection\/pu-erh-tee-online-kaufen\/\",\"name\":\"Madrugada \u2013 ein Bio-Losentee mit der Essenz von Costa Rica\",\"isPartOf\":{\"@id\":\"https:\/\/erinora.com\/de\/#website\"},\"primaryImageOfPage\":{\"@id\":\"https:\/\/erinora.com\/de\/shop\/world-collection\/pu-erh-tee-online-kaufen\/#primaryimage\"},\"image\":{\"@id\":\"https:\/\/erinora.com\/de\/shop\/world-collection\/pu-erh-tee-online-kaufen\/#primaryimage\"},\"thumbnailUrl\":\"https:\/\/erinora.com\/de\/wp-content\/uploads\/sites\/5\/2025\/02\/madrugada-costa-rica-tropical-tea.webp\",\"datePublished\":\"2025-02-05T07:41:49+00:00\",\"dateModified\":\"2025-03-24T23:16:06+00:00\",\"description\":\"Lass dich mit Madrugada nach Costa Rica entf\u00fchren \u2013 eine erlesene Bio-Premium-Losentee aus Pu-Erh-Tee, verfeinert mit Kokosnuss, Kakaobohnen, Zimt und Popcorn. Ein einzigartiger, cremig-exotischer Blend mit intensiven, harmonischen Aromen, der jede Tasse in eine sinnliche Reise in die Tropen verwandelt.\",\"breadcrumb\":{\"@id\":\"https:\/\/erinora.com\/de\/shop\/world-collection\/pu-erh-tee-online-kaufen\/#breadcrumb\"},\"inLanguage\":\"de\",\"potentialAction\":[{\"@type\":\"ReadAction\",\"target\":[\"https:\/\/erinora.com\/de\/shop\/world-collection\/pu-erh-tee-online-kaufen\/\"]}]},{\"@type\":\"ImageObject\",\"inLanguage\":\"de\",\"@id\":\"https:\/\/erinora.com\/de\/shop\/world-collection\/pu-erh-tee-online-kaufen\/#primaryimage\",\"url\":\"https:\/\/erinora.com\/de\/wp-content\/uploads\/sites\/5\/2025\/02\/madrugada-costa-rica-tropical-tea.webp\",\"contentUrl\":\"https:\/\/erinora.com\/de\/wp-content\/uploads\/sites\/5\/2025\/02\/madrugada-costa-rica-tropical-tea.webp\",\"width\":1500,\"height\":1992},{\"@type\":\"BreadcrumbList\",\"@id\":\"https:\/\/erinora.com\/de\/shop\/world-collection\/pu-erh-tee-online-kaufen\/#breadcrumb\",\"itemListElement\":[{\"@type\":\"ListItem\",\"position\":1,\"name\":\"Home\",\"item\":\"https:\/\/erinora.com\/de\/\"},{\"@type\":\"ListItem\",\"position\":2,\"name\":\"Shop\",\"item\":\"https:\/\/erinora.com\/de\/shop\/\"},{\"@type\":\"ListItem\",\"position\":3,\"name\":\"World Collection\",\"item\":\"https:\/\/erinora.com\/de\/product-category\/world-collection\/\"},{\"@type\":\"ListItem\",\"position\":4,\"name\":\"Madrugada\"}]},{\"@type\":\"WebSite\",\"@id\":\"https:\/\/erinora.com\/de\/#website\",\"url\":\"https:\/\/erinora.com\/de\/\",\"name\":\"Erinora\",\"description\":\"Your daily ritual\",\"publisher\":{\"@id\":\"https:\/\/erinora.com\/de\/#organization\"},\"alternateName\":\"Erinora\",\"potentialAction\":[{\"@type\":\"SearchAction\",\"target\":{\"@type\":\"EntryPoint\",\"urlTemplate\":\"https:\/\/erinora.com\/de\/?s={search_term_string}\"},\"query-input\":{\"@type\":\"PropertyValueSpecification\",\"valueRequired\":true,\"valueName\":\"search_term_string\"}}],\"inLanguage\":\"de\"},{\"@type\":\"Organization\",\"@id\":\"https:\/\/erinora.com\/de\/#organization\",\"name\":\"Erinora\",\"alternateName\":\"Erinora\",\"url\":\"https:\/\/erinora.com\/de\/\",\"logo\":{\"@type\":\"ImageObject\",\"inLanguage\":\"de\",\"@id\":\"https:\/\/erinora.com\/de\/#\/schema\/logo\/image\/\",\"url\":\"https:\/\/erinora.com\/de\/wp-content\/uploads\/sites\/5\/2025\/02\/E_BrandIcon-Gradient.png\",\"contentUrl\":\"https:\/\/erinora.com\/de\/wp-content\/uploads\/sites\/5\/2025\/02\/E_BrandIcon-Gradient.png\",\"width\":3000,\"height\":3000,\"caption\":\"Erinora\"},\"image\":{\"@id\":\"https:\/\/erinora.com\/de\/#\/schema\/logo\/image\/\"},\"sameAs\":[\"https:\/\/www.facebook.com\/profile.php?id=61566609811576\",\"https:\/\/www.instagram.com\/erinora_tea\"]}]}<\/script>\n<!-- \/ Yoast SEO plugin. -->","yoast_head_json":{"title":"Madrugada \u2013 ein Bio-Losentee mit der Essenz von Costa Rica","description":"Lass dich mit Madrugada nach Costa Rica entf\u00fchren \u2013 eine erlesene Bio-Premium-Losentee aus Pu-Erh-Tee, verfeinert mit Kokosnuss, Kakaobohnen, Zimt und Popcorn. Ein einzigartiger, cremig-exotischer Blend mit intensiven, harmonischen Aromen, der jede Tasse in eine sinnliche Reise in die Tropen verwandelt.","robots":{"index":"index","follow":"follow","max-snippet":"max-snippet:-1","max-image-preview":"max-image-preview:large","max-video-preview":"max-video-preview:-1"},"canonical":"https:\/\/erinora.com\/de\/shop\/world-collection\/pu-erh-tee-online-kaufen\/","og_locale":"de_DE","og_type":"article","og_title":"Madrugada \u2013 ein Bio-Losentee mit der Essenz von Costa Rica","og_description":"Lass dich mit Madrugada nach Costa Rica entf\u00fchren \u2013 eine erlesene Bio-Premium-Losentee aus Pu-Erh-Tee, verfeinert mit Kokosnuss, Kakaobohnen, Zimt und Popcorn. Ein einzigartiger, cremig-exotischer Blend mit intensiven, harmonischen Aromen, der jede Tasse in eine sinnliche Reise in die Tropen verwandelt.","og_url":"https:\/\/erinora.com\/de\/shop\/world-collection\/pu-erh-tee-online-kaufen\/","og_site_name":"Erinora","article_publisher":"https:\/\/www.facebook.com\/profile.php?id=61566609811576","article_modified_time":"2025-03-24T23:16:06+00:00","og_image":[{"width":1500,"height":1992,"url":"https:\/\/erinora.com\/de\/wp-content\/uploads\/sites\/5\/2025\/02\/madrugada-costa-rica-tropical-tea.webp","type":"image\/webp"}],"twitter_card":"summary_large_image","twitter_misc":{"Gesch\u00e4tzte Lesezeit":"7\u00a0Minuten"},"schema":{"@context":"https:\/\/schema.org","@graph":[{"@type":"WebPage","@id":"https:\/\/erinora.com\/de\/shop\/world-collection\/pu-erh-tee-online-kaufen\/","url":"https:\/\/erinora.com\/de\/shop\/world-collection\/pu-erh-tee-online-kaufen\/","name":"Madrugada \u2013 ein Bio-Losentee mit der Essenz von Costa Rica","isPartOf":{"@id":"https:\/\/erinora.com\/de\/#website"},"primaryImageOfPage":{"@id":"https:\/\/erinora.com\/de\/shop\/world-collection\/pu-erh-tee-online-kaufen\/#primaryimage"},"image":{"@id":"https:\/\/erinora.com\/de\/shop\/world-collection\/pu-erh-tee-online-kaufen\/#primaryimage"},"thumbnailUrl":"https:\/\/erinora.com\/de\/wp-content\/uploads\/sites\/5\/2025\/02\/madrugada-costa-rica-tropical-tea.webp","datePublished":"2025-02-05T07:41:49+00:00","dateModified":"2025-03-24T23:16:06+00:00","description":"Lass dich mit Madrugada nach Costa Rica entf\u00fchren \u2013 eine erlesene Bio-Premium-Losentee aus Pu-Erh-Tee, verfeinert mit Kokosnuss, Kakaobohnen, Zimt und Popcorn. Ein einzigartiger, cremig-exotischer Blend mit intensiven, harmonischen Aromen, der jede Tasse in eine sinnliche Reise in die Tropen verwandelt.","breadcrumb":{"@id":"https:\/\/erinora.com\/de\/shop\/world-collection\/pu-erh-tee-online-kaufen\/#breadcrumb"},"inLanguage":"de","potentialAction":[{"@type":"ReadAction","target":["https:\/\/erinora.com\/de\/shop\/world-collection\/pu-erh-tee-online-kaufen\/"]}]},{"@type":"ImageObject","inLanguage":"de","@id":"https:\/\/erinora.com\/de\/shop\/world-collection\/pu-erh-tee-online-kaufen\/#primaryimage","url":"https:\/\/erinora.com\/de\/wp-content\/uploads\/sites\/5\/2025\/02\/madrugada-costa-rica-tropical-tea.webp","contentUrl":"https:\/\/erinora.com\/de\/wp-content\/uploads\/sites\/5\/2025\/02\/madrugada-costa-rica-tropical-tea.webp","width":1500,"height":1992},{"@type":"BreadcrumbList","@id":"https:\/\/erinora.com\/de\/shop\/world-collection\/pu-erh-tee-online-kaufen\/#breadcrumb","itemListElement":[{"@type":"ListItem","position":1,"name":"Home","item":"https:\/\/erinora.com\/de\/"},{"@type":"ListItem","position":2,"name":"Shop","item":"https:\/\/erinora.com\/de\/shop\/"},{"@type":"ListItem","position":3,"name":"World Collection","item":"https:\/\/erinora.com\/de\/product-category\/world-collection\/"},{"@type":"ListItem","position":4,"name":"Madrugada"}]},{"@type":"WebSite","@id":"https:\/\/erinora.com\/de\/#website","url":"https:\/\/erinora.com\/de\/","name":"Erinora","description":"Your daily ritual","publisher":{"@id":"https:\/\/erinora.com\/de\/#organization"},"alternateName":"Erinora","potentialAction":[{"@type":"SearchAction","target":{"@type":"EntryPoint","urlTemplate":"https:\/\/erinora.com\/de\/?s={search_term_string}"},"query-input":{"@type":"PropertyValueSpecification","valueRequired":true,"valueName":"search_term_string"}}],"inLanguage":"de"},{"@type":"Organization","@id":"https:\/\/erinora.com\/de\/#organization","name":"Erinora","alternateName":"Erinora","url":"https:\/\/erinora.com\/de\/","logo":{"@type":"ImageObject","inLanguage":"de","@id":"https:\/\/erinora.com\/de\/#\/schema\/logo\/image\/","url":"https:\/\/erinora.com\/de\/wp-content\/uploads\/sites\/5\/2025\/02\/E_BrandIcon-Gradient.png","contentUrl":"https:\/\/erinora.com\/de\/wp-content\/uploads\/sites\/5\/2025\/02\/E_BrandIcon-Gradient.png","width":3000,"height":3000,"caption":"Erinora"},"image":{"@id":"https:\/\/erinora.com\/de\/#\/schema\/logo\/image\/"},"sameAs":["https:\/\/www.facebook.com\/profile.php?id=61566609811576","https:\/\/www.instagram.com\/erinora_tea"]}]}},"acf":[],"jetpack_sharing_enabled":true,"_links":{"self":[{"href":"https:\/\/erinora.com\/de\/wp-json\/wp\/v2\/product\/191","targetHints":{"allow":["GET"]}}],"collection":[{"href":"https:\/\/erinora.com\/de\/wp-json\/wp\/v2\/product"}],"about":[{"href":"https:\/\/erinora.com\/de\/wp-json\/wp\/v2\/types\/product"}],"replies":[{"embeddable":true,"href":"https:\/\/erinora.com\/de\/wp-json\/wp\/v2\/comments?post=191"}],"wp:featuredmedia":[{"embeddable":true,"href":"https:\/\/erinora.com\/de\/wp-json\/wp\/v2\/media\/195"}],"wp:attachment":[{"href":"https:\/\/erinora.com\/de\/wp-json\/wp\/v2\/media?parent=191"}],"wp:term":[{"taxonomy":"product_brand","embeddable":true,"href":"https:\/\/erinora.com\/de\/wp-json\/wp\/v2\/product_brand?post=191"},{"taxonomy":"product_cat","embeddable":true,"href":"https:\/\/erinora.com\/de\/wp-json\/wp\/v2\/product_cat?post=191"},{"taxonomy":"product_tag","embeddable":true,"href":"https:\/\/erinora.com\/de\/wp-json\/wp\/v2\/product_tag?post=191"}],"curies":[{"name":"wp","href":"https:\/\/api.w.org\/{rel}","templated":true}]}}