{"id":181,"date":"2025-02-05T07:51:28","date_gmt":"2025-02-05T06:51:28","guid":{"rendered":"https:\/\/erinora.com\/de\/?post_type=product&#038;p=181"},"modified":"2025-03-25T00:12:17","modified_gmt":"2025-03-24T23:12:17","slug":"entspannungstee-online-kaufen","status":"publish","type":"product","link":"https:\/\/erinora.com\/de\/shop\/mood-collection\/entspannungstee-online-kaufen\/","title":{"rendered":"Silky Rain"},"content":{"rendered":"<p>Silky Rain ist das Ergebnis einer harmonischen Mischung aus sorgf\u00e4ltig ausgew\u00e4hlten, biologisch zertifizierten Zutaten, die f\u00fcr Ruhe und Entspannung sorgen. Die sanfte Kombination aus Apfel, Zitronengras und Pfefferminze bietet ein frisches, leichtes Geschmackserlebnis. Verfeinert mit Kamille, Lavendel und Baldrian, hilft diese Mischung, Spannungen zu l\u00f6sen und ein Gef\u00fchl der inneren Ruhe zu f\u00f6rdern \u2013 der ideale Begleiter, um zu entspannen und das Gleichgewicht wiederzufinden.<\/p>\n","protected":false},"excerpt":{"rendered":"<p>Silky Rain ist das Ergebnis einer harmonischen Mischung aus sorgf\u00e4ltig ausgew\u00e4hlten, biologisch zertifizierten Zutaten, die f\u00fcr Ruhe und Entspannung sorgen. Die sanfte Kombination aus Apfel, Zitronengras und Pfefferminze bietet ein frisches, leichtes Geschmackserlebnis. Verfeinert mit Kamille, Lavendel und Baldrian, hilft diese Mischung, Spannungen zu l\u00f6sen und ein Gef\u00fchl der inneren Ruhe zu f\u00f6rdern \u2013 der [&hellip;]<\/p>\n","protected":false},"featured_media":185,"comment_status":"open","ping_status":"closed","template":"","meta":{"_acf_changed":false},"product_brand":[],"product_cat":[26],"product_tag":[42,44],"class_list":{"0":"post-181","1":"product","2":"type-product","3":"status-publish","4":"has-post-thumbnail","6":"product_cat-mood-collection","7":"product_tag-krautertees","8":"product_tag-tulsi","10":"first","11":"instock","12":"shipping-taxable","13":"purchasable","14":"product-type-simple"},"yoast_head":"<!-- This site is optimized with the Yoast SEO plugin v27.0 - https:\/\/yoast.com\/product\/yoast-seo-wordpress\/ -->\n<title>Silky Rain \u2013 Bio-Kr\u00e4utertee als Losentee f\u00fcr Entspannung und innere Ruhe<\/title>\n<meta name=\"description\" content=\"Entspanne dich mit Silky Rain, einer wohltuenden Kr\u00e4uterteemischung mit Kamille, Lavendel und Baldrian, verfeinert mit fruchtigen und frischen Noten von Apfel und Zitronengras. Perfekt f\u00fcr Momente der Gelassenheit und tiefen Entspannung.\" \/>\n<meta name=\"robots\" content=\"index, follow, max-snippet:-1, max-image-preview:large, max-video-preview:-1\" \/>\n<link rel=\"canonical\" href=\"https:\/\/erinora.com\/de\/shop\/mood-collection\/entspannungstee-online-kaufen\/\" \/>\n<meta property=\"og:locale\" content=\"de_DE\" \/>\n<meta property=\"og:type\" content=\"article\" \/>\n<meta property=\"og:title\" content=\"Silky Rain \u2013 Bio-Kr\u00e4utertee als Losentee f\u00fcr Entspannung und innere Ruhe\" \/>\n<meta property=\"og:description\" content=\"Entspanne dich mit Silky Rain, einer wohltuenden Kr\u00e4uterteemischung mit Kamille, Lavendel und Baldrian, verfeinert mit fruchtigen und frischen Noten von Apfel und Zitronengras. Perfekt f\u00fcr Momente der Gelassenheit und tiefen Entspannung.\" \/>\n<meta property=\"og:url\" content=\"https:\/\/erinora.com\/de\/shop\/mood-collection\/entspannungstee-online-kaufen\/\" \/>\n<meta property=\"og:site_name\" content=\"Erinora\" \/>\n<meta property=\"article:publisher\" content=\"https:\/\/www.facebook.com\/profile.php?id=61566609811576\" \/>\n<meta property=\"article:modified_time\" content=\"2025-03-24T23:12:17+00:00\" \/>\n<meta property=\"og:image\" content=\"https:\/\/erinora.com\/de\/wp-content\/uploads\/sites\/5\/2025\/02\/silky-rain-tea-for-relaxation.webp\" \/>\n\t<meta property=\"og:image:width\" content=\"1500\" \/>\n\t<meta property=\"og:image:height\" content=\"1992\" \/>\n\t<meta property=\"og:image:type\" content=\"image\/webp\" \/>\n<meta name=\"twitter:card\" content=\"summary_large_image\" \/>\n<meta name=\"twitter:label1\" content=\"Gesch\u00e4tzte Lesezeit\" \/>\n\t<meta name=\"twitter:data1\" content=\"7\u00a0Minuten\" \/>\n<script type=\"application\/ld+json\" class=\"yoast-schema-graph\">{\"@context\":\"https:\/\/schema.org\",\"@graph\":[{\"@type\":\"WebPage\",\"@id\":\"https:\/\/erinora.com\/de\/shop\/mood-collection\/entspannungstee-online-kaufen\/\",\"url\":\"https:\/\/erinora.com\/de\/shop\/mood-collection\/entspannungstee-online-kaufen\/\",\"name\":\"Silky Rain \u2013 Bio-Kr\u00e4utertee als Losentee f\u00fcr Entspannung und innere Ruhe\",\"isPartOf\":{\"@id\":\"https:\/\/erinora.com\/de\/#website\"},\"primaryImageOfPage\":{\"@id\":\"https:\/\/erinora.com\/de\/shop\/mood-collection\/entspannungstee-online-kaufen\/#primaryimage\"},\"image\":{\"@id\":\"https:\/\/erinora.com\/de\/shop\/mood-collection\/entspannungstee-online-kaufen\/#primaryimage\"},\"thumbnailUrl\":\"https:\/\/erinora.com\/de\/wp-content\/uploads\/sites\/5\/2025\/02\/silky-rain-tea-for-relaxation.webp\",\"datePublished\":\"2025-02-05T06:51:28+00:00\",\"dateModified\":\"2025-03-24T23:12:17+00:00\",\"description\":\"Entspanne dich mit Silky Rain, einer wohltuenden Kr\u00e4uterteemischung mit Kamille, Lavendel und Baldrian, verfeinert mit fruchtigen und frischen Noten von Apfel und Zitronengras. Perfekt f\u00fcr Momente der Gelassenheit und tiefen Entspannung.\",\"breadcrumb\":{\"@id\":\"https:\/\/erinora.com\/de\/shop\/mood-collection\/entspannungstee-online-kaufen\/#breadcrumb\"},\"inLanguage\":\"de\",\"potentialAction\":[{\"@type\":\"ReadAction\",\"target\":[\"https:\/\/erinora.com\/de\/shop\/mood-collection\/entspannungstee-online-kaufen\/\"]}]},{\"@type\":\"ImageObject\",\"inLanguage\":\"de\",\"@id\":\"https:\/\/erinora.com\/de\/shop\/mood-collection\/entspannungstee-online-kaufen\/#primaryimage\",\"url\":\"https:\/\/erinora.com\/de\/wp-content\/uploads\/sites\/5\/2025\/02\/silky-rain-tea-for-relaxation.webp\",\"contentUrl\":\"https:\/\/erinora.com\/de\/wp-content\/uploads\/sites\/5\/2025\/02\/silky-rain-tea-for-relaxation.webp\",\"width\":1500,\"height\":1992},{\"@type\":\"BreadcrumbList\",\"@id\":\"https:\/\/erinora.com\/de\/shop\/mood-collection\/entspannungstee-online-kaufen\/#breadcrumb\",\"itemListElement\":[{\"@type\":\"ListItem\",\"position\":1,\"name\":\"Home\",\"item\":\"https:\/\/erinora.com\/de\/\"},{\"@type\":\"ListItem\",\"position\":2,\"name\":\"Shop\",\"item\":\"https:\/\/erinora.com\/de\/shop\/\"},{\"@type\":\"ListItem\",\"position\":3,\"name\":\"Mood Collection\",\"item\":\"https:\/\/erinora.com\/de\/product-category\/mood-collection\/\"},{\"@type\":\"ListItem\",\"position\":4,\"name\":\"Silky Rain\"}]},{\"@type\":\"WebSite\",\"@id\":\"https:\/\/erinora.com\/de\/#website\",\"url\":\"https:\/\/erinora.com\/de\/\",\"name\":\"Erinora\",\"description\":\"Your daily ritual\",\"publisher\":{\"@id\":\"https:\/\/erinora.com\/de\/#organization\"},\"alternateName\":\"Erinora\",\"potentialAction\":[{\"@type\":\"SearchAction\",\"target\":{\"@type\":\"EntryPoint\",\"urlTemplate\":\"https:\/\/erinora.com\/de\/?s={search_term_string}\"},\"query-input\":{\"@type\":\"PropertyValueSpecification\",\"valueRequired\":true,\"valueName\":\"search_term_string\"}}],\"inLanguage\":\"de\"},{\"@type\":\"Organization\",\"@id\":\"https:\/\/erinora.com\/de\/#organization\",\"name\":\"Erinora\",\"alternateName\":\"Erinora\",\"url\":\"https:\/\/erinora.com\/de\/\",\"logo\":{\"@type\":\"ImageObject\",\"inLanguage\":\"de\",\"@id\":\"https:\/\/erinora.com\/de\/#\/schema\/logo\/image\/\",\"url\":\"https:\/\/erinora.com\/de\/wp-content\/uploads\/sites\/5\/2025\/02\/E_BrandIcon-Gradient.png\",\"contentUrl\":\"https:\/\/erinora.com\/de\/wp-content\/uploads\/sites\/5\/2025\/02\/E_BrandIcon-Gradient.png\",\"width\":3000,\"height\":3000,\"caption\":\"Erinora\"},\"image\":{\"@id\":\"https:\/\/erinora.com\/de\/#\/schema\/logo\/image\/\"},\"sameAs\":[\"https:\/\/www.facebook.com\/profile.php?id=61566609811576\",\"https:\/\/www.instagram.com\/erinora_tea\"]}]}<\/script>\n<!-- \/ Yoast SEO plugin. -->","yoast_head_json":{"title":"Silky Rain \u2013 Bio-Kr\u00e4utertee als Losentee f\u00fcr Entspannung und innere Ruhe","description":"Entspanne dich mit Silky Rain, einer wohltuenden Kr\u00e4uterteemischung mit Kamille, Lavendel und Baldrian, verfeinert mit fruchtigen und frischen Noten von Apfel und Zitronengras. Perfekt f\u00fcr Momente der Gelassenheit und tiefen Entspannung.","robots":{"index":"index","follow":"follow","max-snippet":"max-snippet:-1","max-image-preview":"max-image-preview:large","max-video-preview":"max-video-preview:-1"},"canonical":"https:\/\/erinora.com\/de\/shop\/mood-collection\/entspannungstee-online-kaufen\/","og_locale":"de_DE","og_type":"article","og_title":"Silky Rain \u2013 Bio-Kr\u00e4utertee als Losentee f\u00fcr Entspannung und innere Ruhe","og_description":"Entspanne dich mit Silky Rain, einer wohltuenden Kr\u00e4uterteemischung mit Kamille, Lavendel und Baldrian, verfeinert mit fruchtigen und frischen Noten von Apfel und Zitronengras. Perfekt f\u00fcr Momente der Gelassenheit und tiefen Entspannung.","og_url":"https:\/\/erinora.com\/de\/shop\/mood-collection\/entspannungstee-online-kaufen\/","og_site_name":"Erinora","article_publisher":"https:\/\/www.facebook.com\/profile.php?id=61566609811576","article_modified_time":"2025-03-24T23:12:17+00:00","og_image":[{"width":1500,"height":1992,"url":"https:\/\/erinora.com\/de\/wp-content\/uploads\/sites\/5\/2025\/02\/silky-rain-tea-for-relaxation.webp","type":"image\/webp"}],"twitter_card":"summary_large_image","twitter_misc":{"Gesch\u00e4tzte Lesezeit":"7\u00a0Minuten"},"schema":{"@context":"https:\/\/schema.org","@graph":[{"@type":"WebPage","@id":"https:\/\/erinora.com\/de\/shop\/mood-collection\/entspannungstee-online-kaufen\/","url":"https:\/\/erinora.com\/de\/shop\/mood-collection\/entspannungstee-online-kaufen\/","name":"Silky Rain \u2013 Bio-Kr\u00e4utertee als Losentee f\u00fcr Entspannung und innere Ruhe","isPartOf":{"@id":"https:\/\/erinora.com\/de\/#website"},"primaryImageOfPage":{"@id":"https:\/\/erinora.com\/de\/shop\/mood-collection\/entspannungstee-online-kaufen\/#primaryimage"},"image":{"@id":"https:\/\/erinora.com\/de\/shop\/mood-collection\/entspannungstee-online-kaufen\/#primaryimage"},"thumbnailUrl":"https:\/\/erinora.com\/de\/wp-content\/uploads\/sites\/5\/2025\/02\/silky-rain-tea-for-relaxation.webp","datePublished":"2025-02-05T06:51:28+00:00","dateModified":"2025-03-24T23:12:17+00:00","description":"Entspanne dich mit Silky Rain, einer wohltuenden Kr\u00e4uterteemischung mit Kamille, Lavendel und Baldrian, verfeinert mit fruchtigen und frischen Noten von Apfel und Zitronengras. Perfekt f\u00fcr Momente der Gelassenheit und tiefen Entspannung.","breadcrumb":{"@id":"https:\/\/erinora.com\/de\/shop\/mood-collection\/entspannungstee-online-kaufen\/#breadcrumb"},"inLanguage":"de","potentialAction":[{"@type":"ReadAction","target":["https:\/\/erinora.com\/de\/shop\/mood-collection\/entspannungstee-online-kaufen\/"]}]},{"@type":"ImageObject","inLanguage":"de","@id":"https:\/\/erinora.com\/de\/shop\/mood-collection\/entspannungstee-online-kaufen\/#primaryimage","url":"https:\/\/erinora.com\/de\/wp-content\/uploads\/sites\/5\/2025\/02\/silky-rain-tea-for-relaxation.webp","contentUrl":"https:\/\/erinora.com\/de\/wp-content\/uploads\/sites\/5\/2025\/02\/silky-rain-tea-for-relaxation.webp","width":1500,"height":1992},{"@type":"BreadcrumbList","@id":"https:\/\/erinora.com\/de\/shop\/mood-collection\/entspannungstee-online-kaufen\/#breadcrumb","itemListElement":[{"@type":"ListItem","position":1,"name":"Home","item":"https:\/\/erinora.com\/de\/"},{"@type":"ListItem","position":2,"name":"Shop","item":"https:\/\/erinora.com\/de\/shop\/"},{"@type":"ListItem","position":3,"name":"Mood Collection","item":"https:\/\/erinora.com\/de\/product-category\/mood-collection\/"},{"@type":"ListItem","position":4,"name":"Silky Rain"}]},{"@type":"WebSite","@id":"https:\/\/erinora.com\/de\/#website","url":"https:\/\/erinora.com\/de\/","name":"Erinora","description":"Your daily ritual","publisher":{"@id":"https:\/\/erinora.com\/de\/#organization"},"alternateName":"Erinora","potentialAction":[{"@type":"SearchAction","target":{"@type":"EntryPoint","urlTemplate":"https:\/\/erinora.com\/de\/?s={search_term_string}"},"query-input":{"@type":"PropertyValueSpecification","valueRequired":true,"valueName":"search_term_string"}}],"inLanguage":"de"},{"@type":"Organization","@id":"https:\/\/erinora.com\/de\/#organization","name":"Erinora","alternateName":"Erinora","url":"https:\/\/erinora.com\/de\/","logo":{"@type":"ImageObject","inLanguage":"de","@id":"https:\/\/erinora.com\/de\/#\/schema\/logo\/image\/","url":"https:\/\/erinora.com\/de\/wp-content\/uploads\/sites\/5\/2025\/02\/E_BrandIcon-Gradient.png","contentUrl":"https:\/\/erinora.com\/de\/wp-content\/uploads\/sites\/5\/2025\/02\/E_BrandIcon-Gradient.png","width":3000,"height":3000,"caption":"Erinora"},"image":{"@id":"https:\/\/erinora.com\/de\/#\/schema\/logo\/image\/"},"sameAs":["https:\/\/www.facebook.com\/profile.php?id=61566609811576","https:\/\/www.instagram.com\/erinora_tea"]}]}},"acf":[],"jetpack_sharing_enabled":true,"_links":{"self":[{"href":"https:\/\/erinora.com\/de\/wp-json\/wp\/v2\/product\/181","targetHints":{"allow":["GET"]}}],"collection":[{"href":"https:\/\/erinora.com\/de\/wp-json\/wp\/v2\/product"}],"about":[{"href":"https:\/\/erinora.com\/de\/wp-json\/wp\/v2\/types\/product"}],"replies":[{"embeddable":true,"href":"https:\/\/erinora.com\/de\/wp-json\/wp\/v2\/comments?post=181"}],"wp:featuredmedia":[{"embeddable":true,"href":"https:\/\/erinora.com\/de\/wp-json\/wp\/v2\/media\/185"}],"wp:attachment":[{"href":"https:\/\/erinora.com\/de\/wp-json\/wp\/v2\/media?parent=181"}],"wp:term":[{"taxonomy":"product_brand","embeddable":true,"href":"https:\/\/erinora.com\/de\/wp-json\/wp\/v2\/product_brand?post=181"},{"taxonomy":"product_cat","embeddable":true,"href":"https:\/\/erinora.com\/de\/wp-json\/wp\/v2\/product_cat?post=181"},{"taxonomy":"product_tag","embeddable":true,"href":"https:\/\/erinora.com\/de\/wp-json\/wp\/v2\/product_tag?post=181"}],"curies":[{"name":"wp","href":"https:\/\/api.w.org\/{rel}","templated":true}]}}