{"id":175,"date":"2025-02-04T23:46:40","date_gmt":"2025-02-04T22:46:40","guid":{"rendered":"https:\/\/erinora.com\/de\/?post_type=product&#038;p=175"},"modified":"2025-04-19T14:36:21","modified_gmt":"2025-04-19T12:36:21","slug":"beruhigungstee-online-kaufen","status":"publish","type":"product","link":"https:\/\/erinora.com\/de\/shop\/mood-collection\/beruhigungstee-online-kaufen\/","title":{"rendered":"Echoes of Yesterday"},"content":{"rendered":"<p>Eine nostalgische Mischung, die W\u00e4rme und Geborgenheit in deinen Tag bringt. Dieser reichhaltige, umh\u00fcllende Tee vereint die erdige Tiefe von Pu-Erh mit der wohligen W\u00e4rme von Zimt und der intensiven Aromatik von Kakao. Ein Hauch von Karamell und Vanille verleiht ihm eine cremige, unwiderstehliche S\u00fc\u00dfe. Perfekt f\u00fcr Momente der Entspannung, wenn du in Erinnerungen schwelgen und geliebte Augenblicke noch einmal erleben m\u00f6chtest. Dieser Tee bietet eine intime, beruhigende Erfahrung und umh\u00fcllt dich mit seinem sanften Charme.<\/p>\n","protected":false},"excerpt":{"rendered":"<p>Eine nostalgische Mischung, die W\u00e4rme und Geborgenheit in deinen Tag bringt. Dieser reichhaltige, umh\u00fcllende Tee vereint die erdige Tiefe von Pu-Erh mit der wohligen W\u00e4rme von Zimt und der intensiven Aromatik von Kakao. Ein Hauch von Karamell und Vanille verleiht ihm eine cremige, unwiderstehliche S\u00fc\u00dfe. Perfekt f\u00fcr Momente der Entspannung, wenn du in Erinnerungen schwelgen [&hellip;]<\/p>\n","protected":false},"featured_media":179,"comment_status":"open","ping_status":"closed","template":"","meta":{"_acf_changed":false},"product_brand":[],"product_cat":[26],"product_tag":[40],"class_list":{"0":"post-175","1":"product","2":"type-product","3":"status-publish","4":"has-post-thumbnail","6":"product_cat-mood-collection","7":"product_tag-pu-erh","9":"first","10":"instock","11":"shipping-taxable","12":"purchasable","13":"product-type-simple"},"yoast_head":"<!-- This site is optimized with the Yoast SEO plugin v27.0 - https:\/\/yoast.com\/product\/yoast-seo-wordpress\/ -->\n<title>Echoes of Yesterday \u2013 Bio-Losentee mit Pu-Erh, Zimt &amp; Kakao f\u00fcr nostalgische Genussmomente<\/title>\n<meta name=\"description\" content=\"Erlebe W\u00e4rme und Nostalgie mit Echoes of Yesterday, einer k\u00f6stlichen Teemischung mit Pu-Erh, Zimt, Kakao, Karamell und Vanille. Seine reichen Aromen begleiten dich auf eine Reise voller wertvoller Erinnerungen und echter Gelassenheit.\" \/>\n<meta name=\"robots\" content=\"index, follow, max-snippet:-1, max-image-preview:large, max-video-preview:-1\" \/>\n<link rel=\"canonical\" href=\"https:\/\/erinora.com\/de\/shop\/mood-collection\/beruhigungstee-online-kaufen\/\" \/>\n<meta property=\"og:locale\" content=\"de_DE\" \/>\n<meta property=\"og:type\" content=\"article\" \/>\n<meta property=\"og:title\" content=\"Echoes of Yesterday \u2013 Bio-Losentee mit Pu-Erh, Zimt &amp; Kakao f\u00fcr nostalgische Genussmomente\" \/>\n<meta property=\"og:description\" content=\"Erlebe W\u00e4rme und Nostalgie mit Echoes of Yesterday, einer k\u00f6stlichen Teemischung mit Pu-Erh, Zimt, Kakao, Karamell und Vanille. Seine reichen Aromen begleiten dich auf eine Reise voller wertvoller Erinnerungen und echter Gelassenheit.\" \/>\n<meta property=\"og:url\" content=\"https:\/\/erinora.com\/de\/shop\/mood-collection\/beruhigungstee-online-kaufen\/\" \/>\n<meta property=\"og:site_name\" content=\"Erinora\" \/>\n<meta property=\"article:publisher\" content=\"https:\/\/www.facebook.com\/profile.php?id=61566609811576\" \/>\n<meta property=\"article:modified_time\" content=\"2025-04-19T12:36:21+00:00\" \/>\n<meta property=\"og:image\" content=\"https:\/\/erinora.com\/de\/wp-content\/uploads\/sites\/5\/2025\/02\/Echoes-of-Yesterday-pu-erh-tea.webp\" \/>\n\t<meta property=\"og:image:width\" content=\"1500\" \/>\n\t<meta property=\"og:image:height\" content=\"1992\" \/>\n\t<meta property=\"og:image:type\" content=\"image\/webp\" \/>\n<meta name=\"twitter:card\" content=\"summary_large_image\" \/>\n<meta name=\"twitter:label1\" content=\"Gesch\u00e4tzte Lesezeit\" \/>\n\t<meta name=\"twitter:data1\" content=\"8\u00a0Minuten\" \/>\n<script type=\"application\/ld+json\" class=\"yoast-schema-graph\">{\"@context\":\"https:\/\/schema.org\",\"@graph\":[{\"@type\":\"WebPage\",\"@id\":\"https:\/\/erinora.com\/de\/shop\/mood-collection\/beruhigungstee-online-kaufen\/\",\"url\":\"https:\/\/erinora.com\/de\/shop\/mood-collection\/beruhigungstee-online-kaufen\/\",\"name\":\"Echoes of Yesterday \u2013 Bio-Losentee mit Pu-Erh, Zimt & Kakao f\u00fcr nostalgische Genussmomente\",\"isPartOf\":{\"@id\":\"https:\/\/erinora.com\/de\/#website\"},\"primaryImageOfPage\":{\"@id\":\"https:\/\/erinora.com\/de\/shop\/mood-collection\/beruhigungstee-online-kaufen\/#primaryimage\"},\"image\":{\"@id\":\"https:\/\/erinora.com\/de\/shop\/mood-collection\/beruhigungstee-online-kaufen\/#primaryimage\"},\"thumbnailUrl\":\"https:\/\/erinora.com\/de\/wp-content\/uploads\/sites\/5\/2025\/02\/Echoes-of-Yesterday-pu-erh-tea.webp\",\"datePublished\":\"2025-02-04T22:46:40+00:00\",\"dateModified\":\"2025-04-19T12:36:21+00:00\",\"description\":\"Erlebe W\u00e4rme und Nostalgie mit Echoes of Yesterday, einer k\u00f6stlichen Teemischung mit Pu-Erh, Zimt, Kakao, Karamell und Vanille. Seine reichen Aromen begleiten dich auf eine Reise voller wertvoller Erinnerungen und echter Gelassenheit.\",\"breadcrumb\":{\"@id\":\"https:\/\/erinora.com\/de\/shop\/mood-collection\/beruhigungstee-online-kaufen\/#breadcrumb\"},\"inLanguage\":\"de\",\"potentialAction\":[{\"@type\":\"ReadAction\",\"target\":[\"https:\/\/erinora.com\/de\/shop\/mood-collection\/beruhigungstee-online-kaufen\/\"]}]},{\"@type\":\"ImageObject\",\"inLanguage\":\"de\",\"@id\":\"https:\/\/erinora.com\/de\/shop\/mood-collection\/beruhigungstee-online-kaufen\/#primaryimage\",\"url\":\"https:\/\/erinora.com\/de\/wp-content\/uploads\/sites\/5\/2025\/02\/Echoes-of-Yesterday-pu-erh-tea.webp\",\"contentUrl\":\"https:\/\/erinora.com\/de\/wp-content\/uploads\/sites\/5\/2025\/02\/Echoes-of-Yesterday-pu-erh-tea.webp\",\"width\":1500,\"height\":1992},{\"@type\":\"BreadcrumbList\",\"@id\":\"https:\/\/erinora.com\/de\/shop\/mood-collection\/beruhigungstee-online-kaufen\/#breadcrumb\",\"itemListElement\":[{\"@type\":\"ListItem\",\"position\":1,\"name\":\"Home\",\"item\":\"https:\/\/erinora.com\/de\/\"},{\"@type\":\"ListItem\",\"position\":2,\"name\":\"Shop\",\"item\":\"https:\/\/erinora.com\/de\/shop\/\"},{\"@type\":\"ListItem\",\"position\":3,\"name\":\"Mood Collection\",\"item\":\"https:\/\/erinora.com\/de\/product-category\/mood-collection\/\"},{\"@type\":\"ListItem\",\"position\":4,\"name\":\"Echoes of Yesterday\"}]},{\"@type\":\"WebSite\",\"@id\":\"https:\/\/erinora.com\/de\/#website\",\"url\":\"https:\/\/erinora.com\/de\/\",\"name\":\"Erinora\",\"description\":\"Your daily ritual\",\"publisher\":{\"@id\":\"https:\/\/erinora.com\/de\/#organization\"},\"alternateName\":\"Erinora\",\"potentialAction\":[{\"@type\":\"SearchAction\",\"target\":{\"@type\":\"EntryPoint\",\"urlTemplate\":\"https:\/\/erinora.com\/de\/?s={search_term_string}\"},\"query-input\":{\"@type\":\"PropertyValueSpecification\",\"valueRequired\":true,\"valueName\":\"search_term_string\"}}],\"inLanguage\":\"de\"},{\"@type\":\"Organization\",\"@id\":\"https:\/\/erinora.com\/de\/#organization\",\"name\":\"Erinora\",\"alternateName\":\"Erinora\",\"url\":\"https:\/\/erinora.com\/de\/\",\"logo\":{\"@type\":\"ImageObject\",\"inLanguage\":\"de\",\"@id\":\"https:\/\/erinora.com\/de\/#\/schema\/logo\/image\/\",\"url\":\"https:\/\/erinora.com\/de\/wp-content\/uploads\/sites\/5\/2025\/02\/E_BrandIcon-Gradient.png\",\"contentUrl\":\"https:\/\/erinora.com\/de\/wp-content\/uploads\/sites\/5\/2025\/02\/E_BrandIcon-Gradient.png\",\"width\":3000,\"height\":3000,\"caption\":\"Erinora\"},\"image\":{\"@id\":\"https:\/\/erinora.com\/de\/#\/schema\/logo\/image\/\"},\"sameAs\":[\"https:\/\/www.facebook.com\/profile.php?id=61566609811576\",\"https:\/\/www.instagram.com\/erinora_tea\"]}]}<\/script>\n<!-- \/ Yoast SEO plugin. -->","yoast_head_json":{"title":"Echoes of Yesterday \u2013 Bio-Losentee mit Pu-Erh, Zimt & Kakao f\u00fcr nostalgische Genussmomente","description":"Erlebe W\u00e4rme und Nostalgie mit Echoes of Yesterday, einer k\u00f6stlichen Teemischung mit Pu-Erh, Zimt, Kakao, Karamell und Vanille. Seine reichen Aromen begleiten dich auf eine Reise voller wertvoller Erinnerungen und echter Gelassenheit.","robots":{"index":"index","follow":"follow","max-snippet":"max-snippet:-1","max-image-preview":"max-image-preview:large","max-video-preview":"max-video-preview:-1"},"canonical":"https:\/\/erinora.com\/de\/shop\/mood-collection\/beruhigungstee-online-kaufen\/","og_locale":"de_DE","og_type":"article","og_title":"Echoes of Yesterday \u2013 Bio-Losentee mit Pu-Erh, Zimt & Kakao f\u00fcr nostalgische Genussmomente","og_description":"Erlebe W\u00e4rme und Nostalgie mit Echoes of Yesterday, einer k\u00f6stlichen Teemischung mit Pu-Erh, Zimt, Kakao, Karamell und Vanille. Seine reichen Aromen begleiten dich auf eine Reise voller wertvoller Erinnerungen und echter Gelassenheit.","og_url":"https:\/\/erinora.com\/de\/shop\/mood-collection\/beruhigungstee-online-kaufen\/","og_site_name":"Erinora","article_publisher":"https:\/\/www.facebook.com\/profile.php?id=61566609811576","article_modified_time":"2025-04-19T12:36:21+00:00","og_image":[{"width":1500,"height":1992,"url":"https:\/\/erinora.com\/de\/wp-content\/uploads\/sites\/5\/2025\/02\/Echoes-of-Yesterday-pu-erh-tea.webp","type":"image\/webp"}],"twitter_card":"summary_large_image","twitter_misc":{"Gesch\u00e4tzte Lesezeit":"8\u00a0Minuten"},"schema":{"@context":"https:\/\/schema.org","@graph":[{"@type":"WebPage","@id":"https:\/\/erinora.com\/de\/shop\/mood-collection\/beruhigungstee-online-kaufen\/","url":"https:\/\/erinora.com\/de\/shop\/mood-collection\/beruhigungstee-online-kaufen\/","name":"Echoes of Yesterday \u2013 Bio-Losentee mit Pu-Erh, Zimt & Kakao f\u00fcr nostalgische Genussmomente","isPartOf":{"@id":"https:\/\/erinora.com\/de\/#website"},"primaryImageOfPage":{"@id":"https:\/\/erinora.com\/de\/shop\/mood-collection\/beruhigungstee-online-kaufen\/#primaryimage"},"image":{"@id":"https:\/\/erinora.com\/de\/shop\/mood-collection\/beruhigungstee-online-kaufen\/#primaryimage"},"thumbnailUrl":"https:\/\/erinora.com\/de\/wp-content\/uploads\/sites\/5\/2025\/02\/Echoes-of-Yesterday-pu-erh-tea.webp","datePublished":"2025-02-04T22:46:40+00:00","dateModified":"2025-04-19T12:36:21+00:00","description":"Erlebe W\u00e4rme und Nostalgie mit Echoes of Yesterday, einer k\u00f6stlichen Teemischung mit Pu-Erh, Zimt, Kakao, Karamell und Vanille. Seine reichen Aromen begleiten dich auf eine Reise voller wertvoller Erinnerungen und echter Gelassenheit.","breadcrumb":{"@id":"https:\/\/erinora.com\/de\/shop\/mood-collection\/beruhigungstee-online-kaufen\/#breadcrumb"},"inLanguage":"de","potentialAction":[{"@type":"ReadAction","target":["https:\/\/erinora.com\/de\/shop\/mood-collection\/beruhigungstee-online-kaufen\/"]}]},{"@type":"ImageObject","inLanguage":"de","@id":"https:\/\/erinora.com\/de\/shop\/mood-collection\/beruhigungstee-online-kaufen\/#primaryimage","url":"https:\/\/erinora.com\/de\/wp-content\/uploads\/sites\/5\/2025\/02\/Echoes-of-Yesterday-pu-erh-tea.webp","contentUrl":"https:\/\/erinora.com\/de\/wp-content\/uploads\/sites\/5\/2025\/02\/Echoes-of-Yesterday-pu-erh-tea.webp","width":1500,"height":1992},{"@type":"BreadcrumbList","@id":"https:\/\/erinora.com\/de\/shop\/mood-collection\/beruhigungstee-online-kaufen\/#breadcrumb","itemListElement":[{"@type":"ListItem","position":1,"name":"Home","item":"https:\/\/erinora.com\/de\/"},{"@type":"ListItem","position":2,"name":"Shop","item":"https:\/\/erinora.com\/de\/shop\/"},{"@type":"ListItem","position":3,"name":"Mood Collection","item":"https:\/\/erinora.com\/de\/product-category\/mood-collection\/"},{"@type":"ListItem","position":4,"name":"Echoes of Yesterday"}]},{"@type":"WebSite","@id":"https:\/\/erinora.com\/de\/#website","url":"https:\/\/erinora.com\/de\/","name":"Erinora","description":"Your daily ritual","publisher":{"@id":"https:\/\/erinora.com\/de\/#organization"},"alternateName":"Erinora","potentialAction":[{"@type":"SearchAction","target":{"@type":"EntryPoint","urlTemplate":"https:\/\/erinora.com\/de\/?s={search_term_string}"},"query-input":{"@type":"PropertyValueSpecification","valueRequired":true,"valueName":"search_term_string"}}],"inLanguage":"de"},{"@type":"Organization","@id":"https:\/\/erinora.com\/de\/#organization","name":"Erinora","alternateName":"Erinora","url":"https:\/\/erinora.com\/de\/","logo":{"@type":"ImageObject","inLanguage":"de","@id":"https:\/\/erinora.com\/de\/#\/schema\/logo\/image\/","url":"https:\/\/erinora.com\/de\/wp-content\/uploads\/sites\/5\/2025\/02\/E_BrandIcon-Gradient.png","contentUrl":"https:\/\/erinora.com\/de\/wp-content\/uploads\/sites\/5\/2025\/02\/E_BrandIcon-Gradient.png","width":3000,"height":3000,"caption":"Erinora"},"image":{"@id":"https:\/\/erinora.com\/de\/#\/schema\/logo\/image\/"},"sameAs":["https:\/\/www.facebook.com\/profile.php?id=61566609811576","https:\/\/www.instagram.com\/erinora_tea"]}]}},"acf":[],"jetpack_sharing_enabled":true,"_links":{"self":[{"href":"https:\/\/erinora.com\/de\/wp-json\/wp\/v2\/product\/175","targetHints":{"allow":["GET"]}}],"collection":[{"href":"https:\/\/erinora.com\/de\/wp-json\/wp\/v2\/product"}],"about":[{"href":"https:\/\/erinora.com\/de\/wp-json\/wp\/v2\/types\/product"}],"replies":[{"embeddable":true,"href":"https:\/\/erinora.com\/de\/wp-json\/wp\/v2\/comments?post=175"}],"wp:featuredmedia":[{"embeddable":true,"href":"https:\/\/erinora.com\/de\/wp-json\/wp\/v2\/media\/179"}],"wp:attachment":[{"href":"https:\/\/erinora.com\/de\/wp-json\/wp\/v2\/media?parent=175"}],"wp:term":[{"taxonomy":"product_brand","embeddable":true,"href":"https:\/\/erinora.com\/de\/wp-json\/wp\/v2\/product_brand?post=175"},{"taxonomy":"product_cat","embeddable":true,"href":"https:\/\/erinora.com\/de\/wp-json\/wp\/v2\/product_cat?post=175"},{"taxonomy":"product_tag","embeddable":true,"href":"https:\/\/erinora.com\/de\/wp-json\/wp\/v2\/product_tag?post=175"}],"curies":[{"name":"wp","href":"https:\/\/api.w.org\/{rel}","templated":true}]}}