{"id":170,"date":"2025-02-04T23:35:58","date_gmt":"2025-02-04T22:35:58","guid":{"rendered":"https:\/\/erinora.com\/de\/?post_type=product&#038;p=170"},"modified":"2025-04-19T14:27:05","modified_gmt":"2025-04-19T12:27:05","slug":"fokus-tee-online-kaufen","status":"publish","type":"product","link":"https:\/\/erinora.com\/de\/shop\/mood-collection\/fokus-tee-online-kaufen\/","title":{"rendered":"Dewdrop"},"content":{"rendered":"<p>Suchst du nach einer nat\u00fcrlichen M\u00f6glichkeit, deine Konzentration zu verbessern und geistige Klarheit zu finden?\u00a0Unsere Fokus-Tee-Mischung Dewdrop vereint Guayusa \u2013 bekannt f\u00fcr seine konzentrationsf\u00f6rdernden Eigenschaften \u2013 mit gr\u00fcnem Tee, Matcha und erfrischenden Zitrusnoten von Zitronengras und Zitrone.\u00a0Diese belebende Mischung stimuliert den Geist und sorgt f\u00fcr eine stabile, langanhaltende Konzentration \u2013 ohne die unerw\u00fcnschten Nebenwirkungen von Kaffee.<\/p>\n","protected":false},"excerpt":{"rendered":"<p>Suchst du nach einer nat\u00fcrlichen M\u00f6glichkeit, deine Konzentration zu verbessern und geistige Klarheit zu finden?\u00a0Unsere Fokus-Tee-Mischung Dewdrop vereint Guayusa \u2013 bekannt f\u00fcr seine konzentrationsf\u00f6rdernden Eigenschaften \u2013 mit gr\u00fcnem Tee, Matcha und erfrischenden Zitrusnoten von Zitronengras und Zitrone.\u00a0Diese belebende Mischung stimuliert den Geist und sorgt f\u00fcr eine stabile, langanhaltende Konzentration \u2013 ohne die unerw\u00fcnschten Nebenwirkungen von [&hellip;]<\/p>\n","protected":false},"featured_media":171,"comment_status":"open","ping_status":"closed","template":"","meta":{"_acf_changed":false},"product_brand":[],"product_cat":[26],"product_tag":[36,41],"class_list":{"0":"post-170","1":"product","2":"type-product","3":"status-publish","4":"has-post-thumbnail","6":"product_cat-mood-collection","7":"product_tag-gruner-tee","8":"product_tag-guayusa","10":"first","11":"instock","12":"shipping-taxable","13":"purchasable","14":"product-type-simple"},"yoast_head":"<!-- This site is optimized with the Yoast SEO plugin v27.0 - https:\/\/yoast.com\/product\/yoast-seo-wordpress\/ -->\n<title>Dewdrop \u2013 Bio Fokus Tee f\u00fcr Klarheit und Konzentration<\/title>\n<meta name=\"description\" content=\"Ein loser Fokus-Tee mit Guayusa, gr\u00fcnem Tee und Matcha zur F\u00f6rderung der Konzentration \u2013 f\u00fcr nat\u00fcrliche Energie, ganz ohne die Nebenwirkungen von Kaffee.\" \/>\n<meta name=\"robots\" content=\"index, follow, max-snippet:-1, max-image-preview:large, max-video-preview:-1\" \/>\n<link rel=\"canonical\" href=\"https:\/\/erinora.com\/de\/shop\/mood-collection\/fokus-tee-online-kaufen\/\" \/>\n<meta property=\"og:locale\" content=\"de_DE\" \/>\n<meta property=\"og:type\" content=\"article\" \/>\n<meta property=\"og:title\" content=\"Dewdrop \u2013 Bio Fokus Tee f\u00fcr Klarheit und Konzentration\" \/>\n<meta property=\"og:description\" content=\"Ein loser Fokus-Tee mit Guayusa, gr\u00fcnem Tee und Matcha zur F\u00f6rderung der Konzentration \u2013 f\u00fcr nat\u00fcrliche Energie, ganz ohne die Nebenwirkungen von Kaffee.\" \/>\n<meta property=\"og:url\" content=\"https:\/\/erinora.com\/de\/shop\/mood-collection\/fokus-tee-online-kaufen\/\" \/>\n<meta property=\"og:site_name\" content=\"Erinora\" \/>\n<meta property=\"article:publisher\" content=\"https:\/\/www.facebook.com\/profile.php?id=61566609811576\" \/>\n<meta property=\"article:modified_time\" content=\"2025-04-19T12:27:05+00:00\" \/>\n<meta property=\"og:image\" content=\"https:\/\/erinora.com\/de\/wp-content\/uploads\/sites\/5\/2025\/02\/dewdrop-tea-for-focus-and-concentration.webp\" \/>\n\t<meta property=\"og:image:width\" content=\"1500\" \/>\n\t<meta property=\"og:image:height\" content=\"1992\" \/>\n\t<meta property=\"og:image:type\" content=\"image\/webp\" \/>\n<meta name=\"twitter:card\" content=\"summary_large_image\" \/>\n<meta name=\"twitter:label1\" content=\"Gesch\u00e4tzte Lesezeit\" \/>\n\t<meta name=\"twitter:data1\" content=\"8\u00a0Minuten\" \/>\n<script type=\"application\/ld+json\" class=\"yoast-schema-graph\">{\"@context\":\"https:\/\/schema.org\",\"@graph\":[{\"@type\":\"WebPage\",\"@id\":\"https:\/\/erinora.com\/de\/shop\/mood-collection\/fokus-tee-online-kaufen\/\",\"url\":\"https:\/\/erinora.com\/de\/shop\/mood-collection\/fokus-tee-online-kaufen\/\",\"name\":\"Dewdrop \u2013 Bio Fokus Tee f\u00fcr Klarheit und Konzentration\",\"isPartOf\":{\"@id\":\"https:\/\/erinora.com\/de\/#website\"},\"primaryImageOfPage\":{\"@id\":\"https:\/\/erinora.com\/de\/shop\/mood-collection\/fokus-tee-online-kaufen\/#primaryimage\"},\"image\":{\"@id\":\"https:\/\/erinora.com\/de\/shop\/mood-collection\/fokus-tee-online-kaufen\/#primaryimage\"},\"thumbnailUrl\":\"https:\/\/erinora.com\/de\/wp-content\/uploads\/sites\/5\/2025\/02\/dewdrop-tea-for-focus-and-concentration.webp\",\"datePublished\":\"2025-02-04T22:35:58+00:00\",\"dateModified\":\"2025-04-19T12:27:05+00:00\",\"description\":\"Ein loser Fokus-Tee mit Guayusa, gr\u00fcnem Tee und Matcha zur F\u00f6rderung der Konzentration \u2013 f\u00fcr nat\u00fcrliche Energie, ganz ohne die Nebenwirkungen von Kaffee.\",\"breadcrumb\":{\"@id\":\"https:\/\/erinora.com\/de\/shop\/mood-collection\/fokus-tee-online-kaufen\/#breadcrumb\"},\"inLanguage\":\"de\",\"potentialAction\":[{\"@type\":\"ReadAction\",\"target\":[\"https:\/\/erinora.com\/de\/shop\/mood-collection\/fokus-tee-online-kaufen\/\"]}]},{\"@type\":\"ImageObject\",\"inLanguage\":\"de\",\"@id\":\"https:\/\/erinora.com\/de\/shop\/mood-collection\/fokus-tee-online-kaufen\/#primaryimage\",\"url\":\"https:\/\/erinora.com\/de\/wp-content\/uploads\/sites\/5\/2025\/02\/dewdrop-tea-for-focus-and-concentration.webp\",\"contentUrl\":\"https:\/\/erinora.com\/de\/wp-content\/uploads\/sites\/5\/2025\/02\/dewdrop-tea-for-focus-and-concentration.webp\",\"width\":1500,\"height\":1992},{\"@type\":\"BreadcrumbList\",\"@id\":\"https:\/\/erinora.com\/de\/shop\/mood-collection\/fokus-tee-online-kaufen\/#breadcrumb\",\"itemListElement\":[{\"@type\":\"ListItem\",\"position\":1,\"name\":\"Home\",\"item\":\"https:\/\/erinora.com\/de\/\"},{\"@type\":\"ListItem\",\"position\":2,\"name\":\"Shop\",\"item\":\"https:\/\/erinora.com\/de\/shop\/\"},{\"@type\":\"ListItem\",\"position\":3,\"name\":\"Mood Collection\",\"item\":\"https:\/\/erinora.com\/de\/product-category\/mood-collection\/\"},{\"@type\":\"ListItem\",\"position\":4,\"name\":\"Dewdrop\"}]},{\"@type\":\"WebSite\",\"@id\":\"https:\/\/erinora.com\/de\/#website\",\"url\":\"https:\/\/erinora.com\/de\/\",\"name\":\"Erinora\",\"description\":\"Your daily ritual\",\"publisher\":{\"@id\":\"https:\/\/erinora.com\/de\/#organization\"},\"alternateName\":\"Erinora\",\"potentialAction\":[{\"@type\":\"SearchAction\",\"target\":{\"@type\":\"EntryPoint\",\"urlTemplate\":\"https:\/\/erinora.com\/de\/?s={search_term_string}\"},\"query-input\":{\"@type\":\"PropertyValueSpecification\",\"valueRequired\":true,\"valueName\":\"search_term_string\"}}],\"inLanguage\":\"de\"},{\"@type\":\"Organization\",\"@id\":\"https:\/\/erinora.com\/de\/#organization\",\"name\":\"Erinora\",\"alternateName\":\"Erinora\",\"url\":\"https:\/\/erinora.com\/de\/\",\"logo\":{\"@type\":\"ImageObject\",\"inLanguage\":\"de\",\"@id\":\"https:\/\/erinora.com\/de\/#\/schema\/logo\/image\/\",\"url\":\"https:\/\/erinora.com\/de\/wp-content\/uploads\/sites\/5\/2025\/02\/E_BrandIcon-Gradient.png\",\"contentUrl\":\"https:\/\/erinora.com\/de\/wp-content\/uploads\/sites\/5\/2025\/02\/E_BrandIcon-Gradient.png\",\"width\":3000,\"height\":3000,\"caption\":\"Erinora\"},\"image\":{\"@id\":\"https:\/\/erinora.com\/de\/#\/schema\/logo\/image\/\"},\"sameAs\":[\"https:\/\/www.facebook.com\/profile.php?id=61566609811576\",\"https:\/\/www.instagram.com\/erinora_tea\"]}]}<\/script>\n<!-- \/ Yoast SEO plugin. -->","yoast_head_json":{"title":"Dewdrop \u2013 Bio Fokus Tee f\u00fcr Klarheit und Konzentration","description":"Ein loser Fokus-Tee mit Guayusa, gr\u00fcnem Tee und Matcha zur F\u00f6rderung der Konzentration \u2013 f\u00fcr nat\u00fcrliche Energie, ganz ohne die Nebenwirkungen von Kaffee.","robots":{"index":"index","follow":"follow","max-snippet":"max-snippet:-1","max-image-preview":"max-image-preview:large","max-video-preview":"max-video-preview:-1"},"canonical":"https:\/\/erinora.com\/de\/shop\/mood-collection\/fokus-tee-online-kaufen\/","og_locale":"de_DE","og_type":"article","og_title":"Dewdrop \u2013 Bio Fokus Tee f\u00fcr Klarheit und Konzentration","og_description":"Ein loser Fokus-Tee mit Guayusa, gr\u00fcnem Tee und Matcha zur F\u00f6rderung der Konzentration \u2013 f\u00fcr nat\u00fcrliche Energie, ganz ohne die Nebenwirkungen von Kaffee.","og_url":"https:\/\/erinora.com\/de\/shop\/mood-collection\/fokus-tee-online-kaufen\/","og_site_name":"Erinora","article_publisher":"https:\/\/www.facebook.com\/profile.php?id=61566609811576","article_modified_time":"2025-04-19T12:27:05+00:00","og_image":[{"width":1500,"height":1992,"url":"https:\/\/erinora.com\/de\/wp-content\/uploads\/sites\/5\/2025\/02\/dewdrop-tea-for-focus-and-concentration.webp","type":"image\/webp"}],"twitter_card":"summary_large_image","twitter_misc":{"Gesch\u00e4tzte Lesezeit":"8\u00a0Minuten"},"schema":{"@context":"https:\/\/schema.org","@graph":[{"@type":"WebPage","@id":"https:\/\/erinora.com\/de\/shop\/mood-collection\/fokus-tee-online-kaufen\/","url":"https:\/\/erinora.com\/de\/shop\/mood-collection\/fokus-tee-online-kaufen\/","name":"Dewdrop \u2013 Bio Fokus Tee f\u00fcr Klarheit und Konzentration","isPartOf":{"@id":"https:\/\/erinora.com\/de\/#website"},"primaryImageOfPage":{"@id":"https:\/\/erinora.com\/de\/shop\/mood-collection\/fokus-tee-online-kaufen\/#primaryimage"},"image":{"@id":"https:\/\/erinora.com\/de\/shop\/mood-collection\/fokus-tee-online-kaufen\/#primaryimage"},"thumbnailUrl":"https:\/\/erinora.com\/de\/wp-content\/uploads\/sites\/5\/2025\/02\/dewdrop-tea-for-focus-and-concentration.webp","datePublished":"2025-02-04T22:35:58+00:00","dateModified":"2025-04-19T12:27:05+00:00","description":"Ein loser Fokus-Tee mit Guayusa, gr\u00fcnem Tee und Matcha zur F\u00f6rderung der Konzentration \u2013 f\u00fcr nat\u00fcrliche Energie, ganz ohne die Nebenwirkungen von Kaffee.","breadcrumb":{"@id":"https:\/\/erinora.com\/de\/shop\/mood-collection\/fokus-tee-online-kaufen\/#breadcrumb"},"inLanguage":"de","potentialAction":[{"@type":"ReadAction","target":["https:\/\/erinora.com\/de\/shop\/mood-collection\/fokus-tee-online-kaufen\/"]}]},{"@type":"ImageObject","inLanguage":"de","@id":"https:\/\/erinora.com\/de\/shop\/mood-collection\/fokus-tee-online-kaufen\/#primaryimage","url":"https:\/\/erinora.com\/de\/wp-content\/uploads\/sites\/5\/2025\/02\/dewdrop-tea-for-focus-and-concentration.webp","contentUrl":"https:\/\/erinora.com\/de\/wp-content\/uploads\/sites\/5\/2025\/02\/dewdrop-tea-for-focus-and-concentration.webp","width":1500,"height":1992},{"@type":"BreadcrumbList","@id":"https:\/\/erinora.com\/de\/shop\/mood-collection\/fokus-tee-online-kaufen\/#breadcrumb","itemListElement":[{"@type":"ListItem","position":1,"name":"Home","item":"https:\/\/erinora.com\/de\/"},{"@type":"ListItem","position":2,"name":"Shop","item":"https:\/\/erinora.com\/de\/shop\/"},{"@type":"ListItem","position":3,"name":"Mood Collection","item":"https:\/\/erinora.com\/de\/product-category\/mood-collection\/"},{"@type":"ListItem","position":4,"name":"Dewdrop"}]},{"@type":"WebSite","@id":"https:\/\/erinora.com\/de\/#website","url":"https:\/\/erinora.com\/de\/","name":"Erinora","description":"Your daily ritual","publisher":{"@id":"https:\/\/erinora.com\/de\/#organization"},"alternateName":"Erinora","potentialAction":[{"@type":"SearchAction","target":{"@type":"EntryPoint","urlTemplate":"https:\/\/erinora.com\/de\/?s={search_term_string}"},"query-input":{"@type":"PropertyValueSpecification","valueRequired":true,"valueName":"search_term_string"}}],"inLanguage":"de"},{"@type":"Organization","@id":"https:\/\/erinora.com\/de\/#organization","name":"Erinora","alternateName":"Erinora","url":"https:\/\/erinora.com\/de\/","logo":{"@type":"ImageObject","inLanguage":"de","@id":"https:\/\/erinora.com\/de\/#\/schema\/logo\/image\/","url":"https:\/\/erinora.com\/de\/wp-content\/uploads\/sites\/5\/2025\/02\/E_BrandIcon-Gradient.png","contentUrl":"https:\/\/erinora.com\/de\/wp-content\/uploads\/sites\/5\/2025\/02\/E_BrandIcon-Gradient.png","width":3000,"height":3000,"caption":"Erinora"},"image":{"@id":"https:\/\/erinora.com\/de\/#\/schema\/logo\/image\/"},"sameAs":["https:\/\/www.facebook.com\/profile.php?id=61566609811576","https:\/\/www.instagram.com\/erinora_tea"]}]}},"acf":[],"jetpack_sharing_enabled":true,"_links":{"self":[{"href":"https:\/\/erinora.com\/de\/wp-json\/wp\/v2\/product\/170","targetHints":{"allow":["GET"]}}],"collection":[{"href":"https:\/\/erinora.com\/de\/wp-json\/wp\/v2\/product"}],"about":[{"href":"https:\/\/erinora.com\/de\/wp-json\/wp\/v2\/types\/product"}],"replies":[{"embeddable":true,"href":"https:\/\/erinora.com\/de\/wp-json\/wp\/v2\/comments?post=170"}],"wp:featuredmedia":[{"embeddable":true,"href":"https:\/\/erinora.com\/de\/wp-json\/wp\/v2\/media\/171"}],"wp:attachment":[{"href":"https:\/\/erinora.com\/de\/wp-json\/wp\/v2\/media?parent=170"}],"wp:term":[{"taxonomy":"product_brand","embeddable":true,"href":"https:\/\/erinora.com\/de\/wp-json\/wp\/v2\/product_brand?post=170"},{"taxonomy":"product_cat","embeddable":true,"href":"https:\/\/erinora.com\/de\/wp-json\/wp\/v2\/product_cat?post=170"},{"taxonomy":"product_tag","embeddable":true,"href":"https:\/\/erinora.com\/de\/wp-json\/wp\/v2\/product_tag?post=170"}],"curies":[{"name":"wp","href":"https:\/\/api.w.org\/{rel}","templated":true}]}}