{"id":165,"date":"2025-02-04T23:16:49","date_gmt":"2025-02-04T22:16:49","guid":{"rendered":"https:\/\/erinora.com\/de\/?post_type=product&#038;p=165"},"modified":"2025-04-16T15:13:18","modified_gmt":"2025-04-16T13:13:18","slug":"detox-kraeutertee-online-kaufen","status":"publish","type":"product","link":"https:\/\/erinora.com\/de\/shop\/mood-collection\/detox-kraeutertee-online-kaufen\/","title":{"rendered":"Nova Salus"},"content":{"rendered":"<p>Unser detox Kr\u00e4utertee vereint die besten Zutaten, die die Natur zu bieten hat \u2013 sorgf\u00e4ltig ausgew\u00e4hlt f\u00fcr ihre reinigenden und entgiftenden Eigenschaften.Der Apfel verbindet sich harmonisch mit den s\u00fc\u00dfen, leicht erdigen Noten der Roten Bete, w\u00e4hrend Ingwer eine warme, w\u00fcrzige Tiefe hinzuf\u00fcgt. Anis sorgt f\u00fcr eine aromatische W\u00fcrze, die durch die Frische von Fenchel und Zitronengras perfekt ausbalanciert wird. Erg\u00e4nzt wird die Mischung durch Birkenbl\u00e4tter und Brennnessel, die traditionell f\u00fcr ihre entgiftenden Eigenschaften gesch\u00e4tzt werden.<\/p>\n","protected":false},"excerpt":{"rendered":"<p>Unser detox Kr\u00e4utertee vereint die besten Zutaten, die die Natur zu bieten hat \u2013 sorgf\u00e4ltig ausgew\u00e4hlt f\u00fcr ihre reinigenden und entgiftenden Eigenschaften.Der Apfel verbindet sich harmonisch mit den s\u00fc\u00dfen, leicht erdigen Noten der Roten Bete, w\u00e4hrend Ingwer eine warme, w\u00fcrzige Tiefe hinzuf\u00fcgt. Anis sorgt f\u00fcr eine aromatische W\u00fcrze, die durch die Frische von Fenchel und [&hellip;]<\/p>\n","protected":false},"featured_media":166,"comment_status":"open","ping_status":"closed","template":"","meta":{"_acf_changed":false},"product_brand":[],"product_cat":[26],"product_tag":[43],"class_list":{"0":"post-165","1":"product","2":"type-product","3":"status-publish","4":"has-post-thumbnail","6":"product_cat-mood-collection","7":"product_tag-fruchtetees","9":"first","10":"instock","11":"shipping-taxable","12":"purchasable","13":"product-type-simple"},"yoast_head":"<!-- This site is optimized with the Yoast SEO plugin v27.0 - https:\/\/yoast.com\/product\/yoast-seo-wordpress\/ -->\n<title>Nova Salus \u2014 Bio Detox Kr\u00e4utertee zur nat\u00fcrlichen Entgiftung<\/title>\n<meta name=\"description\" content=\"Ein biologischer Detox Kr\u00e4utertee als Losentee, der Leichtigkeit und inneres Gleichgewicht unterst\u00fctzt. Dein nat\u00fcrlicher Reset f\u00fcr t\u00e4gliches Wohlbefinden.\" \/>\n<meta name=\"robots\" content=\"index, follow, max-snippet:-1, max-image-preview:large, max-video-preview:-1\" \/>\n<link rel=\"canonical\" href=\"https:\/\/erinora.com\/de\/shop\/mood-collection\/detox-kraeutertee-online-kaufen\/\" \/>\n<meta property=\"og:locale\" content=\"de_DE\" \/>\n<meta property=\"og:type\" content=\"article\" \/>\n<meta property=\"og:title\" content=\"Nova Salus \u2014 Bio Detox Kr\u00e4utertee zur nat\u00fcrlichen Entgiftung\" \/>\n<meta property=\"og:description\" content=\"Ein biologischer Detox Kr\u00e4utertee als Losentee, der Leichtigkeit und inneres Gleichgewicht unterst\u00fctzt. Dein nat\u00fcrlicher Reset f\u00fcr t\u00e4gliches Wohlbefinden.\" \/>\n<meta property=\"og:url\" content=\"https:\/\/erinora.com\/de\/shop\/mood-collection\/detox-kraeutertee-online-kaufen\/\" \/>\n<meta property=\"og:site_name\" content=\"Erinora\" \/>\n<meta property=\"article:publisher\" content=\"https:\/\/www.facebook.com\/profile.php?id=61566609811576\" \/>\n<meta property=\"article:modified_time\" content=\"2025-04-16T13:13:18+00:00\" \/>\n<meta property=\"og:image\" content=\"https:\/\/erinora.com\/de\/wp-content\/uploads\/sites\/5\/2025\/02\/nova-salus-detox-tea-blend.webp\" \/>\n\t<meta property=\"og:image:width\" content=\"1500\" \/>\n\t<meta property=\"og:image:height\" content=\"1992\" \/>\n\t<meta property=\"og:image:type\" content=\"image\/webp\" \/>\n<meta name=\"twitter:card\" content=\"summary_large_image\" \/>\n<meta name=\"twitter:label1\" content=\"Gesch\u00e4tzte Lesezeit\" \/>\n\t<meta name=\"twitter:data1\" content=\"9\u00a0Minuten\" \/>\n<script type=\"application\/ld+json\" class=\"yoast-schema-graph\">{\"@context\":\"https:\/\/schema.org\",\"@graph\":[{\"@type\":\"WebPage\",\"@id\":\"https:\/\/erinora.com\/de\/shop\/mood-collection\/detox-kraeutertee-online-kaufen\/\",\"url\":\"https:\/\/erinora.com\/de\/shop\/mood-collection\/detox-kraeutertee-online-kaufen\/\",\"name\":\"Nova Salus \u2014 Bio Detox Kr\u00e4utertee zur nat\u00fcrlichen Entgiftung\",\"isPartOf\":{\"@id\":\"https:\/\/erinora.com\/de\/#website\"},\"primaryImageOfPage\":{\"@id\":\"https:\/\/erinora.com\/de\/shop\/mood-collection\/detox-kraeutertee-online-kaufen\/#primaryimage\"},\"image\":{\"@id\":\"https:\/\/erinora.com\/de\/shop\/mood-collection\/detox-kraeutertee-online-kaufen\/#primaryimage\"},\"thumbnailUrl\":\"https:\/\/erinora.com\/de\/wp-content\/uploads\/sites\/5\/2025\/02\/nova-salus-detox-tea-blend.webp\",\"datePublished\":\"2025-02-04T22:16:49+00:00\",\"dateModified\":\"2025-04-16T13:13:18+00:00\",\"description\":\"Ein biologischer Detox Kr\u00e4utertee als Losentee, der Leichtigkeit und inneres Gleichgewicht unterst\u00fctzt. Dein nat\u00fcrlicher Reset f\u00fcr t\u00e4gliches Wohlbefinden.\",\"breadcrumb\":{\"@id\":\"https:\/\/erinora.com\/de\/shop\/mood-collection\/detox-kraeutertee-online-kaufen\/#breadcrumb\"},\"inLanguage\":\"de\",\"potentialAction\":[{\"@type\":\"ReadAction\",\"target\":[\"https:\/\/erinora.com\/de\/shop\/mood-collection\/detox-kraeutertee-online-kaufen\/\"]}]},{\"@type\":\"ImageObject\",\"inLanguage\":\"de\",\"@id\":\"https:\/\/erinora.com\/de\/shop\/mood-collection\/detox-kraeutertee-online-kaufen\/#primaryimage\",\"url\":\"https:\/\/erinora.com\/de\/wp-content\/uploads\/sites\/5\/2025\/02\/nova-salus-detox-tea-blend.webp\",\"contentUrl\":\"https:\/\/erinora.com\/de\/wp-content\/uploads\/sites\/5\/2025\/02\/nova-salus-detox-tea-blend.webp\",\"width\":1500,\"height\":1992,\"caption\":\"Lose Kr\u00e4utermischung Nova Salus Tee\"},{\"@type\":\"BreadcrumbList\",\"@id\":\"https:\/\/erinora.com\/de\/shop\/mood-collection\/detox-kraeutertee-online-kaufen\/#breadcrumb\",\"itemListElement\":[{\"@type\":\"ListItem\",\"position\":1,\"name\":\"Home\",\"item\":\"https:\/\/erinora.com\/de\/\"},{\"@type\":\"ListItem\",\"position\":2,\"name\":\"Shop\",\"item\":\"https:\/\/erinora.com\/de\/shop\/\"},{\"@type\":\"ListItem\",\"position\":3,\"name\":\"Mood Collection\",\"item\":\"https:\/\/erinora.com\/de\/product-category\/mood-collection\/\"},{\"@type\":\"ListItem\",\"position\":4,\"name\":\"Nova Salus\"}]},{\"@type\":\"WebSite\",\"@id\":\"https:\/\/erinora.com\/de\/#website\",\"url\":\"https:\/\/erinora.com\/de\/\",\"name\":\"Erinora\",\"description\":\"Your daily ritual\",\"publisher\":{\"@id\":\"https:\/\/erinora.com\/de\/#organization\"},\"alternateName\":\"Erinora\",\"potentialAction\":[{\"@type\":\"SearchAction\",\"target\":{\"@type\":\"EntryPoint\",\"urlTemplate\":\"https:\/\/erinora.com\/de\/?s={search_term_string}\"},\"query-input\":{\"@type\":\"PropertyValueSpecification\",\"valueRequired\":true,\"valueName\":\"search_term_string\"}}],\"inLanguage\":\"de\"},{\"@type\":\"Organization\",\"@id\":\"https:\/\/erinora.com\/de\/#organization\",\"name\":\"Erinora\",\"alternateName\":\"Erinora\",\"url\":\"https:\/\/erinora.com\/de\/\",\"logo\":{\"@type\":\"ImageObject\",\"inLanguage\":\"de\",\"@id\":\"https:\/\/erinora.com\/de\/#\/schema\/logo\/image\/\",\"url\":\"https:\/\/erinora.com\/de\/wp-content\/uploads\/sites\/5\/2025\/02\/E_BrandIcon-Gradient.png\",\"contentUrl\":\"https:\/\/erinora.com\/de\/wp-content\/uploads\/sites\/5\/2025\/02\/E_BrandIcon-Gradient.png\",\"width\":3000,\"height\":3000,\"caption\":\"Erinora\"},\"image\":{\"@id\":\"https:\/\/erinora.com\/de\/#\/schema\/logo\/image\/\"},\"sameAs\":[\"https:\/\/www.facebook.com\/profile.php?id=61566609811576\",\"https:\/\/www.instagram.com\/erinora_tea\"]}]}<\/script>\n<!-- \/ Yoast SEO plugin. -->","yoast_head_json":{"title":"Nova Salus \u2014 Bio Detox Kr\u00e4utertee zur nat\u00fcrlichen Entgiftung","description":"Ein biologischer Detox Kr\u00e4utertee als Losentee, der Leichtigkeit und inneres Gleichgewicht unterst\u00fctzt. Dein nat\u00fcrlicher Reset f\u00fcr t\u00e4gliches Wohlbefinden.","robots":{"index":"index","follow":"follow","max-snippet":"max-snippet:-1","max-image-preview":"max-image-preview:large","max-video-preview":"max-video-preview:-1"},"canonical":"https:\/\/erinora.com\/de\/shop\/mood-collection\/detox-kraeutertee-online-kaufen\/","og_locale":"de_DE","og_type":"article","og_title":"Nova Salus \u2014 Bio Detox Kr\u00e4utertee zur nat\u00fcrlichen Entgiftung","og_description":"Ein biologischer Detox Kr\u00e4utertee als Losentee, der Leichtigkeit und inneres Gleichgewicht unterst\u00fctzt. Dein nat\u00fcrlicher Reset f\u00fcr t\u00e4gliches Wohlbefinden.","og_url":"https:\/\/erinora.com\/de\/shop\/mood-collection\/detox-kraeutertee-online-kaufen\/","og_site_name":"Erinora","article_publisher":"https:\/\/www.facebook.com\/profile.php?id=61566609811576","article_modified_time":"2025-04-16T13:13:18+00:00","og_image":[{"width":1500,"height":1992,"url":"https:\/\/erinora.com\/de\/wp-content\/uploads\/sites\/5\/2025\/02\/nova-salus-detox-tea-blend.webp","type":"image\/webp"}],"twitter_card":"summary_large_image","twitter_misc":{"Gesch\u00e4tzte Lesezeit":"9\u00a0Minuten"},"schema":{"@context":"https:\/\/schema.org","@graph":[{"@type":"WebPage","@id":"https:\/\/erinora.com\/de\/shop\/mood-collection\/detox-kraeutertee-online-kaufen\/","url":"https:\/\/erinora.com\/de\/shop\/mood-collection\/detox-kraeutertee-online-kaufen\/","name":"Nova Salus \u2014 Bio Detox Kr\u00e4utertee zur nat\u00fcrlichen Entgiftung","isPartOf":{"@id":"https:\/\/erinora.com\/de\/#website"},"primaryImageOfPage":{"@id":"https:\/\/erinora.com\/de\/shop\/mood-collection\/detox-kraeutertee-online-kaufen\/#primaryimage"},"image":{"@id":"https:\/\/erinora.com\/de\/shop\/mood-collection\/detox-kraeutertee-online-kaufen\/#primaryimage"},"thumbnailUrl":"https:\/\/erinora.com\/de\/wp-content\/uploads\/sites\/5\/2025\/02\/nova-salus-detox-tea-blend.webp","datePublished":"2025-02-04T22:16:49+00:00","dateModified":"2025-04-16T13:13:18+00:00","description":"Ein biologischer Detox Kr\u00e4utertee als Losentee, der Leichtigkeit und inneres Gleichgewicht unterst\u00fctzt. Dein nat\u00fcrlicher Reset f\u00fcr t\u00e4gliches Wohlbefinden.","breadcrumb":{"@id":"https:\/\/erinora.com\/de\/shop\/mood-collection\/detox-kraeutertee-online-kaufen\/#breadcrumb"},"inLanguage":"de","potentialAction":[{"@type":"ReadAction","target":["https:\/\/erinora.com\/de\/shop\/mood-collection\/detox-kraeutertee-online-kaufen\/"]}]},{"@type":"ImageObject","inLanguage":"de","@id":"https:\/\/erinora.com\/de\/shop\/mood-collection\/detox-kraeutertee-online-kaufen\/#primaryimage","url":"https:\/\/erinora.com\/de\/wp-content\/uploads\/sites\/5\/2025\/02\/nova-salus-detox-tea-blend.webp","contentUrl":"https:\/\/erinora.com\/de\/wp-content\/uploads\/sites\/5\/2025\/02\/nova-salus-detox-tea-blend.webp","width":1500,"height":1992,"caption":"Lose Kr\u00e4utermischung Nova Salus Tee"},{"@type":"BreadcrumbList","@id":"https:\/\/erinora.com\/de\/shop\/mood-collection\/detox-kraeutertee-online-kaufen\/#breadcrumb","itemListElement":[{"@type":"ListItem","position":1,"name":"Home","item":"https:\/\/erinora.com\/de\/"},{"@type":"ListItem","position":2,"name":"Shop","item":"https:\/\/erinora.com\/de\/shop\/"},{"@type":"ListItem","position":3,"name":"Mood Collection","item":"https:\/\/erinora.com\/de\/product-category\/mood-collection\/"},{"@type":"ListItem","position":4,"name":"Nova Salus"}]},{"@type":"WebSite","@id":"https:\/\/erinora.com\/de\/#website","url":"https:\/\/erinora.com\/de\/","name":"Erinora","description":"Your daily ritual","publisher":{"@id":"https:\/\/erinora.com\/de\/#organization"},"alternateName":"Erinora","potentialAction":[{"@type":"SearchAction","target":{"@type":"EntryPoint","urlTemplate":"https:\/\/erinora.com\/de\/?s={search_term_string}"},"query-input":{"@type":"PropertyValueSpecification","valueRequired":true,"valueName":"search_term_string"}}],"inLanguage":"de"},{"@type":"Organization","@id":"https:\/\/erinora.com\/de\/#organization","name":"Erinora","alternateName":"Erinora","url":"https:\/\/erinora.com\/de\/","logo":{"@type":"ImageObject","inLanguage":"de","@id":"https:\/\/erinora.com\/de\/#\/schema\/logo\/image\/","url":"https:\/\/erinora.com\/de\/wp-content\/uploads\/sites\/5\/2025\/02\/E_BrandIcon-Gradient.png","contentUrl":"https:\/\/erinora.com\/de\/wp-content\/uploads\/sites\/5\/2025\/02\/E_BrandIcon-Gradient.png","width":3000,"height":3000,"caption":"Erinora"},"image":{"@id":"https:\/\/erinora.com\/de\/#\/schema\/logo\/image\/"},"sameAs":["https:\/\/www.facebook.com\/profile.php?id=61566609811576","https:\/\/www.instagram.com\/erinora_tea"]}]}},"acf":[],"jetpack_sharing_enabled":true,"_links":{"self":[{"href":"https:\/\/erinora.com\/de\/wp-json\/wp\/v2\/product\/165","targetHints":{"allow":["GET"]}}],"collection":[{"href":"https:\/\/erinora.com\/de\/wp-json\/wp\/v2\/product"}],"about":[{"href":"https:\/\/erinora.com\/de\/wp-json\/wp\/v2\/types\/product"}],"replies":[{"embeddable":true,"href":"https:\/\/erinora.com\/de\/wp-json\/wp\/v2\/comments?post=165"}],"wp:featuredmedia":[{"embeddable":true,"href":"https:\/\/erinora.com\/de\/wp-json\/wp\/v2\/media\/166"}],"wp:attachment":[{"href":"https:\/\/erinora.com\/de\/wp-json\/wp\/v2\/media?parent=165"}],"wp:term":[{"taxonomy":"product_brand","embeddable":true,"href":"https:\/\/erinora.com\/de\/wp-json\/wp\/v2\/product_brand?post=165"},{"taxonomy":"product_cat","embeddable":true,"href":"https:\/\/erinora.com\/de\/wp-json\/wp\/v2\/product_cat?post=165"},{"taxonomy":"product_tag","embeddable":true,"href":"https:\/\/erinora.com\/de\/wp-json\/wp\/v2\/product_tag?post=165"}],"curies":[{"name":"wp","href":"https:\/\/api.w.org\/{rel}","templated":true}]}}