{"id":139,"date":"2025-02-04T15:43:23","date_gmt":"2025-02-04T14:43:23","guid":{"rendered":"https:\/\/erinora.com\/de\/?post_type=product&#038;p=139"},"modified":"2025-04-16T14:48:33","modified_gmt":"2025-04-16T12:48:33","slug":"antistress-kraeutertee-online-kaufen","status":"publish","type":"product","link":"https:\/\/erinora.com\/de\/shop\/mood-collection\/antistress-kraeutertee-online-kaufen\/","title":{"rendered":"Rustling Breeze"},"content":{"rendered":"<p data-start=\"156\" data-end=\"506\">Ein antistress Kr\u00e4utertee aus zertifizierten Bio-Zutaten, der dabei hilft, Spannungen zu l\u00f6sen und K\u00f6rper und Geist ins Gleichgewicht zu bringen. Diese beruhigende und stresslindernde Kr\u00e4uterteemischung mit Rooibos, Tulsi und Zitronengras wird durch erfrischende Noten von Zitronenschale, Bergamotte und zarten blauen Kornblumenbl\u00fcten abgerundet.<\/p>\n","protected":false},"excerpt":{"rendered":"<p>Ein antistress Kr\u00e4utertee aus zertifizierten Bio-Zutaten, der dabei hilft, Spannungen zu l\u00f6sen und K\u00f6rper und Geist ins Gleichgewicht zu bringen. Diese beruhigende und stresslindernde Kr\u00e4uterteemischung mit Rooibos, Tulsi und Zitronengras wird durch erfrischende Noten von Zitronenschale, Bergamotte und zarten blauen Kornblumenbl\u00fcten abgerundet.<\/p>\n","protected":false},"featured_media":145,"comment_status":"open","ping_status":"closed","template":"","meta":{"_acf_changed":false},"product_brand":[],"product_cat":[26],"product_tag":[42,47,44],"class_list":{"0":"post-139","1":"product","2":"type-product","3":"status-publish","4":"has-post-thumbnail","6":"product_cat-mood-collection","7":"product_tag-krautertees","8":"product_tag-rooibos","9":"product_tag-tulsi","11":"first","12":"instock","13":"shipping-taxable","14":"purchasable","15":"product-type-simple"},"yoast_head":"<!-- This site is optimized with the Yoast SEO plugin v27.0 - https:\/\/yoast.com\/product\/yoast-seo-wordpress\/ -->\n<title>Rustling Breeze \u2013 Dein Bio Antistress Kr\u00e4utertee f\u00fcr innere Ruhe<\/title>\n<meta name=\"description\" content=\"Ein antistress Kr\u00e4utertee mit Rooibos, Tulsi und Zitronengras \u2013 als Bio-Losentee f\u00fcr entspannte Momente und neues inneres Gleichgewicht.\" \/>\n<meta name=\"robots\" content=\"index, follow, max-snippet:-1, max-image-preview:large, max-video-preview:-1\" \/>\n<link rel=\"canonical\" href=\"https:\/\/erinora.com\/de\/shop\/mood-collection\/antistress-kraeutertee-online-kaufen\/\" \/>\n<meta property=\"og:locale\" content=\"de_DE\" \/>\n<meta property=\"og:type\" content=\"article\" \/>\n<meta property=\"og:title\" content=\"Rustling Breeze \u2013 Dein Bio Antistress Kr\u00e4utertee f\u00fcr innere Ruhe\" \/>\n<meta property=\"og:description\" content=\"Ein antistress Kr\u00e4utertee mit Rooibos, Tulsi und Zitronengras \u2013 als Bio-Losentee f\u00fcr entspannte Momente und neues inneres Gleichgewicht.\" \/>\n<meta property=\"og:url\" content=\"https:\/\/erinora.com\/de\/shop\/mood-collection\/antistress-kraeutertee-online-kaufen\/\" \/>\n<meta property=\"og:site_name\" content=\"Erinora\" \/>\n<meta property=\"article:publisher\" content=\"https:\/\/www.facebook.com\/profile.php?id=61566609811576\" \/>\n<meta property=\"article:modified_time\" content=\"2025-04-16T12:48:33+00:00\" \/>\n<meta property=\"og:image\" content=\"https:\/\/erinora.com\/de\/wp-content\/uploads\/sites\/5\/2025\/02\/Rustling-Breeze-tea-to-reuce-stress.webp\" \/>\n\t<meta property=\"og:image:width\" content=\"1500\" \/>\n\t<meta property=\"og:image:height\" content=\"1992\" \/>\n\t<meta property=\"og:image:type\" content=\"image\/webp\" \/>\n<meta name=\"twitter:card\" content=\"summary_large_image\" \/>\n<meta name=\"twitter:label1\" content=\"Gesch\u00e4tzte Lesezeit\" \/>\n\t<meta name=\"twitter:data1\" content=\"8\u00a0Minuten\" \/>\n<script type=\"application\/ld+json\" class=\"yoast-schema-graph\">{\"@context\":\"https:\/\/schema.org\",\"@graph\":[{\"@type\":\"WebPage\",\"@id\":\"https:\/\/erinora.com\/de\/shop\/mood-collection\/antistress-kraeutertee-online-kaufen\/\",\"url\":\"https:\/\/erinora.com\/de\/shop\/mood-collection\/antistress-kraeutertee-online-kaufen\/\",\"name\":\"Rustling Breeze \u2013 Dein Bio Antistress Kr\u00e4utertee f\u00fcr innere Ruhe\",\"isPartOf\":{\"@id\":\"https:\/\/erinora.com\/de\/#website\"},\"primaryImageOfPage\":{\"@id\":\"https:\/\/erinora.com\/de\/shop\/mood-collection\/antistress-kraeutertee-online-kaufen\/#primaryimage\"},\"image\":{\"@id\":\"https:\/\/erinora.com\/de\/shop\/mood-collection\/antistress-kraeutertee-online-kaufen\/#primaryimage\"},\"thumbnailUrl\":\"https:\/\/erinora.com\/de\/wp-content\/uploads\/sites\/5\/2025\/02\/Rustling-Breeze-tea-to-reuce-stress.webp\",\"datePublished\":\"2025-02-04T14:43:23+00:00\",\"dateModified\":\"2025-04-16T12:48:33+00:00\",\"description\":\"Ein antistress Kr\u00e4utertee mit Rooibos, Tulsi und Zitronengras \u2013 als Bio-Losentee f\u00fcr entspannte Momente und neues inneres Gleichgewicht.\",\"breadcrumb\":{\"@id\":\"https:\/\/erinora.com\/de\/shop\/mood-collection\/antistress-kraeutertee-online-kaufen\/#breadcrumb\"},\"inLanguage\":\"de\",\"potentialAction\":[{\"@type\":\"ReadAction\",\"target\":[\"https:\/\/erinora.com\/de\/shop\/mood-collection\/antistress-kraeutertee-online-kaufen\/\"]}]},{\"@type\":\"ImageObject\",\"inLanguage\":\"de\",\"@id\":\"https:\/\/erinora.com\/de\/shop\/mood-collection\/antistress-kraeutertee-online-kaufen\/#primaryimage\",\"url\":\"https:\/\/erinora.com\/de\/wp-content\/uploads\/sites\/5\/2025\/02\/Rustling-Breeze-tea-to-reuce-stress.webp\",\"contentUrl\":\"https:\/\/erinora.com\/de\/wp-content\/uploads\/sites\/5\/2025\/02\/Rustling-Breeze-tea-to-reuce-stress.webp\",\"width\":1500,\"height\":1992},{\"@type\":\"BreadcrumbList\",\"@id\":\"https:\/\/erinora.com\/de\/shop\/mood-collection\/antistress-kraeutertee-online-kaufen\/#breadcrumb\",\"itemListElement\":[{\"@type\":\"ListItem\",\"position\":1,\"name\":\"Home\",\"item\":\"https:\/\/erinora.com\/de\/\"},{\"@type\":\"ListItem\",\"position\":2,\"name\":\"Shop\",\"item\":\"https:\/\/erinora.com\/de\/shop\/\"},{\"@type\":\"ListItem\",\"position\":3,\"name\":\"Mood Collection\",\"item\":\"https:\/\/erinora.com\/de\/product-category\/mood-collection\/\"},{\"@type\":\"ListItem\",\"position\":4,\"name\":\"Rustling Breeze\"}]},{\"@type\":\"WebSite\",\"@id\":\"https:\/\/erinora.com\/de\/#website\",\"url\":\"https:\/\/erinora.com\/de\/\",\"name\":\"Erinora\",\"description\":\"Your daily ritual\",\"publisher\":{\"@id\":\"https:\/\/erinora.com\/de\/#organization\"},\"alternateName\":\"Erinora\",\"potentialAction\":[{\"@type\":\"SearchAction\",\"target\":{\"@type\":\"EntryPoint\",\"urlTemplate\":\"https:\/\/erinora.com\/de\/?s={search_term_string}\"},\"query-input\":{\"@type\":\"PropertyValueSpecification\",\"valueRequired\":true,\"valueName\":\"search_term_string\"}}],\"inLanguage\":\"de\"},{\"@type\":\"Organization\",\"@id\":\"https:\/\/erinora.com\/de\/#organization\",\"name\":\"Erinora\",\"alternateName\":\"Erinora\",\"url\":\"https:\/\/erinora.com\/de\/\",\"logo\":{\"@type\":\"ImageObject\",\"inLanguage\":\"de\",\"@id\":\"https:\/\/erinora.com\/de\/#\/schema\/logo\/image\/\",\"url\":\"https:\/\/erinora.com\/de\/wp-content\/uploads\/sites\/5\/2025\/02\/E_BrandIcon-Gradient.png\",\"contentUrl\":\"https:\/\/erinora.com\/de\/wp-content\/uploads\/sites\/5\/2025\/02\/E_BrandIcon-Gradient.png\",\"width\":3000,\"height\":3000,\"caption\":\"Erinora\"},\"image\":{\"@id\":\"https:\/\/erinora.com\/de\/#\/schema\/logo\/image\/\"},\"sameAs\":[\"https:\/\/www.facebook.com\/profile.php?id=61566609811576\",\"https:\/\/www.instagram.com\/erinora_tea\"]}]}<\/script>\n<!-- \/ Yoast SEO plugin. -->","yoast_head_json":{"title":"Rustling Breeze \u2013 Dein Bio Antistress Kr\u00e4utertee f\u00fcr innere Ruhe","description":"Ein antistress Kr\u00e4utertee mit Rooibos, Tulsi und Zitronengras \u2013 als Bio-Losentee f\u00fcr entspannte Momente und neues inneres Gleichgewicht.","robots":{"index":"index","follow":"follow","max-snippet":"max-snippet:-1","max-image-preview":"max-image-preview:large","max-video-preview":"max-video-preview:-1"},"canonical":"https:\/\/erinora.com\/de\/shop\/mood-collection\/antistress-kraeutertee-online-kaufen\/","og_locale":"de_DE","og_type":"article","og_title":"Rustling Breeze \u2013 Dein Bio Antistress Kr\u00e4utertee f\u00fcr innere Ruhe","og_description":"Ein antistress Kr\u00e4utertee mit Rooibos, Tulsi und Zitronengras \u2013 als Bio-Losentee f\u00fcr entspannte Momente und neues inneres Gleichgewicht.","og_url":"https:\/\/erinora.com\/de\/shop\/mood-collection\/antistress-kraeutertee-online-kaufen\/","og_site_name":"Erinora","article_publisher":"https:\/\/www.facebook.com\/profile.php?id=61566609811576","article_modified_time":"2025-04-16T12:48:33+00:00","og_image":[{"width":1500,"height":1992,"url":"https:\/\/erinora.com\/de\/wp-content\/uploads\/sites\/5\/2025\/02\/Rustling-Breeze-tea-to-reuce-stress.webp","type":"image\/webp"}],"twitter_card":"summary_large_image","twitter_misc":{"Gesch\u00e4tzte Lesezeit":"8\u00a0Minuten"},"schema":{"@context":"https:\/\/schema.org","@graph":[{"@type":"WebPage","@id":"https:\/\/erinora.com\/de\/shop\/mood-collection\/antistress-kraeutertee-online-kaufen\/","url":"https:\/\/erinora.com\/de\/shop\/mood-collection\/antistress-kraeutertee-online-kaufen\/","name":"Rustling Breeze \u2013 Dein Bio Antistress Kr\u00e4utertee f\u00fcr innere Ruhe","isPartOf":{"@id":"https:\/\/erinora.com\/de\/#website"},"primaryImageOfPage":{"@id":"https:\/\/erinora.com\/de\/shop\/mood-collection\/antistress-kraeutertee-online-kaufen\/#primaryimage"},"image":{"@id":"https:\/\/erinora.com\/de\/shop\/mood-collection\/antistress-kraeutertee-online-kaufen\/#primaryimage"},"thumbnailUrl":"https:\/\/erinora.com\/de\/wp-content\/uploads\/sites\/5\/2025\/02\/Rustling-Breeze-tea-to-reuce-stress.webp","datePublished":"2025-02-04T14:43:23+00:00","dateModified":"2025-04-16T12:48:33+00:00","description":"Ein antistress Kr\u00e4utertee mit Rooibos, Tulsi und Zitronengras \u2013 als Bio-Losentee f\u00fcr entspannte Momente und neues inneres Gleichgewicht.","breadcrumb":{"@id":"https:\/\/erinora.com\/de\/shop\/mood-collection\/antistress-kraeutertee-online-kaufen\/#breadcrumb"},"inLanguage":"de","potentialAction":[{"@type":"ReadAction","target":["https:\/\/erinora.com\/de\/shop\/mood-collection\/antistress-kraeutertee-online-kaufen\/"]}]},{"@type":"ImageObject","inLanguage":"de","@id":"https:\/\/erinora.com\/de\/shop\/mood-collection\/antistress-kraeutertee-online-kaufen\/#primaryimage","url":"https:\/\/erinora.com\/de\/wp-content\/uploads\/sites\/5\/2025\/02\/Rustling-Breeze-tea-to-reuce-stress.webp","contentUrl":"https:\/\/erinora.com\/de\/wp-content\/uploads\/sites\/5\/2025\/02\/Rustling-Breeze-tea-to-reuce-stress.webp","width":1500,"height":1992},{"@type":"BreadcrumbList","@id":"https:\/\/erinora.com\/de\/shop\/mood-collection\/antistress-kraeutertee-online-kaufen\/#breadcrumb","itemListElement":[{"@type":"ListItem","position":1,"name":"Home","item":"https:\/\/erinora.com\/de\/"},{"@type":"ListItem","position":2,"name":"Shop","item":"https:\/\/erinora.com\/de\/shop\/"},{"@type":"ListItem","position":3,"name":"Mood Collection","item":"https:\/\/erinora.com\/de\/product-category\/mood-collection\/"},{"@type":"ListItem","position":4,"name":"Rustling Breeze"}]},{"@type":"WebSite","@id":"https:\/\/erinora.com\/de\/#website","url":"https:\/\/erinora.com\/de\/","name":"Erinora","description":"Your daily ritual","publisher":{"@id":"https:\/\/erinora.com\/de\/#organization"},"alternateName":"Erinora","potentialAction":[{"@type":"SearchAction","target":{"@type":"EntryPoint","urlTemplate":"https:\/\/erinora.com\/de\/?s={search_term_string}"},"query-input":{"@type":"PropertyValueSpecification","valueRequired":true,"valueName":"search_term_string"}}],"inLanguage":"de"},{"@type":"Organization","@id":"https:\/\/erinora.com\/de\/#organization","name":"Erinora","alternateName":"Erinora","url":"https:\/\/erinora.com\/de\/","logo":{"@type":"ImageObject","inLanguage":"de","@id":"https:\/\/erinora.com\/de\/#\/schema\/logo\/image\/","url":"https:\/\/erinora.com\/de\/wp-content\/uploads\/sites\/5\/2025\/02\/E_BrandIcon-Gradient.png","contentUrl":"https:\/\/erinora.com\/de\/wp-content\/uploads\/sites\/5\/2025\/02\/E_BrandIcon-Gradient.png","width":3000,"height":3000,"caption":"Erinora"},"image":{"@id":"https:\/\/erinora.com\/de\/#\/schema\/logo\/image\/"},"sameAs":["https:\/\/www.facebook.com\/profile.php?id=61566609811576","https:\/\/www.instagram.com\/erinora_tea"]}]}},"acf":[],"jetpack_sharing_enabled":true,"_links":{"self":[{"href":"https:\/\/erinora.com\/de\/wp-json\/wp\/v2\/product\/139","targetHints":{"allow":["GET"]}}],"collection":[{"href":"https:\/\/erinora.com\/de\/wp-json\/wp\/v2\/product"}],"about":[{"href":"https:\/\/erinora.com\/de\/wp-json\/wp\/v2\/types\/product"}],"replies":[{"embeddable":true,"href":"https:\/\/erinora.com\/de\/wp-json\/wp\/v2\/comments?post=139"}],"wp:featuredmedia":[{"embeddable":true,"href":"https:\/\/erinora.com\/de\/wp-json\/wp\/v2\/media\/145"}],"wp:attachment":[{"href":"https:\/\/erinora.com\/de\/wp-json\/wp\/v2\/media?parent=139"}],"wp:term":[{"taxonomy":"product_brand","embeddable":true,"href":"https:\/\/erinora.com\/de\/wp-json\/wp\/v2\/product_brand?post=139"},{"taxonomy":"product_cat","embeddable":true,"href":"https:\/\/erinora.com\/de\/wp-json\/wp\/v2\/product_cat?post=139"},{"taxonomy":"product_tag","embeddable":true,"href":"https:\/\/erinora.com\/de\/wp-json\/wp\/v2\/product_tag?post=139"}],"curies":[{"name":"wp","href":"https:\/\/api.w.org\/{rel}","templated":true}]}}