{"id":1016,"date":"2025-10-24T11:13:53","date_gmt":"2025-10-24T09:13:53","guid":{"rendered":"https:\/\/erinora.com\/de\/?post_type=product&#038;p=1016"},"modified":"2025-10-24T11:20:20","modified_gmt":"2025-10-24T09:20:20","slug":"hojicha-bio-gruentee-koffeinarm","status":"publish","type":"product","link":"https:\/\/erinora.com\/de\/shop\/pure-collection-reine-bio-tees\/hojicha-bio-gruentee-koffeinarm\/","title":{"rendered":"Hojicha"},"content":{"rendered":"<p>Hojicha ist ein traditioneller japanischer, sanft ger\u00f6steter Gr\u00fcntee aus St\u00e4ngeln und Bl\u00e4ttern sp\u00e4ter Ernten. Durch die R\u00f6stung ist er von Natur aus koffeinarm und entwickelt ein warmes, r\u00f6stiges Aroma mit weichen, karamellartigen Noten. Mild, beruhigend und erdend \u2013 besonders am Abend \u2013 passt er hervorragend zu Desserts, da seine feine Rauchigkeit und sein runder Geschmack eine wohltuende, harmonische Tasse schaffen.<\/p>\n","protected":false},"excerpt":{"rendered":"<p>Hojicha ist ein traditioneller japanischer, sanft ger\u00f6steter Gr\u00fcntee aus St\u00e4ngeln und Bl\u00e4ttern sp\u00e4ter Ernten. Durch die R\u00f6stung ist er von Natur aus koffeinarm und entwickelt ein warmes, r\u00f6stiges Aroma mit weichen, karamellartigen Noten. Mild, beruhigend und erdend \u2013 besonders am Abend \u2013 passt er hervorragend zu Desserts, da seine feine Rauchigkeit und sein runder Geschmack [&hellip;]<\/p>\n","protected":false},"featured_media":1018,"comment_status":"open","ping_status":"closed","template":"","meta":{"_acf_changed":false},"product_brand":[],"product_cat":[57],"product_tag":[36],"class_list":{"0":"post-1016","1":"product","2":"type-product","3":"status-publish","4":"has-post-thumbnail","6":"product_cat-pure-collection-reine-bio-tees","7":"product_tag-gruner-tee","9":"first","10":"instock","11":"shipping-taxable","12":"purchasable","13":"product-type-simple"},"yoast_head":"<!-- This site is optimized with the Yoast SEO plugin v27.0 - https:\/\/yoast.com\/product\/yoast-seo-wordpress\/ -->\n<title>Hojicha Bio Gr\u00fcntee koffeinarm \u2013 sanft ger\u00f6steter Japanischer Tee<\/title>\n<meta name=\"description\" content=\"Sanft ger\u00f6steter Bio Hojicha aus Japan \u2013 nat\u00fcrlicherweise koffeinarm, warm und mild im Geschmack. Ideal f\u00fcr den Abend oder achtsame Teemomente.\" \/>\n<meta name=\"robots\" content=\"index, follow, max-snippet:-1, max-image-preview:large, max-video-preview:-1\" \/>\n<link rel=\"canonical\" href=\"https:\/\/erinora.com\/de\/shop\/pure-collection-reine-bio-tees\/hojicha-bio-gruentee-koffeinarm\/\" \/>\n<meta property=\"og:locale\" content=\"de_DE\" \/>\n<meta property=\"og:type\" content=\"article\" \/>\n<meta property=\"og:title\" content=\"Hojicha Bio Gr\u00fcntee koffeinarm \u2013 sanft ger\u00f6steter Japanischer Tee\" \/>\n<meta property=\"og:description\" content=\"Sanft ger\u00f6steter Bio Hojicha aus Japan \u2013 nat\u00fcrlicherweise koffeinarm, warm und mild im Geschmack. Ideal f\u00fcr den Abend oder achtsame Teemomente.\" \/>\n<meta property=\"og:url\" content=\"https:\/\/erinora.com\/de\/shop\/pure-collection-reine-bio-tees\/hojicha-bio-gruentee-koffeinarm\/\" \/>\n<meta property=\"og:site_name\" content=\"Erinora\" \/>\n<meta property=\"article:publisher\" content=\"https:\/\/www.facebook.com\/profile.php?id=61566609811576\" \/>\n<meta property=\"article:modified_time\" content=\"2025-10-24T09:20:20+00:00\" \/>\n<meta property=\"og:image\" content=\"https:\/\/erinora.com\/de\/wp-content\/uploads\/sites\/5\/2025\/10\/organic-hojicha-loose-leaf.webp.webp\" \/>\n\t<meta property=\"og:image:width\" content=\"1500\" \/>\n\t<meta property=\"og:image:height\" content=\"1500\" \/>\n\t<meta property=\"og:image:type\" content=\"image\/webp\" \/>\n<meta name=\"twitter:card\" content=\"summary_large_image\" \/>\n<meta name=\"twitter:label1\" content=\"Gesch\u00e4tzte Lesezeit\" \/>\n\t<meta name=\"twitter:data1\" content=\"7\u00a0Minuten\" \/>\n<script type=\"application\/ld+json\" class=\"yoast-schema-graph\">{\"@context\":\"https:\/\/schema.org\",\"@graph\":[{\"@type\":\"WebPage\",\"@id\":\"https:\/\/erinora.com\/de\/shop\/pure-collection-reine-bio-tees\/hojicha-bio-gruentee-koffeinarm\/\",\"url\":\"https:\/\/erinora.com\/de\/shop\/pure-collection-reine-bio-tees\/hojicha-bio-gruentee-koffeinarm\/\",\"name\":\"Hojicha Bio Gr\u00fcntee koffeinarm \u2013 sanft ger\u00f6steter Japanischer Tee\",\"isPartOf\":{\"@id\":\"https:\/\/erinora.com\/de\/#website\"},\"primaryImageOfPage\":{\"@id\":\"https:\/\/erinora.com\/de\/shop\/pure-collection-reine-bio-tees\/hojicha-bio-gruentee-koffeinarm\/#primaryimage\"},\"image\":{\"@id\":\"https:\/\/erinora.com\/de\/shop\/pure-collection-reine-bio-tees\/hojicha-bio-gruentee-koffeinarm\/#primaryimage\"},\"thumbnailUrl\":\"https:\/\/erinora.com\/de\/wp-content\/uploads\/sites\/5\/2025\/10\/organic-hojicha-loose-leaf.webp.webp\",\"datePublished\":\"2025-10-24T09:13:53+00:00\",\"dateModified\":\"2025-10-24T09:20:20+00:00\",\"description\":\"Sanft ger\u00f6steter Bio Hojicha aus Japan \u2013 nat\u00fcrlicherweise koffeinarm, warm und mild im Geschmack. Ideal f\u00fcr den Abend oder achtsame Teemomente.\",\"breadcrumb\":{\"@id\":\"https:\/\/erinora.com\/de\/shop\/pure-collection-reine-bio-tees\/hojicha-bio-gruentee-koffeinarm\/#breadcrumb\"},\"inLanguage\":\"de\",\"potentialAction\":[{\"@type\":\"ReadAction\",\"target\":[\"https:\/\/erinora.com\/de\/shop\/pure-collection-reine-bio-tees\/hojicha-bio-gruentee-koffeinarm\/\"]}]},{\"@type\":\"ImageObject\",\"inLanguage\":\"de\",\"@id\":\"https:\/\/erinora.com\/de\/shop\/pure-collection-reine-bio-tees\/hojicha-bio-gruentee-koffeinarm\/#primaryimage\",\"url\":\"https:\/\/erinora.com\/de\/wp-content\/uploads\/sites\/5\/2025\/10\/organic-hojicha-loose-leaf.webp.webp\",\"contentUrl\":\"https:\/\/erinora.com\/de\/wp-content\/uploads\/sites\/5\/2025\/10\/organic-hojicha-loose-leaf.webp.webp\",\"width\":1500,\"height\":1500,\"caption\":\"Hojicha \u2013 lose ger\u00f6stete Teebl\u00e4tter in einer Schale\"},{\"@type\":\"BreadcrumbList\",\"@id\":\"https:\/\/erinora.com\/de\/shop\/pure-collection-reine-bio-tees\/hojicha-bio-gruentee-koffeinarm\/#breadcrumb\",\"itemListElement\":[{\"@type\":\"ListItem\",\"position\":1,\"name\":\"Home\",\"item\":\"https:\/\/erinora.com\/de\/\"},{\"@type\":\"ListItem\",\"position\":2,\"name\":\"Shop\",\"item\":\"https:\/\/erinora.com\/de\/shop\/\"},{\"@type\":\"ListItem\",\"position\":3,\"name\":\"Pure Collection\",\"item\":\"https:\/\/erinora.com\/de\/product-category\/pure-collection-reine-bio-tees\/\"},{\"@type\":\"ListItem\",\"position\":4,\"name\":\"Hojicha\"}]},{\"@type\":\"WebSite\",\"@id\":\"https:\/\/erinora.com\/de\/#website\",\"url\":\"https:\/\/erinora.com\/de\/\",\"name\":\"Erinora\",\"description\":\"Your daily ritual\",\"publisher\":{\"@id\":\"https:\/\/erinora.com\/de\/#organization\"},\"alternateName\":\"Erinora\",\"potentialAction\":[{\"@type\":\"SearchAction\",\"target\":{\"@type\":\"EntryPoint\",\"urlTemplate\":\"https:\/\/erinora.com\/de\/?s={search_term_string}\"},\"query-input\":{\"@type\":\"PropertyValueSpecification\",\"valueRequired\":true,\"valueName\":\"search_term_string\"}}],\"inLanguage\":\"de\"},{\"@type\":\"Organization\",\"@id\":\"https:\/\/erinora.com\/de\/#organization\",\"name\":\"Erinora\",\"alternateName\":\"Erinora\",\"url\":\"https:\/\/erinora.com\/de\/\",\"logo\":{\"@type\":\"ImageObject\",\"inLanguage\":\"de\",\"@id\":\"https:\/\/erinora.com\/de\/#\/schema\/logo\/image\/\",\"url\":\"https:\/\/erinora.com\/de\/wp-content\/uploads\/sites\/5\/2025\/02\/E_BrandIcon-Gradient.png\",\"contentUrl\":\"https:\/\/erinora.com\/de\/wp-content\/uploads\/sites\/5\/2025\/02\/E_BrandIcon-Gradient.png\",\"width\":3000,\"height\":3000,\"caption\":\"Erinora\"},\"image\":{\"@id\":\"https:\/\/erinora.com\/de\/#\/schema\/logo\/image\/\"},\"sameAs\":[\"https:\/\/www.facebook.com\/profile.php?id=61566609811576\",\"https:\/\/www.instagram.com\/erinora_tea\"]}]}<\/script>\n<!-- \/ Yoast SEO plugin. -->","yoast_head_json":{"title":"Hojicha Bio Gr\u00fcntee koffeinarm \u2013 sanft ger\u00f6steter Japanischer Tee","description":"Sanft ger\u00f6steter Bio Hojicha aus Japan \u2013 nat\u00fcrlicherweise koffeinarm, warm und mild im Geschmack. Ideal f\u00fcr den Abend oder achtsame Teemomente.","robots":{"index":"index","follow":"follow","max-snippet":"max-snippet:-1","max-image-preview":"max-image-preview:large","max-video-preview":"max-video-preview:-1"},"canonical":"https:\/\/erinora.com\/de\/shop\/pure-collection-reine-bio-tees\/hojicha-bio-gruentee-koffeinarm\/","og_locale":"de_DE","og_type":"article","og_title":"Hojicha Bio Gr\u00fcntee koffeinarm \u2013 sanft ger\u00f6steter Japanischer Tee","og_description":"Sanft ger\u00f6steter Bio Hojicha aus Japan \u2013 nat\u00fcrlicherweise koffeinarm, warm und mild im Geschmack. Ideal f\u00fcr den Abend oder achtsame Teemomente.","og_url":"https:\/\/erinora.com\/de\/shop\/pure-collection-reine-bio-tees\/hojicha-bio-gruentee-koffeinarm\/","og_site_name":"Erinora","article_publisher":"https:\/\/www.facebook.com\/profile.php?id=61566609811576","article_modified_time":"2025-10-24T09:20:20+00:00","og_image":[{"width":1500,"height":1500,"url":"https:\/\/erinora.com\/de\/wp-content\/uploads\/sites\/5\/2025\/10\/organic-hojicha-loose-leaf.webp.webp","type":"image\/webp"}],"twitter_card":"summary_large_image","twitter_misc":{"Gesch\u00e4tzte Lesezeit":"7\u00a0Minuten"},"schema":{"@context":"https:\/\/schema.org","@graph":[{"@type":"WebPage","@id":"https:\/\/erinora.com\/de\/shop\/pure-collection-reine-bio-tees\/hojicha-bio-gruentee-koffeinarm\/","url":"https:\/\/erinora.com\/de\/shop\/pure-collection-reine-bio-tees\/hojicha-bio-gruentee-koffeinarm\/","name":"Hojicha Bio Gr\u00fcntee koffeinarm \u2013 sanft ger\u00f6steter Japanischer Tee","isPartOf":{"@id":"https:\/\/erinora.com\/de\/#website"},"primaryImageOfPage":{"@id":"https:\/\/erinora.com\/de\/shop\/pure-collection-reine-bio-tees\/hojicha-bio-gruentee-koffeinarm\/#primaryimage"},"image":{"@id":"https:\/\/erinora.com\/de\/shop\/pure-collection-reine-bio-tees\/hojicha-bio-gruentee-koffeinarm\/#primaryimage"},"thumbnailUrl":"https:\/\/erinora.com\/de\/wp-content\/uploads\/sites\/5\/2025\/10\/organic-hojicha-loose-leaf.webp.webp","datePublished":"2025-10-24T09:13:53+00:00","dateModified":"2025-10-24T09:20:20+00:00","description":"Sanft ger\u00f6steter Bio Hojicha aus Japan \u2013 nat\u00fcrlicherweise koffeinarm, warm und mild im Geschmack. Ideal f\u00fcr den Abend oder achtsame Teemomente.","breadcrumb":{"@id":"https:\/\/erinora.com\/de\/shop\/pure-collection-reine-bio-tees\/hojicha-bio-gruentee-koffeinarm\/#breadcrumb"},"inLanguage":"de","potentialAction":[{"@type":"ReadAction","target":["https:\/\/erinora.com\/de\/shop\/pure-collection-reine-bio-tees\/hojicha-bio-gruentee-koffeinarm\/"]}]},{"@type":"ImageObject","inLanguage":"de","@id":"https:\/\/erinora.com\/de\/shop\/pure-collection-reine-bio-tees\/hojicha-bio-gruentee-koffeinarm\/#primaryimage","url":"https:\/\/erinora.com\/de\/wp-content\/uploads\/sites\/5\/2025\/10\/organic-hojicha-loose-leaf.webp.webp","contentUrl":"https:\/\/erinora.com\/de\/wp-content\/uploads\/sites\/5\/2025\/10\/organic-hojicha-loose-leaf.webp.webp","width":1500,"height":1500,"caption":"Hojicha \u2013 lose ger\u00f6stete Teebl\u00e4tter in einer Schale"},{"@type":"BreadcrumbList","@id":"https:\/\/erinora.com\/de\/shop\/pure-collection-reine-bio-tees\/hojicha-bio-gruentee-koffeinarm\/#breadcrumb","itemListElement":[{"@type":"ListItem","position":1,"name":"Home","item":"https:\/\/erinora.com\/de\/"},{"@type":"ListItem","position":2,"name":"Shop","item":"https:\/\/erinora.com\/de\/shop\/"},{"@type":"ListItem","position":3,"name":"Pure Collection","item":"https:\/\/erinora.com\/de\/product-category\/pure-collection-reine-bio-tees\/"},{"@type":"ListItem","position":4,"name":"Hojicha"}]},{"@type":"WebSite","@id":"https:\/\/erinora.com\/de\/#website","url":"https:\/\/erinora.com\/de\/","name":"Erinora","description":"Your daily ritual","publisher":{"@id":"https:\/\/erinora.com\/de\/#organization"},"alternateName":"Erinora","potentialAction":[{"@type":"SearchAction","target":{"@type":"EntryPoint","urlTemplate":"https:\/\/erinora.com\/de\/?s={search_term_string}"},"query-input":{"@type":"PropertyValueSpecification","valueRequired":true,"valueName":"search_term_string"}}],"inLanguage":"de"},{"@type":"Organization","@id":"https:\/\/erinora.com\/de\/#organization","name":"Erinora","alternateName":"Erinora","url":"https:\/\/erinora.com\/de\/","logo":{"@type":"ImageObject","inLanguage":"de","@id":"https:\/\/erinora.com\/de\/#\/schema\/logo\/image\/","url":"https:\/\/erinora.com\/de\/wp-content\/uploads\/sites\/5\/2025\/02\/E_BrandIcon-Gradient.png","contentUrl":"https:\/\/erinora.com\/de\/wp-content\/uploads\/sites\/5\/2025\/02\/E_BrandIcon-Gradient.png","width":3000,"height":3000,"caption":"Erinora"},"image":{"@id":"https:\/\/erinora.com\/de\/#\/schema\/logo\/image\/"},"sameAs":["https:\/\/www.facebook.com\/profile.php?id=61566609811576","https:\/\/www.instagram.com\/erinora_tea"]}]}},"acf":[],"jetpack_sharing_enabled":true,"_links":{"self":[{"href":"https:\/\/erinora.com\/de\/wp-json\/wp\/v2\/product\/1016","targetHints":{"allow":["GET"]}}],"collection":[{"href":"https:\/\/erinora.com\/de\/wp-json\/wp\/v2\/product"}],"about":[{"href":"https:\/\/erinora.com\/de\/wp-json\/wp\/v2\/types\/product"}],"replies":[{"embeddable":true,"href":"https:\/\/erinora.com\/de\/wp-json\/wp\/v2\/comments?post=1016"}],"wp:featuredmedia":[{"embeddable":true,"href":"https:\/\/erinora.com\/de\/wp-json\/wp\/v2\/media\/1018"}],"wp:attachment":[{"href":"https:\/\/erinora.com\/de\/wp-json\/wp\/v2\/media?parent=1016"}],"wp:term":[{"taxonomy":"product_brand","embeddable":true,"href":"https:\/\/erinora.com\/de\/wp-json\/wp\/v2\/product_brand?post=1016"},{"taxonomy":"product_cat","embeddable":true,"href":"https:\/\/erinora.com\/de\/wp-json\/wp\/v2\/product_cat?post=1016"},{"taxonomy":"product_tag","embeddable":true,"href":"https:\/\/erinora.com\/de\/wp-json\/wp\/v2\/product_tag?post=1016"}],"curies":[{"name":"wp","href":"https:\/\/api.w.org\/{rel}","templated":true}]}}