{"id":1011,"date":"2025-10-24T10:59:16","date_gmt":"2025-10-24T08:59:16","guid":{"rendered":"https:\/\/erinora.com\/de\/?post_type=product&#038;p=1011"},"modified":"2025-10-24T11:07:58","modified_gmt":"2025-10-24T09:07:58","slug":"darjeeling-first-flush-bio-schwarztee","status":"publish","type":"product","link":"https:\/\/erinora.com\/de\/shop\/pure-collection-reine-bio-tees\/darjeeling-first-flush-bio-schwarztee\/","title":{"rendered":"Darjeeling"},"content":{"rendered":"<p>Dieses Bio Darjeeling First Flush ist ein seltener und besonders feiner Schwarztee aus den Hochlagen am Himalaya, wo k\u00fchle Bergluft und nebelverhangene H\u00e4nge seinen unverwechselbaren Charakter pr\u00e4gen. Fr\u00fch im Fr\u00fchjahr geerntet, entfalten die jungen, zarten Bl\u00e4tter eine helle, blumige Tasse mit eleganten Noten, die an Wei\u00dftee erinnern \u2013 getragen von der Tiefe eines edlen Schwarztees.<\/p>\n","protected":false},"excerpt":{"rendered":"<p>Dieses Bio Darjeeling First Flush ist ein seltener und besonders feiner Schwarztee aus den Hochlagen am Himalaya, wo k\u00fchle Bergluft und nebelverhangene H\u00e4nge seinen unverwechselbaren Charakter pr\u00e4gen. Fr\u00fch im Fr\u00fchjahr geerntet, entfalten die jungen, zarten Bl\u00e4tter eine helle, blumige Tasse mit eleganten Noten, die an Wei\u00dftee erinnern \u2013 getragen von der Tiefe eines edlen Schwarztees.<\/p>\n","protected":false},"featured_media":1013,"comment_status":"open","ping_status":"closed","template":"","meta":{"_acf_changed":false},"product_brand":[],"product_cat":[57],"product_tag":[37],"class_list":{"0":"post-1011","1":"product","2":"type-product","3":"status-publish","4":"has-post-thumbnail","6":"product_cat-pure-collection-reine-bio-tees","7":"product_tag-schwarzer-tee","9":"first","10":"instock","11":"shipping-taxable","12":"purchasable","13":"product-type-simple"},"yoast_head":"<!-- This site is optimized with the Yoast SEO plugin v27.0 - https:\/\/yoast.com\/product\/yoast-seo-wordpress\/ -->\n<title>Darjeeling First Flush Bio Schwarztee aus dem Himalaya<\/title>\n<meta name=\"description\" content=\"Feiner Bio Darjeeling First Flush Schwarztee aus den Ausl\u00e4ufern des Himalaya \u2013 blumig, klar und elegant im Geschmack. Ein seltener Fr\u00fchlingstee von hoher Qualit\u00e4t.\" \/>\n<meta name=\"robots\" content=\"index, follow, max-snippet:-1, max-image-preview:large, max-video-preview:-1\" \/>\n<link rel=\"canonical\" href=\"https:\/\/erinora.com\/de\/shop\/pure-collection-reine-bio-tees\/darjeeling-first-flush-bio-schwarztee\/\" \/>\n<meta property=\"og:locale\" content=\"de_DE\" \/>\n<meta property=\"og:type\" content=\"article\" \/>\n<meta property=\"og:title\" content=\"Darjeeling First Flush Bio Schwarztee aus dem Himalaya\" \/>\n<meta property=\"og:description\" content=\"Feiner Bio Darjeeling First Flush Schwarztee aus den Ausl\u00e4ufern des Himalaya \u2013 blumig, klar und elegant im Geschmack. Ein seltener Fr\u00fchlingstee von hoher Qualit\u00e4t.\" \/>\n<meta property=\"og:url\" content=\"https:\/\/erinora.com\/de\/shop\/pure-collection-reine-bio-tees\/darjeeling-first-flush-bio-schwarztee\/\" \/>\n<meta property=\"og:site_name\" content=\"Erinora\" \/>\n<meta property=\"article:publisher\" content=\"https:\/\/www.facebook.com\/profile.php?id=61566609811576\" \/>\n<meta property=\"article:modified_time\" content=\"2025-10-24T09:07:58+00:00\" \/>\n<meta property=\"og:image\" content=\"https:\/\/erinora.com\/de\/wp-content\/uploads\/sites\/5\/2025\/10\/darjeeling-first-flush-tea-leaves-loose.webp.webp\" \/>\n\t<meta property=\"og:image:width\" content=\"1500\" \/>\n\t<meta property=\"og:image:height\" content=\"1500\" \/>\n\t<meta property=\"og:image:type\" content=\"image\/webp\" \/>\n<meta name=\"twitter:card\" content=\"summary_large_image\" \/>\n<meta name=\"twitter:label1\" content=\"Gesch\u00e4tzte Lesezeit\" \/>\n\t<meta name=\"twitter:data1\" content=\"7\u00a0Minuten\" \/>\n<script type=\"application\/ld+json\" class=\"yoast-schema-graph\">{\"@context\":\"https:\/\/schema.org\",\"@graph\":[{\"@type\":\"WebPage\",\"@id\":\"https:\/\/erinora.com\/de\/shop\/pure-collection-reine-bio-tees\/darjeeling-first-flush-bio-schwarztee\/\",\"url\":\"https:\/\/erinora.com\/de\/shop\/pure-collection-reine-bio-tees\/darjeeling-first-flush-bio-schwarztee\/\",\"name\":\"Darjeeling First Flush Bio Schwarztee aus dem Himalaya\",\"isPartOf\":{\"@id\":\"https:\/\/erinora.com\/de\/#website\"},\"primaryImageOfPage\":{\"@id\":\"https:\/\/erinora.com\/de\/shop\/pure-collection-reine-bio-tees\/darjeeling-first-flush-bio-schwarztee\/#primaryimage\"},\"image\":{\"@id\":\"https:\/\/erinora.com\/de\/shop\/pure-collection-reine-bio-tees\/darjeeling-first-flush-bio-schwarztee\/#primaryimage\"},\"thumbnailUrl\":\"https:\/\/erinora.com\/de\/wp-content\/uploads\/sites\/5\/2025\/10\/darjeeling-first-flush-tea-leaves-loose.webp.webp\",\"datePublished\":\"2025-10-24T08:59:16+00:00\",\"dateModified\":\"2025-10-24T09:07:58+00:00\",\"description\":\"Feiner Bio Darjeeling First Flush Schwarztee aus den Ausl\u00e4ufern des Himalaya \u2013 blumig, klar und elegant im Geschmack. Ein seltener Fr\u00fchlingstee von hoher Qualit\u00e4t.\",\"breadcrumb\":{\"@id\":\"https:\/\/erinora.com\/de\/shop\/pure-collection-reine-bio-tees\/darjeeling-first-flush-bio-schwarztee\/#breadcrumb\"},\"inLanguage\":\"de\",\"potentialAction\":[{\"@type\":\"ReadAction\",\"target\":[\"https:\/\/erinora.com\/de\/shop\/pure-collection-reine-bio-tees\/darjeeling-first-flush-bio-schwarztee\/\"]}]},{\"@type\":\"ImageObject\",\"inLanguage\":\"de\",\"@id\":\"https:\/\/erinora.com\/de\/shop\/pure-collection-reine-bio-tees\/darjeeling-first-flush-bio-schwarztee\/#primaryimage\",\"url\":\"https:\/\/erinora.com\/de\/wp-content\/uploads\/sites\/5\/2025\/10\/darjeeling-first-flush-tea-leaves-loose.webp.webp\",\"contentUrl\":\"https:\/\/erinora.com\/de\/wp-content\/uploads\/sites\/5\/2025\/10\/darjeeling-first-flush-tea-leaves-loose.webp.webp\",\"width\":1500,\"height\":1500,\"caption\":\"Darjeeling First Flush \u2013 lose Teebl\u00e4tter in einer Schale\"},{\"@type\":\"BreadcrumbList\",\"@id\":\"https:\/\/erinora.com\/de\/shop\/pure-collection-reine-bio-tees\/darjeeling-first-flush-bio-schwarztee\/#breadcrumb\",\"itemListElement\":[{\"@type\":\"ListItem\",\"position\":1,\"name\":\"Home\",\"item\":\"https:\/\/erinora.com\/de\/\"},{\"@type\":\"ListItem\",\"position\":2,\"name\":\"Shop\",\"item\":\"https:\/\/erinora.com\/de\/shop\/\"},{\"@type\":\"ListItem\",\"position\":3,\"name\":\"Pure Collection\",\"item\":\"https:\/\/erinora.com\/de\/product-category\/pure-collection-reine-bio-tees\/\"},{\"@type\":\"ListItem\",\"position\":4,\"name\":\"Darjeeling\"}]},{\"@type\":\"WebSite\",\"@id\":\"https:\/\/erinora.com\/de\/#website\",\"url\":\"https:\/\/erinora.com\/de\/\",\"name\":\"Erinora\",\"description\":\"Your daily ritual\",\"publisher\":{\"@id\":\"https:\/\/erinora.com\/de\/#organization\"},\"alternateName\":\"Erinora\",\"potentialAction\":[{\"@type\":\"SearchAction\",\"target\":{\"@type\":\"EntryPoint\",\"urlTemplate\":\"https:\/\/erinora.com\/de\/?s={search_term_string}\"},\"query-input\":{\"@type\":\"PropertyValueSpecification\",\"valueRequired\":true,\"valueName\":\"search_term_string\"}}],\"inLanguage\":\"de\"},{\"@type\":\"Organization\",\"@id\":\"https:\/\/erinora.com\/de\/#organization\",\"name\":\"Erinora\",\"alternateName\":\"Erinora\",\"url\":\"https:\/\/erinora.com\/de\/\",\"logo\":{\"@type\":\"ImageObject\",\"inLanguage\":\"de\",\"@id\":\"https:\/\/erinora.com\/de\/#\/schema\/logo\/image\/\",\"url\":\"https:\/\/erinora.com\/de\/wp-content\/uploads\/sites\/5\/2025\/02\/E_BrandIcon-Gradient.png\",\"contentUrl\":\"https:\/\/erinora.com\/de\/wp-content\/uploads\/sites\/5\/2025\/02\/E_BrandIcon-Gradient.png\",\"width\":3000,\"height\":3000,\"caption\":\"Erinora\"},\"image\":{\"@id\":\"https:\/\/erinora.com\/de\/#\/schema\/logo\/image\/\"},\"sameAs\":[\"https:\/\/www.facebook.com\/profile.php?id=61566609811576\",\"https:\/\/www.instagram.com\/erinora_tea\"]}]}<\/script>\n<!-- \/ Yoast SEO plugin. -->","yoast_head_json":{"title":"Darjeeling First Flush Bio Schwarztee aus dem Himalaya","description":"Feiner Bio Darjeeling First Flush Schwarztee aus den Ausl\u00e4ufern des Himalaya \u2013 blumig, klar und elegant im Geschmack. Ein seltener Fr\u00fchlingstee von hoher Qualit\u00e4t.","robots":{"index":"index","follow":"follow","max-snippet":"max-snippet:-1","max-image-preview":"max-image-preview:large","max-video-preview":"max-video-preview:-1"},"canonical":"https:\/\/erinora.com\/de\/shop\/pure-collection-reine-bio-tees\/darjeeling-first-flush-bio-schwarztee\/","og_locale":"de_DE","og_type":"article","og_title":"Darjeeling First Flush Bio Schwarztee aus dem Himalaya","og_description":"Feiner Bio Darjeeling First Flush Schwarztee aus den Ausl\u00e4ufern des Himalaya \u2013 blumig, klar und elegant im Geschmack. Ein seltener Fr\u00fchlingstee von hoher Qualit\u00e4t.","og_url":"https:\/\/erinora.com\/de\/shop\/pure-collection-reine-bio-tees\/darjeeling-first-flush-bio-schwarztee\/","og_site_name":"Erinora","article_publisher":"https:\/\/www.facebook.com\/profile.php?id=61566609811576","article_modified_time":"2025-10-24T09:07:58+00:00","og_image":[{"width":1500,"height":1500,"url":"https:\/\/erinora.com\/de\/wp-content\/uploads\/sites\/5\/2025\/10\/darjeeling-first-flush-tea-leaves-loose.webp.webp","type":"image\/webp"}],"twitter_card":"summary_large_image","twitter_misc":{"Gesch\u00e4tzte Lesezeit":"7\u00a0Minuten"},"schema":{"@context":"https:\/\/schema.org","@graph":[{"@type":"WebPage","@id":"https:\/\/erinora.com\/de\/shop\/pure-collection-reine-bio-tees\/darjeeling-first-flush-bio-schwarztee\/","url":"https:\/\/erinora.com\/de\/shop\/pure-collection-reine-bio-tees\/darjeeling-first-flush-bio-schwarztee\/","name":"Darjeeling First Flush Bio Schwarztee aus dem Himalaya","isPartOf":{"@id":"https:\/\/erinora.com\/de\/#website"},"primaryImageOfPage":{"@id":"https:\/\/erinora.com\/de\/shop\/pure-collection-reine-bio-tees\/darjeeling-first-flush-bio-schwarztee\/#primaryimage"},"image":{"@id":"https:\/\/erinora.com\/de\/shop\/pure-collection-reine-bio-tees\/darjeeling-first-flush-bio-schwarztee\/#primaryimage"},"thumbnailUrl":"https:\/\/erinora.com\/de\/wp-content\/uploads\/sites\/5\/2025\/10\/darjeeling-first-flush-tea-leaves-loose.webp.webp","datePublished":"2025-10-24T08:59:16+00:00","dateModified":"2025-10-24T09:07:58+00:00","description":"Feiner Bio Darjeeling First Flush Schwarztee aus den Ausl\u00e4ufern des Himalaya \u2013 blumig, klar und elegant im Geschmack. Ein seltener Fr\u00fchlingstee von hoher Qualit\u00e4t.","breadcrumb":{"@id":"https:\/\/erinora.com\/de\/shop\/pure-collection-reine-bio-tees\/darjeeling-first-flush-bio-schwarztee\/#breadcrumb"},"inLanguage":"de","potentialAction":[{"@type":"ReadAction","target":["https:\/\/erinora.com\/de\/shop\/pure-collection-reine-bio-tees\/darjeeling-first-flush-bio-schwarztee\/"]}]},{"@type":"ImageObject","inLanguage":"de","@id":"https:\/\/erinora.com\/de\/shop\/pure-collection-reine-bio-tees\/darjeeling-first-flush-bio-schwarztee\/#primaryimage","url":"https:\/\/erinora.com\/de\/wp-content\/uploads\/sites\/5\/2025\/10\/darjeeling-first-flush-tea-leaves-loose.webp.webp","contentUrl":"https:\/\/erinora.com\/de\/wp-content\/uploads\/sites\/5\/2025\/10\/darjeeling-first-flush-tea-leaves-loose.webp.webp","width":1500,"height":1500,"caption":"Darjeeling First Flush \u2013 lose Teebl\u00e4tter in einer Schale"},{"@type":"BreadcrumbList","@id":"https:\/\/erinora.com\/de\/shop\/pure-collection-reine-bio-tees\/darjeeling-first-flush-bio-schwarztee\/#breadcrumb","itemListElement":[{"@type":"ListItem","position":1,"name":"Home","item":"https:\/\/erinora.com\/de\/"},{"@type":"ListItem","position":2,"name":"Shop","item":"https:\/\/erinora.com\/de\/shop\/"},{"@type":"ListItem","position":3,"name":"Pure Collection","item":"https:\/\/erinora.com\/de\/product-category\/pure-collection-reine-bio-tees\/"},{"@type":"ListItem","position":4,"name":"Darjeeling"}]},{"@type":"WebSite","@id":"https:\/\/erinora.com\/de\/#website","url":"https:\/\/erinora.com\/de\/","name":"Erinora","description":"Your daily ritual","publisher":{"@id":"https:\/\/erinora.com\/de\/#organization"},"alternateName":"Erinora","potentialAction":[{"@type":"SearchAction","target":{"@type":"EntryPoint","urlTemplate":"https:\/\/erinora.com\/de\/?s={search_term_string}"},"query-input":{"@type":"PropertyValueSpecification","valueRequired":true,"valueName":"search_term_string"}}],"inLanguage":"de"},{"@type":"Organization","@id":"https:\/\/erinora.com\/de\/#organization","name":"Erinora","alternateName":"Erinora","url":"https:\/\/erinora.com\/de\/","logo":{"@type":"ImageObject","inLanguage":"de","@id":"https:\/\/erinora.com\/de\/#\/schema\/logo\/image\/","url":"https:\/\/erinora.com\/de\/wp-content\/uploads\/sites\/5\/2025\/02\/E_BrandIcon-Gradient.png","contentUrl":"https:\/\/erinora.com\/de\/wp-content\/uploads\/sites\/5\/2025\/02\/E_BrandIcon-Gradient.png","width":3000,"height":3000,"caption":"Erinora"},"image":{"@id":"https:\/\/erinora.com\/de\/#\/schema\/logo\/image\/"},"sameAs":["https:\/\/www.facebook.com\/profile.php?id=61566609811576","https:\/\/www.instagram.com\/erinora_tea"]}]}},"acf":[],"jetpack_sharing_enabled":true,"_links":{"self":[{"href":"https:\/\/erinora.com\/de\/wp-json\/wp\/v2\/product\/1011","targetHints":{"allow":["GET"]}}],"collection":[{"href":"https:\/\/erinora.com\/de\/wp-json\/wp\/v2\/product"}],"about":[{"href":"https:\/\/erinora.com\/de\/wp-json\/wp\/v2\/types\/product"}],"replies":[{"embeddable":true,"href":"https:\/\/erinora.com\/de\/wp-json\/wp\/v2\/comments?post=1011"}],"wp:featuredmedia":[{"embeddable":true,"href":"https:\/\/erinora.com\/de\/wp-json\/wp\/v2\/media\/1013"}],"wp:attachment":[{"href":"https:\/\/erinora.com\/de\/wp-json\/wp\/v2\/media?parent=1011"}],"wp:term":[{"taxonomy":"product_brand","embeddable":true,"href":"https:\/\/erinora.com\/de\/wp-json\/wp\/v2\/product_brand?post=1011"},{"taxonomy":"product_cat","embeddable":true,"href":"https:\/\/erinora.com\/de\/wp-json\/wp\/v2\/product_cat?post=1011"},{"taxonomy":"product_tag","embeddable":true,"href":"https:\/\/erinora.com\/de\/wp-json\/wp\/v2\/product_tag?post=1011"}],"curies":[{"name":"wp","href":"https:\/\/api.w.org\/{rel}","templated":true}]}}