{"id":971,"date":"2025-04-03T23:54:31","date_gmt":"2025-04-03T21:54:31","guid":{"rendered":"https:\/\/erinora.com\/de\/?page_id=971"},"modified":"2025-12-16T15:14:13","modified_gmt":"2025-12-16T14:14:13","slug":"impressum","status":"publish","type":"page","link":"https:\/\/erinora.com\/de\/impressum\/","title":{"rendered":"Impressum"},"content":{"rendered":"\n<p><strong>Angaben gem\u00e4\u00df \u00a7 5 TMG:<\/strong><\/p>\n\n\n\n<p><strong>Erinora \u2013 Erika Lovisetto<\/strong> <br>Einzelunternehmerin (Kleinunternehmerin gem\u00e4\u00df \u00a7 19 UStG)<br>Arabellastr. 5 \/ 1444<br>81925 M\u00fcnchen<br>Deutschland<\/p>\n\n\n\n<p><strong>Kontakt:<\/strong><br>E-Mail: <a>info@erinora.com<\/a><\/p>\n\n\n\n<p><strong>Hinweis gem\u00e4\u00df \u00a7 19 UStG:<br><\/strong>Als Kleinunternehmerin wird keine Umsatzsteuer berechnet.<\/p>\n\n\n\n<p><strong>Verantwortlich f\u00fcr den Inhalt nach \u00a7 55 Abs. 2 RStV:<\/strong><br>Erika Lovisetto<br>Arabellastr. 5 \/ 1444<br>81925 M\u00fcnchen<br>Deutschland<\/p>\n\n\n\n<p><strong>Plattform der EU-Kommission zur Online-Streitbeilegung:<\/strong><br><a class=\"\" href=\"https:\/\/ec.europa.eu\/consumers\/odr\">https:\/\/ec.europa.eu\/consumers\/odr<\/a><\/p>\n\n\n\n<p><\/p>\n","protected":false},"excerpt":{"rendered":"<p>Angaben gem\u00e4\u00df \u00a7 5 TMG: Erinora \u2013 Erika Lovisetto Einzelunternehmerin (Kleinunternehmerin gem\u00e4\u00df \u00a7 19 UStG)Arabellastr. 5 \/ 144481925 M\u00fcnchenDeutschland Kontakt:E-Mail: info@erinora.com Hinweis gem\u00e4\u00df \u00a7 19 UStG:Als Kleinunternehmerin wird keine Umsatzsteuer berechnet. Verantwortlich f\u00fcr den Inhalt nach \u00a7 55 Abs. 2 RStV:Erika LovisettoArabellastr. 5 \/ 144481925 M\u00fcnchenDeutschland Plattform der EU-Kommission zur Online-Streitbeilegung:https:\/\/ec.europa.eu\/consumers\/odr<\/p>\n","protected":false},"author":1,"featured_media":0,"parent":0,"menu_order":0,"comment_status":"closed","ping_status":"closed","template":"","meta":{"_acf_changed":false,"footnotes":""},"class_list":["post-971","page","type-page","status-publish","hentry"],"yoast_head":"<!-- This site is optimized with the Yoast SEO plugin v27.0 - https:\/\/yoast.com\/product\/yoast-seo-wordpress\/ -->\n<title>Impressum &#183; Erinora<\/title>\n<meta name=\"robots\" content=\"index, follow, max-snippet:-1, max-image-preview:large, max-video-preview:-1\" \/>\n<link rel=\"canonical\" href=\"https:\/\/erinora.com\/de\/impressum\/\" \/>\n<meta property=\"og:locale\" content=\"de_DE\" \/>\n<meta property=\"og:type\" content=\"article\" \/>\n<meta property=\"og:title\" content=\"Impressum &#183; Erinora\" \/>\n<meta property=\"og:description\" content=\"Angaben gem\u00e4\u00df \u00a7 5 TMG: Erinora \u2013 Erika Lovisetto Einzelunternehmerin (Kleinunternehmerin gem\u00e4\u00df \u00a7 19 UStG)Arabellastr. 5 \/ 144481925 M\u00fcnchenDeutschland Kontakt:E-Mail: info@erinora.com Hinweis gem\u00e4\u00df \u00a7 19 UStG:Als Kleinunternehmerin wird keine Umsatzsteuer berechnet. Verantwortlich f\u00fcr den Inhalt nach \u00a7 55 Abs. 2 RStV:Erika LovisettoArabellastr. 5 \/ 144481925 M\u00fcnchenDeutschland Plattform der EU-Kommission zur Online-Streitbeilegung:https:\/\/ec.europa.eu\/consumers\/odr\" \/>\n<meta property=\"og:url\" content=\"https:\/\/erinora.com\/de\/impressum\/\" \/>\n<meta property=\"og:site_name\" content=\"Erinora\" \/>\n<meta property=\"article:publisher\" content=\"https:\/\/www.facebook.com\/profile.php?id=61566609811576\" \/>\n<meta property=\"article:modified_time\" content=\"2025-12-16T14:14:13+00:00\" \/>\n<meta property=\"og:image\" content=\"https:\/\/erinora.com\/de\/wp-content\/uploads\/sites\/5\/2025\/02\/erinora-tea-mood-collection.webp\" \/>\n\t<meta property=\"og:image:width\" content=\"1500\" \/>\n\t<meta property=\"og:image:height\" content=\"1083\" \/>\n\t<meta property=\"og:image:type\" content=\"image\/webp\" \/>\n<meta name=\"twitter:card\" content=\"summary_large_image\" \/>\n<meta name=\"twitter:label1\" content=\"Gesch\u00e4tzte Lesezeit\" \/>\n\t<meta name=\"twitter:data1\" content=\"1\u00a0Minute\" \/>\n<script type=\"application\/ld+json\" class=\"yoast-schema-graph\">{\"@context\":\"https:\/\/schema.org\",\"@graph\":[{\"@type\":\"WebPage\",\"@id\":\"https:\/\/erinora.com\/de\/impressum\/\",\"url\":\"https:\/\/erinora.com\/de\/impressum\/\",\"name\":\"Impressum &#183; Erinora\",\"isPartOf\":{\"@id\":\"https:\/\/erinora.com\/de\/#website\"},\"datePublished\":\"2025-04-03T21:54:31+00:00\",\"dateModified\":\"2025-12-16T14:14:13+00:00\",\"breadcrumb\":{\"@id\":\"https:\/\/erinora.com\/de\/impressum\/#breadcrumb\"},\"inLanguage\":\"de\",\"potentialAction\":[{\"@type\":\"ReadAction\",\"target\":[\"https:\/\/erinora.com\/de\/impressum\/\"]}]},{\"@type\":\"BreadcrumbList\",\"@id\":\"https:\/\/erinora.com\/de\/impressum\/#breadcrumb\",\"itemListElement\":[{\"@type\":\"ListItem\",\"position\":1,\"name\":\"Home\",\"item\":\"https:\/\/erinora.com\/de\/\"},{\"@type\":\"ListItem\",\"position\":2,\"name\":\"Impressum\"}]},{\"@type\":\"WebSite\",\"@id\":\"https:\/\/erinora.com\/de\/#website\",\"url\":\"https:\/\/erinora.com\/de\/\",\"name\":\"Erinora\",\"description\":\"Your daily ritual\",\"publisher\":{\"@id\":\"https:\/\/erinora.com\/de\/#organization\"},\"alternateName\":\"Erinora\",\"potentialAction\":[{\"@type\":\"SearchAction\",\"target\":{\"@type\":\"EntryPoint\",\"urlTemplate\":\"https:\/\/erinora.com\/de\/?s={search_term_string}\"},\"query-input\":{\"@type\":\"PropertyValueSpecification\",\"valueRequired\":true,\"valueName\":\"search_term_string\"}}],\"inLanguage\":\"de\"},{\"@type\":\"Organization\",\"@id\":\"https:\/\/erinora.com\/de\/#organization\",\"name\":\"Erinora\",\"alternateName\":\"Erinora\",\"url\":\"https:\/\/erinora.com\/de\/\",\"logo\":{\"@type\":\"ImageObject\",\"inLanguage\":\"de\",\"@id\":\"https:\/\/erinora.com\/de\/#\/schema\/logo\/image\/\",\"url\":\"https:\/\/erinora.com\/de\/wp-content\/uploads\/sites\/5\/2025\/02\/E_BrandIcon-Gradient.png\",\"contentUrl\":\"https:\/\/erinora.com\/de\/wp-content\/uploads\/sites\/5\/2025\/02\/E_BrandIcon-Gradient.png\",\"width\":3000,\"height\":3000,\"caption\":\"Erinora\"},\"image\":{\"@id\":\"https:\/\/erinora.com\/de\/#\/schema\/logo\/image\/\"},\"sameAs\":[\"https:\/\/www.facebook.com\/profile.php?id=61566609811576\",\"https:\/\/www.instagram.com\/erinora_tea\"]}]}<\/script>\n<!-- \/ Yoast SEO plugin. -->","yoast_head_json":{"title":"Impressum &#183; Erinora","robots":{"index":"index","follow":"follow","max-snippet":"max-snippet:-1","max-image-preview":"max-image-preview:large","max-video-preview":"max-video-preview:-1"},"canonical":"https:\/\/erinora.com\/de\/impressum\/","og_locale":"de_DE","og_type":"article","og_title":"Impressum &#183; Erinora","og_description":"Angaben gem\u00e4\u00df \u00a7 5 TMG: Erinora \u2013 Erika Lovisetto Einzelunternehmerin (Kleinunternehmerin gem\u00e4\u00df \u00a7 19 UStG)Arabellastr. 5 \/ 144481925 M\u00fcnchenDeutschland Kontakt:E-Mail: info@erinora.com Hinweis gem\u00e4\u00df \u00a7 19 UStG:Als Kleinunternehmerin wird keine Umsatzsteuer berechnet. Verantwortlich f\u00fcr den Inhalt nach \u00a7 55 Abs. 2 RStV:Erika LovisettoArabellastr. 5 \/ 144481925 M\u00fcnchenDeutschland Plattform der EU-Kommission zur Online-Streitbeilegung:https:\/\/ec.europa.eu\/consumers\/odr","og_url":"https:\/\/erinora.com\/de\/impressum\/","og_site_name":"Erinora","article_publisher":"https:\/\/www.facebook.com\/profile.php?id=61566609811576","article_modified_time":"2025-12-16T14:14:13+00:00","og_image":[{"width":1500,"height":1083,"url":"https:\/\/erinora.com\/de\/wp-content\/uploads\/sites\/5\/2025\/02\/erinora-tea-mood-collection.webp","type":"image\/webp"}],"twitter_card":"summary_large_image","twitter_misc":{"Gesch\u00e4tzte Lesezeit":"1\u00a0Minute"},"schema":{"@context":"https:\/\/schema.org","@graph":[{"@type":"WebPage","@id":"https:\/\/erinora.com\/de\/impressum\/","url":"https:\/\/erinora.com\/de\/impressum\/","name":"Impressum &#183; Erinora","isPartOf":{"@id":"https:\/\/erinora.com\/de\/#website"},"datePublished":"2025-04-03T21:54:31+00:00","dateModified":"2025-12-16T14:14:13+00:00","breadcrumb":{"@id":"https:\/\/erinora.com\/de\/impressum\/#breadcrumb"},"inLanguage":"de","potentialAction":[{"@type":"ReadAction","target":["https:\/\/erinora.com\/de\/impressum\/"]}]},{"@type":"BreadcrumbList","@id":"https:\/\/erinora.com\/de\/impressum\/#breadcrumb","itemListElement":[{"@type":"ListItem","position":1,"name":"Home","item":"https:\/\/erinora.com\/de\/"},{"@type":"ListItem","position":2,"name":"Impressum"}]},{"@type":"WebSite","@id":"https:\/\/erinora.com\/de\/#website","url":"https:\/\/erinora.com\/de\/","name":"Erinora","description":"Your daily ritual","publisher":{"@id":"https:\/\/erinora.com\/de\/#organization"},"alternateName":"Erinora","potentialAction":[{"@type":"SearchAction","target":{"@type":"EntryPoint","urlTemplate":"https:\/\/erinora.com\/de\/?s={search_term_string}"},"query-input":{"@type":"PropertyValueSpecification","valueRequired":true,"valueName":"search_term_string"}}],"inLanguage":"de"},{"@type":"Organization","@id":"https:\/\/erinora.com\/de\/#organization","name":"Erinora","alternateName":"Erinora","url":"https:\/\/erinora.com\/de\/","logo":{"@type":"ImageObject","inLanguage":"de","@id":"https:\/\/erinora.com\/de\/#\/schema\/logo\/image\/","url":"https:\/\/erinora.com\/de\/wp-content\/uploads\/sites\/5\/2025\/02\/E_BrandIcon-Gradient.png","contentUrl":"https:\/\/erinora.com\/de\/wp-content\/uploads\/sites\/5\/2025\/02\/E_BrandIcon-Gradient.png","width":3000,"height":3000,"caption":"Erinora"},"image":{"@id":"https:\/\/erinora.com\/de\/#\/schema\/logo\/image\/"},"sameAs":["https:\/\/www.facebook.com\/profile.php?id=61566609811576","https:\/\/www.instagram.com\/erinora_tea"]}]}},"acf":[],"jetpack_sharing_enabled":true,"_links":{"self":[{"href":"https:\/\/erinora.com\/de\/wp-json\/wp\/v2\/pages\/971","targetHints":{"allow":["GET"]}}],"collection":[{"href":"https:\/\/erinora.com\/de\/wp-json\/wp\/v2\/pages"}],"about":[{"href":"https:\/\/erinora.com\/de\/wp-json\/wp\/v2\/types\/page"}],"author":[{"embeddable":true,"href":"https:\/\/erinora.com\/de\/wp-json\/wp\/v2\/users\/1"}],"replies":[{"embeddable":true,"href":"https:\/\/erinora.com\/de\/wp-json\/wp\/v2\/comments?post=971"}],"version-history":[{"count":2,"href":"https:\/\/erinora.com\/de\/wp-json\/wp\/v2\/pages\/971\/revisions"}],"predecessor-version":[{"id":1063,"href":"https:\/\/erinora.com\/de\/wp-json\/wp\/v2\/pages\/971\/revisions\/1063"}],"wp:attachment":[{"href":"https:\/\/erinora.com\/de\/wp-json\/wp\/v2\/media?parent=971"}],"curies":[{"name":"wp","href":"https:\/\/api.w.org\/{rel}","templated":true}]}}