{"id":467,"date":"2025-02-26T15:07:42","date_gmt":"2025-02-26T14:07:42","guid":{"rendered":"https:\/\/erinora.com\/de\/?page_id=467"},"modified":"2025-04-05T15:23:59","modified_gmt":"2025-04-05T13:23:59","slug":"widerrufsrecht","status":"publish","type":"page","link":"https:\/\/erinora.com\/de\/widerrufsrecht\/","title":{"rendered":"Widerrufsrecht"},"content":{"rendered":"\n<p>Sie haben das Recht, binnen vierzehn Tagen ohne Angabe von Gr\u00fcnden diesen Vertrag zu widerrufen.<\/p>\n\n\n\n<p>Die Widerrufsfrist betr\u00e4gt vierzehn Tage ab dem Tag:<\/p>\n\n\n\n<ul class=\"wp-block-list\">\n<li>an dem der Kunde oder ein von Ihnen benannter Dritter, der nicht der Bef\u00f6rderer ist, die Waren in Besitz genommen haben bzw. hat;<\/li>\n\n\n\n<li>an dem Sie oder ein von Ihnen benannter Dritter, der nicht der Bef\u00f6rderer ist, die letzte Ware in Besitz genommen haben bzw. hat;<\/li>\n\n\n\n<li>an dem Sie oder ein von Ihnen benannter Dritter, der nicht der Bef\u00f6rderer ist, die letzte Teilsendung oder das letzte St\u00fcck in Besitz genommen haben bzw. hat;<\/li>\n\n\n\n<li>an dem Sie oder ein von Ihnen benannter Dritter, der nicht der Bef\u00f6rderer ist, die erste Ware in Besitz genommen haben bzw. hat.<\/li>\n<\/ul>\n\n\n\n<p>Um Ihr Widerrufsrecht auszu\u00fcben, m\u00fcssen Sie uns, Erinora \u2013 Erika Lovisetto, mittels einer eindeutigen Erkl\u00e4rung (z. B. ein mit der Post versandter Brief oder eine E-Mail) \u00fcber Ihren Entschluss, diesen Vertrag zu widerrufen, informieren. Sie k\u00f6nnen daf\u00fcr das beigef\u00fcgte Muster-Widerrufsformular verwenden, das jedoch nicht vorgeschrieben ist.<\/p>\n\n\n\n<p>Zur Wahrung der Widerrufsfrist reicht es aus, dass Sie die Mitteilung \u00fcber die Aus\u00fcbung des Widerrufsrechts vor Ablauf der Widerrufsfrist absenden.<\/p>\n\n\n\n<p><strong>Folgen des Widerrufs<\/strong><\/p>\n\n\n\n<p>Wenn Sie diesen Vertrag widerrufen, haben wir Ihnen alle Zahlungen, die wir von Ihnen erhalten haben unverz\u00fcglich und sp\u00e4testens binnen vierzehn Tagen ab dem Tag zur\u00fcckzuzahlen, an dem die Mitteilung \u00fcber Ihren Widerruf dieses Vertrags bei uns eingegangen ist. F\u00fcr diese R\u00fcckzahlung verwenden wir dasselbe Zahlungsmittel, das Sie bei der urspr\u00fcnglichen Transaktion eingesetzt haben, es sei denn, mit Ihnen wurde ausdr\u00fccklich etwas anderes vereinbart; in keinem Fall werden Ihnen wegen dieser R\u00fcckzahlung Entgelte berechnet. <\/p>\n\n\n\n<p>Wir k\u00f6nnen die R\u00fcckzahlung verweigern, bis wir die Waren wieder zur\u00fcckerhalten haben oder bis Sie den Nachweis erbracht haben, dass Sie die Waren zur\u00fcckgesandt haben, je nachdem, welches der fr\u00fchere Zeitpunkt ist.<\/p>\n\n\n\n<p>Sie haben die Waren unverz\u00fcglich und in jedem Fall sp\u00e4testens binnen vierzehn Tagen ab dem Tag, an dem Sie uns \u00fcber den Widerruf dieses Vertrags unterrichten, an uns zur\u00fcckzusenden oder zu \u00fcbergeben. Die Frist ist gewahrt, wenn Sie die Waren vor Ablauf der Frist von vierzehn Tagen absenden.<\/p>\n\n\n\n<p>Sie tragen die unmittelbaren Kosten der R\u00fccksendung der Waren. Die Waren m\u00fcssen auf Ihre eigenen Kosten an folgende Adresse zur\u00fcckgesendet werden:<\/p>\n\n\n\n<p>Erinora \u2013 Erika Lovisetto <br>Arabellastr. 5\/1444<br>81925 - M\u00fcnchen (Deutschland)<\/p>\n\n\n\n<p>Sie m\u00fcssen f\u00fcr einen etwaigen Wertverlust der Waren nur aufkommen, wenn dieser Wertverlust auf einen zur Pr\u00fcfung der Beschaffenheit, Eigenschaften und Funktionsweise der Waren nicht notwendigen Umgang mit ihnen zur\u00fcckzuf\u00fchren ist.<\/p>\n\n\n\n<p><strong>Muster-Widerrufsformular&nbsp;<\/strong><\/p>\n\n\n\n<p><em>(Wenn Sie den Vertrag widerrufen m\u00f6chten, f\u00fcllen Sie bitte dieses Formular aus und senden Sie es an uns zur\u00fcck)<\/em><\/p>\n\n\n\n<p>An: <br>Erinora \u2013 Erika Lovisetto, Arabellastr. 5\/1444, 81925 M\u00fcnchen (Deutschland)\u00a0\/ E-mail: info@erinora.com<\/p>\n\n\n\n<p>Hiermit widerrufe(n) ich\/wir (*)<em> den von mir\/uns (<\/em>*) abgeschlossenen Vertrag \u00fcber den Kauf der folgenden Waren (*):<br>Bestellt am (*) \/ erhalten am (*)<br>Name des\/der Verbraucher(s)<br>Anschrift des\/der Verbraucher(s)<br>Unterschrift des\/der Verbraucher(s) (nur bei Mitteilung auf Papier)<br>Datum<\/p>\n\n\n\n<p>(*) Bitte l\u00f6schen, was nicht zutrifft.<\/p>\n","protected":false},"excerpt":{"rendered":"<p>Sie haben das Recht, binnen vierzehn Tagen ohne Angabe von Gr\u00fcnden diesen Vertrag zu widerrufen. Die Widerrufsfrist betr\u00e4gt vierzehn Tage ab dem Tag: Um Ihr Widerrufsrecht auszu\u00fcben, m\u00fcssen Sie uns, Erinora \u2013 Erika Lovisetto, mittels einer eindeutigen Erkl\u00e4rung (z. B. ein mit der Post versandter Brief oder eine E-Mail) \u00fcber Ihren Entschluss, diesen Vertrag zu [&hellip;]<\/p>\n","protected":false},"author":1,"featured_media":0,"parent":0,"menu_order":0,"comment_status":"closed","ping_status":"closed","template":"","meta":{"_acf_changed":false,"footnotes":""},"class_list":["post-467","page","type-page","status-publish","hentry"],"yoast_head":"<!-- This site is optimized with the Yoast SEO plugin v27.0 - https:\/\/yoast.com\/product\/yoast-seo-wordpress\/ -->\n<title>Widerrufsrecht &#183; Erinora<\/title>\n<meta name=\"robots\" content=\"index, follow, max-snippet:-1, max-image-preview:large, max-video-preview:-1\" \/>\n<link rel=\"canonical\" href=\"https:\/\/erinora.com\/de\/widerrufsrecht\/\" \/>\n<meta property=\"og:locale\" content=\"de_DE\" \/>\n<meta property=\"og:type\" content=\"article\" \/>\n<meta property=\"og:title\" content=\"Widerrufsrecht &#183; Erinora\" \/>\n<meta property=\"og:description\" content=\"Sie haben das Recht, binnen vierzehn Tagen ohne Angabe von Gr\u00fcnden diesen Vertrag zu widerrufen. Die Widerrufsfrist betr\u00e4gt vierzehn Tage ab dem Tag: Um Ihr Widerrufsrecht auszu\u00fcben, m\u00fcssen Sie uns, Erinora \u2013 Erika Lovisetto, mittels einer eindeutigen Erkl\u00e4rung (z. B. ein mit der Post versandter Brief oder eine E-Mail) \u00fcber Ihren Entschluss, diesen Vertrag zu [&hellip;]\" \/>\n<meta property=\"og:url\" content=\"https:\/\/erinora.com\/de\/widerrufsrecht\/\" \/>\n<meta property=\"og:site_name\" content=\"Erinora\" \/>\n<meta property=\"article:publisher\" content=\"https:\/\/www.facebook.com\/profile.php?id=61566609811576\" \/>\n<meta property=\"article:modified_time\" content=\"2025-04-05T13:23:59+00:00\" \/>\n<meta property=\"og:image\" content=\"https:\/\/erinora.com\/de\/wp-content\/uploads\/sites\/5\/2025\/02\/erinora-tea-mood-collection.webp\" \/>\n\t<meta property=\"og:image:width\" content=\"1500\" \/>\n\t<meta property=\"og:image:height\" content=\"1083\" \/>\n\t<meta property=\"og:image:type\" content=\"image\/webp\" \/>\n<meta name=\"twitter:card\" content=\"summary_large_image\" \/>\n<meta name=\"twitter:label1\" content=\"Gesch\u00e4tzte Lesezeit\" \/>\n\t<meta name=\"twitter:data1\" content=\"3\u00a0Minuten\" \/>\n<script type=\"application\/ld+json\" class=\"yoast-schema-graph\">{\"@context\":\"https:\/\/schema.org\",\"@graph\":[{\"@type\":\"WebPage\",\"@id\":\"https:\/\/erinora.com\/de\/widerrufsrecht\/\",\"url\":\"https:\/\/erinora.com\/de\/widerrufsrecht\/\",\"name\":\"Widerrufsrecht &#183; Erinora\",\"isPartOf\":{\"@id\":\"https:\/\/erinora.com\/de\/#website\"},\"datePublished\":\"2025-02-26T14:07:42+00:00\",\"dateModified\":\"2025-04-05T13:23:59+00:00\",\"breadcrumb\":{\"@id\":\"https:\/\/erinora.com\/de\/widerrufsrecht\/#breadcrumb\"},\"inLanguage\":\"de\",\"potentialAction\":[{\"@type\":\"ReadAction\",\"target\":[\"https:\/\/erinora.com\/de\/widerrufsrecht\/\"]}]},{\"@type\":\"BreadcrumbList\",\"@id\":\"https:\/\/erinora.com\/de\/widerrufsrecht\/#breadcrumb\",\"itemListElement\":[{\"@type\":\"ListItem\",\"position\":1,\"name\":\"Home\",\"item\":\"https:\/\/erinora.com\/de\/\"},{\"@type\":\"ListItem\",\"position\":2,\"name\":\"Widerrufsrecht\"}]},{\"@type\":\"WebSite\",\"@id\":\"https:\/\/erinora.com\/de\/#website\",\"url\":\"https:\/\/erinora.com\/de\/\",\"name\":\"Erinora\",\"description\":\"Your daily ritual\",\"publisher\":{\"@id\":\"https:\/\/erinora.com\/de\/#organization\"},\"alternateName\":\"Erinora\",\"potentialAction\":[{\"@type\":\"SearchAction\",\"target\":{\"@type\":\"EntryPoint\",\"urlTemplate\":\"https:\/\/erinora.com\/de\/?s={search_term_string}\"},\"query-input\":{\"@type\":\"PropertyValueSpecification\",\"valueRequired\":true,\"valueName\":\"search_term_string\"}}],\"inLanguage\":\"de\"},{\"@type\":\"Organization\",\"@id\":\"https:\/\/erinora.com\/de\/#organization\",\"name\":\"Erinora\",\"alternateName\":\"Erinora\",\"url\":\"https:\/\/erinora.com\/de\/\",\"logo\":{\"@type\":\"ImageObject\",\"inLanguage\":\"de\",\"@id\":\"https:\/\/erinora.com\/de\/#\/schema\/logo\/image\/\",\"url\":\"https:\/\/erinora.com\/de\/wp-content\/uploads\/sites\/5\/2025\/02\/E_BrandIcon-Gradient.png\",\"contentUrl\":\"https:\/\/erinora.com\/de\/wp-content\/uploads\/sites\/5\/2025\/02\/E_BrandIcon-Gradient.png\",\"width\":3000,\"height\":3000,\"caption\":\"Erinora\"},\"image\":{\"@id\":\"https:\/\/erinora.com\/de\/#\/schema\/logo\/image\/\"},\"sameAs\":[\"https:\/\/www.facebook.com\/profile.php?id=61566609811576\",\"https:\/\/www.instagram.com\/erinora_tea\"]}]}<\/script>\n<!-- \/ Yoast SEO plugin. -->","yoast_head_json":{"title":"Widerrufsrecht &#183; Erinora","robots":{"index":"index","follow":"follow","max-snippet":"max-snippet:-1","max-image-preview":"max-image-preview:large","max-video-preview":"max-video-preview:-1"},"canonical":"https:\/\/erinora.com\/de\/widerrufsrecht\/","og_locale":"de_DE","og_type":"article","og_title":"Widerrufsrecht &#183; Erinora","og_description":"Sie haben das Recht, binnen vierzehn Tagen ohne Angabe von Gr\u00fcnden diesen Vertrag zu widerrufen. Die Widerrufsfrist betr\u00e4gt vierzehn Tage ab dem Tag: Um Ihr Widerrufsrecht auszu\u00fcben, m\u00fcssen Sie uns, Erinora \u2013 Erika Lovisetto, mittels einer eindeutigen Erkl\u00e4rung (z. B. ein mit der Post versandter Brief oder eine E-Mail) \u00fcber Ihren Entschluss, diesen Vertrag zu [&hellip;]","og_url":"https:\/\/erinora.com\/de\/widerrufsrecht\/","og_site_name":"Erinora","article_publisher":"https:\/\/www.facebook.com\/profile.php?id=61566609811576","article_modified_time":"2025-04-05T13:23:59+00:00","og_image":[{"width":1500,"height":1083,"url":"https:\/\/erinora.com\/de\/wp-content\/uploads\/sites\/5\/2025\/02\/erinora-tea-mood-collection.webp","type":"image\/webp"}],"twitter_card":"summary_large_image","twitter_misc":{"Gesch\u00e4tzte Lesezeit":"3\u00a0Minuten"},"schema":{"@context":"https:\/\/schema.org","@graph":[{"@type":"WebPage","@id":"https:\/\/erinora.com\/de\/widerrufsrecht\/","url":"https:\/\/erinora.com\/de\/widerrufsrecht\/","name":"Widerrufsrecht &#183; Erinora","isPartOf":{"@id":"https:\/\/erinora.com\/de\/#website"},"datePublished":"2025-02-26T14:07:42+00:00","dateModified":"2025-04-05T13:23:59+00:00","breadcrumb":{"@id":"https:\/\/erinora.com\/de\/widerrufsrecht\/#breadcrumb"},"inLanguage":"de","potentialAction":[{"@type":"ReadAction","target":["https:\/\/erinora.com\/de\/widerrufsrecht\/"]}]},{"@type":"BreadcrumbList","@id":"https:\/\/erinora.com\/de\/widerrufsrecht\/#breadcrumb","itemListElement":[{"@type":"ListItem","position":1,"name":"Home","item":"https:\/\/erinora.com\/de\/"},{"@type":"ListItem","position":2,"name":"Widerrufsrecht"}]},{"@type":"WebSite","@id":"https:\/\/erinora.com\/de\/#website","url":"https:\/\/erinora.com\/de\/","name":"Erinora","description":"Your daily ritual","publisher":{"@id":"https:\/\/erinora.com\/de\/#organization"},"alternateName":"Erinora","potentialAction":[{"@type":"SearchAction","target":{"@type":"EntryPoint","urlTemplate":"https:\/\/erinora.com\/de\/?s={search_term_string}"},"query-input":{"@type":"PropertyValueSpecification","valueRequired":true,"valueName":"search_term_string"}}],"inLanguage":"de"},{"@type":"Organization","@id":"https:\/\/erinora.com\/de\/#organization","name":"Erinora","alternateName":"Erinora","url":"https:\/\/erinora.com\/de\/","logo":{"@type":"ImageObject","inLanguage":"de","@id":"https:\/\/erinora.com\/de\/#\/schema\/logo\/image\/","url":"https:\/\/erinora.com\/de\/wp-content\/uploads\/sites\/5\/2025\/02\/E_BrandIcon-Gradient.png","contentUrl":"https:\/\/erinora.com\/de\/wp-content\/uploads\/sites\/5\/2025\/02\/E_BrandIcon-Gradient.png","width":3000,"height":3000,"caption":"Erinora"},"image":{"@id":"https:\/\/erinora.com\/de\/#\/schema\/logo\/image\/"},"sameAs":["https:\/\/www.facebook.com\/profile.php?id=61566609811576","https:\/\/www.instagram.com\/erinora_tea"]}]}},"acf":[],"jetpack_sharing_enabled":true,"_links":{"self":[{"href":"https:\/\/erinora.com\/de\/wp-json\/wp\/v2\/pages\/467","targetHints":{"allow":["GET"]}}],"collection":[{"href":"https:\/\/erinora.com\/de\/wp-json\/wp\/v2\/pages"}],"about":[{"href":"https:\/\/erinora.com\/de\/wp-json\/wp\/v2\/types\/page"}],"author":[{"embeddable":true,"href":"https:\/\/erinora.com\/de\/wp-json\/wp\/v2\/users\/1"}],"replies":[{"embeddable":true,"href":"https:\/\/erinora.com\/de\/wp-json\/wp\/v2\/comments?post=467"}],"version-history":[{"count":11,"href":"https:\/\/erinora.com\/de\/wp-json\/wp\/v2\/pages\/467\/revisions"}],"predecessor-version":[{"id":981,"href":"https:\/\/erinora.com\/de\/wp-json\/wp\/v2\/pages\/467\/revisions\/981"}],"wp:attachment":[{"href":"https:\/\/erinora.com\/de\/wp-json\/wp\/v2\/media?parent=467"}],"curies":[{"name":"wp","href":"https:\/\/api.w.org\/{rel}","templated":true}]}}