{"id":463,"date":"2025-02-26T14:57:20","date_gmt":"2025-02-26T13:57:20","guid":{"rendered":"https:\/\/erinora.com\/de\/?page_id=463"},"modified":"2025-04-06T14:43:54","modified_gmt":"2025-04-06T12:43:54","slug":"cookie-policy","status":"publish","type":"page","link":"https:\/\/erinora.com\/de\/cookie-policy\/","title":{"rendered":"Cookie-Richtlinie"},"content":{"rendered":"\n<p>Diese Informationen zur Verarbeitung personenbezogener Daten werden gem\u00e4\u00df Artikel 13 der Verordnung (EU) 2016\/679 (im Folgenden <strong>\u201eVerordnung<\/strong>\u201c) von Dr. Erika Lovisetto, mit Sitz in Arabellastr. 5 \/ 1444, 81925 M\u00fcnchen DE (<strong>\u201eVerantwortliche<\/strong>\u201c), in ihrer Funktion als Datenverantwortliche bereitgestellt.<\/p>\n\n\n\n<p>Diese Informationen werden im Rahmen Ihres Besuchs auf der Website<a href=\"http:\/\/www.erinora.com\"> www.erinora.com<\/a> (<strong>\u201eWebsite<\/strong>\u201c) bereitgestellt.<\/p>\n\n\n\n<p>Hier erkl\u00e4ren wir die Zwecke und Methoden, mit denen die Verantwortliche personenbezogene Daten \u00fcber Cookies erhebt und verarbeitet, welche Kategorien von Cookies verwendet werden, welche Rechte Sie als betroffene Person haben und wie Sie diese aus\u00fcben k\u00f6nnen.<\/p>\n\n\n\n<p>Cookies sind Textdateien, die beim Besuch der Website automatisch auf dem Ger\u00e4t des Nutzers gespeichert werden. Es gibt verschiedene Arten von Cookies:<\/p>\n\n\n\n<ul class=\"wp-block-list\">\n<li><strong>Technische Cookies:<\/strong> Erforderlich f\u00fcr die einwandfreie Funktion der Website und ein optimales Nutzungserlebnis.<\/li>\n\n\n\n<li><strong>Nicht-technische Cookies:<\/strong> Auch Profiling- oder Marketing-Cookies genannt, dienen der Personalisierung der Nutzererfahrung basierend auf den erfassten Pr\u00e4ferenzen.<\/li>\n\n\n\n<li><strong>Session-Cookies:<\/strong> Werden automatisch gel\u00f6scht, wenn der Browser geschlossen wird. Sie erm\u00f6glichen das Navigieren auf der Website und vermeiden technische Schutzma\u00dfnahmen, die f\u00fcr den Datenschutz m\u00f6glicherweise ungeeignet sind.<\/li>\n\n\n\n<li><strong>Persistente Cookies:<\/strong> Bleiben dauerhaft auf dem Ger\u00e4t gespeichert und erkennen den Nutzer bei jedem erneuten Zugriff. Nutzer k\u00f6nnen ihren Browser so einstellen, dass diese Cookies automatisch gel\u00f6scht werden.<\/li>\n\n\n\n<li><strong>Analytische Cookies:<\/strong> Dienen der statistischen Erfassung von Nutzerzahlen und des Website-Nutzungsverhaltens. Diese k\u00f6nnen von der Verantwortlichen selbst oder von Drittanbietern gesetzt werden.<\/li>\n\n\n\n<li><strong>Widgets:<\/strong> Virtuelle Schaltfl\u00e4chen, die mit anderen Websites oder internen Links der Website verbunden sind.<\/li>\n\n\n\n<li><strong>Werbe-Cookies:<\/strong> Werden f\u00fcr Werbezwecke innerhalb der Website verwendet.<\/li>\n\n\n\n<li><strong>Web Beacons:<\/strong> Dies sind keine eigentlichen Cookies, sondern grafische Bilder, die in Kombination mit Cookies zur Analyse des Nutzerverhaltens auf der Website eingesetzt werden.<\/li>\n<\/ul>\n\n\n\n<p>Falls Sie keine Cookies erhalten m\u00f6chten, k\u00f6nnen Sie deren Speicherung \u00fcber die Einstellungen Ihres Browsers verhindern (ausgenommen sind technische Cookies).<\/p>\n\n\n\n<p>Die Verantwortliche wird bestimmte Cookies auf Ihrem Ger\u00e4t (insbesondere in Ihrem Browser) setzen oder Drittanbietern erlauben, diese zu installieren, um anonyme und aggregierte statistische Informationen \u00fcber Ihre Nutzung der Website zu erfassen.<\/p>\n\n\n\n<p>Hierbei handelt es sich insbesondere um Cookies f\u00fcr folgende Analyse-Tools, f\u00fcr die keine Zustimmung erforderlich ist:<\/p>\n\n\n\n<p><a href=\"https:\/\/support.google.com\/analytics\/answer\/2763052?hl=it\">https:\/\/support.google.com\/analytics\/answer\/2763052?hl=it<\/a><\/p>\n\n\n\n<p><a href=\"https:\/\/support.google.com\/tagmanager\/answer\/9323295?hl=IT\">https:\/\/support.google.com\/tagmanager\/answer\/9323295?hl=IT<\/a><\/p>\n\n\n\n<p><a href=\"https:\/\/fontawesome.com\/privacy\">https:\/\/fontawesome.com\/privacy<\/a><\/p>\n\n\n\n<p>Die Website verwendet Google Analytics-Werbefunktionen und erfasst Verkehrsdaten mithilfe von Cookies und anonymen Kennungen, zus\u00e4tzlich zu den Daten, die direkt durch die Implementierung von Google Analytics erhoben werden. Die Verarbeitung dieser Daten erfolgt ausschlie\u00dflich in aggregierter und anonymisierter Form. Um Google Analytics zu deaktivieren:<\/p>\n\n\n\n<p>passen Sie Ihre Werbeeinstellungen an: <br><a href=\"https:\/\/www.google.it\/settings\/ads\">https:\/\/www.google.it\/settings\/ads<\/a><\/p>\n\n\n\n<p>nutzen Sie die offiziellen Deaktivierungstools f\u00fcr Google Analytics:<br> <a href=\"https:\/\/tools.google.com\/dlpage\/gaoptout\">https:\/\/tools.google.com\/dlpage\/gaoptout<\/a><\/p>\n\n\n\n<p><strong><strong>Drittanbieter-Cookies<\/strong><\/strong><\/p>\n\n\n\n<p>Der Verantwortliche wird auf Ihrem Ger\u00e4t, insbesondere in Ihrem Browser, Cookies installieren oder Dritten erlauben, solche Cookies zu setzen, die zur Erhebung statistischer Informationen erforderlich sind. Diese Cookies ben\u00f6tigen Ihre Einwilligung und erfassen bestimmte Daten wie die IP-Adresse, mit der Sie auf das Internet zugreifen, die auf dem Google-Server angeforderte URL sowie HTTP-Header, die Informationen \u00fcber den verwendeten Browser und das Betriebssystem der Website-Besucher enthalten. Zudem wird der Referrer erfasst, also die Webseite, auf der die Google-Schriftart eingebunden wird.<\/p>\n\n\n\n<p><a href=\"https:\/\/developers.google.com\/fonts\/faq\/privacy?hl=it\">https:\/\/developers.google.com\/fonts\/faq\/privacy?hl=it<\/a><\/p>\n\n\n\n<p>Sie k\u00f6nnen solche Cookies \u00fcber die Einstellungen Ihres Webbrowsers oder \u00fcber die entsprechende Hilfeseite deaktivieren.<\/p>\n\n\n\n<p>Wir erinnern Sie daran, dass Ihre getroffenen Entscheidungen sowohl gegen\u00fcber der Verantwortlichen als auch gegen\u00fcber eventuell beteiligten Dritten nur dann g\u00fcltig bleiben, wenn Sie dasselbe Ger\u00e4t und denselben Browser verwenden. <\/p>\n\n\n\n<p>Falls Sie die Website auf mehreren Ger\u00e4ten (PC, Smartphone, Tablet, etc.) nutzen, m\u00fcssen Sie sicherstellen, dass die Cookie-Einstellungen in jedem Browser und auf jedem Ger\u00e4t angepasst sind. Die Datenschutzerkl\u00e4rung der Website bleibt in jedem Fall g\u00fcltig und ist unter diesem <a href=\"https:\/\/erinora.com\/de\/privacy-policy\/\">Link <\/a>abrufbar.<\/p>\n\n\n\n<p><\/p>\n","protected":false},"excerpt":{"rendered":"<p>Diese Informationen zur Verarbeitung personenbezogener Daten werden gem\u00e4\u00df Artikel 13 der Verordnung (EU) 2016\/679 (im Folgenden \u201eVerordnung\u201c) von Dr. Erika Lovisetto, mit Sitz in Arabellastr. 5 \/ 1444, 81925 M\u00fcnchen DE (\u201eVerantwortliche\u201c), in ihrer Funktion als Datenverantwortliche bereitgestellt. Diese Informationen werden im Rahmen Ihres Besuchs auf der Website www.erinora.com (\u201eWebsite\u201c) bereitgestellt. Hier erkl\u00e4ren wir die [&hellip;]<\/p>\n","protected":false},"author":1,"featured_media":0,"parent":0,"menu_order":0,"comment_status":"closed","ping_status":"closed","template":"","meta":{"_acf_changed":false,"footnotes":""},"class_list":["post-463","page","type-page","status-publish","hentry"],"yoast_head":"<!-- This site is optimized with the Yoast SEO plugin v27.0 - https:\/\/yoast.com\/product\/yoast-seo-wordpress\/ -->\n<title>Cookie-Richtlinie &#183; Erinora<\/title>\n<meta name=\"robots\" content=\"index, follow, max-snippet:-1, max-image-preview:large, max-video-preview:-1\" \/>\n<link rel=\"canonical\" href=\"https:\/\/erinora.com\/de\/cookie-policy\/\" \/>\n<meta property=\"og:locale\" content=\"de_DE\" \/>\n<meta property=\"og:type\" content=\"article\" \/>\n<meta property=\"og:title\" content=\"Cookie-Richtlinie &#183; Erinora\" \/>\n<meta property=\"og:description\" content=\"Diese Informationen zur Verarbeitung personenbezogener Daten werden gem\u00e4\u00df Artikel 13 der Verordnung (EU) 2016\/679 (im Folgenden \u201eVerordnung\u201c) von Dr. Erika Lovisetto, mit Sitz in Arabellastr. 5 \/ 1444, 81925 M\u00fcnchen DE (\u201eVerantwortliche\u201c), in ihrer Funktion als Datenverantwortliche bereitgestellt. Diese Informationen werden im Rahmen Ihres Besuchs auf der Website www.erinora.com (\u201eWebsite\u201c) bereitgestellt. Hier erkl\u00e4ren wir die [&hellip;]\" \/>\n<meta property=\"og:url\" content=\"https:\/\/erinora.com\/de\/cookie-policy\/\" \/>\n<meta property=\"og:site_name\" content=\"Erinora\" \/>\n<meta property=\"article:publisher\" content=\"https:\/\/www.facebook.com\/profile.php?id=61566609811576\" \/>\n<meta property=\"article:modified_time\" content=\"2025-04-06T12:43:54+00:00\" \/>\n<meta property=\"og:image\" content=\"https:\/\/erinora.com\/de\/wp-content\/uploads\/sites\/5\/2025\/02\/erinora-tea-mood-collection.webp\" \/>\n\t<meta property=\"og:image:width\" content=\"1500\" \/>\n\t<meta property=\"og:image:height\" content=\"1083\" \/>\n\t<meta property=\"og:image:type\" content=\"image\/webp\" \/>\n<meta name=\"twitter:card\" content=\"summary_large_image\" \/>\n<meta name=\"twitter:label1\" content=\"Gesch\u00e4tzte Lesezeit\" \/>\n\t<meta name=\"twitter:data1\" content=\"4\u00a0Minuten\" \/>\n<script type=\"application\/ld+json\" class=\"yoast-schema-graph\">{\"@context\":\"https:\/\/schema.org\",\"@graph\":[{\"@type\":\"WebPage\",\"@id\":\"https:\/\/erinora.com\/de\/cookie-policy\/\",\"url\":\"https:\/\/erinora.com\/de\/cookie-policy\/\",\"name\":\"Cookie-Richtlinie &#183; Erinora\",\"isPartOf\":{\"@id\":\"https:\/\/erinora.com\/de\/#website\"},\"datePublished\":\"2025-02-26T13:57:20+00:00\",\"dateModified\":\"2025-04-06T12:43:54+00:00\",\"breadcrumb\":{\"@id\":\"https:\/\/erinora.com\/de\/cookie-policy\/#breadcrumb\"},\"inLanguage\":\"de\",\"potentialAction\":[{\"@type\":\"ReadAction\",\"target\":[\"https:\/\/erinora.com\/de\/cookie-policy\/\"]}]},{\"@type\":\"BreadcrumbList\",\"@id\":\"https:\/\/erinora.com\/de\/cookie-policy\/#breadcrumb\",\"itemListElement\":[{\"@type\":\"ListItem\",\"position\":1,\"name\":\"Home\",\"item\":\"https:\/\/erinora.com\/de\/\"},{\"@type\":\"ListItem\",\"position\":2,\"name\":\"Cookie-Richtlinie\"}]},{\"@type\":\"WebSite\",\"@id\":\"https:\/\/erinora.com\/de\/#website\",\"url\":\"https:\/\/erinora.com\/de\/\",\"name\":\"Erinora\",\"description\":\"Your daily ritual\",\"publisher\":{\"@id\":\"https:\/\/erinora.com\/de\/#organization\"},\"alternateName\":\"Erinora\",\"potentialAction\":[{\"@type\":\"SearchAction\",\"target\":{\"@type\":\"EntryPoint\",\"urlTemplate\":\"https:\/\/erinora.com\/de\/?s={search_term_string}\"},\"query-input\":{\"@type\":\"PropertyValueSpecification\",\"valueRequired\":true,\"valueName\":\"search_term_string\"}}],\"inLanguage\":\"de\"},{\"@type\":\"Organization\",\"@id\":\"https:\/\/erinora.com\/de\/#organization\",\"name\":\"Erinora\",\"alternateName\":\"Erinora\",\"url\":\"https:\/\/erinora.com\/de\/\",\"logo\":{\"@type\":\"ImageObject\",\"inLanguage\":\"de\",\"@id\":\"https:\/\/erinora.com\/de\/#\/schema\/logo\/image\/\",\"url\":\"https:\/\/erinora.com\/de\/wp-content\/uploads\/sites\/5\/2025\/02\/E_BrandIcon-Gradient.png\",\"contentUrl\":\"https:\/\/erinora.com\/de\/wp-content\/uploads\/sites\/5\/2025\/02\/E_BrandIcon-Gradient.png\",\"width\":3000,\"height\":3000,\"caption\":\"Erinora\"},\"image\":{\"@id\":\"https:\/\/erinora.com\/de\/#\/schema\/logo\/image\/\"},\"sameAs\":[\"https:\/\/www.facebook.com\/profile.php?id=61566609811576\",\"https:\/\/www.instagram.com\/erinora_tea\"]}]}<\/script>\n<!-- \/ Yoast SEO plugin. -->","yoast_head_json":{"title":"Cookie-Richtlinie &#183; Erinora","robots":{"index":"index","follow":"follow","max-snippet":"max-snippet:-1","max-image-preview":"max-image-preview:large","max-video-preview":"max-video-preview:-1"},"canonical":"https:\/\/erinora.com\/de\/cookie-policy\/","og_locale":"de_DE","og_type":"article","og_title":"Cookie-Richtlinie &#183; Erinora","og_description":"Diese Informationen zur Verarbeitung personenbezogener Daten werden gem\u00e4\u00df Artikel 13 der Verordnung (EU) 2016\/679 (im Folgenden \u201eVerordnung\u201c) von Dr. Erika Lovisetto, mit Sitz in Arabellastr. 5 \/ 1444, 81925 M\u00fcnchen DE (\u201eVerantwortliche\u201c), in ihrer Funktion als Datenverantwortliche bereitgestellt. Diese Informationen werden im Rahmen Ihres Besuchs auf der Website www.erinora.com (\u201eWebsite\u201c) bereitgestellt. Hier erkl\u00e4ren wir die [&hellip;]","og_url":"https:\/\/erinora.com\/de\/cookie-policy\/","og_site_name":"Erinora","article_publisher":"https:\/\/www.facebook.com\/profile.php?id=61566609811576","article_modified_time":"2025-04-06T12:43:54+00:00","og_image":[{"width":1500,"height":1083,"url":"https:\/\/erinora.com\/de\/wp-content\/uploads\/sites\/5\/2025\/02\/erinora-tea-mood-collection.webp","type":"image\/webp"}],"twitter_card":"summary_large_image","twitter_misc":{"Gesch\u00e4tzte Lesezeit":"4\u00a0Minuten"},"schema":{"@context":"https:\/\/schema.org","@graph":[{"@type":"WebPage","@id":"https:\/\/erinora.com\/de\/cookie-policy\/","url":"https:\/\/erinora.com\/de\/cookie-policy\/","name":"Cookie-Richtlinie &#183; Erinora","isPartOf":{"@id":"https:\/\/erinora.com\/de\/#website"},"datePublished":"2025-02-26T13:57:20+00:00","dateModified":"2025-04-06T12:43:54+00:00","breadcrumb":{"@id":"https:\/\/erinora.com\/de\/cookie-policy\/#breadcrumb"},"inLanguage":"de","potentialAction":[{"@type":"ReadAction","target":["https:\/\/erinora.com\/de\/cookie-policy\/"]}]},{"@type":"BreadcrumbList","@id":"https:\/\/erinora.com\/de\/cookie-policy\/#breadcrumb","itemListElement":[{"@type":"ListItem","position":1,"name":"Home","item":"https:\/\/erinora.com\/de\/"},{"@type":"ListItem","position":2,"name":"Cookie-Richtlinie"}]},{"@type":"WebSite","@id":"https:\/\/erinora.com\/de\/#website","url":"https:\/\/erinora.com\/de\/","name":"Erinora","description":"Your daily ritual","publisher":{"@id":"https:\/\/erinora.com\/de\/#organization"},"alternateName":"Erinora","potentialAction":[{"@type":"SearchAction","target":{"@type":"EntryPoint","urlTemplate":"https:\/\/erinora.com\/de\/?s={search_term_string}"},"query-input":{"@type":"PropertyValueSpecification","valueRequired":true,"valueName":"search_term_string"}}],"inLanguage":"de"},{"@type":"Organization","@id":"https:\/\/erinora.com\/de\/#organization","name":"Erinora","alternateName":"Erinora","url":"https:\/\/erinora.com\/de\/","logo":{"@type":"ImageObject","inLanguage":"de","@id":"https:\/\/erinora.com\/de\/#\/schema\/logo\/image\/","url":"https:\/\/erinora.com\/de\/wp-content\/uploads\/sites\/5\/2025\/02\/E_BrandIcon-Gradient.png","contentUrl":"https:\/\/erinora.com\/de\/wp-content\/uploads\/sites\/5\/2025\/02\/E_BrandIcon-Gradient.png","width":3000,"height":3000,"caption":"Erinora"},"image":{"@id":"https:\/\/erinora.com\/de\/#\/schema\/logo\/image\/"},"sameAs":["https:\/\/www.facebook.com\/profile.php?id=61566609811576","https:\/\/www.instagram.com\/erinora_tea"]}]}},"acf":[],"jetpack_sharing_enabled":true,"_links":{"self":[{"href":"https:\/\/erinora.com\/de\/wp-json\/wp\/v2\/pages\/463","targetHints":{"allow":["GET"]}}],"collection":[{"href":"https:\/\/erinora.com\/de\/wp-json\/wp\/v2\/pages"}],"about":[{"href":"https:\/\/erinora.com\/de\/wp-json\/wp\/v2\/types\/page"}],"author":[{"embeddable":true,"href":"https:\/\/erinora.com\/de\/wp-json\/wp\/v2\/users\/1"}],"replies":[{"embeddable":true,"href":"https:\/\/erinora.com\/de\/wp-json\/wp\/v2\/comments?post=463"}],"version-history":[{"count":10,"href":"https:\/\/erinora.com\/de\/wp-json\/wp\/v2\/pages\/463\/revisions"}],"predecessor-version":[{"id":983,"href":"https:\/\/erinora.com\/de\/wp-json\/wp\/v2\/pages\/463\/revisions\/983"}],"wp:attachment":[{"href":"https:\/\/erinora.com\/de\/wp-json\/wp\/v2\/media?parent=463"}],"curies":[{"name":"wp","href":"https:\/\/api.w.org\/{rel}","templated":true}]}}