{"id":370,"date":"2025-02-06T08:54:45","date_gmt":"2025-02-06T07:54:45","guid":{"rendered":"https:\/\/erinora.com\/de\/?page_id=370"},"modified":"2025-02-28T13:57:25","modified_gmt":"2025-02-28T12:57:25","slug":"newsletter","status":"publish","type":"page","link":"https:\/\/erinora.com\/de\/newsletter\/","title":{"rendered":"Newsletter"},"content":{"rendered":"","protected":false},"excerpt":{"rendered":"","protected":false},"author":2,"featured_media":103,"parent":0,"menu_order":0,"comment_status":"closed","ping_status":"closed","template":"","meta":{"_acf_changed":false,"footnotes":""},"class_list":["post-370","page","type-page","status-publish","has-post-thumbnail","hentry"],"yoast_head":"<!-- This site is optimized with the Yoast SEO plugin v27.0 - https:\/\/yoast.com\/product\/yoast-seo-wordpress\/ -->\n<title>Tea Time Newsletter \u2013 Deine gem\u00fctliche Ecke f\u00fcr Teeliebhaber &#183; Erinora<\/title>\n<meta name=\"description\" content=\"Melde dich f\u00fcr die Tea Time Newsletter an und tauche ein in die Welt des Tees mit faszinierenden Geschichten, hilfreichen Tipps und spannenden Neuigkeiten. Als Willkommensgeschenk erh\u00e4ltst du 10 % Rabatt auf deine erste Bestellung \u2013 mach die Teezeit zum sch\u00f6nsten Moment deines Tages!\" \/>\n<meta name=\"robots\" content=\"index, follow, max-snippet:-1, max-image-preview:large, max-video-preview:-1\" \/>\n<link rel=\"canonical\" href=\"https:\/\/erinora.com\/de\/newsletter\/\" \/>\n<meta property=\"og:locale\" content=\"de_DE\" \/>\n<meta property=\"og:type\" content=\"article\" \/>\n<meta property=\"og:title\" content=\"Tea Time Newsletter \u2013 Deine gem\u00fctliche Ecke f\u00fcr Teeliebhaber &#183; Erinora\" \/>\n<meta property=\"og:description\" content=\"Melde dich f\u00fcr die Tea Time Newsletter an und tauche ein in die Welt des Tees mit faszinierenden Geschichten, hilfreichen Tipps und spannenden Neuigkeiten. Als Willkommensgeschenk erh\u00e4ltst du 10 % Rabatt auf deine erste Bestellung \u2013 mach die Teezeit zum sch\u00f6nsten Moment deines Tages!\" \/>\n<meta property=\"og:url\" content=\"https:\/\/erinora.com\/de\/newsletter\/\" \/>\n<meta property=\"og:site_name\" content=\"Erinora\" \/>\n<meta property=\"article:publisher\" content=\"https:\/\/www.facebook.com\/profile.php?id=61566609811576\" \/>\n<meta property=\"article:modified_time\" content=\"2025-02-28T12:57:25+00:00\" \/>\n<meta property=\"og:image\" content=\"https:\/\/erinora.com\/de\/wp-content\/uploads\/sites\/5\/2025\/02\/erinora-newsletter.webp\" \/>\n\t<meta property=\"og:image:width\" content=\"1500\" \/>\n\t<meta property=\"og:image:height\" content=\"979\" \/>\n\t<meta property=\"og:image:type\" content=\"image\/webp\" \/>\n<meta name=\"twitter:card\" content=\"summary_large_image\" \/>\n<meta name=\"twitter:label1\" content=\"Gesch\u00e4tzte Lesezeit\" \/>\n\t<meta name=\"twitter:data1\" content=\"1\u00a0Minute\" \/>\n<script type=\"application\/ld+json\" class=\"yoast-schema-graph\">{\"@context\":\"https:\/\/schema.org\",\"@graph\":[{\"@type\":\"WebPage\",\"@id\":\"https:\/\/erinora.com\/de\/newsletter\/\",\"url\":\"https:\/\/erinora.com\/de\/newsletter\/\",\"name\":\"Tea Time Newsletter \u2013 Deine gem\u00fctliche Ecke f\u00fcr Teeliebhaber &#183; Erinora\",\"isPartOf\":{\"@id\":\"https:\/\/erinora.com\/de\/#website\"},\"primaryImageOfPage\":{\"@id\":\"https:\/\/erinora.com\/de\/newsletter\/#primaryimage\"},\"image\":{\"@id\":\"https:\/\/erinora.com\/de\/newsletter\/#primaryimage\"},\"thumbnailUrl\":\"https:\/\/erinora.com\/de\/wp-content\/uploads\/sites\/5\/2025\/02\/erinora-newsletter.webp\",\"datePublished\":\"2025-02-06T07:54:45+00:00\",\"dateModified\":\"2025-02-28T12:57:25+00:00\",\"description\":\"Melde dich f\u00fcr die Tea Time Newsletter an und tauche ein in die Welt des Tees mit faszinierenden Geschichten, hilfreichen Tipps und spannenden Neuigkeiten. Als Willkommensgeschenk erh\u00e4ltst du 10 % Rabatt auf deine erste Bestellung \u2013 mach die Teezeit zum sch\u00f6nsten Moment deines Tages!\",\"breadcrumb\":{\"@id\":\"https:\/\/erinora.com\/de\/newsletter\/#breadcrumb\"},\"inLanguage\":\"de\",\"potentialAction\":[{\"@type\":\"ReadAction\",\"target\":[\"https:\/\/erinora.com\/de\/newsletter\/\"]}]},{\"@type\":\"ImageObject\",\"inLanguage\":\"de\",\"@id\":\"https:\/\/erinora.com\/de\/newsletter\/#primaryimage\",\"url\":\"https:\/\/erinora.com\/de\/wp-content\/uploads\/sites\/5\/2025\/02\/erinora-newsletter.webp\",\"contentUrl\":\"https:\/\/erinora.com\/de\/wp-content\/uploads\/sites\/5\/2025\/02\/erinora-newsletter.webp\",\"width\":1500,\"height\":979},{\"@type\":\"BreadcrumbList\",\"@id\":\"https:\/\/erinora.com\/de\/newsletter\/#breadcrumb\",\"itemListElement\":[{\"@type\":\"ListItem\",\"position\":1,\"name\":\"Home\",\"item\":\"https:\/\/erinora.com\/de\/\"},{\"@type\":\"ListItem\",\"position\":2,\"name\":\"Newsletter\"}]},{\"@type\":\"WebSite\",\"@id\":\"https:\/\/erinora.com\/de\/#website\",\"url\":\"https:\/\/erinora.com\/de\/\",\"name\":\"Erinora\",\"description\":\"Your daily ritual\",\"publisher\":{\"@id\":\"https:\/\/erinora.com\/de\/#organization\"},\"alternateName\":\"Erinora\",\"potentialAction\":[{\"@type\":\"SearchAction\",\"target\":{\"@type\":\"EntryPoint\",\"urlTemplate\":\"https:\/\/erinora.com\/de\/?s={search_term_string}\"},\"query-input\":{\"@type\":\"PropertyValueSpecification\",\"valueRequired\":true,\"valueName\":\"search_term_string\"}}],\"inLanguage\":\"de\"},{\"@type\":\"Organization\",\"@id\":\"https:\/\/erinora.com\/de\/#organization\",\"name\":\"Erinora\",\"alternateName\":\"Erinora\",\"url\":\"https:\/\/erinora.com\/de\/\",\"logo\":{\"@type\":\"ImageObject\",\"inLanguage\":\"de\",\"@id\":\"https:\/\/erinora.com\/de\/#\/schema\/logo\/image\/\",\"url\":\"https:\/\/erinora.com\/de\/wp-content\/uploads\/sites\/5\/2025\/02\/E_BrandIcon-Gradient.png\",\"contentUrl\":\"https:\/\/erinora.com\/de\/wp-content\/uploads\/sites\/5\/2025\/02\/E_BrandIcon-Gradient.png\",\"width\":3000,\"height\":3000,\"caption\":\"Erinora\"},\"image\":{\"@id\":\"https:\/\/erinora.com\/de\/#\/schema\/logo\/image\/\"},\"sameAs\":[\"https:\/\/www.facebook.com\/profile.php?id=61566609811576\",\"https:\/\/www.instagram.com\/erinora_tea\"]}]}<\/script>\n<!-- \/ Yoast SEO plugin. -->","yoast_head_json":{"title":"Tea Time Newsletter \u2013 Deine gem\u00fctliche Ecke f\u00fcr Teeliebhaber &#183; Erinora","description":"Melde dich f\u00fcr die Tea Time Newsletter an und tauche ein in die Welt des Tees mit faszinierenden Geschichten, hilfreichen Tipps und spannenden Neuigkeiten. Als Willkommensgeschenk erh\u00e4ltst du 10 % Rabatt auf deine erste Bestellung \u2013 mach die Teezeit zum sch\u00f6nsten Moment deines Tages!","robots":{"index":"index","follow":"follow","max-snippet":"max-snippet:-1","max-image-preview":"max-image-preview:large","max-video-preview":"max-video-preview:-1"},"canonical":"https:\/\/erinora.com\/de\/newsletter\/","og_locale":"de_DE","og_type":"article","og_title":"Tea Time Newsletter \u2013 Deine gem\u00fctliche Ecke f\u00fcr Teeliebhaber &#183; Erinora","og_description":"Melde dich f\u00fcr die Tea Time Newsletter an und tauche ein in die Welt des Tees mit faszinierenden Geschichten, hilfreichen Tipps und spannenden Neuigkeiten. Als Willkommensgeschenk erh\u00e4ltst du 10 % Rabatt auf deine erste Bestellung \u2013 mach die Teezeit zum sch\u00f6nsten Moment deines Tages!","og_url":"https:\/\/erinora.com\/de\/newsletter\/","og_site_name":"Erinora","article_publisher":"https:\/\/www.facebook.com\/profile.php?id=61566609811576","article_modified_time":"2025-02-28T12:57:25+00:00","og_image":[{"width":1500,"height":979,"url":"https:\/\/erinora.com\/de\/wp-content\/uploads\/sites\/5\/2025\/02\/erinora-newsletter.webp","type":"image\/webp"}],"twitter_card":"summary_large_image","twitter_misc":{"Gesch\u00e4tzte Lesezeit":"1\u00a0Minute"},"schema":{"@context":"https:\/\/schema.org","@graph":[{"@type":"WebPage","@id":"https:\/\/erinora.com\/de\/newsletter\/","url":"https:\/\/erinora.com\/de\/newsletter\/","name":"Tea Time Newsletter \u2013 Deine gem\u00fctliche Ecke f\u00fcr Teeliebhaber &#183; Erinora","isPartOf":{"@id":"https:\/\/erinora.com\/de\/#website"},"primaryImageOfPage":{"@id":"https:\/\/erinora.com\/de\/newsletter\/#primaryimage"},"image":{"@id":"https:\/\/erinora.com\/de\/newsletter\/#primaryimage"},"thumbnailUrl":"https:\/\/erinora.com\/de\/wp-content\/uploads\/sites\/5\/2025\/02\/erinora-newsletter.webp","datePublished":"2025-02-06T07:54:45+00:00","dateModified":"2025-02-28T12:57:25+00:00","description":"Melde dich f\u00fcr die Tea Time Newsletter an und tauche ein in die Welt des Tees mit faszinierenden Geschichten, hilfreichen Tipps und spannenden Neuigkeiten. Als Willkommensgeschenk erh\u00e4ltst du 10 % Rabatt auf deine erste Bestellung \u2013 mach die Teezeit zum sch\u00f6nsten Moment deines Tages!","breadcrumb":{"@id":"https:\/\/erinora.com\/de\/newsletter\/#breadcrumb"},"inLanguage":"de","potentialAction":[{"@type":"ReadAction","target":["https:\/\/erinora.com\/de\/newsletter\/"]}]},{"@type":"ImageObject","inLanguage":"de","@id":"https:\/\/erinora.com\/de\/newsletter\/#primaryimage","url":"https:\/\/erinora.com\/de\/wp-content\/uploads\/sites\/5\/2025\/02\/erinora-newsletter.webp","contentUrl":"https:\/\/erinora.com\/de\/wp-content\/uploads\/sites\/5\/2025\/02\/erinora-newsletter.webp","width":1500,"height":979},{"@type":"BreadcrumbList","@id":"https:\/\/erinora.com\/de\/newsletter\/#breadcrumb","itemListElement":[{"@type":"ListItem","position":1,"name":"Home","item":"https:\/\/erinora.com\/de\/"},{"@type":"ListItem","position":2,"name":"Newsletter"}]},{"@type":"WebSite","@id":"https:\/\/erinora.com\/de\/#website","url":"https:\/\/erinora.com\/de\/","name":"Erinora","description":"Your daily ritual","publisher":{"@id":"https:\/\/erinora.com\/de\/#organization"},"alternateName":"Erinora","potentialAction":[{"@type":"SearchAction","target":{"@type":"EntryPoint","urlTemplate":"https:\/\/erinora.com\/de\/?s={search_term_string}"},"query-input":{"@type":"PropertyValueSpecification","valueRequired":true,"valueName":"search_term_string"}}],"inLanguage":"de"},{"@type":"Organization","@id":"https:\/\/erinora.com\/de\/#organization","name":"Erinora","alternateName":"Erinora","url":"https:\/\/erinora.com\/de\/","logo":{"@type":"ImageObject","inLanguage":"de","@id":"https:\/\/erinora.com\/de\/#\/schema\/logo\/image\/","url":"https:\/\/erinora.com\/de\/wp-content\/uploads\/sites\/5\/2025\/02\/E_BrandIcon-Gradient.png","contentUrl":"https:\/\/erinora.com\/de\/wp-content\/uploads\/sites\/5\/2025\/02\/E_BrandIcon-Gradient.png","width":3000,"height":3000,"caption":"Erinora"},"image":{"@id":"https:\/\/erinora.com\/de\/#\/schema\/logo\/image\/"},"sameAs":["https:\/\/www.facebook.com\/profile.php?id=61566609811576","https:\/\/www.instagram.com\/erinora_tea"]}]}},"acf":[],"jetpack_sharing_enabled":true,"_links":{"self":[{"href":"https:\/\/erinora.com\/de\/wp-json\/wp\/v2\/pages\/370","targetHints":{"allow":["GET"]}}],"collection":[{"href":"https:\/\/erinora.com\/de\/wp-json\/wp\/v2\/pages"}],"about":[{"href":"https:\/\/erinora.com\/de\/wp-json\/wp\/v2\/types\/page"}],"author":[{"embeddable":true,"href":"https:\/\/erinora.com\/de\/wp-json\/wp\/v2\/users\/2"}],"replies":[{"embeddable":true,"href":"https:\/\/erinora.com\/de\/wp-json\/wp\/v2\/comments?post=370"}],"version-history":[{"count":1,"href":"https:\/\/erinora.com\/de\/wp-json\/wp\/v2\/pages\/370\/revisions"}],"predecessor-version":[{"id":371,"href":"https:\/\/erinora.com\/de\/wp-json\/wp\/v2\/pages\/370\/revisions\/371"}],"wp:featuredmedia":[{"embeddable":true,"href":"https:\/\/erinora.com\/de\/wp-json\/wp\/v2\/media\/103"}],"wp:attachment":[{"href":"https:\/\/erinora.com\/de\/wp-json\/wp\/v2\/media?parent=370"}],"curies":[{"name":"wp","href":"https:\/\/api.w.org\/{rel}","templated":true}]}}